{"id":1103,"date":"2026-04-26T08:51:51","date_gmt":"2026-04-26T08:51:51","guid":{"rendered":""},"modified":"2026-04-26T08:51:51","modified_gmt":"2026-04-26T08:51:51","slug":"led-svitidlo-spot-8-valec-tepla-bila-1-4w-3000k-12v-dc-ip68-amvis-finalni-vyprodej-1103","status":"publish","type":"product","link":"https:\/\/www.stavexpro.com\/index.php\/produkt\/led-svitidlo-spot-8-valec-tepla-bila-1-4w-3000k-12v-dc-ip68-amvis-finalni-vyprodej-1103\/","title":{"rendered":"LED sv\u00edtidlo Spot-8 v\u00e1lec tepl\u00e1 b\u00edl\u00e1 1,4W 3000K 12V DC IP68 &#8211; AMVIS Fin\u00e1ln\u00ed V\u00fdprodej"},"content":{"rendered":"<h3 class=\"product-h3\">Popis produktu<\/h3>\n<p>Sv\u00edtidlo ve tvaru v\u00e1lce je vhodn\u00e9 pro dekorativn\u00ed osv\u00edcen\u00ed p\u0159\u00edjezdov\u00fdch cest, cesti\u010dek v zahrad\u011b. Zapu\u0161t\u011bn\u00edm do kam\u00ednk\u016f ozdob\u00ed Va\u0161i skalku. Na v\u00fdb\u011br je 7 barevn\u00fdch variant. Ve zhasnut\u00e9m stavu je sv\u00edtidlo b\u00edl\u00e9 (pr\u016fhledn\u00e9), barevn\u00e9 je pouze, kdy\u017e sv\u00edt\u00ed. Na vrcholu sv\u00edtidla se pr\u016fm\u011br o 4mm zu\u017euje.<\/p>\n<\/p><\/div>\n<\/p><\/div>\n<p><\/p>\n<div class=\"top-params\">\n<h3 class=\"product-h3 collapse-header \" data-toggle=\"collapse\" data-target=\"#collapseOne\" aria-expanded=\"true\" aria-controls=\"collapseOne\">Parametry<\/h3>\n<div id=\"collapseOne\" class=\"collapse show\" aria-labelledby=\"headingOne\" data-parent=\"#product-info-accordion1\">\n<table class=\"table-striped\">\n<tr>\n<td>                V\u00fdrobce            <\/td>\n<td>                AMVIS LUXONA            <\/td>\n<\/tr>\n<tr>\n<td>                Materi\u00e1l            <\/td>\n<td>                sklo            <\/td>\n<\/tr>\n<tr>\n<td>                Kolekce            <\/td>\n<td>                Spot-8            <\/td>\n<\/tr>\n<tr>\n<td>                Patice            <\/td>\n<td>                LED            <\/td>\n<\/tr>\n<tr>\n<td>                Ochrana IP            <\/td>\n<td>                IP68            <\/td>\n<\/tr>\n<tr>\n<td>                Max. p\u0159\u00edkon sv\u011bteln\u00e9ho zdroje            <\/td>\n<td>                1,4W            <\/td>\n<\/tr>\n<tr>\n<td>                Barva            <\/td>\n<td>                p\u00edskovan\u00e1            <\/td>\n<\/tr>\n<tr>\n<td>                Sv\u011bteln\u00fd tok            <\/td>\n<td>                120lm            <\/td>\n<\/tr>\n<tr>\n<td>                Po\u010det sv\u011bteln\u00fdch zdroj\u016f            <\/td>\n<td>                1            <\/td>\n<\/tr>\n<tr>\n<td>                V\u010detn\u011b sv\u011bteln\u00e9ho zdroje            <\/td>\n<td>                ano            <\/td>\n<\/tr>\n<tr>\n<td>                Nap\u00e1jec\u00ed nap\u011bt\u00ed            <\/td>\n<td>                12V DC            <\/td>\n<\/tr>\n<tr>\n<td>                Energetick\u00e1 \u00fa\u010dinnost            <\/td>\n<td>                A++            <\/td>\n<\/tr>\n<tr>\n<td>                Teplota barvy sv\u011btla            <\/td>\n<td>                3000K            <\/td>\n<\/tr>\n<tr>\n<td>                V\u00fd\u0161ka v mm            <\/td>\n<td>                78            <\/td>\n<\/tr>\n<tr>\n<td>                Pr\u016fm\u011br v mm            <\/td>\n<td>                80            <\/td>\n<\/tr>\n<\/table>\n<\/div><\/div>\n<\/div>\n<div class=\"accordion\" id=\"product-info-accordion2\">\n","protected":false},"excerpt":{"rendered":"<p>Popis produktu Sv\u00edtidlo ve tvaru v\u00e1lce je vhodn\u00e9 pro dekorativn\u00ed osv\u00edcen\u00ed p\u0159\u00edjezdov\u00fdch cest, cesti\u010dek v zahrad\u011b. Zapu\u0161t\u011bn\u00edm do kam\u00ednk\u016f ozdob\u00ed Va\u0161i skalku. Na v\u00fdb\u011br je 7 barevn\u00fdch variant. Ve zhasnut\u00e9m stavu je sv\u00edtidlo b\u00edl\u00e9 (pr\u016fhledn\u00e9), barevn\u00e9 je pouze, kdy\u017e sv\u00edt\u00ed. Na vrcholu sv\u00edtidla se pr\u016fm\u011br o 4mm zu\u017euje. Parametry V\u00fdrobce AMVIS LUXONA Materi\u00e1l sklo Kolekce [&hellip;]<\/p>\n","protected":false},"featured_media":1203,"comment_status":"open","ping_status":"open","template":"","meta":[],"product_brand":[],"product_cat":[33],"product_tag":[],"class_list":{"0":"post-1103","1":"product","2":"type-product","3":"status-publish","4":"has-post-thumbnail","6":"product_cat-venkovni-svitidla","8":"first","9":"instock","10":"sale","11":"shipping-taxable","12":"purchasable","13":"product-type-simple"},"yoast_head":"<!-- This site is optimized with the Yoast SEO plugin v26.8 - https:\/\/yoast.com\/product\/yoast-seo-wordpress\/ -->\n<title>LED sv\u00edtidlo Spot-8 v\u00e1lec tepl\u00e1 b\u00edl\u00e1 1,4W 3000K 12V DC IP68 - AMVIS Fin\u00e1ln\u00ed V\u00fdprodej -<\/title>\n<meta name=\"robots\" content=\"index, follow, max-snippet:-1, max-image-preview:large, max-video-preview:-1\" \/>\n<link rel=\"canonical\" href=\"https:\/\/www.stavexpro.com\/index.php\/produkt\/led-svitidlo-spot-8-valec-tepla-bila-1-4w-3000k-12v-dc-ip68-amvis-finalni-vyprodej-1103\/\" \/>\n<meta property=\"og:locale\" content=\"cs_CZ\" \/>\n<meta property=\"og:type\" content=\"article\" \/>\n<meta property=\"og:title\" content=\"LED sv\u00edtidlo Spot-8 v\u00e1lec tepl\u00e1 b\u00edl\u00e1 1,4W 3000K 12V DC IP68 - AMVIS Fin\u00e1ln\u00ed V\u00fdprodej -\" \/>\n<meta property=\"og:description\" content=\"Popis produktu Sv\u00edtidlo ve tvaru v\u00e1lce je vhodn\u00e9 pro dekorativn\u00ed osv\u00edcen\u00ed p\u0159\u00edjezdov\u00fdch cest, cesti\u010dek v zahrad\u011b. Zapu\u0161t\u011bn\u00edm do kam\u00ednk\u016f ozdob\u00ed Va\u0161i skalku. Na v\u00fdb\u011br je 7 barevn\u00fdch variant. Ve zhasnut\u00e9m stavu je sv\u00edtidlo b\u00edl\u00e9 (pr\u016fhledn\u00e9), barevn\u00e9 je pouze, kdy\u017e sv\u00edt\u00ed. Na vrcholu sv\u00edtidla se pr\u016fm\u011br o 4mm zu\u017euje. Parametry V\u00fdrobce AMVIS LUXONA Materi\u00e1l sklo Kolekce [&hellip;]\" \/>\n<meta property=\"og:url\" content=\"https:\/\/www.stavexpro.com\/index.php\/produkt\/led-svitidlo-spot-8-valec-tepla-bila-1-4w-3000k-12v-dc-ip68-amvis-finalni-vyprodej-1103\/\" \/>\n<meta property=\"og:image\" content=\"https:\/\/www.stavexpro.com\/wp-content\/uploads\/2026\/SK0000013-CZ20260425-091535-0-1777079743-AM-226123.webp\" \/>\n\t<meta property=\"og:image:width\" content=\"350\" \/>\n\t<meta property=\"og:image:height\" content=\"350\" \/>\n\t<meta property=\"og:image:type\" content=\"image\/webp\" \/>\n<meta name=\"twitter:card\" content=\"summary_large_image\" \/>\n<meta name=\"twitter:label1\" content=\"Odhadovan\u00e1 doba \u010dten\u00ed\" \/>\n\t<meta name=\"twitter:data1\" content=\"1 minuta\" \/>\n<script type=\"application\/ld+json\" class=\"yoast-schema-graph\">{\"@context\":\"https:\/\/schema.org\",\"@graph\":[{\"@type\":\"WebPage\",\"@id\":\"https:\/\/www.stavexpro.com\/index.php\/produkt\/led-svitidlo-spot-8-valec-tepla-bila-1-4w-3000k-12v-dc-ip68-amvis-finalni-vyprodej-1103\/\",\"url\":\"https:\/\/www.stavexpro.com\/index.php\/produkt\/led-svitidlo-spot-8-valec-tepla-bila-1-4w-3000k-12v-dc-ip68-amvis-finalni-vyprodej-1103\/\",\"name\":\"LED sv\u00edtidlo Spot-8 v\u00e1lec tepl\u00e1 b\u00edl\u00e1 1,4W 3000K 12V DC IP68 - AMVIS Fin\u00e1ln\u00ed V\u00fdprodej -\",\"isPartOf\":{\"@id\":\"https:\/\/www.stavexpro.com\/#website\"},\"primaryImageOfPage\":{\"@id\":\"https:\/\/www.stavexpro.com\/index.php\/produkt\/led-svitidlo-spot-8-valec-tepla-bila-1-4w-3000k-12v-dc-ip68-amvis-finalni-vyprodej-1103\/#primaryimage\"},\"image\":{\"@id\":\"https:\/\/www.stavexpro.com\/index.php\/produkt\/led-svitidlo-spot-8-valec-tepla-bila-1-4w-3000k-12v-dc-ip68-amvis-finalni-vyprodej-1103\/#primaryimage\"},\"thumbnailUrl\":\"https:\/\/www.stavexpro.com\/wp-content\/uploads\/2026\/SK0000013-CZ20260425-091535-0-1777079743-AM-226123.webp\",\"datePublished\":\"2026-04-26T08:51:51+00:00\",\"breadcrumb\":{\"@id\":\"https:\/\/www.stavexpro.com\/index.php\/produkt\/led-svitidlo-spot-8-valec-tepla-bila-1-4w-3000k-12v-dc-ip68-amvis-finalni-vyprodej-1103\/#breadcrumb\"},\"inLanguage\":\"cs\",\"potentialAction\":[{\"@type\":\"ReadAction\",\"target\":[\"https:\/\/www.stavexpro.com\/index.php\/produkt\/led-svitidlo-spot-8-valec-tepla-bila-1-4w-3000k-12v-dc-ip68-amvis-finalni-vyprodej-1103\/\"]}]},{\"@type\":\"ImageObject\",\"inLanguage\":\"cs\",\"@id\":\"https:\/\/www.stavexpro.com\/index.php\/produkt\/led-svitidlo-spot-8-valec-tepla-bila-1-4w-3000k-12v-dc-ip68-amvis-finalni-vyprodej-1103\/#primaryimage\",\"url\":\"https:\/\/www.stavexpro.com\/wp-content\/uploads\/2026\/SK0000013-CZ20260425-091535-0-1777079743-AM-226123.webp\",\"contentUrl\":\"https:\/\/www.stavexpro.com\/wp-content\/uploads\/2026\/SK0000013-CZ20260425-091535-0-1777079743-AM-226123.webp\",\"width\":350,\"height\":350},{\"@type\":\"BreadcrumbList\",\"@id\":\"https:\/\/www.stavexpro.com\/index.php\/produkt\/led-svitidlo-spot-8-valec-tepla-bila-1-4w-3000k-12v-dc-ip68-amvis-finalni-vyprodej-1103\/#breadcrumb\",\"itemListElement\":[{\"@type\":\"ListItem\",\"position\":1,\"name\":\"Home\",\"item\":\"https:\/\/www.stavexpro.com\/\"},{\"@type\":\"ListItem\",\"position\":2,\"name\":\"Products\",\"item\":\"https:\/\/www.stavexpro.com\/index.php\/products\/\"},{\"@type\":\"ListItem\",\"position\":3,\"name\":\"LED sv\u00edtidlo Spot-8 v\u00e1lec tepl\u00e1 b\u00edl\u00e1 1,4W 3000K 12V DC IP68 &#8211; AMVIS Fin\u00e1ln\u00ed V\u00fdprodej\"}]},{\"@type\":\"WebSite\",\"@id\":\"https:\/\/www.stavexpro.com\/#website\",\"url\":\"https:\/\/www.stavexpro.com\/\",\"name\":\"\",\"description\":\"\",\"potentialAction\":[{\"@type\":\"SearchAction\",\"target\":{\"@type\":\"EntryPoint\",\"urlTemplate\":\"https:\/\/www.stavexpro.com\/?s={search_term_string}\"},\"query-input\":{\"@type\":\"PropertyValueSpecification\",\"valueRequired\":true,\"valueName\":\"search_term_string\"}}],\"inLanguage\":\"cs\"}]}<\/script>\n<!-- \/ Yoast SEO plugin. -->","yoast_head_json":{"title":"LED sv\u00edtidlo Spot-8 v\u00e1lec tepl\u00e1 b\u00edl\u00e1 1,4W 3000K 12V DC IP68 - AMVIS Fin\u00e1ln\u00ed V\u00fdprodej -","robots":{"index":"index","follow":"follow","max-snippet":"max-snippet:-1","max-image-preview":"max-image-preview:large","max-video-preview":"max-video-preview:-1"},"canonical":"https:\/\/www.stavexpro.com\/index.php\/produkt\/led-svitidlo-spot-8-valec-tepla-bila-1-4w-3000k-12v-dc-ip68-amvis-finalni-vyprodej-1103\/","og_locale":"cs_CZ","og_type":"article","og_title":"LED sv\u00edtidlo Spot-8 v\u00e1lec tepl\u00e1 b\u00edl\u00e1 1,4W 3000K 12V DC IP68 - AMVIS Fin\u00e1ln\u00ed V\u00fdprodej -","og_description":"Popis produktu Sv\u00edtidlo ve tvaru v\u00e1lce je vhodn\u00e9 pro dekorativn\u00ed osv\u00edcen\u00ed p\u0159\u00edjezdov\u00fdch cest, cesti\u010dek v zahrad\u011b. Zapu\u0161t\u011bn\u00edm do kam\u00ednk\u016f ozdob\u00ed Va\u0161i skalku. Na v\u00fdb\u011br je 7 barevn\u00fdch variant. Ve zhasnut\u00e9m stavu je sv\u00edtidlo b\u00edl\u00e9 (pr\u016fhledn\u00e9), barevn\u00e9 je pouze, kdy\u017e sv\u00edt\u00ed. Na vrcholu sv\u00edtidla se pr\u016fm\u011br o 4mm zu\u017euje. Parametry V\u00fdrobce AMVIS LUXONA Materi\u00e1l sklo Kolekce [&hellip;]","og_url":"https:\/\/www.stavexpro.com\/index.php\/produkt\/led-svitidlo-spot-8-valec-tepla-bila-1-4w-3000k-12v-dc-ip68-amvis-finalni-vyprodej-1103\/","og_image":[{"width":350,"height":350,"url":"https:\/\/www.stavexpro.com\/wp-content\/uploads\/2026\/SK0000013-CZ20260425-091535-0-1777079743-AM-226123.webp","type":"image\/webp"}],"twitter_card":"summary_large_image","twitter_misc":{"Odhadovan\u00e1 doba \u010dten\u00ed":"1 minuta"},"schema":{"@context":"https:\/\/schema.org","@graph":[{"@type":"WebPage","@id":"https:\/\/www.stavexpro.com\/index.php\/produkt\/led-svitidlo-spot-8-valec-tepla-bila-1-4w-3000k-12v-dc-ip68-amvis-finalni-vyprodej-1103\/","url":"https:\/\/www.stavexpro.com\/index.php\/produkt\/led-svitidlo-spot-8-valec-tepla-bila-1-4w-3000k-12v-dc-ip68-amvis-finalni-vyprodej-1103\/","name":"LED sv\u00edtidlo Spot-8 v\u00e1lec tepl\u00e1 b\u00edl\u00e1 1,4W 3000K 12V DC IP68 - AMVIS Fin\u00e1ln\u00ed V\u00fdprodej -","isPartOf":{"@id":"https:\/\/www.stavexpro.com\/#website"},"primaryImageOfPage":{"@id":"https:\/\/www.stavexpro.com\/index.php\/produkt\/led-svitidlo-spot-8-valec-tepla-bila-1-4w-3000k-12v-dc-ip68-amvis-finalni-vyprodej-1103\/#primaryimage"},"image":{"@id":"https:\/\/www.stavexpro.com\/index.php\/produkt\/led-svitidlo-spot-8-valec-tepla-bila-1-4w-3000k-12v-dc-ip68-amvis-finalni-vyprodej-1103\/#primaryimage"},"thumbnailUrl":"https:\/\/www.stavexpro.com\/wp-content\/uploads\/2026\/SK0000013-CZ20260425-091535-0-1777079743-AM-226123.webp","datePublished":"2026-04-26T08:51:51+00:00","breadcrumb":{"@id":"https:\/\/www.stavexpro.com\/index.php\/produkt\/led-svitidlo-spot-8-valec-tepla-bila-1-4w-3000k-12v-dc-ip68-amvis-finalni-vyprodej-1103\/#breadcrumb"},"inLanguage":"cs","potentialAction":[{"@type":"ReadAction","target":["https:\/\/www.stavexpro.com\/index.php\/produkt\/led-svitidlo-spot-8-valec-tepla-bila-1-4w-3000k-12v-dc-ip68-amvis-finalni-vyprodej-1103\/"]}]},{"@type":"ImageObject","inLanguage":"cs","@id":"https:\/\/www.stavexpro.com\/index.php\/produkt\/led-svitidlo-spot-8-valec-tepla-bila-1-4w-3000k-12v-dc-ip68-amvis-finalni-vyprodej-1103\/#primaryimage","url":"https:\/\/www.stavexpro.com\/wp-content\/uploads\/2026\/SK0000013-CZ20260425-091535-0-1777079743-AM-226123.webp","contentUrl":"https:\/\/www.stavexpro.com\/wp-content\/uploads\/2026\/SK0000013-CZ20260425-091535-0-1777079743-AM-226123.webp","width":350,"height":350},{"@type":"BreadcrumbList","@id":"https:\/\/www.stavexpro.com\/index.php\/produkt\/led-svitidlo-spot-8-valec-tepla-bila-1-4w-3000k-12v-dc-ip68-amvis-finalni-vyprodej-1103\/#breadcrumb","itemListElement":[{"@type":"ListItem","position":1,"name":"Home","item":"https:\/\/www.stavexpro.com\/"},{"@type":"ListItem","position":2,"name":"Products","item":"https:\/\/www.stavexpro.com\/index.php\/products\/"},{"@type":"ListItem","position":3,"name":"LED sv\u00edtidlo Spot-8 v\u00e1lec tepl\u00e1 b\u00edl\u00e1 1,4W 3000K 12V DC IP68 &#8211; AMVIS Fin\u00e1ln\u00ed V\u00fdprodej"}]},{"@type":"WebSite","@id":"https:\/\/www.stavexpro.com\/#website","url":"https:\/\/www.stavexpro.com\/","name":"","description":"","potentialAction":[{"@type":"SearchAction","target":{"@type":"EntryPoint","urlTemplate":"https:\/\/www.stavexpro.com\/?s={search_term_string}"},"query-input":{"@type":"PropertyValueSpecification","valueRequired":true,"valueName":"search_term_string"}}],"inLanguage":"cs"}]}},"_links":{"self":[{"href":"https:\/\/www.stavexpro.com\/index.php\/wp-json\/wp\/v2\/product\/1103","targetHints":{"allow":["GET"]}}],"collection":[{"href":"https:\/\/www.stavexpro.com\/index.php\/wp-json\/wp\/v2\/product"}],"about":[{"href":"https:\/\/www.stavexpro.com\/index.php\/wp-json\/wp\/v2\/types\/product"}],"replies":[{"embeddable":true,"href":"https:\/\/www.stavexpro.com\/index.php\/wp-json\/wp\/v2\/comments?post=1103"}],"wp:featuredmedia":[{"embeddable":true,"href":"https:\/\/www.stavexpro.com\/index.php\/wp-json\/wp\/v2\/media\/1203"}],"wp:attachment":[{"href":"https:\/\/www.stavexpro.com\/index.php\/wp-json\/wp\/v2\/media?parent=1103"}],"wp:term":[{"taxonomy":"product_brand","embeddable":true,"href":"https:\/\/www.stavexpro.com\/index.php\/wp-json\/wp\/v2\/product_brand?post=1103"},{"taxonomy":"product_cat","embeddable":true,"href":"https:\/\/www.stavexpro.com\/index.php\/wp-json\/wp\/v2\/product_cat?post=1103"},{"taxonomy":"product_tag","embeddable":true,"href":"https:\/\/www.stavexpro.com\/index.php\/wp-json\/wp\/v2\/product_tag?post=1103"}],"curies":[{"name":"wp","href":"https:\/\/api.w.org\/{rel}","templated":true}]}}