{"id":1148,"date":"2026-04-26T08:51:51","date_gmt":"2026-04-26T08:51:51","guid":{"rendered":""},"modified":"2026-04-26T08:51:51","modified_gmt":"2026-04-26T08:51:51","slug":"stinidlo-tolomeo-parette-prumer-24cm-pergamen-artemide-primo-od-vyrobce-1148","status":"publish","type":"product","link":"https:\/\/www.stavexpro.com\/produkt\/stinidlo-tolomeo-parette-prumer-24cm-pergamen-artemide-primo-od-vyrobce-1148\/","title":{"rendered":"St\u00ednidlo TOLOMEO PARETTE pr\u016fm\u011br 24cm pergamen &#8211; ARTEMIDE P\u0159\u00edmo Od V\u00fdrobce"},"content":{"rendered":"<h3 class=\"product-h3\">Popis produktu<\/h3>\n<p>Pouze st\u00ednidlo, vhodn\u00e9 pro n\u00e1st\u011bnnou z\u00e1kladnu AR 1184010A. Pro \u017e\u00e1rovku max. 70W.<\/p>\n<\/p><\/div>\n<\/p><\/div>\n<p><\/p>\n<div class=\"top-params\">\n<h3 class=\"product-h3 collapse-header \" data-toggle=\"collapse\" data-target=\"#collapseOne\" aria-expanded=\"true\" aria-controls=\"collapseOne\">Parametry<\/h3>\n<div id=\"collapseOne\" class=\"collapse show\" aria-labelledby=\"headingOne\" data-parent=\"#product-info-accordion1\">\n<table class=\"table-striped\">\n<tr>\n<td>                Pr\u016fm\u011br v mm            <\/td>\n<td>                240            <\/td>\n<\/tr>\n<tr>\n<td>                Vystaveno na studiu            <\/td>\n<td>                ano            <\/td>\n<\/tr>\n<tr>\n<td>                V\u00fdrobce            <\/td>\n<td>                ARTEMIDE            <\/td>\n<\/tr>\n<tr>\n<td>                V\u00fd\u0161ka v mm            <\/td>\n<td>                200            <\/td>\n<\/tr>\n<\/table>\n<\/div><\/div>\n<\/div>\n<div class=\"accordion\" id=\"product-info-accordion2\">\n","protected":false},"excerpt":{"rendered":"<p>Popis produktu Pouze st\u00ednidlo, vhodn\u00e9 pro n\u00e1st\u011bnnou z\u00e1kladnu AR 1184010A. Pro \u017e\u00e1rovku max. 70W. Parametry Pr\u016fm\u011br v mm 240 Vystaveno na studiu ano V\u00fdrobce ARTEMIDE V\u00fd\u0161ka v mm 200<\/p>\n","protected":false},"featured_media":1248,"comment_status":"open","ping_status":"open","template":"","meta":[],"product_brand":[],"product_cat":[32],"product_tag":[],"class_list":{"0":"post-1148","1":"product","2":"type-product","3":"status-publish","4":"has-post-thumbnail","6":"product_cat-prislusenstvi","8":"first","9":"instock","10":"sale","11":"shipping-taxable","12":"purchasable","13":"product-type-simple"},"yoast_head":"<!-- This site is optimized with the Yoast SEO plugin v26.8 - https:\/\/yoast.com\/product\/yoast-seo-wordpress\/ -->\n<title>St\u00ednidlo TOLOMEO PARETTE pr\u016fm\u011br 24cm pergamen - ARTEMIDE P\u0159\u00edmo Od V\u00fdrobce -<\/title>\n<meta name=\"robots\" content=\"index, follow, max-snippet:-1, max-image-preview:large, max-video-preview:-1\" \/>\n<link rel=\"canonical\" href=\"https:\/\/www.stavexpro.com\/index.php\/produkt\/stinidlo-tolomeo-parette-prumer-24cm-pergamen-artemide-primo-od-vyrobce-1148\/\" \/>\n<meta property=\"og:locale\" content=\"cs_CZ\" \/>\n<meta property=\"og:type\" content=\"article\" \/>\n<meta property=\"og:title\" content=\"St\u00ednidlo TOLOMEO PARETTE pr\u016fm\u011br 24cm pergamen - ARTEMIDE P\u0159\u00edmo Od V\u00fdrobce -\" \/>\n<meta property=\"og:description\" content=\"Popis produktu Pouze st\u00ednidlo, vhodn\u00e9 pro n\u00e1st\u011bnnou z\u00e1kladnu AR 1184010A. Pro \u017e\u00e1rovku max. 70W. Parametry Pr\u016fm\u011br v mm 240 Vystaveno na studiu ano V\u00fdrobce ARTEMIDE V\u00fd\u0161ka v mm 200\" \/>\n<meta property=\"og:url\" content=\"https:\/\/www.stavexpro.com\/index.php\/produkt\/stinidlo-tolomeo-parette-prumer-24cm-pergamen-artemide-primo-od-vyrobce-1148\/\" \/>\n<meta property=\"og:image\" content=\"https:\/\/www.stavexpro.com\/wp-content\/uploads\/2026\/SK0000089-CZ20260425-091535-0-1777079743-AR-0372050A.webp\" \/>\n\t<meta property=\"og:image:width\" content=\"300\" \/>\n\t<meta property=\"og:image:height\" content=\"400\" \/>\n\t<meta property=\"og:image:type\" content=\"image\/webp\" \/>\n<meta name=\"twitter:card\" content=\"summary_large_image\" \/>\n<script type=\"application\/ld+json\" class=\"yoast-schema-graph\">{\"@context\":\"https:\/\/schema.org\",\"@graph\":[{\"@type\":\"WebPage\",\"@id\":\"https:\/\/www.stavexpro.com\/index.php\/produkt\/stinidlo-tolomeo-parette-prumer-24cm-pergamen-artemide-primo-od-vyrobce-1148\/\",\"url\":\"https:\/\/www.stavexpro.com\/index.php\/produkt\/stinidlo-tolomeo-parette-prumer-24cm-pergamen-artemide-primo-od-vyrobce-1148\/\",\"name\":\"St\u00ednidlo TOLOMEO PARETTE pr\u016fm\u011br 24cm pergamen - ARTEMIDE P\u0159\u00edmo Od V\u00fdrobce -\",\"isPartOf\":{\"@id\":\"https:\/\/www.stavexpro.com\/#website\"},\"primaryImageOfPage\":{\"@id\":\"https:\/\/www.stavexpro.com\/index.php\/produkt\/stinidlo-tolomeo-parette-prumer-24cm-pergamen-artemide-primo-od-vyrobce-1148\/#primaryimage\"},\"image\":{\"@id\":\"https:\/\/www.stavexpro.com\/index.php\/produkt\/stinidlo-tolomeo-parette-prumer-24cm-pergamen-artemide-primo-od-vyrobce-1148\/#primaryimage\"},\"thumbnailUrl\":\"https:\/\/www.stavexpro.com\/wp-content\/uploads\/2026\/SK0000089-CZ20260425-091535-0-1777079743-AR-0372050A.webp\",\"datePublished\":\"2026-04-26T08:51:51+00:00\",\"breadcrumb\":{\"@id\":\"https:\/\/www.stavexpro.com\/index.php\/produkt\/stinidlo-tolomeo-parette-prumer-24cm-pergamen-artemide-primo-od-vyrobce-1148\/#breadcrumb\"},\"inLanguage\":\"cs\",\"potentialAction\":[{\"@type\":\"ReadAction\",\"target\":[\"https:\/\/www.stavexpro.com\/index.php\/produkt\/stinidlo-tolomeo-parette-prumer-24cm-pergamen-artemide-primo-od-vyrobce-1148\/\"]}]},{\"@type\":\"ImageObject\",\"inLanguage\":\"cs\",\"@id\":\"https:\/\/www.stavexpro.com\/index.php\/produkt\/stinidlo-tolomeo-parette-prumer-24cm-pergamen-artemide-primo-od-vyrobce-1148\/#primaryimage\",\"url\":\"https:\/\/www.stavexpro.com\/wp-content\/uploads\/2026\/SK0000089-CZ20260425-091535-0-1777079743-AR-0372050A.webp\",\"contentUrl\":\"https:\/\/www.stavexpro.com\/wp-content\/uploads\/2026\/SK0000089-CZ20260425-091535-0-1777079743-AR-0372050A.webp\",\"width\":300,\"height\":400},{\"@type\":\"BreadcrumbList\",\"@id\":\"https:\/\/www.stavexpro.com\/index.php\/produkt\/stinidlo-tolomeo-parette-prumer-24cm-pergamen-artemide-primo-od-vyrobce-1148\/#breadcrumb\",\"itemListElement\":[{\"@type\":\"ListItem\",\"position\":1,\"name\":\"Home\",\"item\":\"https:\/\/www.stavexpro.com\/\"},{\"@type\":\"ListItem\",\"position\":2,\"name\":\"Products\",\"item\":\"https:\/\/www.stavexpro.com\/index.php\/products\/\"},{\"@type\":\"ListItem\",\"position\":3,\"name\":\"St\u00ednidlo TOLOMEO PARETTE pr\u016fm\u011br 24cm pergamen &#8211; ARTEMIDE P\u0159\u00edmo Od V\u00fdrobce\"}]},{\"@type\":\"WebSite\",\"@id\":\"https:\/\/www.stavexpro.com\/#website\",\"url\":\"https:\/\/www.stavexpro.com\/\",\"name\":\"\",\"description\":\"\",\"potentialAction\":[{\"@type\":\"SearchAction\",\"target\":{\"@type\":\"EntryPoint\",\"urlTemplate\":\"https:\/\/www.stavexpro.com\/?s={search_term_string}\"},\"query-input\":{\"@type\":\"PropertyValueSpecification\",\"valueRequired\":true,\"valueName\":\"search_term_string\"}}],\"inLanguage\":\"cs\"}]}<\/script>\n<!-- \/ Yoast SEO plugin. -->","yoast_head_json":{"title":"St\u00ednidlo TOLOMEO PARETTE pr\u016fm\u011br 24cm pergamen - ARTEMIDE P\u0159\u00edmo Od V\u00fdrobce -","robots":{"index":"index","follow":"follow","max-snippet":"max-snippet:-1","max-image-preview":"max-image-preview:large","max-video-preview":"max-video-preview:-1"},"canonical":"https:\/\/www.stavexpro.com\/index.php\/produkt\/stinidlo-tolomeo-parette-prumer-24cm-pergamen-artemide-primo-od-vyrobce-1148\/","og_locale":"cs_CZ","og_type":"article","og_title":"St\u00ednidlo TOLOMEO PARETTE pr\u016fm\u011br 24cm pergamen - ARTEMIDE P\u0159\u00edmo Od V\u00fdrobce -","og_description":"Popis produktu Pouze st\u00ednidlo, vhodn\u00e9 pro n\u00e1st\u011bnnou z\u00e1kladnu AR 1184010A. Pro \u017e\u00e1rovku max. 70W. Parametry Pr\u016fm\u011br v mm 240 Vystaveno na studiu ano V\u00fdrobce ARTEMIDE V\u00fd\u0161ka v mm 200","og_url":"https:\/\/www.stavexpro.com\/index.php\/produkt\/stinidlo-tolomeo-parette-prumer-24cm-pergamen-artemide-primo-od-vyrobce-1148\/","og_image":[{"width":300,"height":400,"url":"https:\/\/www.stavexpro.com\/wp-content\/uploads\/2026\/SK0000089-CZ20260425-091535-0-1777079743-AR-0372050A.webp","type":"image\/webp"}],"twitter_card":"summary_large_image","schema":{"@context":"https:\/\/schema.org","@graph":[{"@type":"WebPage","@id":"https:\/\/www.stavexpro.com\/index.php\/produkt\/stinidlo-tolomeo-parette-prumer-24cm-pergamen-artemide-primo-od-vyrobce-1148\/","url":"https:\/\/www.stavexpro.com\/index.php\/produkt\/stinidlo-tolomeo-parette-prumer-24cm-pergamen-artemide-primo-od-vyrobce-1148\/","name":"St\u00ednidlo TOLOMEO PARETTE pr\u016fm\u011br 24cm pergamen - ARTEMIDE P\u0159\u00edmo Od V\u00fdrobce -","isPartOf":{"@id":"https:\/\/www.stavexpro.com\/#website"},"primaryImageOfPage":{"@id":"https:\/\/www.stavexpro.com\/index.php\/produkt\/stinidlo-tolomeo-parette-prumer-24cm-pergamen-artemide-primo-od-vyrobce-1148\/#primaryimage"},"image":{"@id":"https:\/\/www.stavexpro.com\/index.php\/produkt\/stinidlo-tolomeo-parette-prumer-24cm-pergamen-artemide-primo-od-vyrobce-1148\/#primaryimage"},"thumbnailUrl":"https:\/\/www.stavexpro.com\/wp-content\/uploads\/2026\/SK0000089-CZ20260425-091535-0-1777079743-AR-0372050A.webp","datePublished":"2026-04-26T08:51:51+00:00","breadcrumb":{"@id":"https:\/\/www.stavexpro.com\/index.php\/produkt\/stinidlo-tolomeo-parette-prumer-24cm-pergamen-artemide-primo-od-vyrobce-1148\/#breadcrumb"},"inLanguage":"cs","potentialAction":[{"@type":"ReadAction","target":["https:\/\/www.stavexpro.com\/index.php\/produkt\/stinidlo-tolomeo-parette-prumer-24cm-pergamen-artemide-primo-od-vyrobce-1148\/"]}]},{"@type":"ImageObject","inLanguage":"cs","@id":"https:\/\/www.stavexpro.com\/index.php\/produkt\/stinidlo-tolomeo-parette-prumer-24cm-pergamen-artemide-primo-od-vyrobce-1148\/#primaryimage","url":"https:\/\/www.stavexpro.com\/wp-content\/uploads\/2026\/SK0000089-CZ20260425-091535-0-1777079743-AR-0372050A.webp","contentUrl":"https:\/\/www.stavexpro.com\/wp-content\/uploads\/2026\/SK0000089-CZ20260425-091535-0-1777079743-AR-0372050A.webp","width":300,"height":400},{"@type":"BreadcrumbList","@id":"https:\/\/www.stavexpro.com\/index.php\/produkt\/stinidlo-tolomeo-parette-prumer-24cm-pergamen-artemide-primo-od-vyrobce-1148\/#breadcrumb","itemListElement":[{"@type":"ListItem","position":1,"name":"Home","item":"https:\/\/www.stavexpro.com\/"},{"@type":"ListItem","position":2,"name":"Products","item":"https:\/\/www.stavexpro.com\/index.php\/products\/"},{"@type":"ListItem","position":3,"name":"St\u00ednidlo TOLOMEO PARETTE pr\u016fm\u011br 24cm pergamen &#8211; ARTEMIDE P\u0159\u00edmo Od V\u00fdrobce"}]},{"@type":"WebSite","@id":"https:\/\/www.stavexpro.com\/#website","url":"https:\/\/www.stavexpro.com\/","name":"","description":"","potentialAction":[{"@type":"SearchAction","target":{"@type":"EntryPoint","urlTemplate":"https:\/\/www.stavexpro.com\/?s={search_term_string}"},"query-input":{"@type":"PropertyValueSpecification","valueRequired":true,"valueName":"search_term_string"}}],"inLanguage":"cs"}]}},"_links":{"self":[{"href":"https:\/\/www.stavexpro.com\/wp-json\/wp\/v2\/product\/1148","targetHints":{"allow":["GET"]}}],"collection":[{"href":"https:\/\/www.stavexpro.com\/wp-json\/wp\/v2\/product"}],"about":[{"href":"https:\/\/www.stavexpro.com\/wp-json\/wp\/v2\/types\/product"}],"replies":[{"embeddable":true,"href":"https:\/\/www.stavexpro.com\/wp-json\/wp\/v2\/comments?post=1148"}],"wp:featuredmedia":[{"embeddable":true,"href":"https:\/\/www.stavexpro.com\/wp-json\/wp\/v2\/media\/1248"}],"wp:attachment":[{"href":"https:\/\/www.stavexpro.com\/wp-json\/wp\/v2\/media?parent=1148"}],"wp:term":[{"taxonomy":"product_brand","embeddable":true,"href":"https:\/\/www.stavexpro.com\/wp-json\/wp\/v2\/product_brand?post=1148"},{"taxonomy":"product_cat","embeddable":true,"href":"https:\/\/www.stavexpro.com\/wp-json\/wp\/v2\/product_cat?post=1148"},{"taxonomy":"product_tag","embeddable":true,"href":"https:\/\/www.stavexpro.com\/wp-json\/wp\/v2\/product_tag?post=1148"}],"curies":[{"name":"wp","href":"https:\/\/api.w.org\/{rel}","templated":true}]}}