{"id":19734,"date":"2026-04-26T08:54:35","date_gmt":"2026-04-26T08:54:35","guid":{"rendered":""},"modified":"2026-04-26T08:54:35","modified_gmt":"2026-04-26T08:54:35","slug":"scobax-vetraci-mrizka-ergoroof-1000-mm-x-55-mm-cervena-znackovy-19734","status":"publish","type":"product","link":"https:\/\/www.stavexpro.com\/produkt\/scobax-vetraci-mrizka-ergoroof-1000-mm-x-55-mm-cervena-znackovy-19734\/","title":{"rendered":"Scobax V\u011btrac\u00ed m\u0159\u00ed\u017eka Ergoroof 1000 mm x 55 mm \u010derven\u00e1 Zna\u010dkov\u00fd"},"content":{"rendered":"<div class=\"detail-description__right\">\n<div class=\"parameters\">\n<div class=\"table\">\n<table>\n<tbody>\n<tr class=\"parameters-switch-tr\">\n<td colspan=\"2\" class=\"parameters-switch\">\n<h4>Konstrukce<\/h4>\n<\/td>\n<\/tr>\n<tr>\n<th>\t\t\t\t\t\t\tAntikorozn\u00ed ochrana \t\t\t\t\t\t<\/th>\n<td>\t\t\t\t\t\t\t\t\t\u2013\t\t\t\t\t\t<\/td>\n<\/tr>\n<tr>\n<th>\t\t\t\t\t\t\tTvar \t\t\t\t\t\t<\/th>\n<td>\t\t\t\t\t\t\t\t\thranat\u00fd\t\t\t\t\t\t<\/td>\n<\/tr>\n<tr>\n<th>\t\t\t\t\t\t\tMateri\u00e1l konstrukce \t\t\t\t\t\t<\/th>\n<td>\t\t\t\t\t\t\t\t\tPVC granul\u00e1t\t\t\t\t\t\t<\/td>\n<\/tr>\n<tr>\n<th>\t\t\t\t\t\t\tTyp \t\t\t\t\t\t<\/th>\n<td>\t\t\t\t\t\t\t\t\th\u0159eben\t\t\t\t\t\t<\/td>\n<\/tr>\n<tr>\n<th>\t\t\t\t\t\t\tSv\u011btlost \t\t\t\t\t\t<\/th>\n<td>\t\t\t\t\t\t\t\t\t\u2013\t\t\t\t\t\t<\/td>\n<\/tr>\n<tr>\n<th>\t\t\t\t\t\t\tHloubka \t\t\t\t\t\t<\/th>\n<td>\t\t\t\t\t\t\t\t\t\u2013\t\t\t\t\t\t<\/td>\n<\/tr>\n<tr class=\"parameters-switch-tr\">\n<td colspan=\"2\" class=\"parameters-switch\">\n<h4>Parametry<\/h4>\n<\/td>\n<\/tr>\n<tr>\n<th>\t\t\t\t\t\t\tBarva \t\t\t\t\t\t<\/th>\n<td>\t\t\t\t\t\t\t\t\t\u010derven\u00e1, hn\u011bd\u00e1, antracit\t\t\t\t\t\t<\/td>\n<\/tr>\n<tr>\n<th>\t\t\t\t\t\t\tModel \t\t\t\t\t\t<\/th>\n<td>\t\t\t\t\t\t\t\t\tErgoroof\t\t\t\t\t\t<\/td>\n<\/tr>\n<tr>\n<th>\t\t\t\t\t\t\tV\u00fdrobce \t\t\t\t\t\t<\/th>\n<td>\t\t\t\t\t\t\t\t\tScobax\t\t\t\t\t\t<\/td>\n<\/tr>\n<tr>\n<th>\t\t\t\t\t\t\tUr\u010den\u00ed \t\t\t\t\t\t<\/th>\n<td>\t\t\t\t\t\t\t\t\tst\u0159echa\t\t\t\t\t\t<\/td>\n<\/tr>\n<tr class=\"parameters-switch-tr\">\n<td colspan=\"2\" class=\"parameters-switch\">\n<h4>V\u00fdbava<\/h4>\n<\/td>\n<\/tr>\n<tr>\n<th>\t\t\t\t\t\t\tP\u0159\u00edruba \t\t\t\t\t\t<\/th>\n<td>\t\t\t\t\t\t\t\t\tne\t\t\t\t\t\t<\/td>\n<\/tr>\n<tr>\n<th>\t\t\t\t\t\t\tRegulace vzduchu \t\t\t\t\t\t<\/th>\n<td>\t\t\t\t\t\t\t\t\tne\t\t\t\t\t\t<\/td>\n<\/tr>\n<tr>\n<th>\t\t\t\t\t\t\tS\u00ed\u0165 na hmyz \t\t\t\t\t\t<\/th>\n<td>\t\t\t\t\t\t\t\t\tne\t\t\t\t\t\t<\/td>\n<\/tr>\n<tr>\n<th>\t\t\t\t\t\t\tKotv\u00edc\u00ed materi\u00e1l \t\t\t\t\t\t<\/th>\n<td>\t\t\t\t\t\t\t\t\tne\t\t\t\t\t\t<\/td>\n<\/tr>\n<tr class=\"parameters-switch-tr\">\n<td colspan=\"2\" class=\"parameters-switch\">\n<h4>Parametry<\/h4>\n<\/td>\n<\/tr>\n<tr>\n<th>Z\u00e1ruka<\/th>\n<td>24 m\u011bs\u00edc\u016f<\/td>\n<\/tr>\n<tr>\n<th>Zna\u010dka<\/th>\n<td>Scobax<\/td>\n<\/tr>\n<tr class=\"parameters-switch-tr-last\">\n<th colspan=\"2\"><\/th>\n<\/tr>\n<\/tbody>\n<thead>\n<tr>\n<th colspan=\"2\">Parametry produktu:<\/th>\n<\/tr>\n<\/thead>\n<\/table><\/div>\n<\/div><\/div>\n<div class=\"detail-description__top\">\t\t\t\t<\/div>\n<div class=\"detail-description__left\">\n<div class=\"detail-description__left__overflow\">\n<div class=\"detail-description__left__head\">\t\t\t\t\t\tPopis:\t\t\t\t\t<\/div>\n<div class=\"ul-style ul-style--check\">\n<p>V\u011btrac\u00ed st\u0159e\u0161n\u00ed m\u0159\u00ed\u017eka Ergoroof z elastick\u00e9ho plastu slou\u017e\u00ed pro <strong>vypl\u0148ov\u00e1n\u00ed prostoru mezi lat\u00ed a vyprofilov\u00e1n\u00edm st\u0159e\u0161n\u00ed krytiny<\/strong> pod posledn\u00ed \u0159adou ta\u0161ek, a br\u00e1n\u00ed t\u00edm vl\u00e9t\u00e1v\u00e1n\u00ed pt\u00e1k\u016f nebo hmyzu do podst\u0159e\u0161n\u00edho prostoru.<\/p>\n<ul class=\"plusminus\">\n<li><i class=\"fas fa-check\"><\/i><span>Elastick\u00fd PVC granul\u00e1t<\/span><\/li>\n<li><i class=\"fas fa-check\"><\/i><span>Neprask\u00e1 p\u0159i m\u00ednusov\u00fdch teplot\u00e1ch<\/span><\/li>\n<li><i class=\"fas fa-check\"><\/i><span>Br\u00e1n\u00ed vl\u00e9t\u00e1n\u00ed pt\u00e1k\u016f a hmyzu pod st\u0159echu<\/span><\/li>\n<\/ul>\n<p>M\u0159\u00ed\u017eka se vyu\u017e\u00edv\u00e1\u00a0pro vypln\u011bn\u00ed mezery spodn\u00edho d\u00edlu ta\u0161ek, <strong>ani\u017e by doch\u00e1zelo k jejich nadzved\u00e1v\u00e1n\u00ed.<\/strong> Zapl\u0148uje tak prostor st\u0159e\u0161n\u00edch krytin na sv\u00e9 vnit\u0159n\u00ed stran\u011b povrchu, kter\u00fd slou\u017e\u00ed k odv\u011btr\u00e1v\u00e1n\u00ed a zabra\u0148uje tak sr\u00e1\u017een\u00ed drobn\u00fdch kapi\u010dek, kter\u00e9 vznikaj\u00ed vlivem teplotn\u00edch zm\u011bn.<\/p>\n<p>V\u011btrac\u00ed m\u0159\u00ed\u017eka Ergo je vyrobena z kvalitn\u00edho PVC granul\u00e1tu, kter\u00fd <strong>neprask\u00e1 a nedoch\u00e1z\u00ed tak k odlamov\u00e1n\u00ed h\u0159eb\u00ednk\u016f<\/strong> a to ani p\u0159i m\u00ednusov\u00fdch teplot\u00e1ch.<\/p>\n<\/div>\n<div class=\"detail-description__left__more\">\t\t\t\t\t\t<span> <\/span><span> <\/span>\t\t\t\t\t<\/div>\n<\/p><\/div>\n<\/p><\/div>\n<div class=\"detail-description__more\"><span> <\/span><span> <\/span><\/div>\n<\/p><\/div>\n<\/p><\/div>\n","protected":false},"excerpt":{"rendered":"<p>Konstrukce Antikorozn\u00ed ochrana \u2013 Tvar hranat\u00fd Materi\u00e1l konstrukce PVC granul\u00e1t Typ h\u0159eben Sv\u011btlost \u2013 Hloubka \u2013 Parametry Barva \u010derven\u00e1, hn\u011bd\u00e1, antracit Model Ergoroof V\u00fdrobce Scobax Ur\u010den\u00ed st\u0159echa V\u00fdbava P\u0159\u00edruba ne Regulace vzduchu ne S\u00ed\u0165 na hmyz ne Kotv\u00edc\u00ed materi\u00e1l ne Parametry Z\u00e1ruka 24 m\u011bs\u00edc\u016f Zna\u010dka Scobax Parametry produktu: Popis: V\u011btrac\u00ed st\u0159e\u0161n\u00ed m\u0159\u00ed\u017eka Ergoroof z elastick\u00e9ho [&hellip;]<\/p>\n","protected":false},"featured_media":19834,"comment_status":"open","ping_status":"open","template":"","meta":[],"product_brand":[],"product_cat":[88],"product_tag":[],"class_list":{"0":"post-19734","1":"product","2":"type-product","3":"status-publish","4":"has-post-thumbnail","6":"product_cat-stavba","8":"first","9":"instock","10":"sale","11":"shipping-taxable","12":"purchasable","13":"product-type-simple"},"yoast_head":"<!-- This site is optimized with the Yoast SEO plugin v26.8 - https:\/\/yoast.com\/product\/yoast-seo-wordpress\/ -->\n<title>Scobax V\u011btrac\u00ed m\u0159\u00ed\u017eka Ergoroof 1000 mm x 55 mm \u010derven\u00e1 Zna\u010dkov\u00fd -<\/title>\n<meta name=\"robots\" content=\"index, follow, max-snippet:-1, max-image-preview:large, max-video-preview:-1\" \/>\n<link rel=\"canonical\" href=\"https:\/\/www.stavexpro.com\/index.php\/produkt\/scobax-vetraci-mrizka-ergoroof-1000-mm-x-55-mm-cervena-znackovy-19734\/\" \/>\n<meta property=\"og:locale\" content=\"cs_CZ\" \/>\n<meta property=\"og:type\" content=\"article\" \/>\n<meta property=\"og:title\" content=\"Scobax V\u011btrac\u00ed m\u0159\u00ed\u017eka Ergoroof 1000 mm x 55 mm \u010derven\u00e1 Zna\u010dkov\u00fd -\" \/>\n<meta property=\"og:description\" content=\"Konstrukce Antikorozn\u00ed ochrana \u2013 Tvar hranat\u00fd Materi\u00e1l konstrukce PVC granul\u00e1t Typ h\u0159eben Sv\u011btlost \u2013 Hloubka \u2013 Parametry Barva \u010derven\u00e1, hn\u011bd\u00e1, antracit Model Ergoroof V\u00fdrobce Scobax Ur\u010den\u00ed st\u0159echa V\u00fdbava P\u0159\u00edruba ne Regulace vzduchu ne S\u00ed\u0165 na hmyz ne Kotv\u00edc\u00ed materi\u00e1l ne Parametry Z\u00e1ruka 24 m\u011bs\u00edc\u016f Zna\u010dka Scobax Parametry produktu: Popis: V\u011btrac\u00ed st\u0159e\u0161n\u00ed m\u0159\u00ed\u017eka Ergoroof z elastick\u00e9ho [&hellip;]\" \/>\n<meta property=\"og:url\" content=\"https:\/\/www.stavexpro.com\/index.php\/produkt\/scobax-vetraci-mrizka-ergoroof-1000-mm-x-55-mm-cervena-znackovy-19734\/\" \/>\n<meta property=\"og:image\" content=\"https:\/\/www.stavexpro.com\/wp-content\/uploads\/2026\/SK0000020-CZ20260425-091936-0-1777079982-scobax-vetraci-mrizka-ergoroof-1000-mm-x-55-mm-antracit-w12.webp\" \/>\n\t<meta property=\"og:image:width\" content=\"1000\" \/>\n\t<meta property=\"og:image:height\" content=\"523\" \/>\n\t<meta property=\"og:image:type\" content=\"image\/webp\" \/>\n<meta name=\"twitter:card\" content=\"summary_large_image\" \/>\n<meta name=\"twitter:label1\" content=\"Odhadovan\u00e1 doba \u010dten\u00ed\" \/>\n\t<meta name=\"twitter:data1\" content=\"1 minuta\" \/>\n<script type=\"application\/ld+json\" class=\"yoast-schema-graph\">{\"@context\":\"https:\/\/schema.org\",\"@graph\":[{\"@type\":\"WebPage\",\"@id\":\"https:\/\/www.stavexpro.com\/index.php\/produkt\/scobax-vetraci-mrizka-ergoroof-1000-mm-x-55-mm-cervena-znackovy-19734\/\",\"url\":\"https:\/\/www.stavexpro.com\/index.php\/produkt\/scobax-vetraci-mrizka-ergoroof-1000-mm-x-55-mm-cervena-znackovy-19734\/\",\"name\":\"Scobax V\u011btrac\u00ed m\u0159\u00ed\u017eka Ergoroof 1000 mm x 55 mm \u010derven\u00e1 Zna\u010dkov\u00fd -\",\"isPartOf\":{\"@id\":\"https:\/\/www.stavexpro.com\/#website\"},\"primaryImageOfPage\":{\"@id\":\"https:\/\/www.stavexpro.com\/index.php\/produkt\/scobax-vetraci-mrizka-ergoroof-1000-mm-x-55-mm-cervena-znackovy-19734\/#primaryimage\"},\"image\":{\"@id\":\"https:\/\/www.stavexpro.com\/index.php\/produkt\/scobax-vetraci-mrizka-ergoroof-1000-mm-x-55-mm-cervena-znackovy-19734\/#primaryimage\"},\"thumbnailUrl\":\"https:\/\/www.stavexpro.com\/wp-content\/uploads\/2026\/SK0000020-CZ20260425-091936-0-1777079982-scobax-vetraci-mrizka-ergoroof-1000-mm-x-55-mm-antracit-w12.webp\",\"datePublished\":\"2026-04-26T08:54:35+00:00\",\"breadcrumb\":{\"@id\":\"https:\/\/www.stavexpro.com\/index.php\/produkt\/scobax-vetraci-mrizka-ergoroof-1000-mm-x-55-mm-cervena-znackovy-19734\/#breadcrumb\"},\"inLanguage\":\"cs\",\"potentialAction\":[{\"@type\":\"ReadAction\",\"target\":[\"https:\/\/www.stavexpro.com\/index.php\/produkt\/scobax-vetraci-mrizka-ergoroof-1000-mm-x-55-mm-cervena-znackovy-19734\/\"]}]},{\"@type\":\"ImageObject\",\"inLanguage\":\"cs\",\"@id\":\"https:\/\/www.stavexpro.com\/index.php\/produkt\/scobax-vetraci-mrizka-ergoroof-1000-mm-x-55-mm-cervena-znackovy-19734\/#primaryimage\",\"url\":\"https:\/\/www.stavexpro.com\/wp-content\/uploads\/2026\/SK0000020-CZ20260425-091936-0-1777079982-scobax-vetraci-mrizka-ergoroof-1000-mm-x-55-mm-antracit-w12.webp\",\"contentUrl\":\"https:\/\/www.stavexpro.com\/wp-content\/uploads\/2026\/SK0000020-CZ20260425-091936-0-1777079982-scobax-vetraci-mrizka-ergoroof-1000-mm-x-55-mm-antracit-w12.webp\",\"width\":1000,\"height\":523},{\"@type\":\"BreadcrumbList\",\"@id\":\"https:\/\/www.stavexpro.com\/index.php\/produkt\/scobax-vetraci-mrizka-ergoroof-1000-mm-x-55-mm-cervena-znackovy-19734\/#breadcrumb\",\"itemListElement\":[{\"@type\":\"ListItem\",\"position\":1,\"name\":\"Home\",\"item\":\"https:\/\/www.stavexpro.com\/\"},{\"@type\":\"ListItem\",\"position\":2,\"name\":\"Products\",\"item\":\"https:\/\/www.stavexpro.com\/index.php\/products\/\"},{\"@type\":\"ListItem\",\"position\":3,\"name\":\"Scobax V\u011btrac\u00ed m\u0159\u00ed\u017eka Ergoroof 1000 mm x 55 mm \u010derven\u00e1 Zna\u010dkov\u00fd\"}]},{\"@type\":\"WebSite\",\"@id\":\"https:\/\/www.stavexpro.com\/#website\",\"url\":\"https:\/\/www.stavexpro.com\/\",\"name\":\"\",\"description\":\"\",\"potentialAction\":[{\"@type\":\"SearchAction\",\"target\":{\"@type\":\"EntryPoint\",\"urlTemplate\":\"https:\/\/www.stavexpro.com\/?s={search_term_string}\"},\"query-input\":{\"@type\":\"PropertyValueSpecification\",\"valueRequired\":true,\"valueName\":\"search_term_string\"}}],\"inLanguage\":\"cs\"}]}<\/script>\n<!-- \/ Yoast SEO plugin. -->","yoast_head_json":{"title":"Scobax V\u011btrac\u00ed m\u0159\u00ed\u017eka Ergoroof 1000 mm x 55 mm \u010derven\u00e1 Zna\u010dkov\u00fd -","robots":{"index":"index","follow":"follow","max-snippet":"max-snippet:-1","max-image-preview":"max-image-preview:large","max-video-preview":"max-video-preview:-1"},"canonical":"https:\/\/www.stavexpro.com\/index.php\/produkt\/scobax-vetraci-mrizka-ergoroof-1000-mm-x-55-mm-cervena-znackovy-19734\/","og_locale":"cs_CZ","og_type":"article","og_title":"Scobax V\u011btrac\u00ed m\u0159\u00ed\u017eka Ergoroof 1000 mm x 55 mm \u010derven\u00e1 Zna\u010dkov\u00fd -","og_description":"Konstrukce Antikorozn\u00ed ochrana \u2013 Tvar hranat\u00fd Materi\u00e1l konstrukce PVC granul\u00e1t Typ h\u0159eben Sv\u011btlost \u2013 Hloubka \u2013 Parametry Barva \u010derven\u00e1, hn\u011bd\u00e1, antracit Model Ergoroof V\u00fdrobce Scobax Ur\u010den\u00ed st\u0159echa V\u00fdbava P\u0159\u00edruba ne Regulace vzduchu ne S\u00ed\u0165 na hmyz ne Kotv\u00edc\u00ed materi\u00e1l ne Parametry Z\u00e1ruka 24 m\u011bs\u00edc\u016f Zna\u010dka Scobax Parametry produktu: Popis: V\u011btrac\u00ed st\u0159e\u0161n\u00ed m\u0159\u00ed\u017eka Ergoroof z elastick\u00e9ho [&hellip;]","og_url":"https:\/\/www.stavexpro.com\/index.php\/produkt\/scobax-vetraci-mrizka-ergoroof-1000-mm-x-55-mm-cervena-znackovy-19734\/","og_image":[{"width":1000,"height":523,"url":"https:\/\/www.stavexpro.com\/wp-content\/uploads\/2026\/SK0000020-CZ20260425-091936-0-1777079982-scobax-vetraci-mrizka-ergoroof-1000-mm-x-55-mm-antracit-w12.webp","type":"image\/webp"}],"twitter_card":"summary_large_image","twitter_misc":{"Odhadovan\u00e1 doba \u010dten\u00ed":"1 minuta"},"schema":{"@context":"https:\/\/schema.org","@graph":[{"@type":"WebPage","@id":"https:\/\/www.stavexpro.com\/index.php\/produkt\/scobax-vetraci-mrizka-ergoroof-1000-mm-x-55-mm-cervena-znackovy-19734\/","url":"https:\/\/www.stavexpro.com\/index.php\/produkt\/scobax-vetraci-mrizka-ergoroof-1000-mm-x-55-mm-cervena-znackovy-19734\/","name":"Scobax V\u011btrac\u00ed m\u0159\u00ed\u017eka Ergoroof 1000 mm x 55 mm \u010derven\u00e1 Zna\u010dkov\u00fd -","isPartOf":{"@id":"https:\/\/www.stavexpro.com\/#website"},"primaryImageOfPage":{"@id":"https:\/\/www.stavexpro.com\/index.php\/produkt\/scobax-vetraci-mrizka-ergoroof-1000-mm-x-55-mm-cervena-znackovy-19734\/#primaryimage"},"image":{"@id":"https:\/\/www.stavexpro.com\/index.php\/produkt\/scobax-vetraci-mrizka-ergoroof-1000-mm-x-55-mm-cervena-znackovy-19734\/#primaryimage"},"thumbnailUrl":"https:\/\/www.stavexpro.com\/wp-content\/uploads\/2026\/SK0000020-CZ20260425-091936-0-1777079982-scobax-vetraci-mrizka-ergoroof-1000-mm-x-55-mm-antracit-w12.webp","datePublished":"2026-04-26T08:54:35+00:00","breadcrumb":{"@id":"https:\/\/www.stavexpro.com\/index.php\/produkt\/scobax-vetraci-mrizka-ergoroof-1000-mm-x-55-mm-cervena-znackovy-19734\/#breadcrumb"},"inLanguage":"cs","potentialAction":[{"@type":"ReadAction","target":["https:\/\/www.stavexpro.com\/index.php\/produkt\/scobax-vetraci-mrizka-ergoroof-1000-mm-x-55-mm-cervena-znackovy-19734\/"]}]},{"@type":"ImageObject","inLanguage":"cs","@id":"https:\/\/www.stavexpro.com\/index.php\/produkt\/scobax-vetraci-mrizka-ergoroof-1000-mm-x-55-mm-cervena-znackovy-19734\/#primaryimage","url":"https:\/\/www.stavexpro.com\/wp-content\/uploads\/2026\/SK0000020-CZ20260425-091936-0-1777079982-scobax-vetraci-mrizka-ergoroof-1000-mm-x-55-mm-antracit-w12.webp","contentUrl":"https:\/\/www.stavexpro.com\/wp-content\/uploads\/2026\/SK0000020-CZ20260425-091936-0-1777079982-scobax-vetraci-mrizka-ergoroof-1000-mm-x-55-mm-antracit-w12.webp","width":1000,"height":523},{"@type":"BreadcrumbList","@id":"https:\/\/www.stavexpro.com\/index.php\/produkt\/scobax-vetraci-mrizka-ergoroof-1000-mm-x-55-mm-cervena-znackovy-19734\/#breadcrumb","itemListElement":[{"@type":"ListItem","position":1,"name":"Home","item":"https:\/\/www.stavexpro.com\/"},{"@type":"ListItem","position":2,"name":"Products","item":"https:\/\/www.stavexpro.com\/index.php\/products\/"},{"@type":"ListItem","position":3,"name":"Scobax V\u011btrac\u00ed m\u0159\u00ed\u017eka Ergoroof 1000 mm x 55 mm \u010derven\u00e1 Zna\u010dkov\u00fd"}]},{"@type":"WebSite","@id":"https:\/\/www.stavexpro.com\/#website","url":"https:\/\/www.stavexpro.com\/","name":"","description":"","potentialAction":[{"@type":"SearchAction","target":{"@type":"EntryPoint","urlTemplate":"https:\/\/www.stavexpro.com\/?s={search_term_string}"},"query-input":{"@type":"PropertyValueSpecification","valueRequired":true,"valueName":"search_term_string"}}],"inLanguage":"cs"}]}},"_links":{"self":[{"href":"https:\/\/www.stavexpro.com\/wp-json\/wp\/v2\/product\/19734","targetHints":{"allow":["GET"]}}],"collection":[{"href":"https:\/\/www.stavexpro.com\/wp-json\/wp\/v2\/product"}],"about":[{"href":"https:\/\/www.stavexpro.com\/wp-json\/wp\/v2\/types\/product"}],"replies":[{"embeddable":true,"href":"https:\/\/www.stavexpro.com\/wp-json\/wp\/v2\/comments?post=19734"}],"wp:featuredmedia":[{"embeddable":true,"href":"https:\/\/www.stavexpro.com\/wp-json\/wp\/v2\/media\/19834"}],"wp:attachment":[{"href":"https:\/\/www.stavexpro.com\/wp-json\/wp\/v2\/media?parent=19734"}],"wp:term":[{"taxonomy":"product_brand","embeddable":true,"href":"https:\/\/www.stavexpro.com\/wp-json\/wp\/v2\/product_brand?post=19734"},{"taxonomy":"product_cat","embeddable":true,"href":"https:\/\/www.stavexpro.com\/wp-json\/wp\/v2\/product_cat?post=19734"},{"taxonomy":"product_tag","embeddable":true,"href":"https:\/\/www.stavexpro.com\/wp-json\/wp\/v2\/product_tag?post=19734"}],"curies":[{"name":"wp","href":"https:\/\/api.w.org\/{rel}","templated":true}]}}