{"id":19736,"date":"2026-04-26T08:54:35","date_gmt":"2026-04-26T08:54:35","guid":{"rendered":""},"modified":"2026-04-26T08:54:35","modified_gmt":"2026-04-26T08:54:35","slug":"scobax-tesneni-cihlove-cervena-100-x-6-cm-kup-ted-19736","status":"publish","type":"product","link":"https:\/\/www.stavexpro.com\/produkt\/scobax-tesneni-cihlove-cervena-100-x-6-cm-kup-ted-19736\/","title":{"rendered":"Scobax t\u011bsn\u011bn\u00ed cihlov\u011b \u010derven\u00e1 100 x 6 cm Kup Te\u010f"},"content":{"rendered":"<div class=\"detail-description__right\">\t\t\t\t<\/div>\n<div class=\"detail-description__top\">\t\t\t\t<\/div>\n<div class=\"detail-description__left\">\n<div class=\"detail-description__left__overflow\">\n<div class=\"detail-description__left__head\">\t\t\t\t\t\tPopis:\t\t\t\t\t<\/div>\n<div class=\"ul-style ul-style--check\">\n<div id=\"fbox_1\" class=\"folder_box\">\n<div class=\"subheader large\">\u00a0<\/div>\n<div class=\"wysiwyg\">Samolep\u00edc\u00ed kl\u00ednov\u00e9 t\u011bsn\u011bn\u00ed slou\u017e\u00ed k vypln\u011bn\u00ed mezer v \u00fa\u017elab\u00ed a n\u00e1ro\u017e\u00ed v m\u00edst\u011b, kde nen\u00ed mo\u017eno pou\u017e\u00edt vlnovou v\u00fdpl\u0148. Materi\u00e1l je pr\u016fvzdu\u0161n\u00fd, prostupn\u00fd pro vodn\u00ed p\u00e1ru. Vyrobeno z p\u011bny s otev\u0159en\u00fdmi p\u00f3ry na b\u00e1zi polyuretanu, odoln\u00e9 proti hydrol\u00fdze.<\/div>\n<\/div>\n<\/div>\n<div class=\"detail-description__left__more\">\t\t\t\t\t\t<span> <\/span><span> <\/span>\t\t\t\t\t<\/div>\n<\/p><\/div>\n<\/p><\/div>\n<div class=\"detail-description__more\"><span> <\/span><span> <\/span><\/div>\n<\/p><\/div>\n<\/p><\/div>\n","protected":false},"excerpt":{"rendered":"<p>Popis: \u00a0 Samolep\u00edc\u00ed kl\u00ednov\u00e9 t\u011bsn\u011bn\u00ed slou\u017e\u00ed k vypln\u011bn\u00ed mezer v \u00fa\u017elab\u00ed a n\u00e1ro\u017e\u00ed v m\u00edst\u011b, kde nen\u00ed mo\u017eno pou\u017e\u00edt vlnovou v\u00fdpl\u0148. Materi\u00e1l je pr\u016fvzdu\u0161n\u00fd, prostupn\u00fd pro vodn\u00ed p\u00e1ru. Vyrobeno z p\u011bny s otev\u0159en\u00fdmi p\u00f3ry na b\u00e1zi polyuretanu, odoln\u00e9 proti hydrol\u00fdze.<\/p>\n","protected":false},"featured_media":19836,"comment_status":"open","ping_status":"open","template":"","meta":[],"product_brand":[],"product_cat":[88],"product_tag":[],"class_list":{"0":"post-19736","1":"product","2":"type-product","3":"status-publish","4":"has-post-thumbnail","6":"product_cat-stavba","8":"first","9":"instock","10":"sale","11":"shipping-taxable","12":"purchasable","13":"product-type-simple"},"yoast_head":"<!-- This site is optimized with the Yoast SEO plugin v26.8 - https:\/\/yoast.com\/product\/yoast-seo-wordpress\/ -->\n<title>Scobax t\u011bsn\u011bn\u00ed cihlov\u011b \u010derven\u00e1 100 x 6 cm Kup Te\u010f -<\/title>\n<meta name=\"robots\" content=\"index, follow, max-snippet:-1, max-image-preview:large, max-video-preview:-1\" \/>\n<link rel=\"canonical\" href=\"https:\/\/www.stavexpro.com\/index.php\/produkt\/scobax-tesneni-cihlove-cervena-100-x-6-cm-kup-ted-19736\/\" \/>\n<meta property=\"og:locale\" content=\"cs_CZ\" \/>\n<meta property=\"og:type\" content=\"article\" \/>\n<meta property=\"og:title\" content=\"Scobax t\u011bsn\u011bn\u00ed cihlov\u011b \u010derven\u00e1 100 x 6 cm Kup Te\u010f -\" \/>\n<meta property=\"og:description\" content=\"Popis: \u00a0 Samolep\u00edc\u00ed kl\u00ednov\u00e9 t\u011bsn\u011bn\u00ed slou\u017e\u00ed k vypln\u011bn\u00ed mezer v \u00fa\u017elab\u00ed a n\u00e1ro\u017e\u00ed v m\u00edst\u011b, kde nen\u00ed mo\u017eno pou\u017e\u00edt vlnovou v\u00fdpl\u0148. Materi\u00e1l je pr\u016fvzdu\u0161n\u00fd, prostupn\u00fd pro vodn\u00ed p\u00e1ru. Vyrobeno z p\u011bny s otev\u0159en\u00fdmi p\u00f3ry na b\u00e1zi polyuretanu, odoln\u00e9 proti hydrol\u00fdze.\" \/>\n<meta property=\"og:url\" content=\"https:\/\/www.stavexpro.com\/index.php\/produkt\/scobax-tesneni-cihlove-cervena-100-x-6-cm-kup-ted-19736\/\" \/>\n<meta property=\"og:image\" content=\"https:\/\/www.stavexpro.com\/wp-content\/uploads\/2026\/SK0000022-CZ20260425-091936-0-1777079982-samolepici-klinove-scobax-tesneni-cihlove-cervena-100-x-6-c.webp\" \/>\n\t<meta property=\"og:image:width\" content=\"1000\" \/>\n\t<meta property=\"og:image:height\" content=\"523\" \/>\n\t<meta property=\"og:image:type\" content=\"image\/webp\" \/>\n<meta name=\"twitter:card\" content=\"summary_large_image\" \/>\n<script type=\"application\/ld+json\" class=\"yoast-schema-graph\">{\"@context\":\"https:\/\/schema.org\",\"@graph\":[{\"@type\":\"WebPage\",\"@id\":\"https:\/\/www.stavexpro.com\/index.php\/produkt\/scobax-tesneni-cihlove-cervena-100-x-6-cm-kup-ted-19736\/\",\"url\":\"https:\/\/www.stavexpro.com\/index.php\/produkt\/scobax-tesneni-cihlove-cervena-100-x-6-cm-kup-ted-19736\/\",\"name\":\"Scobax t\u011bsn\u011bn\u00ed cihlov\u011b \u010derven\u00e1 100 x 6 cm Kup Te\u010f -\",\"isPartOf\":{\"@id\":\"https:\/\/www.stavexpro.com\/#website\"},\"primaryImageOfPage\":{\"@id\":\"https:\/\/www.stavexpro.com\/index.php\/produkt\/scobax-tesneni-cihlove-cervena-100-x-6-cm-kup-ted-19736\/#primaryimage\"},\"image\":{\"@id\":\"https:\/\/www.stavexpro.com\/index.php\/produkt\/scobax-tesneni-cihlove-cervena-100-x-6-cm-kup-ted-19736\/#primaryimage\"},\"thumbnailUrl\":\"https:\/\/www.stavexpro.com\/wp-content\/uploads\/2026\/SK0000022-CZ20260425-091936-0-1777079982-samolepici-klinove-scobax-tesneni-cihlove-cervena-100-x-6-c.webp\",\"datePublished\":\"2026-04-26T08:54:35+00:00\",\"breadcrumb\":{\"@id\":\"https:\/\/www.stavexpro.com\/index.php\/produkt\/scobax-tesneni-cihlove-cervena-100-x-6-cm-kup-ted-19736\/#breadcrumb\"},\"inLanguage\":\"cs\",\"potentialAction\":[{\"@type\":\"ReadAction\",\"target\":[\"https:\/\/www.stavexpro.com\/index.php\/produkt\/scobax-tesneni-cihlove-cervena-100-x-6-cm-kup-ted-19736\/\"]}]},{\"@type\":\"ImageObject\",\"inLanguage\":\"cs\",\"@id\":\"https:\/\/www.stavexpro.com\/index.php\/produkt\/scobax-tesneni-cihlove-cervena-100-x-6-cm-kup-ted-19736\/#primaryimage\",\"url\":\"https:\/\/www.stavexpro.com\/wp-content\/uploads\/2026\/SK0000022-CZ20260425-091936-0-1777079982-samolepici-klinove-scobax-tesneni-cihlove-cervena-100-x-6-c.webp\",\"contentUrl\":\"https:\/\/www.stavexpro.com\/wp-content\/uploads\/2026\/SK0000022-CZ20260425-091936-0-1777079982-samolepici-klinove-scobax-tesneni-cihlove-cervena-100-x-6-c.webp\",\"width\":1000,\"height\":523},{\"@type\":\"BreadcrumbList\",\"@id\":\"https:\/\/www.stavexpro.com\/index.php\/produkt\/scobax-tesneni-cihlove-cervena-100-x-6-cm-kup-ted-19736\/#breadcrumb\",\"itemListElement\":[{\"@type\":\"ListItem\",\"position\":1,\"name\":\"Home\",\"item\":\"https:\/\/www.stavexpro.com\/\"},{\"@type\":\"ListItem\",\"position\":2,\"name\":\"Products\",\"item\":\"https:\/\/www.stavexpro.com\/index.php\/products\/\"},{\"@type\":\"ListItem\",\"position\":3,\"name\":\"Scobax t\u011bsn\u011bn\u00ed cihlov\u011b \u010derven\u00e1 100 x 6 cm Kup Te\u010f\"}]},{\"@type\":\"WebSite\",\"@id\":\"https:\/\/www.stavexpro.com\/#website\",\"url\":\"https:\/\/www.stavexpro.com\/\",\"name\":\"\",\"description\":\"\",\"potentialAction\":[{\"@type\":\"SearchAction\",\"target\":{\"@type\":\"EntryPoint\",\"urlTemplate\":\"https:\/\/www.stavexpro.com\/?s={search_term_string}\"},\"query-input\":{\"@type\":\"PropertyValueSpecification\",\"valueRequired\":true,\"valueName\":\"search_term_string\"}}],\"inLanguage\":\"cs\"}]}<\/script>\n<!-- \/ Yoast SEO plugin. -->","yoast_head_json":{"title":"Scobax t\u011bsn\u011bn\u00ed cihlov\u011b \u010derven\u00e1 100 x 6 cm Kup Te\u010f -","robots":{"index":"index","follow":"follow","max-snippet":"max-snippet:-1","max-image-preview":"max-image-preview:large","max-video-preview":"max-video-preview:-1"},"canonical":"https:\/\/www.stavexpro.com\/index.php\/produkt\/scobax-tesneni-cihlove-cervena-100-x-6-cm-kup-ted-19736\/","og_locale":"cs_CZ","og_type":"article","og_title":"Scobax t\u011bsn\u011bn\u00ed cihlov\u011b \u010derven\u00e1 100 x 6 cm Kup Te\u010f -","og_description":"Popis: \u00a0 Samolep\u00edc\u00ed kl\u00ednov\u00e9 t\u011bsn\u011bn\u00ed slou\u017e\u00ed k vypln\u011bn\u00ed mezer v \u00fa\u017elab\u00ed a n\u00e1ro\u017e\u00ed v m\u00edst\u011b, kde nen\u00ed mo\u017eno pou\u017e\u00edt vlnovou v\u00fdpl\u0148. Materi\u00e1l je pr\u016fvzdu\u0161n\u00fd, prostupn\u00fd pro vodn\u00ed p\u00e1ru. Vyrobeno z p\u011bny s otev\u0159en\u00fdmi p\u00f3ry na b\u00e1zi polyuretanu, odoln\u00e9 proti hydrol\u00fdze.","og_url":"https:\/\/www.stavexpro.com\/index.php\/produkt\/scobax-tesneni-cihlove-cervena-100-x-6-cm-kup-ted-19736\/","og_image":[{"width":1000,"height":523,"url":"https:\/\/www.stavexpro.com\/wp-content\/uploads\/2026\/SK0000022-CZ20260425-091936-0-1777079982-samolepici-klinove-scobax-tesneni-cihlove-cervena-100-x-6-c.webp","type":"image\/webp"}],"twitter_card":"summary_large_image","schema":{"@context":"https:\/\/schema.org","@graph":[{"@type":"WebPage","@id":"https:\/\/www.stavexpro.com\/index.php\/produkt\/scobax-tesneni-cihlove-cervena-100-x-6-cm-kup-ted-19736\/","url":"https:\/\/www.stavexpro.com\/index.php\/produkt\/scobax-tesneni-cihlove-cervena-100-x-6-cm-kup-ted-19736\/","name":"Scobax t\u011bsn\u011bn\u00ed cihlov\u011b \u010derven\u00e1 100 x 6 cm Kup Te\u010f -","isPartOf":{"@id":"https:\/\/www.stavexpro.com\/#website"},"primaryImageOfPage":{"@id":"https:\/\/www.stavexpro.com\/index.php\/produkt\/scobax-tesneni-cihlove-cervena-100-x-6-cm-kup-ted-19736\/#primaryimage"},"image":{"@id":"https:\/\/www.stavexpro.com\/index.php\/produkt\/scobax-tesneni-cihlove-cervena-100-x-6-cm-kup-ted-19736\/#primaryimage"},"thumbnailUrl":"https:\/\/www.stavexpro.com\/wp-content\/uploads\/2026\/SK0000022-CZ20260425-091936-0-1777079982-samolepici-klinove-scobax-tesneni-cihlove-cervena-100-x-6-c.webp","datePublished":"2026-04-26T08:54:35+00:00","breadcrumb":{"@id":"https:\/\/www.stavexpro.com\/index.php\/produkt\/scobax-tesneni-cihlove-cervena-100-x-6-cm-kup-ted-19736\/#breadcrumb"},"inLanguage":"cs","potentialAction":[{"@type":"ReadAction","target":["https:\/\/www.stavexpro.com\/index.php\/produkt\/scobax-tesneni-cihlove-cervena-100-x-6-cm-kup-ted-19736\/"]}]},{"@type":"ImageObject","inLanguage":"cs","@id":"https:\/\/www.stavexpro.com\/index.php\/produkt\/scobax-tesneni-cihlove-cervena-100-x-6-cm-kup-ted-19736\/#primaryimage","url":"https:\/\/www.stavexpro.com\/wp-content\/uploads\/2026\/SK0000022-CZ20260425-091936-0-1777079982-samolepici-klinove-scobax-tesneni-cihlove-cervena-100-x-6-c.webp","contentUrl":"https:\/\/www.stavexpro.com\/wp-content\/uploads\/2026\/SK0000022-CZ20260425-091936-0-1777079982-samolepici-klinove-scobax-tesneni-cihlove-cervena-100-x-6-c.webp","width":1000,"height":523},{"@type":"BreadcrumbList","@id":"https:\/\/www.stavexpro.com\/index.php\/produkt\/scobax-tesneni-cihlove-cervena-100-x-6-cm-kup-ted-19736\/#breadcrumb","itemListElement":[{"@type":"ListItem","position":1,"name":"Home","item":"https:\/\/www.stavexpro.com\/"},{"@type":"ListItem","position":2,"name":"Products","item":"https:\/\/www.stavexpro.com\/index.php\/products\/"},{"@type":"ListItem","position":3,"name":"Scobax t\u011bsn\u011bn\u00ed cihlov\u011b \u010derven\u00e1 100 x 6 cm Kup Te\u010f"}]},{"@type":"WebSite","@id":"https:\/\/www.stavexpro.com\/#website","url":"https:\/\/www.stavexpro.com\/","name":"","description":"","potentialAction":[{"@type":"SearchAction","target":{"@type":"EntryPoint","urlTemplate":"https:\/\/www.stavexpro.com\/?s={search_term_string}"},"query-input":{"@type":"PropertyValueSpecification","valueRequired":true,"valueName":"search_term_string"}}],"inLanguage":"cs"}]}},"_links":{"self":[{"href":"https:\/\/www.stavexpro.com\/wp-json\/wp\/v2\/product\/19736","targetHints":{"allow":["GET"]}}],"collection":[{"href":"https:\/\/www.stavexpro.com\/wp-json\/wp\/v2\/product"}],"about":[{"href":"https:\/\/www.stavexpro.com\/wp-json\/wp\/v2\/types\/product"}],"replies":[{"embeddable":true,"href":"https:\/\/www.stavexpro.com\/wp-json\/wp\/v2\/comments?post=19736"}],"wp:featuredmedia":[{"embeddable":true,"href":"https:\/\/www.stavexpro.com\/wp-json\/wp\/v2\/media\/19836"}],"wp:attachment":[{"href":"https:\/\/www.stavexpro.com\/wp-json\/wp\/v2\/media?parent=19736"}],"wp:term":[{"taxonomy":"product_brand","embeddable":true,"href":"https:\/\/www.stavexpro.com\/wp-json\/wp\/v2\/product_brand?post=19736"},{"taxonomy":"product_cat","embeddable":true,"href":"https:\/\/www.stavexpro.com\/wp-json\/wp\/v2\/product_cat?post=19736"},{"taxonomy":"product_tag","embeddable":true,"href":"https:\/\/www.stavexpro.com\/wp-json\/wp\/v2\/product_tag?post=19736"}],"curies":[{"name":"wp","href":"https:\/\/api.w.org\/{rel}","templated":true}]}}