{"id":22744,"date":"2026-04-26T08:55:10","date_gmt":"2026-04-26T08:55:10","guid":{"rendered":""},"modified":"2026-04-26T08:55:10","modified_gmt":"2026-04-26T08:55:10","slug":"157x290-mm-ocelovy-rost-zlevneny-22744","status":"publish","type":"product","link":"https:\/\/www.stavexpro.com\/index.php\/produkt\/157x290-mm-ocelovy-rost-zlevneny-22744\/","title":{"rendered":"157&#215;290 mm ocelov\u00fd ro\u0161t Zlevn\u011bn\u00fd"},"content":{"rendered":"\n<div class=\"row\">\n<div class=\"col-lg-13\">\n<div class=\"x b bg-white card description-tabs\">\n<div class=\"card-header p-0 border-0\">\n<ul id=\"tabs-pdd\" class=\"nav navtabs text-center-var card-headertabs \" role=\"tablist\">\n<li class=\"nav-item\">Popis<\/li>\n<\/ul><\/div>\n<div class=\"card-body p-0 widget widget-container mx-0 tab-content\">            \t\t\t\t\t<!-- Tabs - Long description -->            \t\t\t\t\t<\/p>\n<div id=\"description\" class=\"tab-pane fade active show\" role=\"tabpanel\" aria-labelledby=\"description-tab\" itemprop=\"description\">\n<div class=\"text-left text\">            \t\t\t\t\t\t\t<span class=\"text-start\"><\/span>            \t\t\t\t\t\t\t155&#215;290 mm ocelov\u00fd ro\u0161t            \t\t\t\t\t\t<\/div>\n<\/p><\/div>\n<p>            \t\t\t\t<!-- Custom field product_tab1 -->            \t\t\t\t<!-- Custom field product_tab2 -->            \t\t\t\t            \t\t\t\t            \t\t\t<\/div>\n<\/p><\/div>\n<\/p><\/div>\n<div class=\" x b bg-default col-lg-9 offset-lg-2 pd-parameters text-left\">\n<div class=\"h4 pb-2 m-0\">Parametry<\/div>\n<p>\t<!-- Parameters -->\t\t<\/p>\n<table class=\"table table-condensed table-head-n table-th-fix  ml-0\">\n<tbody>\n<tr>\n<th class=\"pl-0 pt-0\"><span>Materi\u00e1l<\/span><\/th>\n<td class=\" pt-0 pr-0\">\t\t\t\t\t\t\tOcel\t\t\t\t\t\t<\/td>\n<\/tr>\n<tr>\n<th class=\"pl-0\"><span>Pr\u016fm\u011br<\/span><\/th>\n<td class=\" pr-0\">\t\t\t\t\t\t\t241 mm\t\t\t\t\t\t<\/td>\n<\/tr>\n<tr>\n<th class=\"pl-0\"><span>Rozm\u011br<\/span><\/th>\n<td class=\" pr-0\">\t\t\t\t\t\t\t157&#215;290 mm\t\t\t\t\t\t<\/td>\n<\/tr>\n<tr>\n<th class=\"pl-0\"><span>S\u00edla materi\u00e1lu<\/span><\/th>\n<td class=\" pr-0\">\t\t\t\t\t\t\t8 mm\t\t\t\t\t\t<\/td>\n<\/tr>\n<tr>\n<th class=\"pl-0\"><span>Hmotnost<\/span><\/th>\n<td class=\" pr-0\">\t\t\t\t\t\t\t6 kg\t\t\t\t\t\t<\/td>\n<\/tr>\n<tr>\n<th class=\"pl-0 pb-0\"><span>Rozm\u011br v palc\u00edch<\/span><\/th>\n<td class=\" pb-0 pr-0\">\t\t\t\t\t\t\t9,48\t\t\t\t\t\t<\/td>\n<\/tr>\n<\/tbody>\n<\/table>\n<div class=\"pb-3\"><\/div>\n<\/p><\/div>\n<\/p><\/div>\n<\/p><\/div>\n<p>\t <!-- Accessories 2 -->\t<\/article>\n<p>\t\t\t<!-- DEFAULT \/ COLUMN LEFT LAYOUT -->\t\t\t\t\t\t\t\t\t\t\t\t<!-- COLUMN RIGHT LAYOUT -->\t\t\t<\/p>\n<div class=\"container pb-0\">\n<div class=\"d-flex flex-column flex-xl-row layout-row cols\"><\/div>\n<\/div>\n<p>\t\t<\/main>\t\t<!-- FOOTER BLOCK -->\t\t\t    \t<\/p>\n<section class=\"bg bg-white last-visited\">\n<div class=\"container\">\n<h2><\/h2>\n","protected":false},"excerpt":{"rendered":"<p>Popis 155&#215;290 mm ocelov\u00fd ro\u0161t Parametry Materi\u00e1l Ocel Pr\u016fm\u011br 241 mm Rozm\u011br 157&#215;290 mm S\u00edla materi\u00e1lu 8 mm Hmotnost 6 kg Rozm\u011br v palc\u00edch 9,48<\/p>\n","protected":false},"featured_media":22844,"comment_status":"open","ping_status":"open","template":"","meta":[],"product_brand":[],"product_cat":[32],"product_tag":[],"class_list":{"0":"post-22744","1":"product","2":"type-product","3":"status-publish","4":"has-post-thumbnail","6":"product_cat-prislusenstvi","8":"first","9":"instock","10":"sale","11":"shipping-taxable","12":"purchasable","13":"product-type-simple"},"yoast_head":"<!-- This site is optimized with the Yoast SEO plugin v26.8 - https:\/\/yoast.com\/product\/yoast-seo-wordpress\/ -->\n<title>157x290 mm ocelov\u00fd ro\u0161t Zlevn\u011bn\u00fd -<\/title>\n<meta name=\"robots\" content=\"index, follow, max-snippet:-1, max-image-preview:large, max-video-preview:-1\" \/>\n<link rel=\"canonical\" href=\"https:\/\/www.stavexpro.com\/index.php\/produkt\/157x290-mm-ocelovy-rost-zlevneny-22744\/\" \/>\n<meta property=\"og:locale\" content=\"cs_CZ\" \/>\n<meta property=\"og:type\" content=\"article\" \/>\n<meta property=\"og:title\" content=\"157x290 mm ocelov\u00fd ro\u0161t Zlevn\u011bn\u00fd -\" \/>\n<meta property=\"og:description\" content=\"Popis 155&#215;290 mm ocelov\u00fd ro\u0161t Parametry Materi\u00e1l Ocel Pr\u016fm\u011br 241 mm Rozm\u011br 157&#215;290 mm S\u00edla materi\u00e1lu 8 mm Hmotnost 6 kg Rozm\u011br v palc\u00edch 9,48\" \/>\n<meta property=\"og:url\" content=\"https:\/\/www.stavexpro.com\/index.php\/produkt\/157x290-mm-ocelovy-rost-zlevneny-22744\/\" \/>\n<meta property=\"og:image\" content=\"https:\/\/www.stavexpro.com\/wp-content\/uploads\/2026\/SK0000284-CZ20260425-092015-0-1777080015-3fde214beba5d78dfda8f1eb1055f647-b6735fe70394f6.webp\" \/>\n\t<meta property=\"og:image:width\" content=\"800\" \/>\n\t<meta property=\"og:image:height\" content=\"800\" \/>\n\t<meta property=\"og:image:type\" content=\"image\/webp\" \/>\n<meta name=\"twitter:card\" content=\"summary_large_image\" \/>\n<script type=\"application\/ld+json\" class=\"yoast-schema-graph\">{\"@context\":\"https:\/\/schema.org\",\"@graph\":[{\"@type\":\"WebPage\",\"@id\":\"https:\/\/www.stavexpro.com\/index.php\/produkt\/157x290-mm-ocelovy-rost-zlevneny-22744\/\",\"url\":\"https:\/\/www.stavexpro.com\/index.php\/produkt\/157x290-mm-ocelovy-rost-zlevneny-22744\/\",\"name\":\"157x290 mm ocelov\u00fd ro\u0161t Zlevn\u011bn\u00fd -\",\"isPartOf\":{\"@id\":\"https:\/\/www.stavexpro.com\/#website\"},\"primaryImageOfPage\":{\"@id\":\"https:\/\/www.stavexpro.com\/index.php\/produkt\/157x290-mm-ocelovy-rost-zlevneny-22744\/#primaryimage\"},\"image\":{\"@id\":\"https:\/\/www.stavexpro.com\/index.php\/produkt\/157x290-mm-ocelovy-rost-zlevneny-22744\/#primaryimage\"},\"thumbnailUrl\":\"https:\/\/www.stavexpro.com\/wp-content\/uploads\/2026\/SK0000284-CZ20260425-092015-0-1777080015-3fde214beba5d78dfda8f1eb1055f647-b6735fe70394f6.webp\",\"datePublished\":\"2026-04-26T08:55:10+00:00\",\"breadcrumb\":{\"@id\":\"https:\/\/www.stavexpro.com\/index.php\/produkt\/157x290-mm-ocelovy-rost-zlevneny-22744\/#breadcrumb\"},\"inLanguage\":\"cs\",\"potentialAction\":[{\"@type\":\"ReadAction\",\"target\":[\"https:\/\/www.stavexpro.com\/index.php\/produkt\/157x290-mm-ocelovy-rost-zlevneny-22744\/\"]}]},{\"@type\":\"ImageObject\",\"inLanguage\":\"cs\",\"@id\":\"https:\/\/www.stavexpro.com\/index.php\/produkt\/157x290-mm-ocelovy-rost-zlevneny-22744\/#primaryimage\",\"url\":\"https:\/\/www.stavexpro.com\/wp-content\/uploads\/2026\/SK0000284-CZ20260425-092015-0-1777080015-3fde214beba5d78dfda8f1eb1055f647-b6735fe70394f6.webp\",\"contentUrl\":\"https:\/\/www.stavexpro.com\/wp-content\/uploads\/2026\/SK0000284-CZ20260425-092015-0-1777080015-3fde214beba5d78dfda8f1eb1055f647-b6735fe70394f6.webp\",\"width\":800,\"height\":800},{\"@type\":\"BreadcrumbList\",\"@id\":\"https:\/\/www.stavexpro.com\/index.php\/produkt\/157x290-mm-ocelovy-rost-zlevneny-22744\/#breadcrumb\",\"itemListElement\":[{\"@type\":\"ListItem\",\"position\":1,\"name\":\"Home\",\"item\":\"https:\/\/www.stavexpro.com\/\"},{\"@type\":\"ListItem\",\"position\":2,\"name\":\"Products\",\"item\":\"https:\/\/www.stavexpro.com\/index.php\/products\/\"},{\"@type\":\"ListItem\",\"position\":3,\"name\":\"157&#215;290 mm ocelov\u00fd ro\u0161t Zlevn\u011bn\u00fd\"}]},{\"@type\":\"WebSite\",\"@id\":\"https:\/\/www.stavexpro.com\/#website\",\"url\":\"https:\/\/www.stavexpro.com\/\",\"name\":\"\",\"description\":\"\",\"potentialAction\":[{\"@type\":\"SearchAction\",\"target\":{\"@type\":\"EntryPoint\",\"urlTemplate\":\"https:\/\/www.stavexpro.com\/?s={search_term_string}\"},\"query-input\":{\"@type\":\"PropertyValueSpecification\",\"valueRequired\":true,\"valueName\":\"search_term_string\"}}],\"inLanguage\":\"cs\"}]}<\/script>\n<!-- \/ Yoast SEO plugin. -->","yoast_head_json":{"title":"157x290 mm ocelov\u00fd ro\u0161t Zlevn\u011bn\u00fd -","robots":{"index":"index","follow":"follow","max-snippet":"max-snippet:-1","max-image-preview":"max-image-preview:large","max-video-preview":"max-video-preview:-1"},"canonical":"https:\/\/www.stavexpro.com\/index.php\/produkt\/157x290-mm-ocelovy-rost-zlevneny-22744\/","og_locale":"cs_CZ","og_type":"article","og_title":"157x290 mm ocelov\u00fd ro\u0161t Zlevn\u011bn\u00fd -","og_description":"Popis 155&#215;290 mm ocelov\u00fd ro\u0161t Parametry Materi\u00e1l Ocel Pr\u016fm\u011br 241 mm Rozm\u011br 157&#215;290 mm S\u00edla materi\u00e1lu 8 mm Hmotnost 6 kg Rozm\u011br v palc\u00edch 9,48","og_url":"https:\/\/www.stavexpro.com\/index.php\/produkt\/157x290-mm-ocelovy-rost-zlevneny-22744\/","og_image":[{"width":800,"height":800,"url":"https:\/\/www.stavexpro.com\/wp-content\/uploads\/2026\/SK0000284-CZ20260425-092015-0-1777080015-3fde214beba5d78dfda8f1eb1055f647-b6735fe70394f6.webp","type":"image\/webp"}],"twitter_card":"summary_large_image","schema":{"@context":"https:\/\/schema.org","@graph":[{"@type":"WebPage","@id":"https:\/\/www.stavexpro.com\/index.php\/produkt\/157x290-mm-ocelovy-rost-zlevneny-22744\/","url":"https:\/\/www.stavexpro.com\/index.php\/produkt\/157x290-mm-ocelovy-rost-zlevneny-22744\/","name":"157x290 mm ocelov\u00fd ro\u0161t Zlevn\u011bn\u00fd -","isPartOf":{"@id":"https:\/\/www.stavexpro.com\/#website"},"primaryImageOfPage":{"@id":"https:\/\/www.stavexpro.com\/index.php\/produkt\/157x290-mm-ocelovy-rost-zlevneny-22744\/#primaryimage"},"image":{"@id":"https:\/\/www.stavexpro.com\/index.php\/produkt\/157x290-mm-ocelovy-rost-zlevneny-22744\/#primaryimage"},"thumbnailUrl":"https:\/\/www.stavexpro.com\/wp-content\/uploads\/2026\/SK0000284-CZ20260425-092015-0-1777080015-3fde214beba5d78dfda8f1eb1055f647-b6735fe70394f6.webp","datePublished":"2026-04-26T08:55:10+00:00","breadcrumb":{"@id":"https:\/\/www.stavexpro.com\/index.php\/produkt\/157x290-mm-ocelovy-rost-zlevneny-22744\/#breadcrumb"},"inLanguage":"cs","potentialAction":[{"@type":"ReadAction","target":["https:\/\/www.stavexpro.com\/index.php\/produkt\/157x290-mm-ocelovy-rost-zlevneny-22744\/"]}]},{"@type":"ImageObject","inLanguage":"cs","@id":"https:\/\/www.stavexpro.com\/index.php\/produkt\/157x290-mm-ocelovy-rost-zlevneny-22744\/#primaryimage","url":"https:\/\/www.stavexpro.com\/wp-content\/uploads\/2026\/SK0000284-CZ20260425-092015-0-1777080015-3fde214beba5d78dfda8f1eb1055f647-b6735fe70394f6.webp","contentUrl":"https:\/\/www.stavexpro.com\/wp-content\/uploads\/2026\/SK0000284-CZ20260425-092015-0-1777080015-3fde214beba5d78dfda8f1eb1055f647-b6735fe70394f6.webp","width":800,"height":800},{"@type":"BreadcrumbList","@id":"https:\/\/www.stavexpro.com\/index.php\/produkt\/157x290-mm-ocelovy-rost-zlevneny-22744\/#breadcrumb","itemListElement":[{"@type":"ListItem","position":1,"name":"Home","item":"https:\/\/www.stavexpro.com\/"},{"@type":"ListItem","position":2,"name":"Products","item":"https:\/\/www.stavexpro.com\/index.php\/products\/"},{"@type":"ListItem","position":3,"name":"157&#215;290 mm ocelov\u00fd ro\u0161t Zlevn\u011bn\u00fd"}]},{"@type":"WebSite","@id":"https:\/\/www.stavexpro.com\/#website","url":"https:\/\/www.stavexpro.com\/","name":"","description":"","potentialAction":[{"@type":"SearchAction","target":{"@type":"EntryPoint","urlTemplate":"https:\/\/www.stavexpro.com\/?s={search_term_string}"},"query-input":{"@type":"PropertyValueSpecification","valueRequired":true,"valueName":"search_term_string"}}],"inLanguage":"cs"}]}},"_links":{"self":[{"href":"https:\/\/www.stavexpro.com\/index.php\/wp-json\/wp\/v2\/product\/22744","targetHints":{"allow":["GET"]}}],"collection":[{"href":"https:\/\/www.stavexpro.com\/index.php\/wp-json\/wp\/v2\/product"}],"about":[{"href":"https:\/\/www.stavexpro.com\/index.php\/wp-json\/wp\/v2\/types\/product"}],"replies":[{"embeddable":true,"href":"https:\/\/www.stavexpro.com\/index.php\/wp-json\/wp\/v2\/comments?post=22744"}],"wp:featuredmedia":[{"embeddable":true,"href":"https:\/\/www.stavexpro.com\/index.php\/wp-json\/wp\/v2\/media\/22844"}],"wp:attachment":[{"href":"https:\/\/www.stavexpro.com\/index.php\/wp-json\/wp\/v2\/media?parent=22744"}],"wp:term":[{"taxonomy":"product_brand","embeddable":true,"href":"https:\/\/www.stavexpro.com\/index.php\/wp-json\/wp\/v2\/product_brand?post=22744"},{"taxonomy":"product_cat","embeddable":true,"href":"https:\/\/www.stavexpro.com\/index.php\/wp-json\/wp\/v2\/product_cat?post=22744"},{"taxonomy":"product_tag","embeddable":true,"href":"https:\/\/www.stavexpro.com\/index.php\/wp-json\/wp\/v2\/product_tag?post=22744"}],"curies":[{"name":"wp","href":"https:\/\/api.w.org\/{rel}","templated":true}]}}