{"id":27379,"date":"2026-04-26T08:56:03","date_gmt":"2026-04-26T08:56:03","guid":{"rendered":""},"modified":"2026-04-26T08:56:03","modified_gmt":"2026-04-26T08:56:03","slug":"znackovy-3m-kotouc-lestici-d150-fialovy-perfect-it-27379","status":"publish","type":"product","link":"https:\/\/www.stavexpro.com\/produkt\/znackovy-3m-kotouc-lestici-d150-fialovy-perfect-it-27379\/","title":{"rendered":"Zna\u010dkov\u00fd 3M kotou\u010d le\u0161t\u00edc\u00ed D150 fialov\u00fd Perfect-it"},"content":{"rendered":"\n<ul class=\"nav nav-tabs nav-append-content\">\n<li>Popis <i class=\"fa fa-angle-down pull-right\"><\/i><\/li>\n<li>Diskuse  <i class=\"fa fa-angle-down pull-right\"><\/i><\/li>\n<li>M\u00e1te dotaz? <i class=\"fa fa-angle-down pull-right\"><\/i><\/li>\n<\/ul>\n<div class=\"tab-content TabsContentDynamicHeight\">\n<div class=\"tab-pane section-widget-base content-p\" id=\"tab-description\"> <!-- Tab-content - Long description -->\t\t\t\t\t\t\t<\/p>\n<p><span>Ide\u00e1ln\u00ed pro pou\u017eit\u00ed s p\u0159\u00edpravky 3M\u2122 Perfect-It\u2122 3M Famous Finish nebo 3M\u2122 Perfect-It\u2122 1-Step Finish Pro optim\u00e1ln\u00ed v\u00fdkon pou\u017eijte ot\u00e1\u010dky 800 a\u017e 1 400 ot.\/min. Konvexn\u00ed povrch sni\u017euje tvorbu tepla. P\u011bnov\u00e1 struktura kotou\u010de br\u00e1n\u00ed navazov\u00e1n\u00ed, \u010d\u00edm\u017e zaji\u0161\u0165uje rychlej\u0161\u00ed a \u010dist\u011bj\u0161\u00ed le\u0161t\u011bn\u00ed K dispozici v konverz\u00edch Hookit\u2122 s pr\u016fm\u011brem 80 a 150 mm P\u011bnov\u00e9 kotou\u010de 3M\u2122 Perfect-It\u2122 pro povrchovou \u00fapravu v jednom kroku jsou na\u0161e nejv\u00fdkonn\u011bj\u0161\u00ed, fialov\u00e9 kotou\u010de na povrchovou \u00fapravu a jsou ide\u00e1ln\u00ed pro vyhlazov\u00e1n\u00ed brusn\u00fdch \u0161kr\u00e1banc\u016f po p\u0159\u00edpravku 3M\u2122 Trizact\u2122 Abrasive 8000. Nejlep\u0161\u00edch v\u00fdsledk\u016f dos\u00e1hnete v kombinaci s p\u0159\u00edpravky 3M\u2122 Perfect-It\u2122 Famous Finish nebo 3M\u2122 Perfect-It\u2122 1-Step Finish. P\u011bnov\u00e9 kotou\u010de 3M\u2122 Perfect-It\u2122 pro povrchovou \u00fapravu v jednom kroku v kombinaci s p\u0159\u00edpravky 3M\u2122 Perfect-It\u2122 Famous Finish nebo 3M\u2122 Perfect-It\u2122 1 Step Finish zaji\u0161\u0165uj\u00ed vysoce \u00fa\u010dinn\u00e9 a rychl\u00e9 le\u0161t\u011bn\u00ed. Po rychl\u00e9m odstran\u011bn\u00ed nedokonalost\u00ed n\u00e1t\u011bru pomoc\u00ed p\u0159\u00edpravku 3M\u2122 Trizact\u2122 8000 vyle\u0161t\u011bte plochu n\u011bkter\u00fdm z doporu\u010den\u00fdch le\u0161tidel s fialov\u00fdm v\u00ed\u010dkem a kotou\u010dem. Dos\u00e1hnete tak u v\u011bt\u0161iny barev v jednom kroku trval\u00e9ho, vysok\u00e9ho lesku. Pro optim\u00e1ln\u00ed v\u00fdkon pou\u017eijte ot\u00e1\u010dky 800 a\u017e 1 400 ot.\/min. Tento proces je ide\u00e1ln\u00ed pro ka\u017edou \u010derstv\u011b provedenou opravu laku a umo\u017e\u0148uje rychl\u00fd a vynikaj\u00edc\u00ed v\u00fdsledek.<\/span><\/p>\n<div class=\"clearfix\"><\/div>\n<\/p><\/div>\n","protected":false},"excerpt":{"rendered":"<p>Popis Diskuse M\u00e1te dotaz? Ide\u00e1ln\u00ed pro pou\u017eit\u00ed s p\u0159\u00edpravky 3M\u2122 Perfect-It\u2122 3M Famous Finish nebo 3M\u2122 Perfect-It\u2122 1-Step Finish Pro optim\u00e1ln\u00ed v\u00fdkon pou\u017eijte ot\u00e1\u010dky 800 a\u017e 1 400 ot.\/min. Konvexn\u00ed povrch sni\u017euje tvorbu tepla. P\u011bnov\u00e1 struktura kotou\u010de br\u00e1n\u00ed navazov\u00e1n\u00ed, \u010d\u00edm\u017e zaji\u0161\u0165uje rychlej\u0161\u00ed a \u010dist\u011bj\u0161\u00ed le\u0161t\u011bn\u00ed K dispozici v konverz\u00edch Hookit\u2122 s pr\u016fm\u011brem 80 a 150 [&hellip;]<\/p>\n","protected":false},"featured_media":27479,"comment_status":"open","ping_status":"open","template":"","meta":[],"product_brand":[],"product_cat":[98],"product_tag":[],"class_list":{"0":"post-27379","1":"product","2":"type-product","3":"status-publish","4":"has-post-thumbnail","6":"product_cat-autolaky-amp-prislusenstvi","8":"first","9":"instock","10":"sale","11":"shipping-taxable","12":"purchasable","13":"product-type-simple"},"yoast_head":"<!-- This site is optimized with the Yoast SEO plugin v26.8 - https:\/\/yoast.com\/product\/yoast-seo-wordpress\/ -->\n<title>Zna\u010dkov\u00fd 3M kotou\u010d le\u0161t\u00edc\u00ed D150 fialov\u00fd Perfect-it -<\/title>\n<meta name=\"robots\" content=\"index, follow, max-snippet:-1, max-image-preview:large, max-video-preview:-1\" \/>\n<link rel=\"canonical\" href=\"https:\/\/www.stavexpro.com\/index.php\/produkt\/znackovy-3m-kotouc-lestici-d150-fialovy-perfect-it-27379\/\" \/>\n<meta property=\"og:locale\" content=\"cs_CZ\" \/>\n<meta property=\"og:type\" content=\"article\" \/>\n<meta property=\"og:title\" content=\"Zna\u010dkov\u00fd 3M kotou\u010d le\u0161t\u00edc\u00ed D150 fialov\u00fd Perfect-it -\" \/>\n<meta property=\"og:description\" content=\"Popis Diskuse M\u00e1te dotaz? Ide\u00e1ln\u00ed pro pou\u017eit\u00ed s p\u0159\u00edpravky 3M\u2122 Perfect-It\u2122 3M Famous Finish nebo 3M\u2122 Perfect-It\u2122 1-Step Finish Pro optim\u00e1ln\u00ed v\u00fdkon pou\u017eijte ot\u00e1\u010dky 800 a\u017e 1 400 ot.\/min. Konvexn\u00ed povrch sni\u017euje tvorbu tepla. P\u011bnov\u00e1 struktura kotou\u010de br\u00e1n\u00ed navazov\u00e1n\u00ed, \u010d\u00edm\u017e zaji\u0161\u0165uje rychlej\u0161\u00ed a \u010dist\u011bj\u0161\u00ed le\u0161t\u011bn\u00ed K dispozici v konverz\u00edch Hookit\u2122 s pr\u016fm\u011brem 80 a 150 [&hellip;]\" \/>\n<meta property=\"og:url\" content=\"https:\/\/www.stavexpro.com\/index.php\/produkt\/znackovy-3m-kotouc-lestici-d150-fialovy-perfect-it-27379\/\" \/>\n<meta property=\"og:image\" content=\"https:\/\/www.stavexpro.com\/wp-content\/uploads\/2026\/SK0000031-CZ20260425-092133-0-1777080118-66bf01cd207b9418f6eb28769e12c4f3-6b7f7e7970737e-6b5c5a5a5a5.webp\" \/>\n\t<meta property=\"og:image:width\" content=\"364\" \/>\n\t<meta property=\"og:image:height\" content=\"364\" \/>\n\t<meta property=\"og:image:type\" content=\"image\/webp\" \/>\n<meta name=\"twitter:card\" content=\"summary_large_image\" \/>\n<meta name=\"twitter:label1\" content=\"Odhadovan\u00e1 doba \u010dten\u00ed\" \/>\n\t<meta name=\"twitter:data1\" content=\"1 minuta\" \/>\n<script type=\"application\/ld+json\" class=\"yoast-schema-graph\">{\"@context\":\"https:\/\/schema.org\",\"@graph\":[{\"@type\":\"WebPage\",\"@id\":\"https:\/\/www.stavexpro.com\/index.php\/produkt\/znackovy-3m-kotouc-lestici-d150-fialovy-perfect-it-27379\/\",\"url\":\"https:\/\/www.stavexpro.com\/index.php\/produkt\/znackovy-3m-kotouc-lestici-d150-fialovy-perfect-it-27379\/\",\"name\":\"Zna\u010dkov\u00fd 3M kotou\u010d le\u0161t\u00edc\u00ed D150 fialov\u00fd Perfect-it -\",\"isPartOf\":{\"@id\":\"https:\/\/www.stavexpro.com\/#website\"},\"primaryImageOfPage\":{\"@id\":\"https:\/\/www.stavexpro.com\/index.php\/produkt\/znackovy-3m-kotouc-lestici-d150-fialovy-perfect-it-27379\/#primaryimage\"},\"image\":{\"@id\":\"https:\/\/www.stavexpro.com\/index.php\/produkt\/znackovy-3m-kotouc-lestici-d150-fialovy-perfect-it-27379\/#primaryimage\"},\"thumbnailUrl\":\"https:\/\/www.stavexpro.com\/wp-content\/uploads\/2026\/SK0000031-CZ20260425-092133-0-1777080118-66bf01cd207b9418f6eb28769e12c4f3-6b7f7e7970737e-6b5c5a5a5a5.webp\",\"datePublished\":\"2026-04-26T08:56:03+00:00\",\"breadcrumb\":{\"@id\":\"https:\/\/www.stavexpro.com\/index.php\/produkt\/znackovy-3m-kotouc-lestici-d150-fialovy-perfect-it-27379\/#breadcrumb\"},\"inLanguage\":\"cs\",\"potentialAction\":[{\"@type\":\"ReadAction\",\"target\":[\"https:\/\/www.stavexpro.com\/index.php\/produkt\/znackovy-3m-kotouc-lestici-d150-fialovy-perfect-it-27379\/\"]}]},{\"@type\":\"ImageObject\",\"inLanguage\":\"cs\",\"@id\":\"https:\/\/www.stavexpro.com\/index.php\/produkt\/znackovy-3m-kotouc-lestici-d150-fialovy-perfect-it-27379\/#primaryimage\",\"url\":\"https:\/\/www.stavexpro.com\/wp-content\/uploads\/2026\/SK0000031-CZ20260425-092133-0-1777080118-66bf01cd207b9418f6eb28769e12c4f3-6b7f7e7970737e-6b5c5a5a5a5.webp\",\"contentUrl\":\"https:\/\/www.stavexpro.com\/wp-content\/uploads\/2026\/SK0000031-CZ20260425-092133-0-1777080118-66bf01cd207b9418f6eb28769e12c4f3-6b7f7e7970737e-6b5c5a5a5a5.webp\",\"width\":364,\"height\":364},{\"@type\":\"BreadcrumbList\",\"@id\":\"https:\/\/www.stavexpro.com\/index.php\/produkt\/znackovy-3m-kotouc-lestici-d150-fialovy-perfect-it-27379\/#breadcrumb\",\"itemListElement\":[{\"@type\":\"ListItem\",\"position\":1,\"name\":\"Home\",\"item\":\"https:\/\/www.stavexpro.com\/\"},{\"@type\":\"ListItem\",\"position\":2,\"name\":\"Products\",\"item\":\"https:\/\/www.stavexpro.com\/index.php\/products\/\"},{\"@type\":\"ListItem\",\"position\":3,\"name\":\"Zna\u010dkov\u00fd 3M kotou\u010d le\u0161t\u00edc\u00ed D150 fialov\u00fd Perfect-it\"}]},{\"@type\":\"WebSite\",\"@id\":\"https:\/\/www.stavexpro.com\/#website\",\"url\":\"https:\/\/www.stavexpro.com\/\",\"name\":\"\",\"description\":\"\",\"potentialAction\":[{\"@type\":\"SearchAction\",\"target\":{\"@type\":\"EntryPoint\",\"urlTemplate\":\"https:\/\/www.stavexpro.com\/?s={search_term_string}\"},\"query-input\":{\"@type\":\"PropertyValueSpecification\",\"valueRequired\":true,\"valueName\":\"search_term_string\"}}],\"inLanguage\":\"cs\"}]}<\/script>\n<!-- \/ Yoast SEO plugin. -->","yoast_head_json":{"title":"Zna\u010dkov\u00fd 3M kotou\u010d le\u0161t\u00edc\u00ed D150 fialov\u00fd Perfect-it -","robots":{"index":"index","follow":"follow","max-snippet":"max-snippet:-1","max-image-preview":"max-image-preview:large","max-video-preview":"max-video-preview:-1"},"canonical":"https:\/\/www.stavexpro.com\/index.php\/produkt\/znackovy-3m-kotouc-lestici-d150-fialovy-perfect-it-27379\/","og_locale":"cs_CZ","og_type":"article","og_title":"Zna\u010dkov\u00fd 3M kotou\u010d le\u0161t\u00edc\u00ed D150 fialov\u00fd Perfect-it -","og_description":"Popis Diskuse M\u00e1te dotaz? Ide\u00e1ln\u00ed pro pou\u017eit\u00ed s p\u0159\u00edpravky 3M\u2122 Perfect-It\u2122 3M Famous Finish nebo 3M\u2122 Perfect-It\u2122 1-Step Finish Pro optim\u00e1ln\u00ed v\u00fdkon pou\u017eijte ot\u00e1\u010dky 800 a\u017e 1 400 ot.\/min. Konvexn\u00ed povrch sni\u017euje tvorbu tepla. P\u011bnov\u00e1 struktura kotou\u010de br\u00e1n\u00ed navazov\u00e1n\u00ed, \u010d\u00edm\u017e zaji\u0161\u0165uje rychlej\u0161\u00ed a \u010dist\u011bj\u0161\u00ed le\u0161t\u011bn\u00ed K dispozici v konverz\u00edch Hookit\u2122 s pr\u016fm\u011brem 80 a 150 [&hellip;]","og_url":"https:\/\/www.stavexpro.com\/index.php\/produkt\/znackovy-3m-kotouc-lestici-d150-fialovy-perfect-it-27379\/","og_image":[{"width":364,"height":364,"url":"https:\/\/www.stavexpro.com\/wp-content\/uploads\/2026\/SK0000031-CZ20260425-092133-0-1777080118-66bf01cd207b9418f6eb28769e12c4f3-6b7f7e7970737e-6b5c5a5a5a5.webp","type":"image\/webp"}],"twitter_card":"summary_large_image","twitter_misc":{"Odhadovan\u00e1 doba \u010dten\u00ed":"1 minuta"},"schema":{"@context":"https:\/\/schema.org","@graph":[{"@type":"WebPage","@id":"https:\/\/www.stavexpro.com\/index.php\/produkt\/znackovy-3m-kotouc-lestici-d150-fialovy-perfect-it-27379\/","url":"https:\/\/www.stavexpro.com\/index.php\/produkt\/znackovy-3m-kotouc-lestici-d150-fialovy-perfect-it-27379\/","name":"Zna\u010dkov\u00fd 3M kotou\u010d le\u0161t\u00edc\u00ed D150 fialov\u00fd Perfect-it -","isPartOf":{"@id":"https:\/\/www.stavexpro.com\/#website"},"primaryImageOfPage":{"@id":"https:\/\/www.stavexpro.com\/index.php\/produkt\/znackovy-3m-kotouc-lestici-d150-fialovy-perfect-it-27379\/#primaryimage"},"image":{"@id":"https:\/\/www.stavexpro.com\/index.php\/produkt\/znackovy-3m-kotouc-lestici-d150-fialovy-perfect-it-27379\/#primaryimage"},"thumbnailUrl":"https:\/\/www.stavexpro.com\/wp-content\/uploads\/2026\/SK0000031-CZ20260425-092133-0-1777080118-66bf01cd207b9418f6eb28769e12c4f3-6b7f7e7970737e-6b5c5a5a5a5.webp","datePublished":"2026-04-26T08:56:03+00:00","breadcrumb":{"@id":"https:\/\/www.stavexpro.com\/index.php\/produkt\/znackovy-3m-kotouc-lestici-d150-fialovy-perfect-it-27379\/#breadcrumb"},"inLanguage":"cs","potentialAction":[{"@type":"ReadAction","target":["https:\/\/www.stavexpro.com\/index.php\/produkt\/znackovy-3m-kotouc-lestici-d150-fialovy-perfect-it-27379\/"]}]},{"@type":"ImageObject","inLanguage":"cs","@id":"https:\/\/www.stavexpro.com\/index.php\/produkt\/znackovy-3m-kotouc-lestici-d150-fialovy-perfect-it-27379\/#primaryimage","url":"https:\/\/www.stavexpro.com\/wp-content\/uploads\/2026\/SK0000031-CZ20260425-092133-0-1777080118-66bf01cd207b9418f6eb28769e12c4f3-6b7f7e7970737e-6b5c5a5a5a5.webp","contentUrl":"https:\/\/www.stavexpro.com\/wp-content\/uploads\/2026\/SK0000031-CZ20260425-092133-0-1777080118-66bf01cd207b9418f6eb28769e12c4f3-6b7f7e7970737e-6b5c5a5a5a5.webp","width":364,"height":364},{"@type":"BreadcrumbList","@id":"https:\/\/www.stavexpro.com\/index.php\/produkt\/znackovy-3m-kotouc-lestici-d150-fialovy-perfect-it-27379\/#breadcrumb","itemListElement":[{"@type":"ListItem","position":1,"name":"Home","item":"https:\/\/www.stavexpro.com\/"},{"@type":"ListItem","position":2,"name":"Products","item":"https:\/\/www.stavexpro.com\/index.php\/products\/"},{"@type":"ListItem","position":3,"name":"Zna\u010dkov\u00fd 3M kotou\u010d le\u0161t\u00edc\u00ed D150 fialov\u00fd Perfect-it"}]},{"@type":"WebSite","@id":"https:\/\/www.stavexpro.com\/#website","url":"https:\/\/www.stavexpro.com\/","name":"","description":"","potentialAction":[{"@type":"SearchAction","target":{"@type":"EntryPoint","urlTemplate":"https:\/\/www.stavexpro.com\/?s={search_term_string}"},"query-input":{"@type":"PropertyValueSpecification","valueRequired":true,"valueName":"search_term_string"}}],"inLanguage":"cs"}]}},"_links":{"self":[{"href":"https:\/\/www.stavexpro.com\/wp-json\/wp\/v2\/product\/27379","targetHints":{"allow":["GET"]}}],"collection":[{"href":"https:\/\/www.stavexpro.com\/wp-json\/wp\/v2\/product"}],"about":[{"href":"https:\/\/www.stavexpro.com\/wp-json\/wp\/v2\/types\/product"}],"replies":[{"embeddable":true,"href":"https:\/\/www.stavexpro.com\/wp-json\/wp\/v2\/comments?post=27379"}],"wp:featuredmedia":[{"embeddable":true,"href":"https:\/\/www.stavexpro.com\/wp-json\/wp\/v2\/media\/27479"}],"wp:attachment":[{"href":"https:\/\/www.stavexpro.com\/wp-json\/wp\/v2\/media?parent=27379"}],"wp:term":[{"taxonomy":"product_brand","embeddable":true,"href":"https:\/\/www.stavexpro.com\/wp-json\/wp\/v2\/product_brand?post=27379"},{"taxonomy":"product_cat","embeddable":true,"href":"https:\/\/www.stavexpro.com\/wp-json\/wp\/v2\/product_cat?post=27379"},{"taxonomy":"product_tag","embeddable":true,"href":"https:\/\/www.stavexpro.com\/wp-json\/wp\/v2\/product_tag?post=27379"}],"curies":[{"name":"wp","href":"https:\/\/api.w.org\/{rel}","templated":true}]}}