{"id":27383,"date":"2026-04-26T08:56:03","date_gmt":"2026-04-26T08:56:03","guid":{"rendered":""},"modified":"2026-04-26T08:56:03","modified_gmt":"2026-04-26T08:56:03","slug":"3m-maska-celooblicejova-l-aktualni-27383","status":"publish","type":"product","link":"https:\/\/www.stavexpro.com\/produkt\/3m-maska-celooblicejova-l-aktualni-27383\/","title":{"rendered":"3M maska celoobli\u010dejov\u00e1 L Aktu\u00e1ln\u00ed"},"content":{"rendered":"\n<ul class=\"nav nav-tabs nav-append-content\">\n<li>Popis <i class=\"fa fa-angle-down pull-right\"><\/i><\/li>\n<li>Diskuse  <i class=\"fa fa-angle-down pull-right\"><\/i><\/li>\n<li>M\u00e1te dotaz? <i class=\"fa fa-angle-down pull-right\"><\/i><\/li>\n<\/ul>\n<div class=\"tab-content TabsContentDynamicHeight\">\n<div class=\"tab-pane section-widget-base content-p\" id=\"tab-description\"> <!-- Tab-content - Long description -->\t\t\t\t\t\t\t<\/p>\n<div class=\"marketingSection AT_PublicationShortTextUSP \"><\/div>\n<div class=\"marketingSection AT_PublicationInstructions\"><span>Ochrann\u00e1 celoobli\u010dejov\u00e1 maska 3M 6900. Design se dv\u011bma filtry sni\u017euje odpor p\u0159i d\u00fdch\u00e1n\u00ed. Poskytuje vyv\u00e1\u017een\u011bj\u0161\u00ed ut\u011bsn\u011bn\u00ed ne\u017e maska s jedn\u00edm t\u011b\u017ek\u00fdm filtrem v p\u0159edn\u00ed \u010d\u00e1sti a zlep\u0161uje tak\u00e9 zorn\u00e9 pole. N\u00e1kladov\u011b efektivn\u00ed n\u00e1hradn\u00ed filtry pro udr\u017een\u00ed provozn\u00edch n\u00e1klad\u016f na minimu. Bajonetov\u00fd up\u00ednac\u00ed syst\u00e9m filtru 3M pro bezpe\u010dn\u00e9 a zaji\u0161t\u011bn\u00e9 p\u0159ipevn\u011bn\u00ed filtru. M\u011bkk\u00e1 a lehk\u00e1 elastomerick\u00e1 obli\u010dejov\u00e1 \u010d\u00e1st. N\u00e1hlavn\u00ed p\u00e1sky jsou snadno p\u0159izp\u016fsobiteln\u00e9. Maska s minim\u00e1ln\u00ed pot\u0159ebou \u00fadr\u017eby sni\u017euje slo\u017eitost a n\u00e1klady \u00fadr\u017eby na minimu. Vyu\u017e\u00edv\u00e1 v\u0161echny existuj\u00edc\u00ed filtry \u0159ady 2000, 5000 a v\u011bt\u0161inu filtr\u016f \u0159ady 6000.<\/span><\/div>\n<div class=\"clearfix\"><\/div>\n<\/p><\/div>\n","protected":false},"excerpt":{"rendered":"<p>Popis Diskuse M\u00e1te dotaz? Ochrann\u00e1 celoobli\u010dejov\u00e1 maska 3M 6900. Design se dv\u011bma filtry sni\u017euje odpor p\u0159i d\u00fdch\u00e1n\u00ed. Poskytuje vyv\u00e1\u017een\u011bj\u0161\u00ed ut\u011bsn\u011bn\u00ed ne\u017e maska s jedn\u00edm t\u011b\u017ek\u00fdm filtrem v p\u0159edn\u00ed \u010d\u00e1sti a zlep\u0161uje tak\u00e9 zorn\u00e9 pole. N\u00e1kladov\u011b efektivn\u00ed n\u00e1hradn\u00ed filtry pro udr\u017een\u00ed provozn\u00edch n\u00e1klad\u016f na minimu. Bajonetov\u00fd up\u00ednac\u00ed syst\u00e9m filtru 3M pro bezpe\u010dn\u00e9 a zaji\u0161t\u011bn\u00e9 p\u0159ipevn\u011bn\u00ed filtru. [&hellip;]<\/p>\n","protected":false},"featured_media":27483,"comment_status":"open","ping_status":"open","template":"","meta":[],"product_brand":[],"product_cat":[98],"product_tag":[],"class_list":{"0":"post-27383","1":"product","2":"type-product","3":"status-publish","4":"has-post-thumbnail","6":"product_cat-autolaky-amp-prislusenstvi","8":"first","9":"instock","10":"sale","11":"shipping-taxable","12":"purchasable","13":"product-type-simple"},"yoast_head":"<!-- This site is optimized with the Yoast SEO plugin v26.8 - https:\/\/yoast.com\/product\/yoast-seo-wordpress\/ -->\n<title>3M maska celoobli\u010dejov\u00e1 L Aktu\u00e1ln\u00ed -<\/title>\n<meta name=\"robots\" content=\"index, follow, max-snippet:-1, max-image-preview:large, max-video-preview:-1\" \/>\n<link rel=\"canonical\" href=\"https:\/\/www.stavexpro.com\/index.php\/produkt\/3m-maska-celooblicejova-l-aktualni-27383\/\" \/>\n<meta property=\"og:locale\" content=\"cs_CZ\" \/>\n<meta property=\"og:type\" content=\"article\" \/>\n<meta property=\"og:title\" content=\"3M maska celoobli\u010dejov\u00e1 L Aktu\u00e1ln\u00ed -\" \/>\n<meta property=\"og:description\" content=\"Popis Diskuse M\u00e1te dotaz? Ochrann\u00e1 celoobli\u010dejov\u00e1 maska 3M 6900. Design se dv\u011bma filtry sni\u017euje odpor p\u0159i d\u00fdch\u00e1n\u00ed. Poskytuje vyv\u00e1\u017een\u011bj\u0161\u00ed ut\u011bsn\u011bn\u00ed ne\u017e maska s jedn\u00edm t\u011b\u017ek\u00fdm filtrem v p\u0159edn\u00ed \u010d\u00e1sti a zlep\u0161uje tak\u00e9 zorn\u00e9 pole. N\u00e1kladov\u011b efektivn\u00ed n\u00e1hradn\u00ed filtry pro udr\u017een\u00ed provozn\u00edch n\u00e1klad\u016f na minimu. Bajonetov\u00fd up\u00ednac\u00ed syst\u00e9m filtru 3M pro bezpe\u010dn\u00e9 a zaji\u0161t\u011bn\u00e9 p\u0159ipevn\u011bn\u00ed filtru. [&hellip;]\" \/>\n<meta property=\"og:url\" content=\"https:\/\/www.stavexpro.com\/index.php\/produkt\/3m-maska-celooblicejova-l-aktualni-27383\/\" \/>\n<meta property=\"og:image\" content=\"https:\/\/www.stavexpro.com\/wp-content\/uploads\/2026\/SK0000037-CZ20260425-092133-0-1777080118-2b3636630f341f55da2c9b431b31eb42-6b7f7e7970737e-6b5c5a5a5a5.webp\" \/>\n\t<meta property=\"og:image:width\" content=\"600\" \/>\n\t<meta property=\"og:image:height\" content=\"596\" \/>\n\t<meta property=\"og:image:type\" content=\"image\/webp\" \/>\n<meta name=\"twitter:card\" content=\"summary_large_image\" \/>\n<meta name=\"twitter:label1\" content=\"Odhadovan\u00e1 doba \u010dten\u00ed\" \/>\n\t<meta name=\"twitter:data1\" content=\"1 minuta\" \/>\n<script type=\"application\/ld+json\" class=\"yoast-schema-graph\">{\"@context\":\"https:\/\/schema.org\",\"@graph\":[{\"@type\":\"WebPage\",\"@id\":\"https:\/\/www.stavexpro.com\/index.php\/produkt\/3m-maska-celooblicejova-l-aktualni-27383\/\",\"url\":\"https:\/\/www.stavexpro.com\/index.php\/produkt\/3m-maska-celooblicejova-l-aktualni-27383\/\",\"name\":\"3M maska celoobli\u010dejov\u00e1 L Aktu\u00e1ln\u00ed -\",\"isPartOf\":{\"@id\":\"https:\/\/www.stavexpro.com\/#website\"},\"primaryImageOfPage\":{\"@id\":\"https:\/\/www.stavexpro.com\/index.php\/produkt\/3m-maska-celooblicejova-l-aktualni-27383\/#primaryimage\"},\"image\":{\"@id\":\"https:\/\/www.stavexpro.com\/index.php\/produkt\/3m-maska-celooblicejova-l-aktualni-27383\/#primaryimage\"},\"thumbnailUrl\":\"https:\/\/www.stavexpro.com\/wp-content\/uploads\/2026\/SK0000037-CZ20260425-092133-0-1777080118-2b3636630f341f55da2c9b431b31eb42-6b7f7e7970737e-6b5c5a5a5a5.webp\",\"datePublished\":\"2026-04-26T08:56:03+00:00\",\"breadcrumb\":{\"@id\":\"https:\/\/www.stavexpro.com\/index.php\/produkt\/3m-maska-celooblicejova-l-aktualni-27383\/#breadcrumb\"},\"inLanguage\":\"cs\",\"potentialAction\":[{\"@type\":\"ReadAction\",\"target\":[\"https:\/\/www.stavexpro.com\/index.php\/produkt\/3m-maska-celooblicejova-l-aktualni-27383\/\"]}]},{\"@type\":\"ImageObject\",\"inLanguage\":\"cs\",\"@id\":\"https:\/\/www.stavexpro.com\/index.php\/produkt\/3m-maska-celooblicejova-l-aktualni-27383\/#primaryimage\",\"url\":\"https:\/\/www.stavexpro.com\/wp-content\/uploads\/2026\/SK0000037-CZ20260425-092133-0-1777080118-2b3636630f341f55da2c9b431b31eb42-6b7f7e7970737e-6b5c5a5a5a5.webp\",\"contentUrl\":\"https:\/\/www.stavexpro.com\/wp-content\/uploads\/2026\/SK0000037-CZ20260425-092133-0-1777080118-2b3636630f341f55da2c9b431b31eb42-6b7f7e7970737e-6b5c5a5a5a5.webp\",\"width\":600,\"height\":596},{\"@type\":\"BreadcrumbList\",\"@id\":\"https:\/\/www.stavexpro.com\/index.php\/produkt\/3m-maska-celooblicejova-l-aktualni-27383\/#breadcrumb\",\"itemListElement\":[{\"@type\":\"ListItem\",\"position\":1,\"name\":\"Home\",\"item\":\"https:\/\/www.stavexpro.com\/\"},{\"@type\":\"ListItem\",\"position\":2,\"name\":\"Products\",\"item\":\"https:\/\/www.stavexpro.com\/index.php\/products\/\"},{\"@type\":\"ListItem\",\"position\":3,\"name\":\"3M maska celoobli\u010dejov\u00e1 L Aktu\u00e1ln\u00ed\"}]},{\"@type\":\"WebSite\",\"@id\":\"https:\/\/www.stavexpro.com\/#website\",\"url\":\"https:\/\/www.stavexpro.com\/\",\"name\":\"\",\"description\":\"\",\"potentialAction\":[{\"@type\":\"SearchAction\",\"target\":{\"@type\":\"EntryPoint\",\"urlTemplate\":\"https:\/\/www.stavexpro.com\/?s={search_term_string}\"},\"query-input\":{\"@type\":\"PropertyValueSpecification\",\"valueRequired\":true,\"valueName\":\"search_term_string\"}}],\"inLanguage\":\"cs\"}]}<\/script>\n<!-- \/ Yoast SEO plugin. -->","yoast_head_json":{"title":"3M maska celoobli\u010dejov\u00e1 L Aktu\u00e1ln\u00ed -","robots":{"index":"index","follow":"follow","max-snippet":"max-snippet:-1","max-image-preview":"max-image-preview:large","max-video-preview":"max-video-preview:-1"},"canonical":"https:\/\/www.stavexpro.com\/index.php\/produkt\/3m-maska-celooblicejova-l-aktualni-27383\/","og_locale":"cs_CZ","og_type":"article","og_title":"3M maska celoobli\u010dejov\u00e1 L Aktu\u00e1ln\u00ed -","og_description":"Popis Diskuse M\u00e1te dotaz? Ochrann\u00e1 celoobli\u010dejov\u00e1 maska 3M 6900. Design se dv\u011bma filtry sni\u017euje odpor p\u0159i d\u00fdch\u00e1n\u00ed. Poskytuje vyv\u00e1\u017een\u011bj\u0161\u00ed ut\u011bsn\u011bn\u00ed ne\u017e maska s jedn\u00edm t\u011b\u017ek\u00fdm filtrem v p\u0159edn\u00ed \u010d\u00e1sti a zlep\u0161uje tak\u00e9 zorn\u00e9 pole. N\u00e1kladov\u011b efektivn\u00ed n\u00e1hradn\u00ed filtry pro udr\u017een\u00ed provozn\u00edch n\u00e1klad\u016f na minimu. Bajonetov\u00fd up\u00ednac\u00ed syst\u00e9m filtru 3M pro bezpe\u010dn\u00e9 a zaji\u0161t\u011bn\u00e9 p\u0159ipevn\u011bn\u00ed filtru. [&hellip;]","og_url":"https:\/\/www.stavexpro.com\/index.php\/produkt\/3m-maska-celooblicejova-l-aktualni-27383\/","og_image":[{"width":600,"height":596,"url":"https:\/\/www.stavexpro.com\/wp-content\/uploads\/2026\/SK0000037-CZ20260425-092133-0-1777080118-2b3636630f341f55da2c9b431b31eb42-6b7f7e7970737e-6b5c5a5a5a5.webp","type":"image\/webp"}],"twitter_card":"summary_large_image","twitter_misc":{"Odhadovan\u00e1 doba \u010dten\u00ed":"1 minuta"},"schema":{"@context":"https:\/\/schema.org","@graph":[{"@type":"WebPage","@id":"https:\/\/www.stavexpro.com\/index.php\/produkt\/3m-maska-celooblicejova-l-aktualni-27383\/","url":"https:\/\/www.stavexpro.com\/index.php\/produkt\/3m-maska-celooblicejova-l-aktualni-27383\/","name":"3M maska celoobli\u010dejov\u00e1 L Aktu\u00e1ln\u00ed -","isPartOf":{"@id":"https:\/\/www.stavexpro.com\/#website"},"primaryImageOfPage":{"@id":"https:\/\/www.stavexpro.com\/index.php\/produkt\/3m-maska-celooblicejova-l-aktualni-27383\/#primaryimage"},"image":{"@id":"https:\/\/www.stavexpro.com\/index.php\/produkt\/3m-maska-celooblicejova-l-aktualni-27383\/#primaryimage"},"thumbnailUrl":"https:\/\/www.stavexpro.com\/wp-content\/uploads\/2026\/SK0000037-CZ20260425-092133-0-1777080118-2b3636630f341f55da2c9b431b31eb42-6b7f7e7970737e-6b5c5a5a5a5.webp","datePublished":"2026-04-26T08:56:03+00:00","breadcrumb":{"@id":"https:\/\/www.stavexpro.com\/index.php\/produkt\/3m-maska-celooblicejova-l-aktualni-27383\/#breadcrumb"},"inLanguage":"cs","potentialAction":[{"@type":"ReadAction","target":["https:\/\/www.stavexpro.com\/index.php\/produkt\/3m-maska-celooblicejova-l-aktualni-27383\/"]}]},{"@type":"ImageObject","inLanguage":"cs","@id":"https:\/\/www.stavexpro.com\/index.php\/produkt\/3m-maska-celooblicejova-l-aktualni-27383\/#primaryimage","url":"https:\/\/www.stavexpro.com\/wp-content\/uploads\/2026\/SK0000037-CZ20260425-092133-0-1777080118-2b3636630f341f55da2c9b431b31eb42-6b7f7e7970737e-6b5c5a5a5a5.webp","contentUrl":"https:\/\/www.stavexpro.com\/wp-content\/uploads\/2026\/SK0000037-CZ20260425-092133-0-1777080118-2b3636630f341f55da2c9b431b31eb42-6b7f7e7970737e-6b5c5a5a5a5.webp","width":600,"height":596},{"@type":"BreadcrumbList","@id":"https:\/\/www.stavexpro.com\/index.php\/produkt\/3m-maska-celooblicejova-l-aktualni-27383\/#breadcrumb","itemListElement":[{"@type":"ListItem","position":1,"name":"Home","item":"https:\/\/www.stavexpro.com\/"},{"@type":"ListItem","position":2,"name":"Products","item":"https:\/\/www.stavexpro.com\/index.php\/products\/"},{"@type":"ListItem","position":3,"name":"3M maska celoobli\u010dejov\u00e1 L Aktu\u00e1ln\u00ed"}]},{"@type":"WebSite","@id":"https:\/\/www.stavexpro.com\/#website","url":"https:\/\/www.stavexpro.com\/","name":"","description":"","potentialAction":[{"@type":"SearchAction","target":{"@type":"EntryPoint","urlTemplate":"https:\/\/www.stavexpro.com\/?s={search_term_string}"},"query-input":{"@type":"PropertyValueSpecification","valueRequired":true,"valueName":"search_term_string"}}],"inLanguage":"cs"}]}},"_links":{"self":[{"href":"https:\/\/www.stavexpro.com\/wp-json\/wp\/v2\/product\/27383","targetHints":{"allow":["GET"]}}],"collection":[{"href":"https:\/\/www.stavexpro.com\/wp-json\/wp\/v2\/product"}],"about":[{"href":"https:\/\/www.stavexpro.com\/wp-json\/wp\/v2\/types\/product"}],"replies":[{"embeddable":true,"href":"https:\/\/www.stavexpro.com\/wp-json\/wp\/v2\/comments?post=27383"}],"wp:featuredmedia":[{"embeddable":true,"href":"https:\/\/www.stavexpro.com\/wp-json\/wp\/v2\/media\/27483"}],"wp:attachment":[{"href":"https:\/\/www.stavexpro.com\/wp-json\/wp\/v2\/media?parent=27383"}],"wp:term":[{"taxonomy":"product_brand","embeddable":true,"href":"https:\/\/www.stavexpro.com\/wp-json\/wp\/v2\/product_brand?post=27383"},{"taxonomy":"product_cat","embeddable":true,"href":"https:\/\/www.stavexpro.com\/wp-json\/wp\/v2\/product_cat?post=27383"},{"taxonomy":"product_tag","embeddable":true,"href":"https:\/\/www.stavexpro.com\/wp-json\/wp\/v2\/product_tag?post=27383"}],"curies":[{"name":"wp","href":"https:\/\/api.w.org\/{rel}","templated":true}]}}