{"id":27386,"date":"2026-04-26T08:56:03","date_gmt":"2026-04-26T08:56:03","guid":{"rendered":""},"modified":"2026-04-26T08:56:03","modified_gmt":"2026-04-26T08:56:03","slug":"3m-paska-oboustranna-span-class-small-color-gray-text-muted-rozmery-pasky-16-1-1mm-20m-span-objednat-nyni-27386","status":"publish","type":"product","link":"https:\/\/www.stavexpro.com\/produkt\/3m-paska-oboustranna-span-class-small-color-gray-text-muted-rozmery-pasky-16-1-1mm-20m-span-objednat-nyni-27386\/","title":{"rendered":"3M p\u00e1ska oboustrann\u00e1<span class=\"small color-gray text-muted\"> &#8211; Rozm\u011bry p\u00e1sky: 16\/1,1mm-20m<\/span> Objednat Nyn\u00ed"},"content":{"rendered":"\n<ul class=\"nav nav-tabs nav-append-content\">\n<li>Popis <i class=\"fa fa-angle-down pull-right\"><\/i><\/li>\n<li>Diskuse  <i class=\"fa fa-angle-down pull-right\"><\/i><\/li>\n<li>M\u00e1te dotaz? <i class=\"fa fa-angle-down pull-right\"><\/i><\/li>\n<\/ul>\n<div class=\"tab-content TabsContentDynamicHeight\">\n<div class=\"tab-pane section-widget-base content-p\" id=\"tab-description\"> <!-- Tab-content - Long description -->\t\t\t\t\t\t\t<\/p>\n<p><span>3M\u2122 803xx je \u0161edo\u010dern\u00e1 oboustrann\u00e1 akrylov\u00e1 p\u00e1ska o tlou\u0161\u0165ce 1,1mm, kter\u00e1 se pou\u017e\u00edv\u00e1 k p\u0159ipev\u0148ov\u00e1n\u00ed exteri\u00e9rov\u00fdch automobilov\u00fdch d\u00edl\u016f, jako jsou nap\u0159\u00edklad bo\u010dn\u00ed li\u0161ty. Pru\u017en\u00e9 p\u011bnov\u00e9 j\u00e1dro sni\u017euje tlak na lepen\u00fd spoj, p\u00e1ska je tak vhodn\u00e1 k lepen\u00ed r\u016fzn\u00fdch automobilov\u00fdch povrch\u016f. Vysok\u00e1 odlupov\u00e1 a smykov\u00e1 pevnost. Vysok\u00e1 vnit\u0159n\u00ed pevnost, dobr\u00e1 p\u0159izp\u016fsobivost a vynikaj\u00edc\u00ed odolnost proti zm\u011bk\u010dovadl\u016fm.<\/span><\/p>\n<div class=\"clearfix\"><\/div>\n<\/p><\/div>\n","protected":false},"excerpt":{"rendered":"<p>Popis Diskuse M\u00e1te dotaz? 3M\u2122 803xx je \u0161edo\u010dern\u00e1 oboustrann\u00e1 akrylov\u00e1 p\u00e1ska o tlou\u0161\u0165ce 1,1mm, kter\u00e1 se pou\u017e\u00edv\u00e1 k p\u0159ipev\u0148ov\u00e1n\u00ed exteri\u00e9rov\u00fdch automobilov\u00fdch d\u00edl\u016f, jako jsou nap\u0159\u00edklad bo\u010dn\u00ed li\u0161ty. Pru\u017en\u00e9 p\u011bnov\u00e9 j\u00e1dro sni\u017euje tlak na lepen\u00fd spoj, p\u00e1ska je tak vhodn\u00e1 k lepen\u00ed r\u016fzn\u00fdch automobilov\u00fdch povrch\u016f. Vysok\u00e1 odlupov\u00e1 a smykov\u00e1 pevnost. Vysok\u00e1 vnit\u0159n\u00ed pevnost, dobr\u00e1 p\u0159izp\u016fsobivost a [&hellip;]<\/p>\n","protected":false},"featured_media":27486,"comment_status":"open","ping_status":"open","template":"","meta":[],"product_brand":[],"product_cat":[97],"product_tag":[],"class_list":{"0":"post-27386","1":"product","2":"type-product","3":"status-publish","4":"has-post-thumbnail","6":"product_cat-malirske-naradi","8":"first","9":"instock","10":"sale","11":"shipping-taxable","12":"purchasable","13":"product-type-simple"},"yoast_head":"<!-- This site is optimized with the Yoast SEO plugin v26.8 - https:\/\/yoast.com\/product\/yoast-seo-wordpress\/ -->\n<title>3M p\u00e1ska oboustrann\u00e1 - Rozm\u011bry p\u00e1sky: 16\/1,1mm-20m Objednat Nyn\u00ed -<\/title>\n<meta name=\"robots\" content=\"index, follow, max-snippet:-1, max-image-preview:large, max-video-preview:-1\" \/>\n<link rel=\"canonical\" href=\"https:\/\/www.stavexpro.com\/index.php\/produkt\/3m-paska-oboustranna-span-class-small-color-gray-text-muted-rozmery-pasky-16-1-1mm-20m-span-objednat-nyni-27386\/\" \/>\n<meta property=\"og:locale\" content=\"cs_CZ\" \/>\n<meta property=\"og:type\" content=\"article\" \/>\n<meta property=\"og:title\" content=\"3M p\u00e1ska oboustrann\u00e1 - Rozm\u011bry p\u00e1sky: 16\/1,1mm-20m Objednat Nyn\u00ed -\" \/>\n<meta property=\"og:description\" content=\"Popis Diskuse M\u00e1te dotaz? 3M\u2122 803xx je \u0161edo\u010dern\u00e1 oboustrann\u00e1 akrylov\u00e1 p\u00e1ska o tlou\u0161\u0165ce 1,1mm, kter\u00e1 se pou\u017e\u00edv\u00e1 k p\u0159ipev\u0148ov\u00e1n\u00ed exteri\u00e9rov\u00fdch automobilov\u00fdch d\u00edl\u016f, jako jsou nap\u0159\u00edklad bo\u010dn\u00ed li\u0161ty. Pru\u017en\u00e9 p\u011bnov\u00e9 j\u00e1dro sni\u017euje tlak na lepen\u00fd spoj, p\u00e1ska je tak vhodn\u00e1 k lepen\u00ed r\u016fzn\u00fdch automobilov\u00fdch povrch\u016f. Vysok\u00e1 odlupov\u00e1 a smykov\u00e1 pevnost. Vysok\u00e1 vnit\u0159n\u00ed pevnost, dobr\u00e1 p\u0159izp\u016fsobivost a [&hellip;]\" \/>\n<meta property=\"og:url\" content=\"https:\/\/www.stavexpro.com\/index.php\/produkt\/3m-paska-oboustranna-span-class-small-color-gray-text-muted-rozmery-pasky-16-1-1mm-20m-span-objednat-nyni-27386\/\" \/>\n<meta property=\"og:image\" content=\"https:\/\/www.stavexpro.com\/wp-content\/uploads\/2026\/SK0000040-CZ20260425-092133-0-1777080118-342ca53dfbf136fe8c81bfb0ebe85a80-6b7f7e7970737e-6b5c5a5a5a5.webp\" \/>\n\t<meta property=\"og:image:width\" content=\"463\" \/>\n\t<meta property=\"og:image:height\" content=\"600\" \/>\n\t<meta property=\"og:image:type\" content=\"image\/webp\" \/>\n<meta name=\"twitter:card\" content=\"summary_large_image\" \/>\n<script type=\"application\/ld+json\" class=\"yoast-schema-graph\">{\"@context\":\"https:\/\/schema.org\",\"@graph\":[{\"@type\":\"WebPage\",\"@id\":\"https:\/\/www.stavexpro.com\/index.php\/produkt\/3m-paska-oboustranna-span-class-small-color-gray-text-muted-rozmery-pasky-16-1-1mm-20m-span-objednat-nyni-27386\/\",\"url\":\"https:\/\/www.stavexpro.com\/index.php\/produkt\/3m-paska-oboustranna-span-class-small-color-gray-text-muted-rozmery-pasky-16-1-1mm-20m-span-objednat-nyni-27386\/\",\"name\":\"3M p\u00e1ska oboustrann\u00e1 - Rozm\u011bry p\u00e1sky: 16\/1,1mm-20m Objednat Nyn\u00ed -\",\"isPartOf\":{\"@id\":\"https:\/\/www.stavexpro.com\/#website\"},\"primaryImageOfPage\":{\"@id\":\"https:\/\/www.stavexpro.com\/index.php\/produkt\/3m-paska-oboustranna-span-class-small-color-gray-text-muted-rozmery-pasky-16-1-1mm-20m-span-objednat-nyni-27386\/#primaryimage\"},\"image\":{\"@id\":\"https:\/\/www.stavexpro.com\/index.php\/produkt\/3m-paska-oboustranna-span-class-small-color-gray-text-muted-rozmery-pasky-16-1-1mm-20m-span-objednat-nyni-27386\/#primaryimage\"},\"thumbnailUrl\":\"https:\/\/www.stavexpro.com\/wp-content\/uploads\/2026\/SK0000040-CZ20260425-092133-0-1777080118-342ca53dfbf136fe8c81bfb0ebe85a80-6b7f7e7970737e-6b5c5a5a5a5.webp\",\"datePublished\":\"2026-04-26T08:56:03+00:00\",\"breadcrumb\":{\"@id\":\"https:\/\/www.stavexpro.com\/index.php\/produkt\/3m-paska-oboustranna-span-class-small-color-gray-text-muted-rozmery-pasky-16-1-1mm-20m-span-objednat-nyni-27386\/#breadcrumb\"},\"inLanguage\":\"cs\",\"potentialAction\":[{\"@type\":\"ReadAction\",\"target\":[\"https:\/\/www.stavexpro.com\/index.php\/produkt\/3m-paska-oboustranna-span-class-small-color-gray-text-muted-rozmery-pasky-16-1-1mm-20m-span-objednat-nyni-27386\/\"]}]},{\"@type\":\"ImageObject\",\"inLanguage\":\"cs\",\"@id\":\"https:\/\/www.stavexpro.com\/index.php\/produkt\/3m-paska-oboustranna-span-class-small-color-gray-text-muted-rozmery-pasky-16-1-1mm-20m-span-objednat-nyni-27386\/#primaryimage\",\"url\":\"https:\/\/www.stavexpro.com\/wp-content\/uploads\/2026\/SK0000040-CZ20260425-092133-0-1777080118-342ca53dfbf136fe8c81bfb0ebe85a80-6b7f7e7970737e-6b5c5a5a5a5.webp\",\"contentUrl\":\"https:\/\/www.stavexpro.com\/wp-content\/uploads\/2026\/SK0000040-CZ20260425-092133-0-1777080118-342ca53dfbf136fe8c81bfb0ebe85a80-6b7f7e7970737e-6b5c5a5a5a5.webp\",\"width\":463,\"height\":600},{\"@type\":\"BreadcrumbList\",\"@id\":\"https:\/\/www.stavexpro.com\/index.php\/produkt\/3m-paska-oboustranna-span-class-small-color-gray-text-muted-rozmery-pasky-16-1-1mm-20m-span-objednat-nyni-27386\/#breadcrumb\",\"itemListElement\":[{\"@type\":\"ListItem\",\"position\":1,\"name\":\"Home\",\"item\":\"https:\/\/www.stavexpro.com\/\"},{\"@type\":\"ListItem\",\"position\":2,\"name\":\"Products\",\"item\":\"https:\/\/www.stavexpro.com\/index.php\/products\/\"},{\"@type\":\"ListItem\",\"position\":3,\"name\":\"3M p\u00e1ska oboustrann\u00e1 &#8211; Rozm\u011bry p\u00e1sky: 16\/1,1mm-20m Objednat Nyn\u00ed\"}]},{\"@type\":\"WebSite\",\"@id\":\"https:\/\/www.stavexpro.com\/#website\",\"url\":\"https:\/\/www.stavexpro.com\/\",\"name\":\"\",\"description\":\"\",\"potentialAction\":[{\"@type\":\"SearchAction\",\"target\":{\"@type\":\"EntryPoint\",\"urlTemplate\":\"https:\/\/www.stavexpro.com\/?s={search_term_string}\"},\"query-input\":{\"@type\":\"PropertyValueSpecification\",\"valueRequired\":true,\"valueName\":\"search_term_string\"}}],\"inLanguage\":\"cs\"}]}<\/script>\n<!-- \/ Yoast SEO plugin. -->","yoast_head_json":{"title":"3M p\u00e1ska oboustrann\u00e1 - Rozm\u011bry p\u00e1sky: 16\/1,1mm-20m Objednat Nyn\u00ed -","robots":{"index":"index","follow":"follow","max-snippet":"max-snippet:-1","max-image-preview":"max-image-preview:large","max-video-preview":"max-video-preview:-1"},"canonical":"https:\/\/www.stavexpro.com\/index.php\/produkt\/3m-paska-oboustranna-span-class-small-color-gray-text-muted-rozmery-pasky-16-1-1mm-20m-span-objednat-nyni-27386\/","og_locale":"cs_CZ","og_type":"article","og_title":"3M p\u00e1ska oboustrann\u00e1 - Rozm\u011bry p\u00e1sky: 16\/1,1mm-20m Objednat Nyn\u00ed -","og_description":"Popis Diskuse M\u00e1te dotaz? 3M\u2122 803xx je \u0161edo\u010dern\u00e1 oboustrann\u00e1 akrylov\u00e1 p\u00e1ska o tlou\u0161\u0165ce 1,1mm, kter\u00e1 se pou\u017e\u00edv\u00e1 k p\u0159ipev\u0148ov\u00e1n\u00ed exteri\u00e9rov\u00fdch automobilov\u00fdch d\u00edl\u016f, jako jsou nap\u0159\u00edklad bo\u010dn\u00ed li\u0161ty. Pru\u017en\u00e9 p\u011bnov\u00e9 j\u00e1dro sni\u017euje tlak na lepen\u00fd spoj, p\u00e1ska je tak vhodn\u00e1 k lepen\u00ed r\u016fzn\u00fdch automobilov\u00fdch povrch\u016f. Vysok\u00e1 odlupov\u00e1 a smykov\u00e1 pevnost. Vysok\u00e1 vnit\u0159n\u00ed pevnost, dobr\u00e1 p\u0159izp\u016fsobivost a [&hellip;]","og_url":"https:\/\/www.stavexpro.com\/index.php\/produkt\/3m-paska-oboustranna-span-class-small-color-gray-text-muted-rozmery-pasky-16-1-1mm-20m-span-objednat-nyni-27386\/","og_image":[{"width":463,"height":600,"url":"https:\/\/www.stavexpro.com\/wp-content\/uploads\/2026\/SK0000040-CZ20260425-092133-0-1777080118-342ca53dfbf136fe8c81bfb0ebe85a80-6b7f7e7970737e-6b5c5a5a5a5.webp","type":"image\/webp"}],"twitter_card":"summary_large_image","schema":{"@context":"https:\/\/schema.org","@graph":[{"@type":"WebPage","@id":"https:\/\/www.stavexpro.com\/index.php\/produkt\/3m-paska-oboustranna-span-class-small-color-gray-text-muted-rozmery-pasky-16-1-1mm-20m-span-objednat-nyni-27386\/","url":"https:\/\/www.stavexpro.com\/index.php\/produkt\/3m-paska-oboustranna-span-class-small-color-gray-text-muted-rozmery-pasky-16-1-1mm-20m-span-objednat-nyni-27386\/","name":"3M p\u00e1ska oboustrann\u00e1 - Rozm\u011bry p\u00e1sky: 16\/1,1mm-20m Objednat Nyn\u00ed -","isPartOf":{"@id":"https:\/\/www.stavexpro.com\/#website"},"primaryImageOfPage":{"@id":"https:\/\/www.stavexpro.com\/index.php\/produkt\/3m-paska-oboustranna-span-class-small-color-gray-text-muted-rozmery-pasky-16-1-1mm-20m-span-objednat-nyni-27386\/#primaryimage"},"image":{"@id":"https:\/\/www.stavexpro.com\/index.php\/produkt\/3m-paska-oboustranna-span-class-small-color-gray-text-muted-rozmery-pasky-16-1-1mm-20m-span-objednat-nyni-27386\/#primaryimage"},"thumbnailUrl":"https:\/\/www.stavexpro.com\/wp-content\/uploads\/2026\/SK0000040-CZ20260425-092133-0-1777080118-342ca53dfbf136fe8c81bfb0ebe85a80-6b7f7e7970737e-6b5c5a5a5a5.webp","datePublished":"2026-04-26T08:56:03+00:00","breadcrumb":{"@id":"https:\/\/www.stavexpro.com\/index.php\/produkt\/3m-paska-oboustranna-span-class-small-color-gray-text-muted-rozmery-pasky-16-1-1mm-20m-span-objednat-nyni-27386\/#breadcrumb"},"inLanguage":"cs","potentialAction":[{"@type":"ReadAction","target":["https:\/\/www.stavexpro.com\/index.php\/produkt\/3m-paska-oboustranna-span-class-small-color-gray-text-muted-rozmery-pasky-16-1-1mm-20m-span-objednat-nyni-27386\/"]}]},{"@type":"ImageObject","inLanguage":"cs","@id":"https:\/\/www.stavexpro.com\/index.php\/produkt\/3m-paska-oboustranna-span-class-small-color-gray-text-muted-rozmery-pasky-16-1-1mm-20m-span-objednat-nyni-27386\/#primaryimage","url":"https:\/\/www.stavexpro.com\/wp-content\/uploads\/2026\/SK0000040-CZ20260425-092133-0-1777080118-342ca53dfbf136fe8c81bfb0ebe85a80-6b7f7e7970737e-6b5c5a5a5a5.webp","contentUrl":"https:\/\/www.stavexpro.com\/wp-content\/uploads\/2026\/SK0000040-CZ20260425-092133-0-1777080118-342ca53dfbf136fe8c81bfb0ebe85a80-6b7f7e7970737e-6b5c5a5a5a5.webp","width":463,"height":600},{"@type":"BreadcrumbList","@id":"https:\/\/www.stavexpro.com\/index.php\/produkt\/3m-paska-oboustranna-span-class-small-color-gray-text-muted-rozmery-pasky-16-1-1mm-20m-span-objednat-nyni-27386\/#breadcrumb","itemListElement":[{"@type":"ListItem","position":1,"name":"Home","item":"https:\/\/www.stavexpro.com\/"},{"@type":"ListItem","position":2,"name":"Products","item":"https:\/\/www.stavexpro.com\/index.php\/products\/"},{"@type":"ListItem","position":3,"name":"3M p\u00e1ska oboustrann\u00e1 &#8211; Rozm\u011bry p\u00e1sky: 16\/1,1mm-20m Objednat Nyn\u00ed"}]},{"@type":"WebSite","@id":"https:\/\/www.stavexpro.com\/#website","url":"https:\/\/www.stavexpro.com\/","name":"","description":"","potentialAction":[{"@type":"SearchAction","target":{"@type":"EntryPoint","urlTemplate":"https:\/\/www.stavexpro.com\/?s={search_term_string}"},"query-input":{"@type":"PropertyValueSpecification","valueRequired":true,"valueName":"search_term_string"}}],"inLanguage":"cs"}]}},"_links":{"self":[{"href":"https:\/\/www.stavexpro.com\/wp-json\/wp\/v2\/product\/27386","targetHints":{"allow":["GET"]}}],"collection":[{"href":"https:\/\/www.stavexpro.com\/wp-json\/wp\/v2\/product"}],"about":[{"href":"https:\/\/www.stavexpro.com\/wp-json\/wp\/v2\/types\/product"}],"replies":[{"embeddable":true,"href":"https:\/\/www.stavexpro.com\/wp-json\/wp\/v2\/comments?post=27386"}],"wp:featuredmedia":[{"embeddable":true,"href":"https:\/\/www.stavexpro.com\/wp-json\/wp\/v2\/media\/27486"}],"wp:attachment":[{"href":"https:\/\/www.stavexpro.com\/wp-json\/wp\/v2\/media?parent=27386"}],"wp:term":[{"taxonomy":"product_brand","embeddable":true,"href":"https:\/\/www.stavexpro.com\/wp-json\/wp\/v2\/product_brand?post=27386"},{"taxonomy":"product_cat","embeddable":true,"href":"https:\/\/www.stavexpro.com\/wp-json\/wp\/v2\/product_cat?post=27386"},{"taxonomy":"product_tag","embeddable":true,"href":"https:\/\/www.stavexpro.com\/wp-json\/wp\/v2\/product_tag?post=27386"}],"curies":[{"name":"wp","href":"https:\/\/api.w.org\/{rel}","templated":true}]}}