{"id":29757,"date":"2026-04-26T08:56:29","date_gmt":"2026-04-26T08:56:29","guid":{"rendered":""},"modified":"2026-04-26T08:56:29","modified_gmt":"2026-04-26T08:56:29","slug":"10-x-vde-izolacni-paska-color-multibaleni-finalni-vyprodej-29757","status":"publish","type":"product","link":"https:\/\/www.stavexpro.com\/index.php\/produkt\/10-x-vde-izolacni-paska-color-multibaleni-finalni-vyprodej-29757\/","title":{"rendered":"10 x VDE Izola\u010dn\u00ed p\u00e1ska Color Multibalen\u00ed Fin\u00e1ln\u00ed V\u00fdprodej"},"content":{"rendered":"<div class=\"row\">\n<div class=\"col-sm-12 shp-tabs-row responsive-nav\">\n<div class=\"shp-tabs-holder\">\n<ul id=\"p-detail-tabs\" class=\"shp-tabs p-detail-tabs visible-links\" role=\"tablist\">\n<li class=\"shp-tab active\" data-testid=\"tabDescription\">                Popis            <\/li>\n<\/ul>\n<\/div><\/div>\n<div class=\"col-sm-12 \">\n<div id=\"tab-content\" class=\"tab-content\">\n<div id=\"description\" class=\"tab-pane fade in active wide-tab\" role=\"tabpanel\">\n<div class=\"description-inner\">\n<div class=\"basic-description\">                                                        10 x VDE Izola\u010dn\u00ed p\u00e1ska Color Multibalen\u00ed obsahuje barvy p\u00e1sek: \u010derven\u00e1, \u017elut\u00e1, modr\u00e1, zelen\u00e1, \u010dern\u00e1, b\u00edl\u00e1, \u0161ed\u00e1, fialov\u00e1, hn\u011bd\u00e1, \u017elutozelen\u00e1 uzemn\u011bn\u00ed                            <\/div>\n<div class=\"extended-description\">\n<p><strong>Dopl\u0148kov\u00e9 parametry<\/strong><\/p>\n<table class=\"detail-parameters\">\n<tbody>\n<tr>\n<th>        <span class=\"row-header-label\">            Kategorie<span class=\"row-header-label-colon\">:<\/span>        <\/span>    <\/th>\n<td>        Izola\u010dn\u00ed p\u00e1sky    <\/td>\n<\/tr>\n<tr>\n<th>            <span class=\"row-header-label\">                Hmotnost<span class=\"row-header-label-colon\">:<\/span>            <\/span>        <\/th>\n<td>            0.035 kg        <\/td>\n<\/tr>\n<tr class=\"productEan\">\n<th>          <span class=\"row-header-label productEan__label\">              EAN<span class=\"row-header-label-colon\">:<\/span>          <\/span>      <\/th>\n<td>          <span class=\"productEan__value\">9002588440408<\/span>      <\/td>\n<\/tr>\n<tr>\n<th>                <span class=\"row-header-label\">                                            Zna\u010dka<span class=\"row-header-label-colon\">:<\/span>                                    <\/span>            <\/th>\n<td>                                                            Schuller                                                <\/td>\n<\/tr>\n<\/tbody>\n<\/table><\/div>\n<\/p><\/div>\n<\/p><\/div>\n<\/p><\/div>\n<\/p><\/div>\n<\/p><\/div>\n<\/p><\/div>\n<\/p><\/div>\n<p>                    <\/main>    <\/div>\n<\/p><\/div>\n","protected":false},"excerpt":{"rendered":"<p>Popis 10 x VDE Izola\u010dn\u00ed p\u00e1ska Color Multibalen\u00ed obsahuje barvy p\u00e1sek: \u010derven\u00e1, \u017elut\u00e1, modr\u00e1, zelen\u00e1, \u010dern\u00e1, b\u00edl\u00e1, \u0161ed\u00e1, fialov\u00e1, hn\u011bd\u00e1, \u017elutozelen\u00e1 uzemn\u011bn\u00ed Dopl\u0148kov\u00e9 parametry Kategorie: Izola\u010dn\u00ed p\u00e1sky Hmotnost: 0.035 kg EAN: 9002588440408 Zna\u010dka: Schuller<\/p>\n","protected":false},"featured_media":29857,"comment_status":"open","ping_status":"open","template":"","meta":[],"product_brand":[],"product_cat":[108],"product_tag":[],"class_list":{"0":"post-29757","1":"product","2":"type-product","3":"status-publish","4":"has-post-thumbnail","6":"product_cat-pro-malire","8":"first","9":"instock","10":"sale","11":"shipping-taxable","12":"purchasable","13":"product-type-simple"},"yoast_head":"<!-- This site is optimized with the Yoast SEO plugin v26.8 - https:\/\/yoast.com\/product\/yoast-seo-wordpress\/ -->\n<title>10 x VDE Izola\u010dn\u00ed p\u00e1ska Color Multibalen\u00ed Fin\u00e1ln\u00ed V\u00fdprodej -<\/title>\n<meta name=\"robots\" content=\"index, follow, max-snippet:-1, max-image-preview:large, max-video-preview:-1\" \/>\n<link rel=\"canonical\" href=\"https:\/\/www.stavexpro.com\/index.php\/produkt\/10-x-vde-izolacni-paska-color-multibaleni-finalni-vyprodej-29757\/\" \/>\n<meta property=\"og:locale\" content=\"cs_CZ\" \/>\n<meta property=\"og:type\" content=\"article\" \/>\n<meta property=\"og:title\" content=\"10 x VDE Izola\u010dn\u00ed p\u00e1ska Color Multibalen\u00ed Fin\u00e1ln\u00ed V\u00fdprodej -\" \/>\n<meta property=\"og:description\" content=\"Popis 10 x VDE Izola\u010dn\u00ed p\u00e1ska Color Multibalen\u00ed obsahuje barvy p\u00e1sek: \u010derven\u00e1, \u017elut\u00e1, modr\u00e1, zelen\u00e1, \u010dern\u00e1, b\u00edl\u00e1, \u0161ed\u00e1, fialov\u00e1, hn\u011bd\u00e1, \u017elutozelen\u00e1 uzemn\u011bn\u00ed Dopl\u0148kov\u00e9 parametry Kategorie: Izola\u010dn\u00ed p\u00e1sky Hmotnost: 0.035 kg EAN: 9002588440408 Zna\u010dka: Schuller\" \/>\n<meta property=\"og:url\" content=\"https:\/\/www.stavexpro.com\/index.php\/produkt\/10-x-vde-izolacni-paska-color-multibaleni-finalni-vyprodej-29757\/\" \/>\n<meta property=\"og:image\" content=\"https:\/\/www.stavexpro.com\/wp-content\/uploads\/2026\/SK0000009-CZ20260425-092254-0-1777080174-9312_schuller-10x-vde-izolacni-paska-color-multibaleni.webp\" \/>\n\t<meta property=\"og:image:width\" content=\"1000\" \/>\n\t<meta property=\"og:image:height\" content=\"750\" \/>\n\t<meta property=\"og:image:type\" content=\"image\/webp\" \/>\n<meta name=\"twitter:card\" content=\"summary_large_image\" \/>\n<script type=\"application\/ld+json\" class=\"yoast-schema-graph\">{\"@context\":\"https:\/\/schema.org\",\"@graph\":[{\"@type\":\"WebPage\",\"@id\":\"https:\/\/www.stavexpro.com\/index.php\/produkt\/10-x-vde-izolacni-paska-color-multibaleni-finalni-vyprodej-29757\/\",\"url\":\"https:\/\/www.stavexpro.com\/index.php\/produkt\/10-x-vde-izolacni-paska-color-multibaleni-finalni-vyprodej-29757\/\",\"name\":\"10 x VDE Izola\u010dn\u00ed p\u00e1ska Color Multibalen\u00ed Fin\u00e1ln\u00ed V\u00fdprodej -\",\"isPartOf\":{\"@id\":\"https:\/\/www.stavexpro.com\/#website\"},\"primaryImageOfPage\":{\"@id\":\"https:\/\/www.stavexpro.com\/index.php\/produkt\/10-x-vde-izolacni-paska-color-multibaleni-finalni-vyprodej-29757\/#primaryimage\"},\"image\":{\"@id\":\"https:\/\/www.stavexpro.com\/index.php\/produkt\/10-x-vde-izolacni-paska-color-multibaleni-finalni-vyprodej-29757\/#primaryimage\"},\"thumbnailUrl\":\"https:\/\/www.stavexpro.com\/wp-content\/uploads\/2026\/SK0000009-CZ20260425-092254-0-1777080174-9312_schuller-10x-vde-izolacni-paska-color-multibaleni.webp\",\"datePublished\":\"2026-04-26T08:56:29+00:00\",\"breadcrumb\":{\"@id\":\"https:\/\/www.stavexpro.com\/index.php\/produkt\/10-x-vde-izolacni-paska-color-multibaleni-finalni-vyprodej-29757\/#breadcrumb\"},\"inLanguage\":\"cs\",\"potentialAction\":[{\"@type\":\"ReadAction\",\"target\":[\"https:\/\/www.stavexpro.com\/index.php\/produkt\/10-x-vde-izolacni-paska-color-multibaleni-finalni-vyprodej-29757\/\"]}]},{\"@type\":\"ImageObject\",\"inLanguage\":\"cs\",\"@id\":\"https:\/\/www.stavexpro.com\/index.php\/produkt\/10-x-vde-izolacni-paska-color-multibaleni-finalni-vyprodej-29757\/#primaryimage\",\"url\":\"https:\/\/www.stavexpro.com\/wp-content\/uploads\/2026\/SK0000009-CZ20260425-092254-0-1777080174-9312_schuller-10x-vde-izolacni-paska-color-multibaleni.webp\",\"contentUrl\":\"https:\/\/www.stavexpro.com\/wp-content\/uploads\/2026\/SK0000009-CZ20260425-092254-0-1777080174-9312_schuller-10x-vde-izolacni-paska-color-multibaleni.webp\",\"width\":1000,\"height\":750},{\"@type\":\"BreadcrumbList\",\"@id\":\"https:\/\/www.stavexpro.com\/index.php\/produkt\/10-x-vde-izolacni-paska-color-multibaleni-finalni-vyprodej-29757\/#breadcrumb\",\"itemListElement\":[{\"@type\":\"ListItem\",\"position\":1,\"name\":\"Home\",\"item\":\"https:\/\/www.stavexpro.com\/\"},{\"@type\":\"ListItem\",\"position\":2,\"name\":\"Products\",\"item\":\"https:\/\/www.stavexpro.com\/index.php\/products\/\"},{\"@type\":\"ListItem\",\"position\":3,\"name\":\"10 x VDE Izola\u010dn\u00ed p\u00e1ska Color Multibalen\u00ed Fin\u00e1ln\u00ed V\u00fdprodej\"}]},{\"@type\":\"WebSite\",\"@id\":\"https:\/\/www.stavexpro.com\/#website\",\"url\":\"https:\/\/www.stavexpro.com\/\",\"name\":\"\",\"description\":\"\",\"potentialAction\":[{\"@type\":\"SearchAction\",\"target\":{\"@type\":\"EntryPoint\",\"urlTemplate\":\"https:\/\/www.stavexpro.com\/?s={search_term_string}\"},\"query-input\":{\"@type\":\"PropertyValueSpecification\",\"valueRequired\":true,\"valueName\":\"search_term_string\"}}],\"inLanguage\":\"cs\"}]}<\/script>\n<!-- \/ Yoast SEO plugin. -->","yoast_head_json":{"title":"10 x VDE Izola\u010dn\u00ed p\u00e1ska Color Multibalen\u00ed Fin\u00e1ln\u00ed V\u00fdprodej -","robots":{"index":"index","follow":"follow","max-snippet":"max-snippet:-1","max-image-preview":"max-image-preview:large","max-video-preview":"max-video-preview:-1"},"canonical":"https:\/\/www.stavexpro.com\/index.php\/produkt\/10-x-vde-izolacni-paska-color-multibaleni-finalni-vyprodej-29757\/","og_locale":"cs_CZ","og_type":"article","og_title":"10 x VDE Izola\u010dn\u00ed p\u00e1ska Color Multibalen\u00ed Fin\u00e1ln\u00ed V\u00fdprodej -","og_description":"Popis 10 x VDE Izola\u010dn\u00ed p\u00e1ska Color Multibalen\u00ed obsahuje barvy p\u00e1sek: \u010derven\u00e1, \u017elut\u00e1, modr\u00e1, zelen\u00e1, \u010dern\u00e1, b\u00edl\u00e1, \u0161ed\u00e1, fialov\u00e1, hn\u011bd\u00e1, \u017elutozelen\u00e1 uzemn\u011bn\u00ed Dopl\u0148kov\u00e9 parametry Kategorie: Izola\u010dn\u00ed p\u00e1sky Hmotnost: 0.035 kg EAN: 9002588440408 Zna\u010dka: Schuller","og_url":"https:\/\/www.stavexpro.com\/index.php\/produkt\/10-x-vde-izolacni-paska-color-multibaleni-finalni-vyprodej-29757\/","og_image":[{"width":1000,"height":750,"url":"https:\/\/www.stavexpro.com\/wp-content\/uploads\/2026\/SK0000009-CZ20260425-092254-0-1777080174-9312_schuller-10x-vde-izolacni-paska-color-multibaleni.webp","type":"image\/webp"}],"twitter_card":"summary_large_image","schema":{"@context":"https:\/\/schema.org","@graph":[{"@type":"WebPage","@id":"https:\/\/www.stavexpro.com\/index.php\/produkt\/10-x-vde-izolacni-paska-color-multibaleni-finalni-vyprodej-29757\/","url":"https:\/\/www.stavexpro.com\/index.php\/produkt\/10-x-vde-izolacni-paska-color-multibaleni-finalni-vyprodej-29757\/","name":"10 x VDE Izola\u010dn\u00ed p\u00e1ska Color Multibalen\u00ed Fin\u00e1ln\u00ed V\u00fdprodej -","isPartOf":{"@id":"https:\/\/www.stavexpro.com\/#website"},"primaryImageOfPage":{"@id":"https:\/\/www.stavexpro.com\/index.php\/produkt\/10-x-vde-izolacni-paska-color-multibaleni-finalni-vyprodej-29757\/#primaryimage"},"image":{"@id":"https:\/\/www.stavexpro.com\/index.php\/produkt\/10-x-vde-izolacni-paska-color-multibaleni-finalni-vyprodej-29757\/#primaryimage"},"thumbnailUrl":"https:\/\/www.stavexpro.com\/wp-content\/uploads\/2026\/SK0000009-CZ20260425-092254-0-1777080174-9312_schuller-10x-vde-izolacni-paska-color-multibaleni.webp","datePublished":"2026-04-26T08:56:29+00:00","breadcrumb":{"@id":"https:\/\/www.stavexpro.com\/index.php\/produkt\/10-x-vde-izolacni-paska-color-multibaleni-finalni-vyprodej-29757\/#breadcrumb"},"inLanguage":"cs","potentialAction":[{"@type":"ReadAction","target":["https:\/\/www.stavexpro.com\/index.php\/produkt\/10-x-vde-izolacni-paska-color-multibaleni-finalni-vyprodej-29757\/"]}]},{"@type":"ImageObject","inLanguage":"cs","@id":"https:\/\/www.stavexpro.com\/index.php\/produkt\/10-x-vde-izolacni-paska-color-multibaleni-finalni-vyprodej-29757\/#primaryimage","url":"https:\/\/www.stavexpro.com\/wp-content\/uploads\/2026\/SK0000009-CZ20260425-092254-0-1777080174-9312_schuller-10x-vde-izolacni-paska-color-multibaleni.webp","contentUrl":"https:\/\/www.stavexpro.com\/wp-content\/uploads\/2026\/SK0000009-CZ20260425-092254-0-1777080174-9312_schuller-10x-vde-izolacni-paska-color-multibaleni.webp","width":1000,"height":750},{"@type":"BreadcrumbList","@id":"https:\/\/www.stavexpro.com\/index.php\/produkt\/10-x-vde-izolacni-paska-color-multibaleni-finalni-vyprodej-29757\/#breadcrumb","itemListElement":[{"@type":"ListItem","position":1,"name":"Home","item":"https:\/\/www.stavexpro.com\/"},{"@type":"ListItem","position":2,"name":"Products","item":"https:\/\/www.stavexpro.com\/index.php\/products\/"},{"@type":"ListItem","position":3,"name":"10 x VDE Izola\u010dn\u00ed p\u00e1ska Color Multibalen\u00ed Fin\u00e1ln\u00ed V\u00fdprodej"}]},{"@type":"WebSite","@id":"https:\/\/www.stavexpro.com\/#website","url":"https:\/\/www.stavexpro.com\/","name":"","description":"","potentialAction":[{"@type":"SearchAction","target":{"@type":"EntryPoint","urlTemplate":"https:\/\/www.stavexpro.com\/?s={search_term_string}"},"query-input":{"@type":"PropertyValueSpecification","valueRequired":true,"valueName":"search_term_string"}}],"inLanguage":"cs"}]}},"_links":{"self":[{"href":"https:\/\/www.stavexpro.com\/index.php\/wp-json\/wp\/v2\/product\/29757","targetHints":{"allow":["GET"]}}],"collection":[{"href":"https:\/\/www.stavexpro.com\/index.php\/wp-json\/wp\/v2\/product"}],"about":[{"href":"https:\/\/www.stavexpro.com\/index.php\/wp-json\/wp\/v2\/types\/product"}],"replies":[{"embeddable":true,"href":"https:\/\/www.stavexpro.com\/index.php\/wp-json\/wp\/v2\/comments?post=29757"}],"wp:featuredmedia":[{"embeddable":true,"href":"https:\/\/www.stavexpro.com\/index.php\/wp-json\/wp\/v2\/media\/29857"}],"wp:attachment":[{"href":"https:\/\/www.stavexpro.com\/index.php\/wp-json\/wp\/v2\/media?parent=29757"}],"wp:term":[{"taxonomy":"product_brand","embeddable":true,"href":"https:\/\/www.stavexpro.com\/index.php\/wp-json\/wp\/v2\/product_brand?post=29757"},{"taxonomy":"product_cat","embeddable":true,"href":"https:\/\/www.stavexpro.com\/index.php\/wp-json\/wp\/v2\/product_cat?post=29757"},{"taxonomy":"product_tag","embeddable":true,"href":"https:\/\/www.stavexpro.com\/index.php\/wp-json\/wp\/v2\/product_tag?post=29757"}],"curies":[{"name":"wp","href":"https:\/\/api.w.org\/{rel}","templated":true}]}}