{"id":29902,"date":"2026-04-26T08:56:32","date_gmt":"2026-04-26T08:56:32","guid":{"rendered":""},"modified":"2026-04-26T08:56:32","modified_gmt":"2026-04-26T08:56:32","slug":"horka-nabidka-hladitko-plastove-s-bilou-plsti-250-x-130-x-8-mm-29902","status":"publish","type":"product","link":"https:\/\/www.stavexpro.com\/produkt\/horka-nabidka-hladitko-plastove-s-bilou-plsti-250-x-130-x-8-mm-29902\/","title":{"rendered":"Hork\u00e1 Nab\u00eddka Hlad\u00edtko plastov\u00e9 s b\u00edlou plst\u00ed 250 x 130 x 8 mm"},"content":{"rendered":"<div class=\"row\">\n<div class=\"col-sm-12 shp-tabs-row responsive-nav\">\n<div class=\"shp-tabs-holder\">\n<ul id=\"p-detail-tabs\" class=\"shp-tabs p-detail-tabs visible-links\" role=\"tablist\">\n<li class=\"shp-tab active\" data-testid=\"tabDescription\">                Popis            <\/li>\n<\/ul>\n<\/div><\/div>\n<div class=\"col-sm-12 \">\n<div id=\"tab-content\" class=\"tab-content\">\n<div id=\"description\" class=\"tab-pane fade in active wide-tab\" role=\"tabpanel\">\n<div class=\"description-inner\">\n<div class=\"basic-description\">\n<p>Popis produktu nen\u00ed dostupn\u00fd<\/p>\n<\/p><\/div>\n<div class=\"extended-description\">\n<p><strong>Dopl\u0148kov\u00e9 parametry<\/strong><\/p>\n<table class=\"detail-parameters\">\n<tbody>\n<tr>\n<th>        <span class=\"row-header-label\">            Kategorie<span class=\"row-header-label-colon\">:<\/span>        <\/span>    <\/th>\n<td>        Hlad\u00edtka    <\/td>\n<\/tr>\n<tr>\n<th>            <span class=\"row-header-label\">                Hmotnost<span class=\"row-header-label-colon\">:<\/span>            <\/span>        <\/th>\n<td>            0.29 kg        <\/td>\n<\/tr>\n<tr class=\"productEan\">\n<th>          <span class=\"row-header-label productEan__label\">              EAN<span class=\"row-header-label-colon\">:<\/span>          <\/span>      <\/th>\n<td>          <span class=\"productEan__value\">8591403156736<\/span>      <\/td>\n<\/tr>\n<tr>\n<th>                <span class=\"row-header-label\">                                            Zna\u010dka<span class=\"row-header-label-colon\">:<\/span>                                    <\/span>            <\/th>\n<td>                                                            Schuller                                                <\/td>\n<\/tr>\n<\/tbody>\n<\/table><\/div>\n<\/p><\/div>\n<\/p><\/div>\n<\/p><\/div>\n<\/p><\/div>\n<\/p><\/div>\n<\/p><\/div>\n<\/p><\/div>\n<p>                    <\/main>    <\/div>\n<\/p><\/div>\n","protected":false},"excerpt":{"rendered":"<p>Popis Popis produktu nen\u00ed dostupn\u00fd Dopl\u0148kov\u00e9 parametry Kategorie: Hlad\u00edtka Hmotnost: 0.29 kg EAN: 8591403156736 Zna\u010dka: Schuller<\/p>\n","protected":false},"featured_media":30002,"comment_status":"open","ping_status":"open","template":"","meta":[],"product_brand":[],"product_cat":[108],"product_tag":[],"class_list":{"0":"post-29902","1":"product","2":"type-product","3":"status-publish","4":"has-post-thumbnail","6":"product_cat-pro-malire","8":"first","9":"instock","10":"sale","11":"shipping-taxable","12":"purchasable","13":"product-type-simple"},"yoast_head":"<!-- This site is optimized with the Yoast SEO plugin v26.8 - https:\/\/yoast.com\/product\/yoast-seo-wordpress\/ -->\n<title>Hork\u00e1 Nab\u00eddka Hlad\u00edtko plastov\u00e9 s b\u00edlou plst\u00ed 250 x 130 x 8 mm -<\/title>\n<meta name=\"robots\" content=\"index, follow, max-snippet:-1, max-image-preview:large, max-video-preview:-1\" \/>\n<link rel=\"canonical\" href=\"https:\/\/www.stavexpro.com\/index.php\/produkt\/horka-nabidka-hladitko-plastove-s-bilou-plsti-250-x-130-x-8-mm-29902\/\" \/>\n<meta property=\"og:locale\" content=\"cs_CZ\" \/>\n<meta property=\"og:type\" content=\"article\" \/>\n<meta property=\"og:title\" content=\"Hork\u00e1 Nab\u00eddka Hlad\u00edtko plastov\u00e9 s b\u00edlou plst\u00ed 250 x 130 x 8 mm -\" \/>\n<meta property=\"og:description\" content=\"Popis Popis produktu nen\u00ed dostupn\u00fd Dopl\u0148kov\u00e9 parametry Kategorie: Hlad\u00edtka Hmotnost: 0.29 kg EAN: 8591403156736 Zna\u010dka: Schuller\" \/>\n<meta property=\"og:url\" content=\"https:\/\/www.stavexpro.com\/index.php\/produkt\/horka-nabidka-hladitko-plastove-s-bilou-plsti-250-x-130-x-8-mm-29902\/\" \/>\n<meta property=\"og:image\" content=\"https:\/\/www.stavexpro.com\/wp-content\/uploads\/2026\/SK0000054-CZ20260425-092254-0-1777080174-10728_schuller-hladitko-plastove-s-bilou-plsti.webp\" \/>\n\t<meta property=\"og:image:width\" content=\"1000\" \/>\n\t<meta property=\"og:image:height\" content=\"750\" \/>\n\t<meta property=\"og:image:type\" content=\"image\/webp\" \/>\n<meta name=\"twitter:card\" content=\"summary_large_image\" \/>\n<script type=\"application\/ld+json\" class=\"yoast-schema-graph\">{\"@context\":\"https:\/\/schema.org\",\"@graph\":[{\"@type\":\"WebPage\",\"@id\":\"https:\/\/www.stavexpro.com\/index.php\/produkt\/horka-nabidka-hladitko-plastove-s-bilou-plsti-250-x-130-x-8-mm-29902\/\",\"url\":\"https:\/\/www.stavexpro.com\/index.php\/produkt\/horka-nabidka-hladitko-plastove-s-bilou-plsti-250-x-130-x-8-mm-29902\/\",\"name\":\"Hork\u00e1 Nab\u00eddka Hlad\u00edtko plastov\u00e9 s b\u00edlou plst\u00ed 250 x 130 x 8 mm -\",\"isPartOf\":{\"@id\":\"https:\/\/www.stavexpro.com\/#website\"},\"primaryImageOfPage\":{\"@id\":\"https:\/\/www.stavexpro.com\/index.php\/produkt\/horka-nabidka-hladitko-plastove-s-bilou-plsti-250-x-130-x-8-mm-29902\/#primaryimage\"},\"image\":{\"@id\":\"https:\/\/www.stavexpro.com\/index.php\/produkt\/horka-nabidka-hladitko-plastove-s-bilou-plsti-250-x-130-x-8-mm-29902\/#primaryimage\"},\"thumbnailUrl\":\"https:\/\/www.stavexpro.com\/wp-content\/uploads\/2026\/SK0000054-CZ20260425-092254-0-1777080174-10728_schuller-hladitko-plastove-s-bilou-plsti.webp\",\"datePublished\":\"2026-04-26T08:56:32+00:00\",\"breadcrumb\":{\"@id\":\"https:\/\/www.stavexpro.com\/index.php\/produkt\/horka-nabidka-hladitko-plastove-s-bilou-plsti-250-x-130-x-8-mm-29902\/#breadcrumb\"},\"inLanguage\":\"cs\",\"potentialAction\":[{\"@type\":\"ReadAction\",\"target\":[\"https:\/\/www.stavexpro.com\/index.php\/produkt\/horka-nabidka-hladitko-plastove-s-bilou-plsti-250-x-130-x-8-mm-29902\/\"]}]},{\"@type\":\"ImageObject\",\"inLanguage\":\"cs\",\"@id\":\"https:\/\/www.stavexpro.com\/index.php\/produkt\/horka-nabidka-hladitko-plastove-s-bilou-plsti-250-x-130-x-8-mm-29902\/#primaryimage\",\"url\":\"https:\/\/www.stavexpro.com\/wp-content\/uploads\/2026\/SK0000054-CZ20260425-092254-0-1777080174-10728_schuller-hladitko-plastove-s-bilou-plsti.webp\",\"contentUrl\":\"https:\/\/www.stavexpro.com\/wp-content\/uploads\/2026\/SK0000054-CZ20260425-092254-0-1777080174-10728_schuller-hladitko-plastove-s-bilou-plsti.webp\",\"width\":1000,\"height\":750},{\"@type\":\"BreadcrumbList\",\"@id\":\"https:\/\/www.stavexpro.com\/index.php\/produkt\/horka-nabidka-hladitko-plastove-s-bilou-plsti-250-x-130-x-8-mm-29902\/#breadcrumb\",\"itemListElement\":[{\"@type\":\"ListItem\",\"position\":1,\"name\":\"Home\",\"item\":\"https:\/\/www.stavexpro.com\/\"},{\"@type\":\"ListItem\",\"position\":2,\"name\":\"Products\",\"item\":\"https:\/\/www.stavexpro.com\/index.php\/products\/\"},{\"@type\":\"ListItem\",\"position\":3,\"name\":\"Hork\u00e1 Nab\u00eddka Hlad\u00edtko plastov\u00e9 s b\u00edlou plst\u00ed 250 x 130 x 8 mm\"}]},{\"@type\":\"WebSite\",\"@id\":\"https:\/\/www.stavexpro.com\/#website\",\"url\":\"https:\/\/www.stavexpro.com\/\",\"name\":\"\",\"description\":\"\",\"potentialAction\":[{\"@type\":\"SearchAction\",\"target\":{\"@type\":\"EntryPoint\",\"urlTemplate\":\"https:\/\/www.stavexpro.com\/?s={search_term_string}\"},\"query-input\":{\"@type\":\"PropertyValueSpecification\",\"valueRequired\":true,\"valueName\":\"search_term_string\"}}],\"inLanguage\":\"cs\"}]}<\/script>\n<!-- \/ Yoast SEO plugin. -->","yoast_head_json":{"title":"Hork\u00e1 Nab\u00eddka Hlad\u00edtko plastov\u00e9 s b\u00edlou plst\u00ed 250 x 130 x 8 mm -","robots":{"index":"index","follow":"follow","max-snippet":"max-snippet:-1","max-image-preview":"max-image-preview:large","max-video-preview":"max-video-preview:-1"},"canonical":"https:\/\/www.stavexpro.com\/index.php\/produkt\/horka-nabidka-hladitko-plastove-s-bilou-plsti-250-x-130-x-8-mm-29902\/","og_locale":"cs_CZ","og_type":"article","og_title":"Hork\u00e1 Nab\u00eddka Hlad\u00edtko plastov\u00e9 s b\u00edlou plst\u00ed 250 x 130 x 8 mm -","og_description":"Popis Popis produktu nen\u00ed dostupn\u00fd Dopl\u0148kov\u00e9 parametry Kategorie: Hlad\u00edtka Hmotnost: 0.29 kg EAN: 8591403156736 Zna\u010dka: Schuller","og_url":"https:\/\/www.stavexpro.com\/index.php\/produkt\/horka-nabidka-hladitko-plastove-s-bilou-plsti-250-x-130-x-8-mm-29902\/","og_image":[{"width":1000,"height":750,"url":"https:\/\/www.stavexpro.com\/wp-content\/uploads\/2026\/SK0000054-CZ20260425-092254-0-1777080174-10728_schuller-hladitko-plastove-s-bilou-plsti.webp","type":"image\/webp"}],"twitter_card":"summary_large_image","schema":{"@context":"https:\/\/schema.org","@graph":[{"@type":"WebPage","@id":"https:\/\/www.stavexpro.com\/index.php\/produkt\/horka-nabidka-hladitko-plastove-s-bilou-plsti-250-x-130-x-8-mm-29902\/","url":"https:\/\/www.stavexpro.com\/index.php\/produkt\/horka-nabidka-hladitko-plastove-s-bilou-plsti-250-x-130-x-8-mm-29902\/","name":"Hork\u00e1 Nab\u00eddka Hlad\u00edtko plastov\u00e9 s b\u00edlou plst\u00ed 250 x 130 x 8 mm -","isPartOf":{"@id":"https:\/\/www.stavexpro.com\/#website"},"primaryImageOfPage":{"@id":"https:\/\/www.stavexpro.com\/index.php\/produkt\/horka-nabidka-hladitko-plastove-s-bilou-plsti-250-x-130-x-8-mm-29902\/#primaryimage"},"image":{"@id":"https:\/\/www.stavexpro.com\/index.php\/produkt\/horka-nabidka-hladitko-plastove-s-bilou-plsti-250-x-130-x-8-mm-29902\/#primaryimage"},"thumbnailUrl":"https:\/\/www.stavexpro.com\/wp-content\/uploads\/2026\/SK0000054-CZ20260425-092254-0-1777080174-10728_schuller-hladitko-plastove-s-bilou-plsti.webp","datePublished":"2026-04-26T08:56:32+00:00","breadcrumb":{"@id":"https:\/\/www.stavexpro.com\/index.php\/produkt\/horka-nabidka-hladitko-plastove-s-bilou-plsti-250-x-130-x-8-mm-29902\/#breadcrumb"},"inLanguage":"cs","potentialAction":[{"@type":"ReadAction","target":["https:\/\/www.stavexpro.com\/index.php\/produkt\/horka-nabidka-hladitko-plastove-s-bilou-plsti-250-x-130-x-8-mm-29902\/"]}]},{"@type":"ImageObject","inLanguage":"cs","@id":"https:\/\/www.stavexpro.com\/index.php\/produkt\/horka-nabidka-hladitko-plastove-s-bilou-plsti-250-x-130-x-8-mm-29902\/#primaryimage","url":"https:\/\/www.stavexpro.com\/wp-content\/uploads\/2026\/SK0000054-CZ20260425-092254-0-1777080174-10728_schuller-hladitko-plastove-s-bilou-plsti.webp","contentUrl":"https:\/\/www.stavexpro.com\/wp-content\/uploads\/2026\/SK0000054-CZ20260425-092254-0-1777080174-10728_schuller-hladitko-plastove-s-bilou-plsti.webp","width":1000,"height":750},{"@type":"BreadcrumbList","@id":"https:\/\/www.stavexpro.com\/index.php\/produkt\/horka-nabidka-hladitko-plastove-s-bilou-plsti-250-x-130-x-8-mm-29902\/#breadcrumb","itemListElement":[{"@type":"ListItem","position":1,"name":"Home","item":"https:\/\/www.stavexpro.com\/"},{"@type":"ListItem","position":2,"name":"Products","item":"https:\/\/www.stavexpro.com\/index.php\/products\/"},{"@type":"ListItem","position":3,"name":"Hork\u00e1 Nab\u00eddka Hlad\u00edtko plastov\u00e9 s b\u00edlou plst\u00ed 250 x 130 x 8 mm"}]},{"@type":"WebSite","@id":"https:\/\/www.stavexpro.com\/#website","url":"https:\/\/www.stavexpro.com\/","name":"","description":"","potentialAction":[{"@type":"SearchAction","target":{"@type":"EntryPoint","urlTemplate":"https:\/\/www.stavexpro.com\/?s={search_term_string}"},"query-input":{"@type":"PropertyValueSpecification","valueRequired":true,"valueName":"search_term_string"}}],"inLanguage":"cs"}]}},"_links":{"self":[{"href":"https:\/\/www.stavexpro.com\/wp-json\/wp\/v2\/product\/29902","targetHints":{"allow":["GET"]}}],"collection":[{"href":"https:\/\/www.stavexpro.com\/wp-json\/wp\/v2\/product"}],"about":[{"href":"https:\/\/www.stavexpro.com\/wp-json\/wp\/v2\/types\/product"}],"replies":[{"embeddable":true,"href":"https:\/\/www.stavexpro.com\/wp-json\/wp\/v2\/comments?post=29902"}],"wp:featuredmedia":[{"embeddable":true,"href":"https:\/\/www.stavexpro.com\/wp-json\/wp\/v2\/media\/30002"}],"wp:attachment":[{"href":"https:\/\/www.stavexpro.com\/wp-json\/wp\/v2\/media?parent=29902"}],"wp:term":[{"taxonomy":"product_brand","embeddable":true,"href":"https:\/\/www.stavexpro.com\/wp-json\/wp\/v2\/product_brand?post=29902"},{"taxonomy":"product_cat","embeddable":true,"href":"https:\/\/www.stavexpro.com\/wp-json\/wp\/v2\/product_cat?post=29902"},{"taxonomy":"product_tag","embeddable":true,"href":"https:\/\/www.stavexpro.com\/wp-json\/wp\/v2\/product_tag?post=29902"}],"curies":[{"name":"wp","href":"https:\/\/api.w.org\/{rel}","templated":true}]}}