{"id":31164,"date":"2026-04-26T08:56:46","date_gmt":"2026-04-26T08:56:46","guid":{"rendered":""},"modified":"2026-04-26T08:56:46","modified_gmt":"2026-04-26T08:56:46","slug":"10-x-brusna-mrizka-easycut-93-x-280-mm-casove-omezene-31164","status":"publish","type":"product","link":"https:\/\/www.stavexpro.com\/index.php\/produkt\/10-x-brusna-mrizka-easycut-93-x-280-mm-casove-omezene-31164\/","title":{"rendered":"10 x Brusn\u00e1 m\u0159\u00ed\u017eka Easycut 93 x 280 mm \u010casov\u011b Omezen\u00e9"},"content":{"rendered":"<div class=\"row\">\n<div class=\"col-sm-12 shp-tabs-row responsive-nav\">\n<div class=\"shp-tabs-holder\">\n<ul id=\"p-detail-tabs\" class=\"shp-tabs p-detail-tabs visible-links\" role=\"tablist\">\n<li class=\"shp-tab active\" data-testid=\"tabDescription\">                Popis            <\/li>\n<\/ul>\n<\/div><\/div>\n<div class=\"col-sm-12 \">\n<div id=\"tab-content\" class=\"tab-content\">\n<div id=\"description\" class=\"tab-pane fade in active wide-tab\" role=\"tabpanel\">\n<div class=\"description-inner\">\n<div class=\"basic-description\">\t10 x Brusn\u00e1 m\u0159\u00ed\u017eka Easycut 93 x 280 mm Tato brusn\u00e1 m\u0159\u00ed\u017eka je skv\u011bl\u00fd vyn\u00e1lez, proto\u017ee pokud se V\u00e1m jej\u00ed p\u00f3ry ucpou sta\u010d\u00ed ji sundat z dr\u017e\u00e1ku, vypr\u00e1\u0161it a m\u016f\u017eete ve sv\u00e9 pr\u00e1ci pokra\u010dovat a\u017e do jej\u00edho \u00fapneho prod\u0159en\u00ed. M\u016f\u017eete b\u00fdt ale bez obav, tato brusn\u00e1 m\u0159\u00ed\u017eka n\u011bco vydr\u017e\u00ed \ud83d\ude42 K t\u011bmto brusn\u00fdm m\u0159\u00ed\u017ek\u00e1m doporu\u010dujeme dokoupit i vhodn\u00fd dr\u017e\u00e1k s rychloup\u00edn\u00e1n\u00edm, kter\u00fd v\u00e1m v\u00fdrazn\u011b usnadn\u00ed pr\u00e1ci p\u0159i brou\u0161en\u00ed. Pro nep\u0159\u00edstupn\u00e1 m\u00edsta doporu\u010dujeme dr\u017e\u00e1k vhodn\u00fd pro teleskopickou n\u00e1sadu. Brusn\u00e9 m\u0159\u00ed\u017eky m\u016f\u017eete m\u00edt v t\u011bchto zrnitostech: 80, 100, 120, 180                            <\/div>\n<div class=\"extended-description\">\n<p><strong>Dopl\u0148kov\u00e9 parametry<\/strong><\/p>\n<table class=\"detail-parameters\">\n<tbody>\n<tr>\n<th>        <span class=\"row-header-label\">            Kategorie<span class=\"row-header-label-colon\">:<\/span>        <\/span>    <\/th>\n<td>        Brusn\u00e9 m\u0159\u00ed\u017eky    <\/td>\n<\/tr>\n<tr class=\"productEan\">\n<th>          <span class=\"row-header-label productEan__label\">              EAN<span class=\"row-header-label-colon\">:<\/span>          <\/span>      <\/th>\n<td>          <span class=\"productEan__value js-productEan__value\">Zvolte variantu<\/span>      <\/td>\n<\/tr>\n<\/tbody>\n<\/table><\/div>\n<\/p><\/div>\n<\/p><\/div>\n<\/p><\/div>\n<\/p><\/div>\n<\/p><\/div>\n<\/p><\/div>\n<\/p><\/div>\n<p>                    <\/main>    <\/div>\n<\/p><\/div>\n","protected":false},"excerpt":{"rendered":"<p>Popis 10 x Brusn\u00e1 m\u0159\u00ed\u017eka Easycut 93 x 280 mm Tato brusn\u00e1 m\u0159\u00ed\u017eka je skv\u011bl\u00fd vyn\u00e1lez, proto\u017ee pokud se V\u00e1m jej\u00ed p\u00f3ry ucpou sta\u010d\u00ed ji sundat z dr\u017e\u00e1ku, vypr\u00e1\u0161it a m\u016f\u017eete ve sv\u00e9 pr\u00e1ci pokra\u010dovat a\u017e do jej\u00edho \u00fapneho prod\u0159en\u00ed. M\u016f\u017eete b\u00fdt ale bez obav, tato brusn\u00e1 m\u0159\u00ed\u017eka n\u011bco vydr\u017e\u00ed \ud83d\ude42 K t\u011bmto brusn\u00fdm m\u0159\u00ed\u017ek\u00e1m [&hellip;]<\/p>\n","protected":false},"featured_media":31264,"comment_status":"open","ping_status":"open","template":"","meta":[],"product_brand":[],"product_cat":[108],"product_tag":[],"class_list":{"0":"post-31164","1":"product","2":"type-product","3":"status-publish","4":"has-post-thumbnail","6":"product_cat-pro-malire","8":"first","9":"instock","10":"sale","11":"shipping-taxable","12":"purchasable","13":"product-type-simple"},"yoast_head":"<!-- This site is optimized with the Yoast SEO plugin v26.8 - https:\/\/yoast.com\/product\/yoast-seo-wordpress\/ -->\n<title>10 x Brusn\u00e1 m\u0159\u00ed\u017eka Easycut 93 x 280 mm \u010casov\u011b Omezen\u00e9 -<\/title>\n<meta name=\"robots\" content=\"index, follow, max-snippet:-1, max-image-preview:large, max-video-preview:-1\" \/>\n<link rel=\"canonical\" href=\"https:\/\/www.stavexpro.com\/index.php\/produkt\/10-x-brusna-mrizka-easycut-93-x-280-mm-casove-omezene-31164\/\" \/>\n<meta property=\"og:locale\" content=\"cs_CZ\" \/>\n<meta property=\"og:type\" content=\"article\" \/>\n<meta property=\"og:title\" content=\"10 x Brusn\u00e1 m\u0159\u00ed\u017eka Easycut 93 x 280 mm \u010casov\u011b Omezen\u00e9 -\" \/>\n<meta property=\"og:description\" content=\"Popis 10 x Brusn\u00e1 m\u0159\u00ed\u017eka Easycut 93 x 280 mm Tato brusn\u00e1 m\u0159\u00ed\u017eka je skv\u011bl\u00fd vyn\u00e1lez, proto\u017ee pokud se V\u00e1m jej\u00ed p\u00f3ry ucpou sta\u010d\u00ed ji sundat z dr\u017e\u00e1ku, vypr\u00e1\u0161it a m\u016f\u017eete ve sv\u00e9 pr\u00e1ci pokra\u010dovat a\u017e do jej\u00edho \u00fapneho prod\u0159en\u00ed. M\u016f\u017eete b\u00fdt ale bez obav, tato brusn\u00e1 m\u0159\u00ed\u017eka n\u011bco vydr\u017e\u00ed \ud83d\ude42 K t\u011bmto brusn\u00fdm m\u0159\u00ed\u017ek\u00e1m [&hellip;]\" \/>\n<meta property=\"og:url\" content=\"https:\/\/www.stavexpro.com\/index.php\/produkt\/10-x-brusna-mrizka-easycut-93-x-280-mm-casove-omezene-31164\/\" \/>\n<meta property=\"og:image\" content=\"https:\/\/www.stavexpro.com\/wp-content\/uploads\/2026\/SK0000717-CZ20260425-092254-0-1777080174-24654_schuller-brusna-mrizka-easycut.webp\" \/>\n\t<meta property=\"og:image:width\" content=\"1000\" \/>\n\t<meta property=\"og:image:height\" content=\"750\" \/>\n\t<meta property=\"og:image:type\" content=\"image\/webp\" \/>\n<meta name=\"twitter:card\" content=\"summary_large_image\" \/>\n<meta name=\"twitter:label1\" content=\"Odhadovan\u00e1 doba \u010dten\u00ed\" \/>\n\t<meta name=\"twitter:data1\" content=\"1 minuta\" \/>\n<script type=\"application\/ld+json\" class=\"yoast-schema-graph\">{\"@context\":\"https:\/\/schema.org\",\"@graph\":[{\"@type\":\"WebPage\",\"@id\":\"https:\/\/www.stavexpro.com\/index.php\/produkt\/10-x-brusna-mrizka-easycut-93-x-280-mm-casove-omezene-31164\/\",\"url\":\"https:\/\/www.stavexpro.com\/index.php\/produkt\/10-x-brusna-mrizka-easycut-93-x-280-mm-casove-omezene-31164\/\",\"name\":\"10 x Brusn\u00e1 m\u0159\u00ed\u017eka Easycut 93 x 280 mm \u010casov\u011b Omezen\u00e9 -\",\"isPartOf\":{\"@id\":\"https:\/\/www.stavexpro.com\/#website\"},\"primaryImageOfPage\":{\"@id\":\"https:\/\/www.stavexpro.com\/index.php\/produkt\/10-x-brusna-mrizka-easycut-93-x-280-mm-casove-omezene-31164\/#primaryimage\"},\"image\":{\"@id\":\"https:\/\/www.stavexpro.com\/index.php\/produkt\/10-x-brusna-mrizka-easycut-93-x-280-mm-casove-omezene-31164\/#primaryimage\"},\"thumbnailUrl\":\"https:\/\/www.stavexpro.com\/wp-content\/uploads\/2026\/SK0000717-CZ20260425-092254-0-1777080174-24654_schuller-brusna-mrizka-easycut.webp\",\"datePublished\":\"2026-04-26T08:56:46+00:00\",\"breadcrumb\":{\"@id\":\"https:\/\/www.stavexpro.com\/index.php\/produkt\/10-x-brusna-mrizka-easycut-93-x-280-mm-casove-omezene-31164\/#breadcrumb\"},\"inLanguage\":\"cs\",\"potentialAction\":[{\"@type\":\"ReadAction\",\"target\":[\"https:\/\/www.stavexpro.com\/index.php\/produkt\/10-x-brusna-mrizka-easycut-93-x-280-mm-casove-omezene-31164\/\"]}]},{\"@type\":\"ImageObject\",\"inLanguage\":\"cs\",\"@id\":\"https:\/\/www.stavexpro.com\/index.php\/produkt\/10-x-brusna-mrizka-easycut-93-x-280-mm-casove-omezene-31164\/#primaryimage\",\"url\":\"https:\/\/www.stavexpro.com\/wp-content\/uploads\/2026\/SK0000717-CZ20260425-092254-0-1777080174-24654_schuller-brusna-mrizka-easycut.webp\",\"contentUrl\":\"https:\/\/www.stavexpro.com\/wp-content\/uploads\/2026\/SK0000717-CZ20260425-092254-0-1777080174-24654_schuller-brusna-mrizka-easycut.webp\",\"width\":1000,\"height\":750},{\"@type\":\"BreadcrumbList\",\"@id\":\"https:\/\/www.stavexpro.com\/index.php\/produkt\/10-x-brusna-mrizka-easycut-93-x-280-mm-casove-omezene-31164\/#breadcrumb\",\"itemListElement\":[{\"@type\":\"ListItem\",\"position\":1,\"name\":\"Home\",\"item\":\"https:\/\/www.stavexpro.com\/\"},{\"@type\":\"ListItem\",\"position\":2,\"name\":\"Products\",\"item\":\"https:\/\/www.stavexpro.com\/index.php\/products\/\"},{\"@type\":\"ListItem\",\"position\":3,\"name\":\"10 x Brusn\u00e1 m\u0159\u00ed\u017eka Easycut 93 x 280 mm \u010casov\u011b Omezen\u00e9\"}]},{\"@type\":\"WebSite\",\"@id\":\"https:\/\/www.stavexpro.com\/#website\",\"url\":\"https:\/\/www.stavexpro.com\/\",\"name\":\"\",\"description\":\"\",\"potentialAction\":[{\"@type\":\"SearchAction\",\"target\":{\"@type\":\"EntryPoint\",\"urlTemplate\":\"https:\/\/www.stavexpro.com\/?s={search_term_string}\"},\"query-input\":{\"@type\":\"PropertyValueSpecification\",\"valueRequired\":true,\"valueName\":\"search_term_string\"}}],\"inLanguage\":\"cs\"}]}<\/script>\n<!-- \/ Yoast SEO plugin. -->","yoast_head_json":{"title":"10 x Brusn\u00e1 m\u0159\u00ed\u017eka Easycut 93 x 280 mm \u010casov\u011b Omezen\u00e9 -","robots":{"index":"index","follow":"follow","max-snippet":"max-snippet:-1","max-image-preview":"max-image-preview:large","max-video-preview":"max-video-preview:-1"},"canonical":"https:\/\/www.stavexpro.com\/index.php\/produkt\/10-x-brusna-mrizka-easycut-93-x-280-mm-casove-omezene-31164\/","og_locale":"cs_CZ","og_type":"article","og_title":"10 x Brusn\u00e1 m\u0159\u00ed\u017eka Easycut 93 x 280 mm \u010casov\u011b Omezen\u00e9 -","og_description":"Popis 10 x Brusn\u00e1 m\u0159\u00ed\u017eka Easycut 93 x 280 mm Tato brusn\u00e1 m\u0159\u00ed\u017eka je skv\u011bl\u00fd vyn\u00e1lez, proto\u017ee pokud se V\u00e1m jej\u00ed p\u00f3ry ucpou sta\u010d\u00ed ji sundat z dr\u017e\u00e1ku, vypr\u00e1\u0161it a m\u016f\u017eete ve sv\u00e9 pr\u00e1ci pokra\u010dovat a\u017e do jej\u00edho \u00fapneho prod\u0159en\u00ed. M\u016f\u017eete b\u00fdt ale bez obav, tato brusn\u00e1 m\u0159\u00ed\u017eka n\u011bco vydr\u017e\u00ed \ud83d\ude42 K t\u011bmto brusn\u00fdm m\u0159\u00ed\u017ek\u00e1m [&hellip;]","og_url":"https:\/\/www.stavexpro.com\/index.php\/produkt\/10-x-brusna-mrizka-easycut-93-x-280-mm-casove-omezene-31164\/","og_image":[{"width":1000,"height":750,"url":"https:\/\/www.stavexpro.com\/wp-content\/uploads\/2026\/SK0000717-CZ20260425-092254-0-1777080174-24654_schuller-brusna-mrizka-easycut.webp","type":"image\/webp"}],"twitter_card":"summary_large_image","twitter_misc":{"Odhadovan\u00e1 doba \u010dten\u00ed":"1 minuta"},"schema":{"@context":"https:\/\/schema.org","@graph":[{"@type":"WebPage","@id":"https:\/\/www.stavexpro.com\/index.php\/produkt\/10-x-brusna-mrizka-easycut-93-x-280-mm-casove-omezene-31164\/","url":"https:\/\/www.stavexpro.com\/index.php\/produkt\/10-x-brusna-mrizka-easycut-93-x-280-mm-casove-omezene-31164\/","name":"10 x Brusn\u00e1 m\u0159\u00ed\u017eka Easycut 93 x 280 mm \u010casov\u011b Omezen\u00e9 -","isPartOf":{"@id":"https:\/\/www.stavexpro.com\/#website"},"primaryImageOfPage":{"@id":"https:\/\/www.stavexpro.com\/index.php\/produkt\/10-x-brusna-mrizka-easycut-93-x-280-mm-casove-omezene-31164\/#primaryimage"},"image":{"@id":"https:\/\/www.stavexpro.com\/index.php\/produkt\/10-x-brusna-mrizka-easycut-93-x-280-mm-casove-omezene-31164\/#primaryimage"},"thumbnailUrl":"https:\/\/www.stavexpro.com\/wp-content\/uploads\/2026\/SK0000717-CZ20260425-092254-0-1777080174-24654_schuller-brusna-mrizka-easycut.webp","datePublished":"2026-04-26T08:56:46+00:00","breadcrumb":{"@id":"https:\/\/www.stavexpro.com\/index.php\/produkt\/10-x-brusna-mrizka-easycut-93-x-280-mm-casove-omezene-31164\/#breadcrumb"},"inLanguage":"cs","potentialAction":[{"@type":"ReadAction","target":["https:\/\/www.stavexpro.com\/index.php\/produkt\/10-x-brusna-mrizka-easycut-93-x-280-mm-casove-omezene-31164\/"]}]},{"@type":"ImageObject","inLanguage":"cs","@id":"https:\/\/www.stavexpro.com\/index.php\/produkt\/10-x-brusna-mrizka-easycut-93-x-280-mm-casove-omezene-31164\/#primaryimage","url":"https:\/\/www.stavexpro.com\/wp-content\/uploads\/2026\/SK0000717-CZ20260425-092254-0-1777080174-24654_schuller-brusna-mrizka-easycut.webp","contentUrl":"https:\/\/www.stavexpro.com\/wp-content\/uploads\/2026\/SK0000717-CZ20260425-092254-0-1777080174-24654_schuller-brusna-mrizka-easycut.webp","width":1000,"height":750},{"@type":"BreadcrumbList","@id":"https:\/\/www.stavexpro.com\/index.php\/produkt\/10-x-brusna-mrizka-easycut-93-x-280-mm-casove-omezene-31164\/#breadcrumb","itemListElement":[{"@type":"ListItem","position":1,"name":"Home","item":"https:\/\/www.stavexpro.com\/"},{"@type":"ListItem","position":2,"name":"Products","item":"https:\/\/www.stavexpro.com\/index.php\/products\/"},{"@type":"ListItem","position":3,"name":"10 x Brusn\u00e1 m\u0159\u00ed\u017eka Easycut 93 x 280 mm \u010casov\u011b Omezen\u00e9"}]},{"@type":"WebSite","@id":"https:\/\/www.stavexpro.com\/#website","url":"https:\/\/www.stavexpro.com\/","name":"","description":"","potentialAction":[{"@type":"SearchAction","target":{"@type":"EntryPoint","urlTemplate":"https:\/\/www.stavexpro.com\/?s={search_term_string}"},"query-input":{"@type":"PropertyValueSpecification","valueRequired":true,"valueName":"search_term_string"}}],"inLanguage":"cs"}]}},"_links":{"self":[{"href":"https:\/\/www.stavexpro.com\/index.php\/wp-json\/wp\/v2\/product\/31164","targetHints":{"allow":["GET"]}}],"collection":[{"href":"https:\/\/www.stavexpro.com\/index.php\/wp-json\/wp\/v2\/product"}],"about":[{"href":"https:\/\/www.stavexpro.com\/index.php\/wp-json\/wp\/v2\/types\/product"}],"replies":[{"embeddable":true,"href":"https:\/\/www.stavexpro.com\/index.php\/wp-json\/wp\/v2\/comments?post=31164"}],"wp:featuredmedia":[{"embeddable":true,"href":"https:\/\/www.stavexpro.com\/index.php\/wp-json\/wp\/v2\/media\/31264"}],"wp:attachment":[{"href":"https:\/\/www.stavexpro.com\/index.php\/wp-json\/wp\/v2\/media?parent=31164"}],"wp:term":[{"taxonomy":"product_brand","embeddable":true,"href":"https:\/\/www.stavexpro.com\/index.php\/wp-json\/wp\/v2\/product_brand?post=31164"},{"taxonomy":"product_cat","embeddable":true,"href":"https:\/\/www.stavexpro.com\/index.php\/wp-json\/wp\/v2\/product_cat?post=31164"},{"taxonomy":"product_tag","embeddable":true,"href":"https:\/\/www.stavexpro.com\/index.php\/wp-json\/wp\/v2\/product_tag?post=31164"}],"curies":[{"name":"wp","href":"https:\/\/api.w.org\/{rel}","templated":true}]}}