{"id":34334,"date":"2026-04-26T08:57:27","date_gmt":"2026-04-26T08:57:27","guid":{"rendered":""},"modified":"2026-04-26T08:57:27","modified_gmt":"2026-04-26T08:57:27","slug":"zvedak-nuzkovy-1t-ksj010-kup-ted-34334","status":"publish","type":"product","link":"https:\/\/www.stavexpro.com\/index.php\/produkt\/zvedak-nuzkovy-1t-ksj010-kup-ted-34334\/","title":{"rendered":"Zved\u00e1k n\u016f\u017ekov\u00fd 1t KSJ010 Kup Te\u010f"},"content":{"rendered":"<table>\n<div class=\"tab-pane active product-description\" id=\"popis\" role=\"tabpanel\">\n<div class=\"short-description\" itemprop=\"description\"><\/div>\n<div class=\"description\"><span class='bullet-line'>Je vyroben z kvalitn\u00ed oceli. <br \/><\/span><span class='bullet-line'>Pry\u017eov\u00e1 hlava zaji\u0161\u0165uje spolehliv\u00e9 uchycen\u00ed a zabra\u0148uje po\u0161kozen\u00ed zvedac\u00edch bod\u016f na vozidle. <br \/><\/span><span class='bullet-line'>Zved\u00e1k je konstruov\u00e1n k bezpe\u010dn\u00e9mu zved\u00e1n\u00ed vozidel. <br \/><\/span><span class='bullet-line'>Snadn\u00e9 pou\u017eit\u00ed, kompaktn\u00ed rozm\u011bry pro snadn\u00e9 skladov\u00e1n\u00ed. <br \/><\/span><span class='bullet-line'>Rozsah zved\u00e1n\u00ed: 88 mm &#8211; 383 mm. <br \/><\/span><span class='bullet-line'>Bezpe\u010dn\u00e9 pracovn\u00ed zat\u00ed\u017een\u00ed: 1 tuna (1000 kg).<br \/><\/span><span class='bullet-line'>\u0160irok\u00e1 z\u00e1kladna zaru\u010duje vynikaj\u00edc\u00ed stabilitu. <br \/><\/span><span class='bullet-line'>Rozm\u011bry z\u00e1kladny: 150 mm x 90 mm.<br \/><\/span><span class='bullet-line'>Z\u00e1vit na \u0161roubov\u00e9 ty\u010di: 12.5 mm x 2.5 mm.<\/span><\/div>\n<div class=\"parameters\">\n<tr>\n<td>Nosnost<\/td>\n<td>1 t<\/td>\n<\/tr>\n<tr>\n<td>Rozm\u011bry<\/td>\n<td>z\u00e1kladny 150&#215;90 mm<\/td>\n<\/tr>\n<tr>\n<td>V\u00fd\u0161ka<\/td>\n<td>88-383 mm<\/td>\n<\/tr><\/div>\n<\/table>\n","protected":false},"excerpt":{"rendered":"<p>Je vyroben z kvalitn\u00ed oceli. Pry\u017eov\u00e1 hlava zaji\u0161\u0165uje spolehliv\u00e9 uchycen\u00ed a zabra\u0148uje po\u0161kozen\u00ed zvedac\u00edch bod\u016f na vozidle. Zved\u00e1k je konstruov\u00e1n k bezpe\u010dn\u00e9mu zved\u00e1n\u00ed vozidel. Snadn\u00e9 pou\u017eit\u00ed, kompaktn\u00ed rozm\u011bry pro snadn\u00e9 skladov\u00e1n\u00ed. Rozsah zved\u00e1n\u00ed: 88 mm &#8211; 383 mm. Bezpe\u010dn\u00e9 pracovn\u00ed zat\u00ed\u017een\u00ed: 1 tuna (1000 kg).\u0160irok\u00e1 z\u00e1kladna zaru\u010duje vynikaj\u00edc\u00ed stabilitu. Rozm\u011bry z\u00e1kladny: 150 mm x 90 [&hellip;]<\/p>\n","protected":false},"featured_media":34434,"comment_status":"open","ping_status":"open","template":"","meta":[],"product_brand":[],"product_cat":[110],"product_tag":[],"class_list":{"0":"post-34334","1":"product","2":"type-product","3":"status-publish","4":"has-post-thumbnail","6":"product_cat-auto-moto","8":"first","9":"instock","10":"sale","11":"shipping-taxable","12":"purchasable","13":"product-type-simple"},"yoast_head":"<!-- This site is optimized with the Yoast SEO plugin v26.8 - https:\/\/yoast.com\/product\/yoast-seo-wordpress\/ -->\n<title>Zved\u00e1k n\u016f\u017ekov\u00fd 1t KSJ010 Kup Te\u010f -<\/title>\n<meta name=\"robots\" content=\"index, follow, max-snippet:-1, max-image-preview:large, max-video-preview:-1\" \/>\n<link rel=\"canonical\" href=\"https:\/\/www.stavexpro.com\/index.php\/produkt\/zvedak-nuzkovy-1t-ksj010-kup-ted-34334\/\" \/>\n<meta property=\"og:locale\" content=\"cs_CZ\" \/>\n<meta property=\"og:type\" content=\"article\" \/>\n<meta property=\"og:title\" content=\"Zved\u00e1k n\u016f\u017ekov\u00fd 1t KSJ010 Kup Te\u010f -\" \/>\n<meta property=\"og:description\" content=\"Je vyroben z kvalitn\u00ed oceli. Pry\u017eov\u00e1 hlava zaji\u0161\u0165uje spolehliv\u00e9 uchycen\u00ed a zabra\u0148uje po\u0161kozen\u00ed zvedac\u00edch bod\u016f na vozidle. Zved\u00e1k je konstruov\u00e1n k bezpe\u010dn\u00e9mu zved\u00e1n\u00ed vozidel. Snadn\u00e9 pou\u017eit\u00ed, kompaktn\u00ed rozm\u011bry pro snadn\u00e9 skladov\u00e1n\u00ed. Rozsah zved\u00e1n\u00ed: 88 mm &#8211; 383 mm. Bezpe\u010dn\u00e9 pracovn\u00ed zat\u00ed\u017een\u00ed: 1 tuna (1000 kg).\u0160irok\u00e1 z\u00e1kladna zaru\u010duje vynikaj\u00edc\u00ed stabilitu. Rozm\u011bry z\u00e1kladny: 150 mm x 90 [&hellip;]\" \/>\n<meta property=\"og:url\" content=\"https:\/\/www.stavexpro.com\/index.php\/produkt\/zvedak-nuzkovy-1t-ksj010-kup-ted-34334\/\" \/>\n<meta property=\"og:image\" content=\"https:\/\/www.stavexpro.com\/wp-content\/uploads\/2026\/SK0000990-CZ20260425-092328-0-1777080210-ken5035920k.webp\" \/>\n\t<meta property=\"og:image:width\" content=\"699\" \/>\n\t<meta property=\"og:image:height\" content=\"699\" \/>\n\t<meta property=\"og:image:type\" content=\"image\/webp\" \/>\n<meta name=\"twitter:card\" content=\"summary_large_image\" \/>\n<script type=\"application\/ld+json\" class=\"yoast-schema-graph\">{\"@context\":\"https:\/\/schema.org\",\"@graph\":[{\"@type\":\"WebPage\",\"@id\":\"https:\/\/www.stavexpro.com\/index.php\/produkt\/zvedak-nuzkovy-1t-ksj010-kup-ted-34334\/\",\"url\":\"https:\/\/www.stavexpro.com\/index.php\/produkt\/zvedak-nuzkovy-1t-ksj010-kup-ted-34334\/\",\"name\":\"Zved\u00e1k n\u016f\u017ekov\u00fd 1t KSJ010 Kup Te\u010f -\",\"isPartOf\":{\"@id\":\"https:\/\/www.stavexpro.com\/#website\"},\"primaryImageOfPage\":{\"@id\":\"https:\/\/www.stavexpro.com\/index.php\/produkt\/zvedak-nuzkovy-1t-ksj010-kup-ted-34334\/#primaryimage\"},\"image\":{\"@id\":\"https:\/\/www.stavexpro.com\/index.php\/produkt\/zvedak-nuzkovy-1t-ksj010-kup-ted-34334\/#primaryimage\"},\"thumbnailUrl\":\"https:\/\/www.stavexpro.com\/wp-content\/uploads\/2026\/SK0000990-CZ20260425-092328-0-1777080210-ken5035920k.webp\",\"datePublished\":\"2026-04-26T08:57:27+00:00\",\"breadcrumb\":{\"@id\":\"https:\/\/www.stavexpro.com\/index.php\/produkt\/zvedak-nuzkovy-1t-ksj010-kup-ted-34334\/#breadcrumb\"},\"inLanguage\":\"cs\",\"potentialAction\":[{\"@type\":\"ReadAction\",\"target\":[\"https:\/\/www.stavexpro.com\/index.php\/produkt\/zvedak-nuzkovy-1t-ksj010-kup-ted-34334\/\"]}]},{\"@type\":\"ImageObject\",\"inLanguage\":\"cs\",\"@id\":\"https:\/\/www.stavexpro.com\/index.php\/produkt\/zvedak-nuzkovy-1t-ksj010-kup-ted-34334\/#primaryimage\",\"url\":\"https:\/\/www.stavexpro.com\/wp-content\/uploads\/2026\/SK0000990-CZ20260425-092328-0-1777080210-ken5035920k.webp\",\"contentUrl\":\"https:\/\/www.stavexpro.com\/wp-content\/uploads\/2026\/SK0000990-CZ20260425-092328-0-1777080210-ken5035920k.webp\",\"width\":699,\"height\":699},{\"@type\":\"BreadcrumbList\",\"@id\":\"https:\/\/www.stavexpro.com\/index.php\/produkt\/zvedak-nuzkovy-1t-ksj010-kup-ted-34334\/#breadcrumb\",\"itemListElement\":[{\"@type\":\"ListItem\",\"position\":1,\"name\":\"Home\",\"item\":\"https:\/\/www.stavexpro.com\/\"},{\"@type\":\"ListItem\",\"position\":2,\"name\":\"Products\",\"item\":\"https:\/\/www.stavexpro.com\/index.php\/products\/\"},{\"@type\":\"ListItem\",\"position\":3,\"name\":\"Zved\u00e1k n\u016f\u017ekov\u00fd 1t KSJ010 Kup Te\u010f\"}]},{\"@type\":\"WebSite\",\"@id\":\"https:\/\/www.stavexpro.com\/#website\",\"url\":\"https:\/\/www.stavexpro.com\/\",\"name\":\"\",\"description\":\"\",\"potentialAction\":[{\"@type\":\"SearchAction\",\"target\":{\"@type\":\"EntryPoint\",\"urlTemplate\":\"https:\/\/www.stavexpro.com\/?s={search_term_string}\"},\"query-input\":{\"@type\":\"PropertyValueSpecification\",\"valueRequired\":true,\"valueName\":\"search_term_string\"}}],\"inLanguage\":\"cs\"}]}<\/script>\n<!-- \/ Yoast SEO plugin. -->","yoast_head_json":{"title":"Zved\u00e1k n\u016f\u017ekov\u00fd 1t KSJ010 Kup Te\u010f -","robots":{"index":"index","follow":"follow","max-snippet":"max-snippet:-1","max-image-preview":"max-image-preview:large","max-video-preview":"max-video-preview:-1"},"canonical":"https:\/\/www.stavexpro.com\/index.php\/produkt\/zvedak-nuzkovy-1t-ksj010-kup-ted-34334\/","og_locale":"cs_CZ","og_type":"article","og_title":"Zved\u00e1k n\u016f\u017ekov\u00fd 1t KSJ010 Kup Te\u010f -","og_description":"Je vyroben z kvalitn\u00ed oceli. Pry\u017eov\u00e1 hlava zaji\u0161\u0165uje spolehliv\u00e9 uchycen\u00ed a zabra\u0148uje po\u0161kozen\u00ed zvedac\u00edch bod\u016f na vozidle. Zved\u00e1k je konstruov\u00e1n k bezpe\u010dn\u00e9mu zved\u00e1n\u00ed vozidel. Snadn\u00e9 pou\u017eit\u00ed, kompaktn\u00ed rozm\u011bry pro snadn\u00e9 skladov\u00e1n\u00ed. Rozsah zved\u00e1n\u00ed: 88 mm &#8211; 383 mm. Bezpe\u010dn\u00e9 pracovn\u00ed zat\u00ed\u017een\u00ed: 1 tuna (1000 kg).\u0160irok\u00e1 z\u00e1kladna zaru\u010duje vynikaj\u00edc\u00ed stabilitu. Rozm\u011bry z\u00e1kladny: 150 mm x 90 [&hellip;]","og_url":"https:\/\/www.stavexpro.com\/index.php\/produkt\/zvedak-nuzkovy-1t-ksj010-kup-ted-34334\/","og_image":[{"width":699,"height":699,"url":"https:\/\/www.stavexpro.com\/wp-content\/uploads\/2026\/SK0000990-CZ20260425-092328-0-1777080210-ken5035920k.webp","type":"image\/webp"}],"twitter_card":"summary_large_image","schema":{"@context":"https:\/\/schema.org","@graph":[{"@type":"WebPage","@id":"https:\/\/www.stavexpro.com\/index.php\/produkt\/zvedak-nuzkovy-1t-ksj010-kup-ted-34334\/","url":"https:\/\/www.stavexpro.com\/index.php\/produkt\/zvedak-nuzkovy-1t-ksj010-kup-ted-34334\/","name":"Zved\u00e1k n\u016f\u017ekov\u00fd 1t KSJ010 Kup Te\u010f -","isPartOf":{"@id":"https:\/\/www.stavexpro.com\/#website"},"primaryImageOfPage":{"@id":"https:\/\/www.stavexpro.com\/index.php\/produkt\/zvedak-nuzkovy-1t-ksj010-kup-ted-34334\/#primaryimage"},"image":{"@id":"https:\/\/www.stavexpro.com\/index.php\/produkt\/zvedak-nuzkovy-1t-ksj010-kup-ted-34334\/#primaryimage"},"thumbnailUrl":"https:\/\/www.stavexpro.com\/wp-content\/uploads\/2026\/SK0000990-CZ20260425-092328-0-1777080210-ken5035920k.webp","datePublished":"2026-04-26T08:57:27+00:00","breadcrumb":{"@id":"https:\/\/www.stavexpro.com\/index.php\/produkt\/zvedak-nuzkovy-1t-ksj010-kup-ted-34334\/#breadcrumb"},"inLanguage":"cs","potentialAction":[{"@type":"ReadAction","target":["https:\/\/www.stavexpro.com\/index.php\/produkt\/zvedak-nuzkovy-1t-ksj010-kup-ted-34334\/"]}]},{"@type":"ImageObject","inLanguage":"cs","@id":"https:\/\/www.stavexpro.com\/index.php\/produkt\/zvedak-nuzkovy-1t-ksj010-kup-ted-34334\/#primaryimage","url":"https:\/\/www.stavexpro.com\/wp-content\/uploads\/2026\/SK0000990-CZ20260425-092328-0-1777080210-ken5035920k.webp","contentUrl":"https:\/\/www.stavexpro.com\/wp-content\/uploads\/2026\/SK0000990-CZ20260425-092328-0-1777080210-ken5035920k.webp","width":699,"height":699},{"@type":"BreadcrumbList","@id":"https:\/\/www.stavexpro.com\/index.php\/produkt\/zvedak-nuzkovy-1t-ksj010-kup-ted-34334\/#breadcrumb","itemListElement":[{"@type":"ListItem","position":1,"name":"Home","item":"https:\/\/www.stavexpro.com\/"},{"@type":"ListItem","position":2,"name":"Products","item":"https:\/\/www.stavexpro.com\/index.php\/products\/"},{"@type":"ListItem","position":3,"name":"Zved\u00e1k n\u016f\u017ekov\u00fd 1t KSJ010 Kup Te\u010f"}]},{"@type":"WebSite","@id":"https:\/\/www.stavexpro.com\/#website","url":"https:\/\/www.stavexpro.com\/","name":"","description":"","potentialAction":[{"@type":"SearchAction","target":{"@type":"EntryPoint","urlTemplate":"https:\/\/www.stavexpro.com\/?s={search_term_string}"},"query-input":{"@type":"PropertyValueSpecification","valueRequired":true,"valueName":"search_term_string"}}],"inLanguage":"cs"}]}},"_links":{"self":[{"href":"https:\/\/www.stavexpro.com\/index.php\/wp-json\/wp\/v2\/product\/34334","targetHints":{"allow":["GET"]}}],"collection":[{"href":"https:\/\/www.stavexpro.com\/index.php\/wp-json\/wp\/v2\/product"}],"about":[{"href":"https:\/\/www.stavexpro.com\/index.php\/wp-json\/wp\/v2\/types\/product"}],"replies":[{"embeddable":true,"href":"https:\/\/www.stavexpro.com\/index.php\/wp-json\/wp\/v2\/comments?post=34334"}],"wp:featuredmedia":[{"embeddable":true,"href":"https:\/\/www.stavexpro.com\/index.php\/wp-json\/wp\/v2\/media\/34434"}],"wp:attachment":[{"href":"https:\/\/www.stavexpro.com\/index.php\/wp-json\/wp\/v2\/media?parent=34334"}],"wp:term":[{"taxonomy":"product_brand","embeddable":true,"href":"https:\/\/www.stavexpro.com\/index.php\/wp-json\/wp\/v2\/product_brand?post=34334"},{"taxonomy":"product_cat","embeddable":true,"href":"https:\/\/www.stavexpro.com\/index.php\/wp-json\/wp\/v2\/product_cat?post=34334"},{"taxonomy":"product_tag","embeddable":true,"href":"https:\/\/www.stavexpro.com\/index.php\/wp-json\/wp\/v2\/product_tag?post=34334"}],"curies":[{"name":"wp","href":"https:\/\/api.w.org\/{rel}","templated":true}]}}