{"id":35156,"date":"2026-04-26T08:57:36","date_gmt":"2026-04-26T08:57:36","guid":{"rendered":""},"modified":"2026-04-26T08:57:36","modified_gmt":"2026-04-26T08:57:36","slug":"cistici-uterka-z-mikrovlakna-40-x-40-cm-bezpecna-platba-35156","status":"publish","type":"product","link":"https:\/\/www.stavexpro.com\/index.php\/produkt\/cistici-uterka-z-mikrovlakna-40-x-40-cm-bezpecna-platba-35156\/","title":{"rendered":"\u010cist\u00edci ut\u011brka z mikrovl\u00e1kna 40 x 40 cm Bezpe\u010dn\u00e1 Platba"},"content":{"rendered":"<div class=\"basic-description\">\n<h3>Detailn\u00ed popis produktu<\/h3>\n<p>Popis produktu nen\u00ed dostupn\u00fd<\/p>\n<\/p><\/div>\n<div class=\"extended-description\">\n<h3>Dopl\u0148kov\u00e9 parametry<\/h3>\n<table class=\"detail-parameters\">\n<tbody>\n<tr>\n<th>        <span class=\"row-header-label\">            Kategorie<span class=\"row-header-label-colon\">:<\/span>        <\/span>    <\/th>\n<td>        Hadry myc\u00ed houby kart\u00e1\u010de    <\/td>\n<\/tr>\n<tr class=\"productEan\">\n<th>          <span class=\"row-header-label productEan__label\">              EAN<span class=\"row-header-label-colon\">:<\/span>          <\/span>      <\/th>\n<td>          <span class=\"productEan__value\">8584010551001<\/span>      <\/td>\n<\/tr>\n<tr>\n<th>                <span class=\"row-header-label\">                                            Zna\u010dka<span class=\"row-header-label-colon\">:<\/span>                                    <\/span>            <\/th>\n<td>                                                            Cedric                                                <\/td>\n<\/tr>\n<\/tbody>\n<\/table><\/div>\n<\/p><\/div>\n<\/p><\/div>\n","protected":false},"excerpt":{"rendered":"<p>Detailn\u00ed popis produktu Popis produktu nen\u00ed dostupn\u00fd Dopl\u0148kov\u00e9 parametry Kategorie: Hadry myc\u00ed houby kart\u00e1\u010de EAN: 8584010551001 Zna\u010dka: Cedric<\/p>\n","protected":false},"featured_media":35256,"comment_status":"open","ping_status":"open","template":"","meta":[],"product_brand":[],"product_cat":[125],"product_tag":[],"class_list":{"0":"post-35156","1":"product","2":"type-product","3":"status-publish","4":"has-post-thumbnail","6":"product_cat-malirske-potreby-a-naradi","8":"first","9":"instock","10":"sale","11":"shipping-taxable","12":"purchasable","13":"product-type-simple"},"yoast_head":"<!-- This site is optimized with the Yoast SEO plugin v26.8 - https:\/\/yoast.com\/product\/yoast-seo-wordpress\/ -->\n<title>\u010cist\u00edci ut\u011brka z mikrovl\u00e1kna 40 x 40 cm Bezpe\u010dn\u00e1 Platba -<\/title>\n<meta name=\"robots\" content=\"index, follow, max-snippet:-1, max-image-preview:large, max-video-preview:-1\" \/>\n<link rel=\"canonical\" href=\"https:\/\/www.stavexpro.com\/index.php\/produkt\/cistici-uterka-z-mikrovlakna-40-x-40-cm-bezpecna-platba-35156\/\" \/>\n<meta property=\"og:locale\" content=\"cs_CZ\" \/>\n<meta property=\"og:type\" content=\"article\" \/>\n<meta property=\"og:title\" content=\"\u010cist\u00edci ut\u011brka z mikrovl\u00e1kna 40 x 40 cm Bezpe\u010dn\u00e1 Platba -\" \/>\n<meta property=\"og:description\" content=\"Detailn\u00ed popis produktu Popis produktu nen\u00ed dostupn\u00fd Dopl\u0148kov\u00e9 parametry Kategorie: Hadry myc\u00ed houby kart\u00e1\u010de EAN: 8584010551001 Zna\u010dka: Cedric\" \/>\n<meta property=\"og:url\" content=\"https:\/\/www.stavexpro.com\/index.php\/produkt\/cistici-uterka-z-mikrovlakna-40-x-40-cm-bezpecna-platba-35156\/\" \/>\n<meta property=\"og:image\" content=\"https:\/\/www.stavexpro.com\/wp-content\/uploads\/2026\/SK0000048-CZ20260425-092355-0-1777080235-10223_cistici-uterka-z-mikrovlakna.webp\" \/>\n\t<meta property=\"og:image:width\" content=\"1000\" \/>\n\t<meta property=\"og:image:height\" content=\"750\" \/>\n\t<meta property=\"og:image:type\" content=\"image\/webp\" \/>\n<meta name=\"twitter:card\" content=\"summary_large_image\" \/>\n<script type=\"application\/ld+json\" class=\"yoast-schema-graph\">{\"@context\":\"https:\/\/schema.org\",\"@graph\":[{\"@type\":\"WebPage\",\"@id\":\"https:\/\/www.stavexpro.com\/index.php\/produkt\/cistici-uterka-z-mikrovlakna-40-x-40-cm-bezpecna-platba-35156\/\",\"url\":\"https:\/\/www.stavexpro.com\/index.php\/produkt\/cistici-uterka-z-mikrovlakna-40-x-40-cm-bezpecna-platba-35156\/\",\"name\":\"\u010cist\u00edci ut\u011brka z mikrovl\u00e1kna 40 x 40 cm Bezpe\u010dn\u00e1 Platba -\",\"isPartOf\":{\"@id\":\"https:\/\/www.stavexpro.com\/#website\"},\"primaryImageOfPage\":{\"@id\":\"https:\/\/www.stavexpro.com\/index.php\/produkt\/cistici-uterka-z-mikrovlakna-40-x-40-cm-bezpecna-platba-35156\/#primaryimage\"},\"image\":{\"@id\":\"https:\/\/www.stavexpro.com\/index.php\/produkt\/cistici-uterka-z-mikrovlakna-40-x-40-cm-bezpecna-platba-35156\/#primaryimage\"},\"thumbnailUrl\":\"https:\/\/www.stavexpro.com\/wp-content\/uploads\/2026\/SK0000048-CZ20260425-092355-0-1777080235-10223_cistici-uterka-z-mikrovlakna.webp\",\"datePublished\":\"2026-04-26T08:57:36+00:00\",\"breadcrumb\":{\"@id\":\"https:\/\/www.stavexpro.com\/index.php\/produkt\/cistici-uterka-z-mikrovlakna-40-x-40-cm-bezpecna-platba-35156\/#breadcrumb\"},\"inLanguage\":\"cs\",\"potentialAction\":[{\"@type\":\"ReadAction\",\"target\":[\"https:\/\/www.stavexpro.com\/index.php\/produkt\/cistici-uterka-z-mikrovlakna-40-x-40-cm-bezpecna-platba-35156\/\"]}]},{\"@type\":\"ImageObject\",\"inLanguage\":\"cs\",\"@id\":\"https:\/\/www.stavexpro.com\/index.php\/produkt\/cistici-uterka-z-mikrovlakna-40-x-40-cm-bezpecna-platba-35156\/#primaryimage\",\"url\":\"https:\/\/www.stavexpro.com\/wp-content\/uploads\/2026\/SK0000048-CZ20260425-092355-0-1777080235-10223_cistici-uterka-z-mikrovlakna.webp\",\"contentUrl\":\"https:\/\/www.stavexpro.com\/wp-content\/uploads\/2026\/SK0000048-CZ20260425-092355-0-1777080235-10223_cistici-uterka-z-mikrovlakna.webp\",\"width\":1000,\"height\":750},{\"@type\":\"BreadcrumbList\",\"@id\":\"https:\/\/www.stavexpro.com\/index.php\/produkt\/cistici-uterka-z-mikrovlakna-40-x-40-cm-bezpecna-platba-35156\/#breadcrumb\",\"itemListElement\":[{\"@type\":\"ListItem\",\"position\":1,\"name\":\"Home\",\"item\":\"https:\/\/www.stavexpro.com\/\"},{\"@type\":\"ListItem\",\"position\":2,\"name\":\"Products\",\"item\":\"https:\/\/www.stavexpro.com\/index.php\/products\/\"},{\"@type\":\"ListItem\",\"position\":3,\"name\":\"\u010cist\u00edci ut\u011brka z mikrovl\u00e1kna 40 x 40 cm Bezpe\u010dn\u00e1 Platba\"}]},{\"@type\":\"WebSite\",\"@id\":\"https:\/\/www.stavexpro.com\/#website\",\"url\":\"https:\/\/www.stavexpro.com\/\",\"name\":\"\",\"description\":\"\",\"potentialAction\":[{\"@type\":\"SearchAction\",\"target\":{\"@type\":\"EntryPoint\",\"urlTemplate\":\"https:\/\/www.stavexpro.com\/?s={search_term_string}\"},\"query-input\":{\"@type\":\"PropertyValueSpecification\",\"valueRequired\":true,\"valueName\":\"search_term_string\"}}],\"inLanguage\":\"cs\"}]}<\/script>\n<!-- \/ Yoast SEO plugin. -->","yoast_head_json":{"title":"\u010cist\u00edci ut\u011brka z mikrovl\u00e1kna 40 x 40 cm Bezpe\u010dn\u00e1 Platba -","robots":{"index":"index","follow":"follow","max-snippet":"max-snippet:-1","max-image-preview":"max-image-preview:large","max-video-preview":"max-video-preview:-1"},"canonical":"https:\/\/www.stavexpro.com\/index.php\/produkt\/cistici-uterka-z-mikrovlakna-40-x-40-cm-bezpecna-platba-35156\/","og_locale":"cs_CZ","og_type":"article","og_title":"\u010cist\u00edci ut\u011brka z mikrovl\u00e1kna 40 x 40 cm Bezpe\u010dn\u00e1 Platba -","og_description":"Detailn\u00ed popis produktu Popis produktu nen\u00ed dostupn\u00fd Dopl\u0148kov\u00e9 parametry Kategorie: Hadry myc\u00ed houby kart\u00e1\u010de EAN: 8584010551001 Zna\u010dka: Cedric","og_url":"https:\/\/www.stavexpro.com\/index.php\/produkt\/cistici-uterka-z-mikrovlakna-40-x-40-cm-bezpecna-platba-35156\/","og_image":[{"width":1000,"height":750,"url":"https:\/\/www.stavexpro.com\/wp-content\/uploads\/2026\/SK0000048-CZ20260425-092355-0-1777080235-10223_cistici-uterka-z-mikrovlakna.webp","type":"image\/webp"}],"twitter_card":"summary_large_image","schema":{"@context":"https:\/\/schema.org","@graph":[{"@type":"WebPage","@id":"https:\/\/www.stavexpro.com\/index.php\/produkt\/cistici-uterka-z-mikrovlakna-40-x-40-cm-bezpecna-platba-35156\/","url":"https:\/\/www.stavexpro.com\/index.php\/produkt\/cistici-uterka-z-mikrovlakna-40-x-40-cm-bezpecna-platba-35156\/","name":"\u010cist\u00edci ut\u011brka z mikrovl\u00e1kna 40 x 40 cm Bezpe\u010dn\u00e1 Platba -","isPartOf":{"@id":"https:\/\/www.stavexpro.com\/#website"},"primaryImageOfPage":{"@id":"https:\/\/www.stavexpro.com\/index.php\/produkt\/cistici-uterka-z-mikrovlakna-40-x-40-cm-bezpecna-platba-35156\/#primaryimage"},"image":{"@id":"https:\/\/www.stavexpro.com\/index.php\/produkt\/cistici-uterka-z-mikrovlakna-40-x-40-cm-bezpecna-platba-35156\/#primaryimage"},"thumbnailUrl":"https:\/\/www.stavexpro.com\/wp-content\/uploads\/2026\/SK0000048-CZ20260425-092355-0-1777080235-10223_cistici-uterka-z-mikrovlakna.webp","datePublished":"2026-04-26T08:57:36+00:00","breadcrumb":{"@id":"https:\/\/www.stavexpro.com\/index.php\/produkt\/cistici-uterka-z-mikrovlakna-40-x-40-cm-bezpecna-platba-35156\/#breadcrumb"},"inLanguage":"cs","potentialAction":[{"@type":"ReadAction","target":["https:\/\/www.stavexpro.com\/index.php\/produkt\/cistici-uterka-z-mikrovlakna-40-x-40-cm-bezpecna-platba-35156\/"]}]},{"@type":"ImageObject","inLanguage":"cs","@id":"https:\/\/www.stavexpro.com\/index.php\/produkt\/cistici-uterka-z-mikrovlakna-40-x-40-cm-bezpecna-platba-35156\/#primaryimage","url":"https:\/\/www.stavexpro.com\/wp-content\/uploads\/2026\/SK0000048-CZ20260425-092355-0-1777080235-10223_cistici-uterka-z-mikrovlakna.webp","contentUrl":"https:\/\/www.stavexpro.com\/wp-content\/uploads\/2026\/SK0000048-CZ20260425-092355-0-1777080235-10223_cistici-uterka-z-mikrovlakna.webp","width":1000,"height":750},{"@type":"BreadcrumbList","@id":"https:\/\/www.stavexpro.com\/index.php\/produkt\/cistici-uterka-z-mikrovlakna-40-x-40-cm-bezpecna-platba-35156\/#breadcrumb","itemListElement":[{"@type":"ListItem","position":1,"name":"Home","item":"https:\/\/www.stavexpro.com\/"},{"@type":"ListItem","position":2,"name":"Products","item":"https:\/\/www.stavexpro.com\/index.php\/products\/"},{"@type":"ListItem","position":3,"name":"\u010cist\u00edci ut\u011brka z mikrovl\u00e1kna 40 x 40 cm Bezpe\u010dn\u00e1 Platba"}]},{"@type":"WebSite","@id":"https:\/\/www.stavexpro.com\/#website","url":"https:\/\/www.stavexpro.com\/","name":"","description":"","potentialAction":[{"@type":"SearchAction","target":{"@type":"EntryPoint","urlTemplate":"https:\/\/www.stavexpro.com\/?s={search_term_string}"},"query-input":{"@type":"PropertyValueSpecification","valueRequired":true,"valueName":"search_term_string"}}],"inLanguage":"cs"}]}},"_links":{"self":[{"href":"https:\/\/www.stavexpro.com\/index.php\/wp-json\/wp\/v2\/product\/35156","targetHints":{"allow":["GET"]}}],"collection":[{"href":"https:\/\/www.stavexpro.com\/index.php\/wp-json\/wp\/v2\/product"}],"about":[{"href":"https:\/\/www.stavexpro.com\/index.php\/wp-json\/wp\/v2\/types\/product"}],"replies":[{"embeddable":true,"href":"https:\/\/www.stavexpro.com\/index.php\/wp-json\/wp\/v2\/comments?post=35156"}],"wp:featuredmedia":[{"embeddable":true,"href":"https:\/\/www.stavexpro.com\/index.php\/wp-json\/wp\/v2\/media\/35256"}],"wp:attachment":[{"href":"https:\/\/www.stavexpro.com\/index.php\/wp-json\/wp\/v2\/media?parent=35156"}],"wp:term":[{"taxonomy":"product_brand","embeddable":true,"href":"https:\/\/www.stavexpro.com\/index.php\/wp-json\/wp\/v2\/product_brand?post=35156"},{"taxonomy":"product_cat","embeddable":true,"href":"https:\/\/www.stavexpro.com\/index.php\/wp-json\/wp\/v2\/product_cat?post=35156"},{"taxonomy":"product_tag","embeddable":true,"href":"https:\/\/www.stavexpro.com\/index.php\/wp-json\/wp\/v2\/product_tag?post=35156"}],"curies":[{"name":"wp","href":"https:\/\/api.w.org\/{rel}","templated":true}]}}