{"id":35178,"date":"2026-04-26T08:57:36","date_gmt":"2026-04-26T08:57:36","guid":{"rendered":""},"modified":"2026-04-26T08:57:36","modified_gmt":"2026-04-26T08:57:36","slug":"distyk-oboustranna-lepici-paska-19-mm-x-5-m-nejlepsi-cena-35178","status":"publish","type":"product","link":"https:\/\/www.stavexpro.com\/produkt\/distyk-oboustranna-lepici-paska-19-mm-x-5-m-nejlepsi-cena-35178\/","title":{"rendered":"Distyk oboustrann\u00e1 lep\u00edc\u00ed p\u00e1ska 19 mm x 5 m Nejlep\u0161\u00ed Cena"},"content":{"rendered":"<div class=\"basic-description\">\n<h3>Detailn\u00ed popis produktu<\/h3>\n<p>                                    P\u00e1ska se pou\u017e\u00edva pro okam\u017eit\u00e9, jednoduch\u00e9 a rychl\u00e9 lepen\u00ed r\u016fzn\u00fdch p\u0159edm\u011btu na sav\u00e9 i nesav\u00e9 podklady jako je d\u0159evo, r\u016fzn\u00e9 kovy, sklo, zrcadla, obklada\u010dky, plasty, umakart, polykarbon\u00e1t, p\u0159\u00edrodn\u00ed i um\u011bl\u00fd k\u00e1men apod.  Vlastnosti: Vysok\u00e1 lepivost r\u016fzn\u00fdch druh\u016f materi\u00e1l\u016f, tepeln\u00e1 odolnost lepen\u00e9ho spoje po vytvrzen\u00ed od -40\u00b0C do +70\u00b0C, mo\u017enost v\u00e1hov\u00e9ho zat\u00ed\u017een\u00ed a\u017e do 36 g\/cm2, pru\u017en\u00e1.                            <\/p><\/div>\n<div class=\"extended-description\">\n<h3>Dopl\u0148kov\u00e9 parametry<\/h3>\n<table class=\"detail-parameters\">\n<tbody>\n<tr>\n<th>        <span class=\"row-header-label\">            Kategorie<span class=\"row-header-label-colon\">:<\/span>        <\/span>    <\/th>\n<td>        Oboustrann\u00e9 a mont\u00e1\u017en\u00ed p\u00e1sky    <\/td>\n<\/tr>\n<tr>\n<th>            <span class=\"row-header-label\">                Hmotnost<span class=\"row-header-label-colon\">:<\/span>            <\/span>        <\/th>\n<td>            0.1 kg        <\/td>\n<\/tr>\n<tr class=\"productEan\">\n<th>          <span class=\"row-header-label productEan__label\">              EAN<span class=\"row-header-label-colon\">:<\/span>          <\/span>      <\/th>\n<td>          <span class=\"productEan__value\">8595100108081<\/span>      <\/td>\n<\/tr>\n<tr>\n<th>                <span class=\"row-header-label\">                                            Zna\u010dka<span class=\"row-header-label-colon\">:<\/span>                                    <\/span>            <\/th>\n<td>                                                            Distyk                                                <\/td>\n<\/tr>\n<\/tbody>\n<\/table><\/div>\n<\/p><\/div>\n<\/p><\/div>\n","protected":false},"excerpt":{"rendered":"<p>Detailn\u00ed popis produktu P\u00e1ska se pou\u017e\u00edva pro okam\u017eit\u00e9, jednoduch\u00e9 a rychl\u00e9 lepen\u00ed r\u016fzn\u00fdch p\u0159edm\u011btu na sav\u00e9 i nesav\u00e9 podklady jako je d\u0159evo, r\u016fzn\u00e9 kovy, sklo, zrcadla, obklada\u010dky, plasty, umakart, polykarbon\u00e1t, p\u0159\u00edrodn\u00ed i um\u011bl\u00fd k\u00e1men apod. Vlastnosti: Vysok\u00e1 lepivost r\u016fzn\u00fdch druh\u016f materi\u00e1l\u016f, tepeln\u00e1 odolnost lepen\u00e9ho spoje po vytvrzen\u00ed od -40\u00b0C do +70\u00b0C, mo\u017enost v\u00e1hov\u00e9ho zat\u00ed\u017een\u00ed a\u017e [&hellip;]<\/p>\n","protected":false},"featured_media":35278,"comment_status":"open","ping_status":"open","template":"","meta":[],"product_brand":[],"product_cat":[125],"product_tag":[],"class_list":{"0":"post-35178","1":"product","2":"type-product","3":"status-publish","4":"has-post-thumbnail","6":"product_cat-malirske-potreby-a-naradi","8":"first","9":"instock","10":"sale","11":"shipping-taxable","12":"purchasable","13":"product-type-simple"},"yoast_head":"<!-- This site is optimized with the Yoast SEO plugin v26.8 - https:\/\/yoast.com\/product\/yoast-seo-wordpress\/ -->\n<title>Distyk oboustrann\u00e1 lep\u00edc\u00ed p\u00e1ska 19 mm x 5 m Nejlep\u0161\u00ed Cena -<\/title>\n<meta name=\"robots\" content=\"index, follow, max-snippet:-1, max-image-preview:large, max-video-preview:-1\" \/>\n<link rel=\"canonical\" href=\"https:\/\/www.stavexpro.com\/index.php\/produkt\/distyk-oboustranna-lepici-paska-19-mm-x-5-m-nejlepsi-cena-35178\/\" \/>\n<meta property=\"og:locale\" content=\"cs_CZ\" \/>\n<meta property=\"og:type\" content=\"article\" \/>\n<meta property=\"og:title\" content=\"Distyk oboustrann\u00e1 lep\u00edc\u00ed p\u00e1ska 19 mm x 5 m Nejlep\u0161\u00ed Cena -\" \/>\n<meta property=\"og:description\" content=\"Detailn\u00ed popis produktu P\u00e1ska se pou\u017e\u00edva pro okam\u017eit\u00e9, jednoduch\u00e9 a rychl\u00e9 lepen\u00ed r\u016fzn\u00fdch p\u0159edm\u011btu na sav\u00e9 i nesav\u00e9 podklady jako je d\u0159evo, r\u016fzn\u00e9 kovy, sklo, zrcadla, obklada\u010dky, plasty, umakart, polykarbon\u00e1t, p\u0159\u00edrodn\u00ed i um\u011bl\u00fd k\u00e1men apod. Vlastnosti: Vysok\u00e1 lepivost r\u016fzn\u00fdch druh\u016f materi\u00e1l\u016f, tepeln\u00e1 odolnost lepen\u00e9ho spoje po vytvrzen\u00ed od -40\u00b0C do +70\u00b0C, mo\u017enost v\u00e1hov\u00e9ho zat\u00ed\u017een\u00ed a\u017e [&hellip;]\" \/>\n<meta property=\"og:url\" content=\"https:\/\/www.stavexpro.com\/index.php\/produkt\/distyk-oboustranna-lepici-paska-19-mm-x-5-m-nejlepsi-cena-35178\/\" \/>\n<meta property=\"og:image\" content=\"https:\/\/www.stavexpro.com\/wp-content\/uploads\/2026\/SK0000070-CZ20260425-092355-0-1777080235-big.webp\" \/>\n\t<meta property=\"og:image:width\" content=\"1024\" \/>\n\t<meta property=\"og:image:height\" content=\"768\" \/>\n\t<meta property=\"og:image:type\" content=\"image\/webp\" \/>\n<meta name=\"twitter:card\" content=\"summary_large_image\" \/>\n<script type=\"application\/ld+json\" class=\"yoast-schema-graph\">{\"@context\":\"https:\/\/schema.org\",\"@graph\":[{\"@type\":\"WebPage\",\"@id\":\"https:\/\/www.stavexpro.com\/index.php\/produkt\/distyk-oboustranna-lepici-paska-19-mm-x-5-m-nejlepsi-cena-35178\/\",\"url\":\"https:\/\/www.stavexpro.com\/index.php\/produkt\/distyk-oboustranna-lepici-paska-19-mm-x-5-m-nejlepsi-cena-35178\/\",\"name\":\"Distyk oboustrann\u00e1 lep\u00edc\u00ed p\u00e1ska 19 mm x 5 m Nejlep\u0161\u00ed Cena -\",\"isPartOf\":{\"@id\":\"https:\/\/www.stavexpro.com\/#website\"},\"primaryImageOfPage\":{\"@id\":\"https:\/\/www.stavexpro.com\/index.php\/produkt\/distyk-oboustranna-lepici-paska-19-mm-x-5-m-nejlepsi-cena-35178\/#primaryimage\"},\"image\":{\"@id\":\"https:\/\/www.stavexpro.com\/index.php\/produkt\/distyk-oboustranna-lepici-paska-19-mm-x-5-m-nejlepsi-cena-35178\/#primaryimage\"},\"thumbnailUrl\":\"https:\/\/www.stavexpro.com\/wp-content\/uploads\/2026\/SK0000070-CZ20260425-092355-0-1777080235-big.webp\",\"datePublished\":\"2026-04-26T08:57:36+00:00\",\"breadcrumb\":{\"@id\":\"https:\/\/www.stavexpro.com\/index.php\/produkt\/distyk-oboustranna-lepici-paska-19-mm-x-5-m-nejlepsi-cena-35178\/#breadcrumb\"},\"inLanguage\":\"cs\",\"potentialAction\":[{\"@type\":\"ReadAction\",\"target\":[\"https:\/\/www.stavexpro.com\/index.php\/produkt\/distyk-oboustranna-lepici-paska-19-mm-x-5-m-nejlepsi-cena-35178\/\"]}]},{\"@type\":\"ImageObject\",\"inLanguage\":\"cs\",\"@id\":\"https:\/\/www.stavexpro.com\/index.php\/produkt\/distyk-oboustranna-lepici-paska-19-mm-x-5-m-nejlepsi-cena-35178\/#primaryimage\",\"url\":\"https:\/\/www.stavexpro.com\/wp-content\/uploads\/2026\/SK0000070-CZ20260425-092355-0-1777080235-big.webp\",\"contentUrl\":\"https:\/\/www.stavexpro.com\/wp-content\/uploads\/2026\/SK0000070-CZ20260425-092355-0-1777080235-big.webp\",\"width\":1024,\"height\":768},{\"@type\":\"BreadcrumbList\",\"@id\":\"https:\/\/www.stavexpro.com\/index.php\/produkt\/distyk-oboustranna-lepici-paska-19-mm-x-5-m-nejlepsi-cena-35178\/#breadcrumb\",\"itemListElement\":[{\"@type\":\"ListItem\",\"position\":1,\"name\":\"Home\",\"item\":\"https:\/\/www.stavexpro.com\/\"},{\"@type\":\"ListItem\",\"position\":2,\"name\":\"Products\",\"item\":\"https:\/\/www.stavexpro.com\/index.php\/products\/\"},{\"@type\":\"ListItem\",\"position\":3,\"name\":\"Distyk oboustrann\u00e1 lep\u00edc\u00ed p\u00e1ska 19 mm x 5 m Nejlep\u0161\u00ed Cena\"}]},{\"@type\":\"WebSite\",\"@id\":\"https:\/\/www.stavexpro.com\/#website\",\"url\":\"https:\/\/www.stavexpro.com\/\",\"name\":\"\",\"description\":\"\",\"potentialAction\":[{\"@type\":\"SearchAction\",\"target\":{\"@type\":\"EntryPoint\",\"urlTemplate\":\"https:\/\/www.stavexpro.com\/?s={search_term_string}\"},\"query-input\":{\"@type\":\"PropertyValueSpecification\",\"valueRequired\":true,\"valueName\":\"search_term_string\"}}],\"inLanguage\":\"cs\"}]}<\/script>\n<!-- \/ Yoast SEO plugin. -->","yoast_head_json":{"title":"Distyk oboustrann\u00e1 lep\u00edc\u00ed p\u00e1ska 19 mm x 5 m Nejlep\u0161\u00ed Cena -","robots":{"index":"index","follow":"follow","max-snippet":"max-snippet:-1","max-image-preview":"max-image-preview:large","max-video-preview":"max-video-preview:-1"},"canonical":"https:\/\/www.stavexpro.com\/index.php\/produkt\/distyk-oboustranna-lepici-paska-19-mm-x-5-m-nejlepsi-cena-35178\/","og_locale":"cs_CZ","og_type":"article","og_title":"Distyk oboustrann\u00e1 lep\u00edc\u00ed p\u00e1ska 19 mm x 5 m Nejlep\u0161\u00ed Cena -","og_description":"Detailn\u00ed popis produktu P\u00e1ska se pou\u017e\u00edva pro okam\u017eit\u00e9, jednoduch\u00e9 a rychl\u00e9 lepen\u00ed r\u016fzn\u00fdch p\u0159edm\u011btu na sav\u00e9 i nesav\u00e9 podklady jako je d\u0159evo, r\u016fzn\u00e9 kovy, sklo, zrcadla, obklada\u010dky, plasty, umakart, polykarbon\u00e1t, p\u0159\u00edrodn\u00ed i um\u011bl\u00fd k\u00e1men apod. Vlastnosti: Vysok\u00e1 lepivost r\u016fzn\u00fdch druh\u016f materi\u00e1l\u016f, tepeln\u00e1 odolnost lepen\u00e9ho spoje po vytvrzen\u00ed od -40\u00b0C do +70\u00b0C, mo\u017enost v\u00e1hov\u00e9ho zat\u00ed\u017een\u00ed a\u017e [&hellip;]","og_url":"https:\/\/www.stavexpro.com\/index.php\/produkt\/distyk-oboustranna-lepici-paska-19-mm-x-5-m-nejlepsi-cena-35178\/","og_image":[{"width":1024,"height":768,"url":"https:\/\/www.stavexpro.com\/wp-content\/uploads\/2026\/SK0000070-CZ20260425-092355-0-1777080235-big.webp","type":"image\/webp"}],"twitter_card":"summary_large_image","schema":{"@context":"https:\/\/schema.org","@graph":[{"@type":"WebPage","@id":"https:\/\/www.stavexpro.com\/index.php\/produkt\/distyk-oboustranna-lepici-paska-19-mm-x-5-m-nejlepsi-cena-35178\/","url":"https:\/\/www.stavexpro.com\/index.php\/produkt\/distyk-oboustranna-lepici-paska-19-mm-x-5-m-nejlepsi-cena-35178\/","name":"Distyk oboustrann\u00e1 lep\u00edc\u00ed p\u00e1ska 19 mm x 5 m Nejlep\u0161\u00ed Cena -","isPartOf":{"@id":"https:\/\/www.stavexpro.com\/#website"},"primaryImageOfPage":{"@id":"https:\/\/www.stavexpro.com\/index.php\/produkt\/distyk-oboustranna-lepici-paska-19-mm-x-5-m-nejlepsi-cena-35178\/#primaryimage"},"image":{"@id":"https:\/\/www.stavexpro.com\/index.php\/produkt\/distyk-oboustranna-lepici-paska-19-mm-x-5-m-nejlepsi-cena-35178\/#primaryimage"},"thumbnailUrl":"https:\/\/www.stavexpro.com\/wp-content\/uploads\/2026\/SK0000070-CZ20260425-092355-0-1777080235-big.webp","datePublished":"2026-04-26T08:57:36+00:00","breadcrumb":{"@id":"https:\/\/www.stavexpro.com\/index.php\/produkt\/distyk-oboustranna-lepici-paska-19-mm-x-5-m-nejlepsi-cena-35178\/#breadcrumb"},"inLanguage":"cs","potentialAction":[{"@type":"ReadAction","target":["https:\/\/www.stavexpro.com\/index.php\/produkt\/distyk-oboustranna-lepici-paska-19-mm-x-5-m-nejlepsi-cena-35178\/"]}]},{"@type":"ImageObject","inLanguage":"cs","@id":"https:\/\/www.stavexpro.com\/index.php\/produkt\/distyk-oboustranna-lepici-paska-19-mm-x-5-m-nejlepsi-cena-35178\/#primaryimage","url":"https:\/\/www.stavexpro.com\/wp-content\/uploads\/2026\/SK0000070-CZ20260425-092355-0-1777080235-big.webp","contentUrl":"https:\/\/www.stavexpro.com\/wp-content\/uploads\/2026\/SK0000070-CZ20260425-092355-0-1777080235-big.webp","width":1024,"height":768},{"@type":"BreadcrumbList","@id":"https:\/\/www.stavexpro.com\/index.php\/produkt\/distyk-oboustranna-lepici-paska-19-mm-x-5-m-nejlepsi-cena-35178\/#breadcrumb","itemListElement":[{"@type":"ListItem","position":1,"name":"Home","item":"https:\/\/www.stavexpro.com\/"},{"@type":"ListItem","position":2,"name":"Products","item":"https:\/\/www.stavexpro.com\/index.php\/products\/"},{"@type":"ListItem","position":3,"name":"Distyk oboustrann\u00e1 lep\u00edc\u00ed p\u00e1ska 19 mm x 5 m Nejlep\u0161\u00ed Cena"}]},{"@type":"WebSite","@id":"https:\/\/www.stavexpro.com\/#website","url":"https:\/\/www.stavexpro.com\/","name":"","description":"","potentialAction":[{"@type":"SearchAction","target":{"@type":"EntryPoint","urlTemplate":"https:\/\/www.stavexpro.com\/?s={search_term_string}"},"query-input":{"@type":"PropertyValueSpecification","valueRequired":true,"valueName":"search_term_string"}}],"inLanguage":"cs"}]}},"_links":{"self":[{"href":"https:\/\/www.stavexpro.com\/wp-json\/wp\/v2\/product\/35178","targetHints":{"allow":["GET"]}}],"collection":[{"href":"https:\/\/www.stavexpro.com\/wp-json\/wp\/v2\/product"}],"about":[{"href":"https:\/\/www.stavexpro.com\/wp-json\/wp\/v2\/types\/product"}],"replies":[{"embeddable":true,"href":"https:\/\/www.stavexpro.com\/wp-json\/wp\/v2\/comments?post=35178"}],"wp:featuredmedia":[{"embeddable":true,"href":"https:\/\/www.stavexpro.com\/wp-json\/wp\/v2\/media\/35278"}],"wp:attachment":[{"href":"https:\/\/www.stavexpro.com\/wp-json\/wp\/v2\/media?parent=35178"}],"wp:term":[{"taxonomy":"product_brand","embeddable":true,"href":"https:\/\/www.stavexpro.com\/wp-json\/wp\/v2\/product_brand?post=35178"},{"taxonomy":"product_cat","embeddable":true,"href":"https:\/\/www.stavexpro.com\/wp-json\/wp\/v2\/product_cat?post=35178"},{"taxonomy":"product_tag","embeddable":true,"href":"https:\/\/www.stavexpro.com\/wp-json\/wp\/v2\/product_tag?post=35178"}],"curies":[{"name":"wp","href":"https:\/\/api.w.org\/{rel}","templated":true}]}}