{"id":40380,"date":"2026-04-26T08:58:37","date_gmt":"2026-04-26T08:58:37","guid":{"rendered":""},"modified":"2026-04-26T08:58:37","modified_gmt":"2026-04-26T08:58:37","slug":"koupit-online-3m-09374-brusna-pasta-hruba-fast-cut-1l-40380","status":"publish","type":"product","link":"https:\/\/www.stavexpro.com\/produkt\/koupit-online-3m-09374-brusna-pasta-hruba-fast-cut-1l-40380\/","title":{"rendered":"Koupit Online 3M 09374 Brusn\u00e1 pasta hrub\u00e1 Fast Cut 1l"},"content":{"rendered":"<div class=\"filters-tab-box__left\">\n<h2>3M perfect-it Fast cut pasta hrub\u00e1<\/h2>\n<p>3M pasta hrub\u00e1 v\u00fdborn\u011b <b>odstra\u0148uje stopy po jemn\u00e9m brou\u0161en\u00ed P1200 &#8211; P2000<\/b>. Barevn\u011b ozna\u010den\u00e9 v\u00ed\u010dko pro zvolen\u00ed vhodn\u00e9ho le\u0161t\u00edc\u00ed kotou\u010de stejn\u011b barvy. <b>Vhodn\u00e1 pro v\u0161echny druhy lak\u016f.<\/b> Vhodn\u00e1 tak\u00e9 na velmi problematick\u00e9 povrchy. Doporu\u010den\u00e1 pracovn\u00ed teplota je <b>15 a\u017e 25 \u00b0C.<\/b><\/p>\n<h3>Kl\u00ed\u010dov\u00e9 vlastnosti<\/h3>\n<ul class=\"vlastnosti\">\n<li>Odstra\u0148uje stopy po hrub\u00e9m le\u0161t\u011bn\u00ed nebo zn\u00e1mky zv\u011btr\u00e1n\u00ed laku<\/li>\n<li>Barevn\u011b ozna\u010den\u00e9 v\u00ed\u010dko pro zvolen\u00ed vhodn\u00e9ho le\u0161t\u00edc\u00ed kotou\u010de stejn\u011b barvy<\/li>\n<li><b>Vhodn\u00e1 pro v\u0161echny druhy lak\u016f<\/b><\/li>\n<li>Vhodn\u00e1<b> na velmi problematick\u00e9 povrchy<\/b><\/li>\n<li>Doporu\u010den\u00e1 pracovn\u00ed teplota je ide\u00e1ln\u011b <b>15 a\u017e 25\u00b0C<\/b><\/li>\n<\/ul>\n<h3>Pou\u017eit\u00ed<\/h3>\n<ul class=\"pouziti\"i>\n<li>Manu\u00e1ln\u011b  mechanicky &#8211; rota\u010dn\u011b i excentricky<\/li>\n<li>V p\u0159\u00edpad\u011b velk\u00e9ho povrchu se vyplat\u00ed pracovat po men\u0161\u00edch \u010d\u00e1stech<\/li>\n<li>Naneste sm\u011bs na le\u0161t\u00edc\u00ed podlo\u017eku (povrch mus\u00ed b\u00fdt p\u0159i le\u0161t\u011bn\u00ed st\u00e1le mokr\u00fd)<\/li>\n<li>V p\u0159\u00edpad\u011b le\u0161ti\u010dky pro spr\u00e1vn\u00e9 rozprost\u0159en\u00ed sm\u011bsi pracujte nejprve v rozsahu n\u00edzk\u00fdch ot\u00e1\u010dek 600 &#8211; 800 ot. \/ min.<\/li>\n<li>Postupn\u011b zvy\u0161ujte ot\u00e1\u010dky na maximum (2500 ot.\/min.)<\/li>\n<li>Pokra\u010dujte v le\u0161t\u011bn\u00ed dokud nebudou odstran\u011bny v\u0161echny nedokonalosti<\/li>\n<li>Po vyle\u0161t\u011bn\u00ed odstra\u0148te zbytky sm\u011bsi \u010dist\u00fdm had\u0159\u00edkem z mikrovl\u00e1kna<\/li>\n<li>Okoln\u00ed plastov\u00e9 d\u00edly je t\u0159eba p\u0159edem zamaskovat nebo o\u010distit vlhk\u00fdm had\u0159\u00edkem z mikrovl\u00e1kna ihned po le\u0161t\u011bn\u00ed<\/li>\n<\/ul><\/div>\n<div class=\"filters-tab-box__right\">\n<h2>Parametry<\/h2>\n<table>\n<tbody>\n<tr>\n<td>V&#253;robce                                            :                                        <\/td>\n<td>                                            3M                                        <\/td>\n<\/tr>\n<tr>\n<td>Balen&#237;                                            :                                        <\/td>\n<td>                                            1l                                        <\/td>\n<\/tr>\n<tr>\n<td>Objem                                            :                                        <\/td>\n<td>1 l                                        <\/td>\n<\/tr>\n<\/tbody>\n<\/table><\/div>\n<\/p><\/div>\n","protected":false},"excerpt":{"rendered":"<p>3M perfect-it Fast cut pasta hrub\u00e1 3M pasta hrub\u00e1 v\u00fdborn\u011b odstra\u0148uje stopy po jemn\u00e9m brou\u0161en\u00ed P1200 &#8211; P2000. Barevn\u011b ozna\u010den\u00e9 v\u00ed\u010dko pro zvolen\u00ed vhodn\u00e9ho le\u0161t\u00edc\u00ed kotou\u010de stejn\u011b barvy. Vhodn\u00e1 pro v\u0161echny druhy lak\u016f. Vhodn\u00e1 tak\u00e9 na velmi problematick\u00e9 povrchy. Doporu\u010den\u00e1 pracovn\u00ed teplota je 15 a\u017e 25 \u00b0C. Kl\u00ed\u010dov\u00e9 vlastnosti Odstra\u0148uje stopy po hrub\u00e9m le\u0161t\u011bn\u00ed nebo [&hellip;]<\/p>\n","protected":false},"featured_media":40480,"comment_status":"open","ping_status":"open","template":"","meta":[],"product_brand":[],"product_cat":[134],"product_tag":[],"class_list":{"0":"post-40380","1":"product","2":"type-product","3":"status-publish","4":"has-post-thumbnail","6":"product_cat-autolaky","8":"first","9":"instock","10":"sale","11":"shipping-taxable","12":"purchasable","13":"product-type-simple"},"yoast_head":"<!-- This site is optimized with the Yoast SEO plugin v26.8 - https:\/\/yoast.com\/product\/yoast-seo-wordpress\/ -->\n<title>Koupit Online 3M 09374 Brusn\u00e1 pasta hrub\u00e1 Fast Cut 1l -<\/title>\n<meta name=\"robots\" content=\"index, follow, max-snippet:-1, max-image-preview:large, max-video-preview:-1\" \/>\n<link rel=\"canonical\" href=\"https:\/\/www.stavexpro.com\/index.php\/produkt\/koupit-online-3m-09374-brusna-pasta-hruba-fast-cut-1l-40380\/\" \/>\n<meta property=\"og:locale\" content=\"cs_CZ\" \/>\n<meta property=\"og:type\" content=\"article\" \/>\n<meta property=\"og:title\" content=\"Koupit Online 3M 09374 Brusn\u00e1 pasta hrub\u00e1 Fast Cut 1l -\" \/>\n<meta property=\"og:description\" content=\"3M perfect-it Fast cut pasta hrub\u00e1 3M pasta hrub\u00e1 v\u00fdborn\u011b odstra\u0148uje stopy po jemn\u00e9m brou\u0161en\u00ed P1200 &#8211; P2000. Barevn\u011b ozna\u010den\u00e9 v\u00ed\u010dko pro zvolen\u00ed vhodn\u00e9ho le\u0161t\u00edc\u00ed kotou\u010de stejn\u011b barvy. Vhodn\u00e1 pro v\u0161echny druhy lak\u016f. Vhodn\u00e1 tak\u00e9 na velmi problematick\u00e9 povrchy. Doporu\u010den\u00e1 pracovn\u00ed teplota je 15 a\u017e 25 \u00b0C. Kl\u00ed\u010dov\u00e9 vlastnosti Odstra\u0148uje stopy po hrub\u00e9m le\u0161t\u011bn\u00ed nebo [&hellip;]\" \/>\n<meta property=\"og:url\" content=\"https:\/\/www.stavexpro.com\/index.php\/produkt\/koupit-online-3m-09374-brusna-pasta-hruba-fast-cut-1l-40380\/\" \/>\n<meta property=\"og:image\" content=\"https:\/\/www.stavexpro.com\/wp-content\/uploads\/2026\/SK0000012-CZ20260425-092455-0-1777080297-image_of_object.webp\" \/>\n\t<meta property=\"og:image:width\" content=\"400\" \/>\n\t<meta property=\"og:image:height\" content=\"300\" \/>\n\t<meta property=\"og:image:type\" content=\"image\/webp\" \/>\n<meta name=\"twitter:card\" content=\"summary_large_image\" \/>\n<meta name=\"twitter:label1\" content=\"Odhadovan\u00e1 doba \u010dten\u00ed\" \/>\n\t<meta name=\"twitter:data1\" content=\"1 minuta\" \/>\n<script type=\"application\/ld+json\" class=\"yoast-schema-graph\">{\"@context\":\"https:\/\/schema.org\",\"@graph\":[{\"@type\":\"WebPage\",\"@id\":\"https:\/\/www.stavexpro.com\/index.php\/produkt\/koupit-online-3m-09374-brusna-pasta-hruba-fast-cut-1l-40380\/\",\"url\":\"https:\/\/www.stavexpro.com\/index.php\/produkt\/koupit-online-3m-09374-brusna-pasta-hruba-fast-cut-1l-40380\/\",\"name\":\"Koupit Online 3M 09374 Brusn\u00e1 pasta hrub\u00e1 Fast Cut 1l -\",\"isPartOf\":{\"@id\":\"https:\/\/www.stavexpro.com\/#website\"},\"primaryImageOfPage\":{\"@id\":\"https:\/\/www.stavexpro.com\/index.php\/produkt\/koupit-online-3m-09374-brusna-pasta-hruba-fast-cut-1l-40380\/#primaryimage\"},\"image\":{\"@id\":\"https:\/\/www.stavexpro.com\/index.php\/produkt\/koupit-online-3m-09374-brusna-pasta-hruba-fast-cut-1l-40380\/#primaryimage\"},\"thumbnailUrl\":\"https:\/\/www.stavexpro.com\/wp-content\/uploads\/2026\/SK0000012-CZ20260425-092455-0-1777080297-image_of_object.webp\",\"datePublished\":\"2026-04-26T08:58:37+00:00\",\"breadcrumb\":{\"@id\":\"https:\/\/www.stavexpro.com\/index.php\/produkt\/koupit-online-3m-09374-brusna-pasta-hruba-fast-cut-1l-40380\/#breadcrumb\"},\"inLanguage\":\"cs\",\"potentialAction\":[{\"@type\":\"ReadAction\",\"target\":[\"https:\/\/www.stavexpro.com\/index.php\/produkt\/koupit-online-3m-09374-brusna-pasta-hruba-fast-cut-1l-40380\/\"]}]},{\"@type\":\"ImageObject\",\"inLanguage\":\"cs\",\"@id\":\"https:\/\/www.stavexpro.com\/index.php\/produkt\/koupit-online-3m-09374-brusna-pasta-hruba-fast-cut-1l-40380\/#primaryimage\",\"url\":\"https:\/\/www.stavexpro.com\/wp-content\/uploads\/2026\/SK0000012-CZ20260425-092455-0-1777080297-image_of_object.webp\",\"contentUrl\":\"https:\/\/www.stavexpro.com\/wp-content\/uploads\/2026\/SK0000012-CZ20260425-092455-0-1777080297-image_of_object.webp\",\"width\":400,\"height\":300},{\"@type\":\"BreadcrumbList\",\"@id\":\"https:\/\/www.stavexpro.com\/index.php\/produkt\/koupit-online-3m-09374-brusna-pasta-hruba-fast-cut-1l-40380\/#breadcrumb\",\"itemListElement\":[{\"@type\":\"ListItem\",\"position\":1,\"name\":\"Home\",\"item\":\"https:\/\/www.stavexpro.com\/\"},{\"@type\":\"ListItem\",\"position\":2,\"name\":\"Products\",\"item\":\"https:\/\/www.stavexpro.com\/index.php\/products\/\"},{\"@type\":\"ListItem\",\"position\":3,\"name\":\"Koupit Online 3M 09374 Brusn\u00e1 pasta hrub\u00e1 Fast Cut 1l\"}]},{\"@type\":\"WebSite\",\"@id\":\"https:\/\/www.stavexpro.com\/#website\",\"url\":\"https:\/\/www.stavexpro.com\/\",\"name\":\"\",\"description\":\"\",\"potentialAction\":[{\"@type\":\"SearchAction\",\"target\":{\"@type\":\"EntryPoint\",\"urlTemplate\":\"https:\/\/www.stavexpro.com\/?s={search_term_string}\"},\"query-input\":{\"@type\":\"PropertyValueSpecification\",\"valueRequired\":true,\"valueName\":\"search_term_string\"}}],\"inLanguage\":\"cs\"}]}<\/script>\n<!-- \/ Yoast SEO plugin. -->","yoast_head_json":{"title":"Koupit Online 3M 09374 Brusn\u00e1 pasta hrub\u00e1 Fast Cut 1l -","robots":{"index":"index","follow":"follow","max-snippet":"max-snippet:-1","max-image-preview":"max-image-preview:large","max-video-preview":"max-video-preview:-1"},"canonical":"https:\/\/www.stavexpro.com\/index.php\/produkt\/koupit-online-3m-09374-brusna-pasta-hruba-fast-cut-1l-40380\/","og_locale":"cs_CZ","og_type":"article","og_title":"Koupit Online 3M 09374 Brusn\u00e1 pasta hrub\u00e1 Fast Cut 1l -","og_description":"3M perfect-it Fast cut pasta hrub\u00e1 3M pasta hrub\u00e1 v\u00fdborn\u011b odstra\u0148uje stopy po jemn\u00e9m brou\u0161en\u00ed P1200 &#8211; P2000. Barevn\u011b ozna\u010den\u00e9 v\u00ed\u010dko pro zvolen\u00ed vhodn\u00e9ho le\u0161t\u00edc\u00ed kotou\u010de stejn\u011b barvy. Vhodn\u00e1 pro v\u0161echny druhy lak\u016f. Vhodn\u00e1 tak\u00e9 na velmi problematick\u00e9 povrchy. Doporu\u010den\u00e1 pracovn\u00ed teplota je 15 a\u017e 25 \u00b0C. Kl\u00ed\u010dov\u00e9 vlastnosti Odstra\u0148uje stopy po hrub\u00e9m le\u0161t\u011bn\u00ed nebo [&hellip;]","og_url":"https:\/\/www.stavexpro.com\/index.php\/produkt\/koupit-online-3m-09374-brusna-pasta-hruba-fast-cut-1l-40380\/","og_image":[{"width":400,"height":300,"url":"https:\/\/www.stavexpro.com\/wp-content\/uploads\/2026\/SK0000012-CZ20260425-092455-0-1777080297-image_of_object.webp","type":"image\/webp"}],"twitter_card":"summary_large_image","twitter_misc":{"Odhadovan\u00e1 doba \u010dten\u00ed":"1 minuta"},"schema":{"@context":"https:\/\/schema.org","@graph":[{"@type":"WebPage","@id":"https:\/\/www.stavexpro.com\/index.php\/produkt\/koupit-online-3m-09374-brusna-pasta-hruba-fast-cut-1l-40380\/","url":"https:\/\/www.stavexpro.com\/index.php\/produkt\/koupit-online-3m-09374-brusna-pasta-hruba-fast-cut-1l-40380\/","name":"Koupit Online 3M 09374 Brusn\u00e1 pasta hrub\u00e1 Fast Cut 1l -","isPartOf":{"@id":"https:\/\/www.stavexpro.com\/#website"},"primaryImageOfPage":{"@id":"https:\/\/www.stavexpro.com\/index.php\/produkt\/koupit-online-3m-09374-brusna-pasta-hruba-fast-cut-1l-40380\/#primaryimage"},"image":{"@id":"https:\/\/www.stavexpro.com\/index.php\/produkt\/koupit-online-3m-09374-brusna-pasta-hruba-fast-cut-1l-40380\/#primaryimage"},"thumbnailUrl":"https:\/\/www.stavexpro.com\/wp-content\/uploads\/2026\/SK0000012-CZ20260425-092455-0-1777080297-image_of_object.webp","datePublished":"2026-04-26T08:58:37+00:00","breadcrumb":{"@id":"https:\/\/www.stavexpro.com\/index.php\/produkt\/koupit-online-3m-09374-brusna-pasta-hruba-fast-cut-1l-40380\/#breadcrumb"},"inLanguage":"cs","potentialAction":[{"@type":"ReadAction","target":["https:\/\/www.stavexpro.com\/index.php\/produkt\/koupit-online-3m-09374-brusna-pasta-hruba-fast-cut-1l-40380\/"]}]},{"@type":"ImageObject","inLanguage":"cs","@id":"https:\/\/www.stavexpro.com\/index.php\/produkt\/koupit-online-3m-09374-brusna-pasta-hruba-fast-cut-1l-40380\/#primaryimage","url":"https:\/\/www.stavexpro.com\/wp-content\/uploads\/2026\/SK0000012-CZ20260425-092455-0-1777080297-image_of_object.webp","contentUrl":"https:\/\/www.stavexpro.com\/wp-content\/uploads\/2026\/SK0000012-CZ20260425-092455-0-1777080297-image_of_object.webp","width":400,"height":300},{"@type":"BreadcrumbList","@id":"https:\/\/www.stavexpro.com\/index.php\/produkt\/koupit-online-3m-09374-brusna-pasta-hruba-fast-cut-1l-40380\/#breadcrumb","itemListElement":[{"@type":"ListItem","position":1,"name":"Home","item":"https:\/\/www.stavexpro.com\/"},{"@type":"ListItem","position":2,"name":"Products","item":"https:\/\/www.stavexpro.com\/index.php\/products\/"},{"@type":"ListItem","position":3,"name":"Koupit Online 3M 09374 Brusn\u00e1 pasta hrub\u00e1 Fast Cut 1l"}]},{"@type":"WebSite","@id":"https:\/\/www.stavexpro.com\/#website","url":"https:\/\/www.stavexpro.com\/","name":"","description":"","potentialAction":[{"@type":"SearchAction","target":{"@type":"EntryPoint","urlTemplate":"https:\/\/www.stavexpro.com\/?s={search_term_string}"},"query-input":{"@type":"PropertyValueSpecification","valueRequired":true,"valueName":"search_term_string"}}],"inLanguage":"cs"}]}},"_links":{"self":[{"href":"https:\/\/www.stavexpro.com\/wp-json\/wp\/v2\/product\/40380","targetHints":{"allow":["GET"]}}],"collection":[{"href":"https:\/\/www.stavexpro.com\/wp-json\/wp\/v2\/product"}],"about":[{"href":"https:\/\/www.stavexpro.com\/wp-json\/wp\/v2\/types\/product"}],"replies":[{"embeddable":true,"href":"https:\/\/www.stavexpro.com\/wp-json\/wp\/v2\/comments?post=40380"}],"wp:featuredmedia":[{"embeddable":true,"href":"https:\/\/www.stavexpro.com\/wp-json\/wp\/v2\/media\/40480"}],"wp:attachment":[{"href":"https:\/\/www.stavexpro.com\/wp-json\/wp\/v2\/media?parent=40380"}],"wp:term":[{"taxonomy":"product_brand","embeddable":true,"href":"https:\/\/www.stavexpro.com\/wp-json\/wp\/v2\/product_brand?post=40380"},{"taxonomy":"product_cat","embeddable":true,"href":"https:\/\/www.stavexpro.com\/wp-json\/wp\/v2\/product_cat?post=40380"},{"taxonomy":"product_tag","embeddable":true,"href":"https:\/\/www.stavexpro.com\/wp-json\/wp\/v2\/product_tag?post=40380"}],"curies":[{"name":"wp","href":"https:\/\/api.w.org\/{rel}","templated":true}]}}