{"id":40384,"date":"2026-04-26T08:58:37","date_gmt":"2026-04-26T08:58:37","guid":{"rendered":""},"modified":"2026-04-26T08:58:37","modified_gmt":"2026-04-26T08:58:37","slug":"3m-antistaticka-uterka-aqua-43x30-cm-10-ks-finalni-vyprodej-40384","status":"publish","type":"product","link":"https:\/\/www.stavexpro.com\/produkt\/3m-antistaticka-uterka-aqua-43x30-cm-10-ks-finalni-vyprodej-40384\/","title":{"rendered":"3M Antistatick\u00e1 ut\u011brka Aqua 43&#215;30 cm 10 ks Fin\u00e1ln\u00ed V\u00fdprodej"},"content":{"rendered":"<div class=\"filters-tab-box__left\">\n<h2>3M Ut\u011brka antistatick\u00e1 aqua<\/h2>\n<p><b>Vlh\u010den\u00e1 antistatick\u00e1 ut\u011brka<\/b> v uzav\u00edrateln\u00e9m balen\u00ed. <b>Ut\u011brka neobsahuje rozpou\u0161t\u011bdla<\/b>. Vhodn\u00e1 pro odstran\u011bn\u00ed prachov\u00fdch \u010d\u00e1stic t\u011bsn\u011b p\u0159ed lakov\u00e1n\u00edm. Dokonale shroma\u017e\u010fuje a zadr\u017euje mal\u00e9 \u010d\u00e1stice. <b>Nezanech\u00e1v\u00e1 na povrchu \u0161mouhy a minim\u00e1ln\u011b pou\u0161t\u00ed vl\u00e1kno<\/b>. Perfektn\u00ed pro velk\u00e9 plochy. Baleno po 10 kusech ve znovu uzav\u00edrateln\u00e9m obalu.<\/p>\n<h3>Kl\u00ed\u010dov\u00e9 vlastnosti<\/h3>\n<ul class=\"vlastnosti\">\n<li><b>Vlh\u010den\u00e1 antistatick\u00e1 ut\u011brka<\/b> v uzav\u00edrateln\u00e9m balen\u00ed<\/li>\n<li><b>Neobsahuje rozpou\u0161t\u011bdla<\/b><\/li>\n<li>Pro odstran\u011bn\u00ed prachov\u00fdch \u010d\u00e1stic t\u011bsn\u011b p\u0159ed lakov\u00e1n\u00edm<\/li>\n<li>Shroma\u017e\u010fuje a zadr\u017euje mal\u00e9 \u010d\u00e1stice<\/li>\n<li><b>Nezanech\u00e1v\u00e1 na povrchu \u0161mouhy a minim\u00e1ln\u011b pou\u0161t\u00ed vl\u00e1kno<\/b><\/li>\n<li>Perfektn\u00ed pro velk\u00e9 plochy<\/li>\n<li>V balen\u00ed po 10 ks<\/li>\n<\/ul><\/div>\n<div class=\"filters-tab-box__right\">\n<h2>Parametry<\/h2>\n<table>\n<tbody>\n<tr>\n<td>V&#253;robce                                            :                                        <\/td>\n<td>                                            3M                                        <\/td>\n<\/tr>\n<tr>\n<td>Rozm\u011bry                                            :                                        <\/td>\n<td>                                            43 &#215; 30 cm                                        <\/td>\n<\/tr>\n<\/tbody>\n<\/table><\/div>\n<\/p><\/div>\n","protected":false},"excerpt":{"rendered":"<p>3M Ut\u011brka antistatick\u00e1 aqua Vlh\u010den\u00e1 antistatick\u00e1 ut\u011brka v uzav\u00edrateln\u00e9m balen\u00ed. Ut\u011brka neobsahuje rozpou\u0161t\u011bdla. Vhodn\u00e1 pro odstran\u011bn\u00ed prachov\u00fdch \u010d\u00e1stic t\u011bsn\u011b p\u0159ed lakov\u00e1n\u00edm. Dokonale shroma\u017e\u010fuje a zadr\u017euje mal\u00e9 \u010d\u00e1stice. Nezanech\u00e1v\u00e1 na povrchu \u0161mouhy a minim\u00e1ln\u011b pou\u0161t\u00ed vl\u00e1kno. Perfektn\u00ed pro velk\u00e9 plochy. Baleno po 10 kusech ve znovu uzav\u00edrateln\u00e9m obalu. Kl\u00ed\u010dov\u00e9 vlastnosti Vlh\u010den\u00e1 antistatick\u00e1 ut\u011brka v uzav\u00edrateln\u00e9m balen\u00ed [&hellip;]<\/p>\n","protected":false},"featured_media":40484,"comment_status":"open","ping_status":"open","template":"","meta":[],"product_brand":[],"product_cat":[134],"product_tag":[],"class_list":{"0":"post-40384","1":"product","2":"type-product","3":"status-publish","4":"has-post-thumbnail","6":"product_cat-autolaky","8":"first","9":"instock","10":"sale","11":"shipping-taxable","12":"purchasable","13":"product-type-simple"},"yoast_head":"<!-- This site is optimized with the Yoast SEO plugin v26.8 - https:\/\/yoast.com\/product\/yoast-seo-wordpress\/ -->\n<title>3M Antistatick\u00e1 ut\u011brka Aqua 43x30 cm 10 ks Fin\u00e1ln\u00ed V\u00fdprodej -<\/title>\n<meta name=\"robots\" content=\"index, follow, max-snippet:-1, max-image-preview:large, max-video-preview:-1\" \/>\n<link rel=\"canonical\" href=\"https:\/\/www.stavexpro.com\/index.php\/produkt\/3m-antistaticka-uterka-aqua-43x30-cm-10-ks-finalni-vyprodej-40384\/\" \/>\n<meta property=\"og:locale\" content=\"cs_CZ\" \/>\n<meta property=\"og:type\" content=\"article\" \/>\n<meta property=\"og:title\" content=\"3M Antistatick\u00e1 ut\u011brka Aqua 43x30 cm 10 ks Fin\u00e1ln\u00ed V\u00fdprodej -\" \/>\n<meta property=\"og:description\" content=\"3M Ut\u011brka antistatick\u00e1 aqua Vlh\u010den\u00e1 antistatick\u00e1 ut\u011brka v uzav\u00edrateln\u00e9m balen\u00ed. Ut\u011brka neobsahuje rozpou\u0161t\u011bdla. Vhodn\u00e1 pro odstran\u011bn\u00ed prachov\u00fdch \u010d\u00e1stic t\u011bsn\u011b p\u0159ed lakov\u00e1n\u00edm. Dokonale shroma\u017e\u010fuje a zadr\u017euje mal\u00e9 \u010d\u00e1stice. Nezanech\u00e1v\u00e1 na povrchu \u0161mouhy a minim\u00e1ln\u011b pou\u0161t\u00ed vl\u00e1kno. Perfektn\u00ed pro velk\u00e9 plochy. Baleno po 10 kusech ve znovu uzav\u00edrateln\u00e9m obalu. Kl\u00ed\u010dov\u00e9 vlastnosti Vlh\u010den\u00e1 antistatick\u00e1 ut\u011brka v uzav\u00edrateln\u00e9m balen\u00ed [&hellip;]\" \/>\n<meta property=\"og:url\" content=\"https:\/\/www.stavexpro.com\/index.php\/produkt\/3m-antistaticka-uterka-aqua-43x30-cm-10-ks-finalni-vyprodej-40384\/\" \/>\n<meta property=\"og:image\" content=\"https:\/\/www.stavexpro.com\/wp-content\/uploads\/2026\/SK0000016-CZ20260425-092455-0-1777080297-image_of_object.webp\" \/>\n\t<meta property=\"og:image:width\" content=\"400\" \/>\n\t<meta property=\"og:image:height\" content=\"300\" \/>\n\t<meta property=\"og:image:type\" content=\"image\/webp\" \/>\n<meta name=\"twitter:card\" content=\"summary_large_image\" \/>\n<meta name=\"twitter:label1\" content=\"Odhadovan\u00e1 doba \u010dten\u00ed\" \/>\n\t<meta name=\"twitter:data1\" content=\"1 minuta\" \/>\n<script type=\"application\/ld+json\" class=\"yoast-schema-graph\">{\"@context\":\"https:\/\/schema.org\",\"@graph\":[{\"@type\":\"WebPage\",\"@id\":\"https:\/\/www.stavexpro.com\/index.php\/produkt\/3m-antistaticka-uterka-aqua-43x30-cm-10-ks-finalni-vyprodej-40384\/\",\"url\":\"https:\/\/www.stavexpro.com\/index.php\/produkt\/3m-antistaticka-uterka-aqua-43x30-cm-10-ks-finalni-vyprodej-40384\/\",\"name\":\"3M Antistatick\u00e1 ut\u011brka Aqua 43x30 cm 10 ks Fin\u00e1ln\u00ed V\u00fdprodej -\",\"isPartOf\":{\"@id\":\"https:\/\/www.stavexpro.com\/#website\"},\"primaryImageOfPage\":{\"@id\":\"https:\/\/www.stavexpro.com\/index.php\/produkt\/3m-antistaticka-uterka-aqua-43x30-cm-10-ks-finalni-vyprodej-40384\/#primaryimage\"},\"image\":{\"@id\":\"https:\/\/www.stavexpro.com\/index.php\/produkt\/3m-antistaticka-uterka-aqua-43x30-cm-10-ks-finalni-vyprodej-40384\/#primaryimage\"},\"thumbnailUrl\":\"https:\/\/www.stavexpro.com\/wp-content\/uploads\/2026\/SK0000016-CZ20260425-092455-0-1777080297-image_of_object.webp\",\"datePublished\":\"2026-04-26T08:58:37+00:00\",\"breadcrumb\":{\"@id\":\"https:\/\/www.stavexpro.com\/index.php\/produkt\/3m-antistaticka-uterka-aqua-43x30-cm-10-ks-finalni-vyprodej-40384\/#breadcrumb\"},\"inLanguage\":\"cs\",\"potentialAction\":[{\"@type\":\"ReadAction\",\"target\":[\"https:\/\/www.stavexpro.com\/index.php\/produkt\/3m-antistaticka-uterka-aqua-43x30-cm-10-ks-finalni-vyprodej-40384\/\"]}]},{\"@type\":\"ImageObject\",\"inLanguage\":\"cs\",\"@id\":\"https:\/\/www.stavexpro.com\/index.php\/produkt\/3m-antistaticka-uterka-aqua-43x30-cm-10-ks-finalni-vyprodej-40384\/#primaryimage\",\"url\":\"https:\/\/www.stavexpro.com\/wp-content\/uploads\/2026\/SK0000016-CZ20260425-092455-0-1777080297-image_of_object.webp\",\"contentUrl\":\"https:\/\/www.stavexpro.com\/wp-content\/uploads\/2026\/SK0000016-CZ20260425-092455-0-1777080297-image_of_object.webp\",\"width\":400,\"height\":300},{\"@type\":\"BreadcrumbList\",\"@id\":\"https:\/\/www.stavexpro.com\/index.php\/produkt\/3m-antistaticka-uterka-aqua-43x30-cm-10-ks-finalni-vyprodej-40384\/#breadcrumb\",\"itemListElement\":[{\"@type\":\"ListItem\",\"position\":1,\"name\":\"Home\",\"item\":\"https:\/\/www.stavexpro.com\/\"},{\"@type\":\"ListItem\",\"position\":2,\"name\":\"Products\",\"item\":\"https:\/\/www.stavexpro.com\/index.php\/products\/\"},{\"@type\":\"ListItem\",\"position\":3,\"name\":\"3M Antistatick\u00e1 ut\u011brka Aqua 43&#215;30 cm 10 ks Fin\u00e1ln\u00ed V\u00fdprodej\"}]},{\"@type\":\"WebSite\",\"@id\":\"https:\/\/www.stavexpro.com\/#website\",\"url\":\"https:\/\/www.stavexpro.com\/\",\"name\":\"\",\"description\":\"\",\"potentialAction\":[{\"@type\":\"SearchAction\",\"target\":{\"@type\":\"EntryPoint\",\"urlTemplate\":\"https:\/\/www.stavexpro.com\/?s={search_term_string}\"},\"query-input\":{\"@type\":\"PropertyValueSpecification\",\"valueRequired\":true,\"valueName\":\"search_term_string\"}}],\"inLanguage\":\"cs\"}]}<\/script>\n<!-- \/ Yoast SEO plugin. -->","yoast_head_json":{"title":"3M Antistatick\u00e1 ut\u011brka Aqua 43x30 cm 10 ks Fin\u00e1ln\u00ed V\u00fdprodej -","robots":{"index":"index","follow":"follow","max-snippet":"max-snippet:-1","max-image-preview":"max-image-preview:large","max-video-preview":"max-video-preview:-1"},"canonical":"https:\/\/www.stavexpro.com\/index.php\/produkt\/3m-antistaticka-uterka-aqua-43x30-cm-10-ks-finalni-vyprodej-40384\/","og_locale":"cs_CZ","og_type":"article","og_title":"3M Antistatick\u00e1 ut\u011brka Aqua 43x30 cm 10 ks Fin\u00e1ln\u00ed V\u00fdprodej -","og_description":"3M Ut\u011brka antistatick\u00e1 aqua Vlh\u010den\u00e1 antistatick\u00e1 ut\u011brka v uzav\u00edrateln\u00e9m balen\u00ed. Ut\u011brka neobsahuje rozpou\u0161t\u011bdla. Vhodn\u00e1 pro odstran\u011bn\u00ed prachov\u00fdch \u010d\u00e1stic t\u011bsn\u011b p\u0159ed lakov\u00e1n\u00edm. Dokonale shroma\u017e\u010fuje a zadr\u017euje mal\u00e9 \u010d\u00e1stice. Nezanech\u00e1v\u00e1 na povrchu \u0161mouhy a minim\u00e1ln\u011b pou\u0161t\u00ed vl\u00e1kno. Perfektn\u00ed pro velk\u00e9 plochy. Baleno po 10 kusech ve znovu uzav\u00edrateln\u00e9m obalu. Kl\u00ed\u010dov\u00e9 vlastnosti Vlh\u010den\u00e1 antistatick\u00e1 ut\u011brka v uzav\u00edrateln\u00e9m balen\u00ed [&hellip;]","og_url":"https:\/\/www.stavexpro.com\/index.php\/produkt\/3m-antistaticka-uterka-aqua-43x30-cm-10-ks-finalni-vyprodej-40384\/","og_image":[{"width":400,"height":300,"url":"https:\/\/www.stavexpro.com\/wp-content\/uploads\/2026\/SK0000016-CZ20260425-092455-0-1777080297-image_of_object.webp","type":"image\/webp"}],"twitter_card":"summary_large_image","twitter_misc":{"Odhadovan\u00e1 doba \u010dten\u00ed":"1 minuta"},"schema":{"@context":"https:\/\/schema.org","@graph":[{"@type":"WebPage","@id":"https:\/\/www.stavexpro.com\/index.php\/produkt\/3m-antistaticka-uterka-aqua-43x30-cm-10-ks-finalni-vyprodej-40384\/","url":"https:\/\/www.stavexpro.com\/index.php\/produkt\/3m-antistaticka-uterka-aqua-43x30-cm-10-ks-finalni-vyprodej-40384\/","name":"3M Antistatick\u00e1 ut\u011brka Aqua 43x30 cm 10 ks Fin\u00e1ln\u00ed V\u00fdprodej -","isPartOf":{"@id":"https:\/\/www.stavexpro.com\/#website"},"primaryImageOfPage":{"@id":"https:\/\/www.stavexpro.com\/index.php\/produkt\/3m-antistaticka-uterka-aqua-43x30-cm-10-ks-finalni-vyprodej-40384\/#primaryimage"},"image":{"@id":"https:\/\/www.stavexpro.com\/index.php\/produkt\/3m-antistaticka-uterka-aqua-43x30-cm-10-ks-finalni-vyprodej-40384\/#primaryimage"},"thumbnailUrl":"https:\/\/www.stavexpro.com\/wp-content\/uploads\/2026\/SK0000016-CZ20260425-092455-0-1777080297-image_of_object.webp","datePublished":"2026-04-26T08:58:37+00:00","breadcrumb":{"@id":"https:\/\/www.stavexpro.com\/index.php\/produkt\/3m-antistaticka-uterka-aqua-43x30-cm-10-ks-finalni-vyprodej-40384\/#breadcrumb"},"inLanguage":"cs","potentialAction":[{"@type":"ReadAction","target":["https:\/\/www.stavexpro.com\/index.php\/produkt\/3m-antistaticka-uterka-aqua-43x30-cm-10-ks-finalni-vyprodej-40384\/"]}]},{"@type":"ImageObject","inLanguage":"cs","@id":"https:\/\/www.stavexpro.com\/index.php\/produkt\/3m-antistaticka-uterka-aqua-43x30-cm-10-ks-finalni-vyprodej-40384\/#primaryimage","url":"https:\/\/www.stavexpro.com\/wp-content\/uploads\/2026\/SK0000016-CZ20260425-092455-0-1777080297-image_of_object.webp","contentUrl":"https:\/\/www.stavexpro.com\/wp-content\/uploads\/2026\/SK0000016-CZ20260425-092455-0-1777080297-image_of_object.webp","width":400,"height":300},{"@type":"BreadcrumbList","@id":"https:\/\/www.stavexpro.com\/index.php\/produkt\/3m-antistaticka-uterka-aqua-43x30-cm-10-ks-finalni-vyprodej-40384\/#breadcrumb","itemListElement":[{"@type":"ListItem","position":1,"name":"Home","item":"https:\/\/www.stavexpro.com\/"},{"@type":"ListItem","position":2,"name":"Products","item":"https:\/\/www.stavexpro.com\/index.php\/products\/"},{"@type":"ListItem","position":3,"name":"3M Antistatick\u00e1 ut\u011brka Aqua 43&#215;30 cm 10 ks Fin\u00e1ln\u00ed V\u00fdprodej"}]},{"@type":"WebSite","@id":"https:\/\/www.stavexpro.com\/#website","url":"https:\/\/www.stavexpro.com\/","name":"","description":"","potentialAction":[{"@type":"SearchAction","target":{"@type":"EntryPoint","urlTemplate":"https:\/\/www.stavexpro.com\/?s={search_term_string}"},"query-input":{"@type":"PropertyValueSpecification","valueRequired":true,"valueName":"search_term_string"}}],"inLanguage":"cs"}]}},"_links":{"self":[{"href":"https:\/\/www.stavexpro.com\/wp-json\/wp\/v2\/product\/40384","targetHints":{"allow":["GET"]}}],"collection":[{"href":"https:\/\/www.stavexpro.com\/wp-json\/wp\/v2\/product"}],"about":[{"href":"https:\/\/www.stavexpro.com\/wp-json\/wp\/v2\/types\/product"}],"replies":[{"embeddable":true,"href":"https:\/\/www.stavexpro.com\/wp-json\/wp\/v2\/comments?post=40384"}],"wp:featuredmedia":[{"embeddable":true,"href":"https:\/\/www.stavexpro.com\/wp-json\/wp\/v2\/media\/40484"}],"wp:attachment":[{"href":"https:\/\/www.stavexpro.com\/wp-json\/wp\/v2\/media?parent=40384"}],"wp:term":[{"taxonomy":"product_brand","embeddable":true,"href":"https:\/\/www.stavexpro.com\/wp-json\/wp\/v2\/product_brand?post=40384"},{"taxonomy":"product_cat","embeddable":true,"href":"https:\/\/www.stavexpro.com\/wp-json\/wp\/v2\/product_cat?post=40384"},{"taxonomy":"product_tag","embeddable":true,"href":"https:\/\/www.stavexpro.com\/wp-json\/wp\/v2\/product_tag?post=40384"}],"curies":[{"name":"wp","href":"https:\/\/api.w.org\/{rel}","templated":true}]}}