{"id":40498,"date":"2026-04-26T08:58:39","date_gmt":"2026-04-26T08:58:39","guid":{"rendered":""},"modified":"2026-04-26T08:58:39","modified_gmt":"2026-04-26T08:58:39","slug":"3m-cubitron-ii-hookit-brusivo-na-hoblik-737u-role-70-mm-x-12-m-s-vice-otvory-p80-51430-horka-nabidka-40498","status":"publish","type":"product","link":"https:\/\/www.stavexpro.com\/produkt\/3m-cubitron-ii-hookit-brusivo-na-hoblik-737u-role-70-mm-x-12-m-s-vice-otvory-p80-51430-horka-nabidka-40498\/","title":{"rendered":"3M CUBITRON II Hookit brusivo na hobl\u00edk 737U ROLE, 70 mm x 12 m, s v\u00edce otvory, P80, 51430 Hork\u00e1 Nab\u00eddka"},"content":{"rendered":"<div class=\"filters-tab-box__left\">\n<h2>Brusn\u00fd hobl\u00edk 3M CUBITRON II Hookit 737U<\/h2>\n<p>Speci\u00e1ln\u011b navr\u017een\u00fd <b>brusn\u00fd arch ide\u00e1ln\u00ed pro odstra\u0148ov\u00e1n\u00ed n\u00e1t\u011br\u016f, hrub\u00e9 tvarov\u00e1n\u00ed plni\u010d\u016f a p\u0159\u00edpravu povrchu pro jemn\u011bj\u0161\u00ed brou\u0161en\u00ed<\/b>. V nab\u00eddce jsou hrubosti<b> P80 &#8211; P400 <\/b>pro hrub\u00e9 i jemn\u011bj\u0161\u00ed brou\u0161en\u00ed. Brusn\u00fd arch je na podkladu se <b>such\u00fdm zipem a stovkami d\u011br ve tvaru V<\/b>, pro perfektn\u00ed ods\u00e1v\u00e1n\u00ed prachu.<\/p>\n<h3>Kl\u00ed\u010dov\u00e9 vlastnosti<\/h3>\n<ul class=\"vlastnosti\">\n<li><b>Brusn\u00fd arch ide\u00e1ln\u00ed pro odstra\u0148ov\u00e1n\u00ed n\u00e1t\u011br\u016f, hrub\u00e9 tvarov\u00e1n\u00ed plni\u010d\u016f a p\u0159\u00edpravu povrchu pro jemn\u011bj\u0161\u00ed brou\u0161en\u00ed<\/b><\/li>\n<li>Hrubosti<b> P80 &#8211; P400 <\/b>pro hrub\u00e9 i jemn\u011bj\u0161\u00ed brou\u0161en\u00ed <\/li>\n<li>Podklad se <b>such\u00fdm zipem a stovkami d\u011br ve tvaru V<\/b>, pro perfektn\u00ed ods\u00e1v\u00e1n\u00ed prachu<\/li>\n<\/ul><\/div>\n<div class=\"filters-tab-box__right\">\n<h2>Parametry<\/h2>\n<table>\n<tbody>\n<tr>\n<td>V&#253;robce                                            :                                        <\/td>\n<td>                                            3M                                        <\/td>\n<\/tr>\n<tr>\n<td>Rozm\u011bry                                            :                                        <\/td>\n<td>                                            70 mm x 12 m                                        <\/td>\n<\/tr>\n<tr>\n<td>Po\u010det otvor\u016f                                            :                                        <\/td>\n<td>                                            26                                        <\/td>\n<\/tr>\n<tr>\n<td>Hrubost                                        <\/td>\n<td>                                            80                                        <\/td>\n<\/tr>\n<\/tbody>\n<\/table><\/div>\n<\/p><\/div>\n","protected":false},"excerpt":{"rendered":"<p>Brusn\u00fd hobl\u00edk 3M CUBITRON II Hookit 737U Speci\u00e1ln\u011b navr\u017een\u00fd brusn\u00fd arch ide\u00e1ln\u00ed pro odstra\u0148ov\u00e1n\u00ed n\u00e1t\u011br\u016f, hrub\u00e9 tvarov\u00e1n\u00ed plni\u010d\u016f a p\u0159\u00edpravu povrchu pro jemn\u011bj\u0161\u00ed brou\u0161en\u00ed. V nab\u00eddce jsou hrubosti P80 &#8211; P400 pro hrub\u00e9 i jemn\u011bj\u0161\u00ed brou\u0161en\u00ed. Brusn\u00fd arch je na podkladu se such\u00fdm zipem a stovkami d\u011br ve tvaru V, pro perfektn\u00ed ods\u00e1v\u00e1n\u00ed prachu. Kl\u00ed\u010dov\u00e9 [&hellip;]<\/p>\n","protected":false},"featured_media":40598,"comment_status":"open","ping_status":"open","template":"","meta":[],"product_brand":[],"product_cat":[134],"product_tag":[],"class_list":{"0":"post-40498","1":"product","2":"type-product","3":"status-publish","4":"has-post-thumbnail","6":"product_cat-autolaky","8":"first","9":"instock","10":"sale","11":"shipping-taxable","12":"purchasable","13":"product-type-simple"},"yoast_head":"<!-- This site is optimized with the Yoast SEO plugin v26.8 - https:\/\/yoast.com\/product\/yoast-seo-wordpress\/ -->\n<title>3M CUBITRON II Hookit brusivo na hobl\u00edk 737U ROLE, 70 mm x 12 m, s v\u00edce otvory, P80, 51430 Hork\u00e1 Nab\u00eddka -<\/title>\n<meta name=\"robots\" content=\"index, follow, max-snippet:-1, max-image-preview:large, max-video-preview:-1\" \/>\n<link rel=\"canonical\" href=\"https:\/\/www.stavexpro.com\/index.php\/produkt\/3m-cubitron-ii-hookit-brusivo-na-hoblik-737u-role-70-mm-x-12-m-s-vice-otvory-p80-51430-horka-nabidka-40498\/\" \/>\n<meta property=\"og:locale\" content=\"cs_CZ\" \/>\n<meta property=\"og:type\" content=\"article\" \/>\n<meta property=\"og:title\" content=\"3M CUBITRON II Hookit brusivo na hobl\u00edk 737U ROLE, 70 mm x 12 m, s v\u00edce otvory, P80, 51430 Hork\u00e1 Nab\u00eddka -\" \/>\n<meta property=\"og:description\" content=\"Brusn\u00fd hobl\u00edk 3M CUBITRON II Hookit 737U Speci\u00e1ln\u011b navr\u017een\u00fd brusn\u00fd arch ide\u00e1ln\u00ed pro odstra\u0148ov\u00e1n\u00ed n\u00e1t\u011br\u016f, hrub\u00e9 tvarov\u00e1n\u00ed plni\u010d\u016f a p\u0159\u00edpravu povrchu pro jemn\u011bj\u0161\u00ed brou\u0161en\u00ed. V nab\u00eddce jsou hrubosti P80 &#8211; P400 pro hrub\u00e9 i jemn\u011bj\u0161\u00ed brou\u0161en\u00ed. Brusn\u00fd arch je na podkladu se such\u00fdm zipem a stovkami d\u011br ve tvaru V, pro perfektn\u00ed ods\u00e1v\u00e1n\u00ed prachu. Kl\u00ed\u010dov\u00e9 [&hellip;]\" \/>\n<meta property=\"og:url\" content=\"https:\/\/www.stavexpro.com\/index.php\/produkt\/3m-cubitron-ii-hookit-brusivo-na-hoblik-737u-role-70-mm-x-12-m-s-vice-otvory-p80-51430-horka-nabidka-40498\/\" \/>\n<meta property=\"og:image\" content=\"https:\/\/www.stavexpro.com\/wp-content\/uploads\/2026\/SK0000030-CZ20260425-092455-0-1777080297-image_of_object.webp\" \/>\n\t<meta property=\"og:image:width\" content=\"400\" \/>\n\t<meta property=\"og:image:height\" content=\"300\" \/>\n\t<meta property=\"og:image:type\" content=\"image\/webp\" \/>\n<meta name=\"twitter:card\" content=\"summary_large_image\" \/>\n<meta name=\"twitter:label1\" content=\"Odhadovan\u00e1 doba \u010dten\u00ed\" \/>\n\t<meta name=\"twitter:data1\" content=\"1 minuta\" \/>\n<script type=\"application\/ld+json\" class=\"yoast-schema-graph\">{\"@context\":\"https:\/\/schema.org\",\"@graph\":[{\"@type\":\"WebPage\",\"@id\":\"https:\/\/www.stavexpro.com\/index.php\/produkt\/3m-cubitron-ii-hookit-brusivo-na-hoblik-737u-role-70-mm-x-12-m-s-vice-otvory-p80-51430-horka-nabidka-40498\/\",\"url\":\"https:\/\/www.stavexpro.com\/index.php\/produkt\/3m-cubitron-ii-hookit-brusivo-na-hoblik-737u-role-70-mm-x-12-m-s-vice-otvory-p80-51430-horka-nabidka-40498\/\",\"name\":\"3M CUBITRON II Hookit brusivo na hobl\u00edk 737U ROLE, 70 mm x 12 m, s v\u00edce otvory, P80, 51430 Hork\u00e1 Nab\u00eddka -\",\"isPartOf\":{\"@id\":\"https:\/\/www.stavexpro.com\/#website\"},\"primaryImageOfPage\":{\"@id\":\"https:\/\/www.stavexpro.com\/index.php\/produkt\/3m-cubitron-ii-hookit-brusivo-na-hoblik-737u-role-70-mm-x-12-m-s-vice-otvory-p80-51430-horka-nabidka-40498\/#primaryimage\"},\"image\":{\"@id\":\"https:\/\/www.stavexpro.com\/index.php\/produkt\/3m-cubitron-ii-hookit-brusivo-na-hoblik-737u-role-70-mm-x-12-m-s-vice-otvory-p80-51430-horka-nabidka-40498\/#primaryimage\"},\"thumbnailUrl\":\"https:\/\/www.stavexpro.com\/wp-content\/uploads\/2026\/SK0000030-CZ20260425-092455-0-1777080297-image_of_object.webp\",\"datePublished\":\"2026-04-26T08:58:39+00:00\",\"breadcrumb\":{\"@id\":\"https:\/\/www.stavexpro.com\/index.php\/produkt\/3m-cubitron-ii-hookit-brusivo-na-hoblik-737u-role-70-mm-x-12-m-s-vice-otvory-p80-51430-horka-nabidka-40498\/#breadcrumb\"},\"inLanguage\":\"cs\",\"potentialAction\":[{\"@type\":\"ReadAction\",\"target\":[\"https:\/\/www.stavexpro.com\/index.php\/produkt\/3m-cubitron-ii-hookit-brusivo-na-hoblik-737u-role-70-mm-x-12-m-s-vice-otvory-p80-51430-horka-nabidka-40498\/\"]}]},{\"@type\":\"ImageObject\",\"inLanguage\":\"cs\",\"@id\":\"https:\/\/www.stavexpro.com\/index.php\/produkt\/3m-cubitron-ii-hookit-brusivo-na-hoblik-737u-role-70-mm-x-12-m-s-vice-otvory-p80-51430-horka-nabidka-40498\/#primaryimage\",\"url\":\"https:\/\/www.stavexpro.com\/wp-content\/uploads\/2026\/SK0000030-CZ20260425-092455-0-1777080297-image_of_object.webp\",\"contentUrl\":\"https:\/\/www.stavexpro.com\/wp-content\/uploads\/2026\/SK0000030-CZ20260425-092455-0-1777080297-image_of_object.webp\",\"width\":400,\"height\":300},{\"@type\":\"BreadcrumbList\",\"@id\":\"https:\/\/www.stavexpro.com\/index.php\/produkt\/3m-cubitron-ii-hookit-brusivo-na-hoblik-737u-role-70-mm-x-12-m-s-vice-otvory-p80-51430-horka-nabidka-40498\/#breadcrumb\",\"itemListElement\":[{\"@type\":\"ListItem\",\"position\":1,\"name\":\"Home\",\"item\":\"https:\/\/www.stavexpro.com\/\"},{\"@type\":\"ListItem\",\"position\":2,\"name\":\"Products\",\"item\":\"https:\/\/www.stavexpro.com\/index.php\/products\/\"},{\"@type\":\"ListItem\",\"position\":3,\"name\":\"3M CUBITRON II Hookit brusivo na hobl\u00edk 737U ROLE, 70 mm x 12 m, s v\u00edce otvory, P80, 51430 Hork\u00e1 Nab\u00eddka\"}]},{\"@type\":\"WebSite\",\"@id\":\"https:\/\/www.stavexpro.com\/#website\",\"url\":\"https:\/\/www.stavexpro.com\/\",\"name\":\"\",\"description\":\"\",\"potentialAction\":[{\"@type\":\"SearchAction\",\"target\":{\"@type\":\"EntryPoint\",\"urlTemplate\":\"https:\/\/www.stavexpro.com\/?s={search_term_string}\"},\"query-input\":{\"@type\":\"PropertyValueSpecification\",\"valueRequired\":true,\"valueName\":\"search_term_string\"}}],\"inLanguage\":\"cs\"}]}<\/script>\n<!-- \/ Yoast SEO plugin. -->","yoast_head_json":{"title":"3M CUBITRON II Hookit brusivo na hobl\u00edk 737U ROLE, 70 mm x 12 m, s v\u00edce otvory, P80, 51430 Hork\u00e1 Nab\u00eddka -","robots":{"index":"index","follow":"follow","max-snippet":"max-snippet:-1","max-image-preview":"max-image-preview:large","max-video-preview":"max-video-preview:-1"},"canonical":"https:\/\/www.stavexpro.com\/index.php\/produkt\/3m-cubitron-ii-hookit-brusivo-na-hoblik-737u-role-70-mm-x-12-m-s-vice-otvory-p80-51430-horka-nabidka-40498\/","og_locale":"cs_CZ","og_type":"article","og_title":"3M CUBITRON II Hookit brusivo na hobl\u00edk 737U ROLE, 70 mm x 12 m, s v\u00edce otvory, P80, 51430 Hork\u00e1 Nab\u00eddka -","og_description":"Brusn\u00fd hobl\u00edk 3M CUBITRON II Hookit 737U Speci\u00e1ln\u011b navr\u017een\u00fd brusn\u00fd arch ide\u00e1ln\u00ed pro odstra\u0148ov\u00e1n\u00ed n\u00e1t\u011br\u016f, hrub\u00e9 tvarov\u00e1n\u00ed plni\u010d\u016f a p\u0159\u00edpravu povrchu pro jemn\u011bj\u0161\u00ed brou\u0161en\u00ed. V nab\u00eddce jsou hrubosti P80 &#8211; P400 pro hrub\u00e9 i jemn\u011bj\u0161\u00ed brou\u0161en\u00ed. Brusn\u00fd arch je na podkladu se such\u00fdm zipem a stovkami d\u011br ve tvaru V, pro perfektn\u00ed ods\u00e1v\u00e1n\u00ed prachu. Kl\u00ed\u010dov\u00e9 [&hellip;]","og_url":"https:\/\/www.stavexpro.com\/index.php\/produkt\/3m-cubitron-ii-hookit-brusivo-na-hoblik-737u-role-70-mm-x-12-m-s-vice-otvory-p80-51430-horka-nabidka-40498\/","og_image":[{"width":400,"height":300,"url":"https:\/\/www.stavexpro.com\/wp-content\/uploads\/2026\/SK0000030-CZ20260425-092455-0-1777080297-image_of_object.webp","type":"image\/webp"}],"twitter_card":"summary_large_image","twitter_misc":{"Odhadovan\u00e1 doba \u010dten\u00ed":"1 minuta"},"schema":{"@context":"https:\/\/schema.org","@graph":[{"@type":"WebPage","@id":"https:\/\/www.stavexpro.com\/index.php\/produkt\/3m-cubitron-ii-hookit-brusivo-na-hoblik-737u-role-70-mm-x-12-m-s-vice-otvory-p80-51430-horka-nabidka-40498\/","url":"https:\/\/www.stavexpro.com\/index.php\/produkt\/3m-cubitron-ii-hookit-brusivo-na-hoblik-737u-role-70-mm-x-12-m-s-vice-otvory-p80-51430-horka-nabidka-40498\/","name":"3M CUBITRON II Hookit brusivo na hobl\u00edk 737U ROLE, 70 mm x 12 m, s v\u00edce otvory, P80, 51430 Hork\u00e1 Nab\u00eddka -","isPartOf":{"@id":"https:\/\/www.stavexpro.com\/#website"},"primaryImageOfPage":{"@id":"https:\/\/www.stavexpro.com\/index.php\/produkt\/3m-cubitron-ii-hookit-brusivo-na-hoblik-737u-role-70-mm-x-12-m-s-vice-otvory-p80-51430-horka-nabidka-40498\/#primaryimage"},"image":{"@id":"https:\/\/www.stavexpro.com\/index.php\/produkt\/3m-cubitron-ii-hookit-brusivo-na-hoblik-737u-role-70-mm-x-12-m-s-vice-otvory-p80-51430-horka-nabidka-40498\/#primaryimage"},"thumbnailUrl":"https:\/\/www.stavexpro.com\/wp-content\/uploads\/2026\/SK0000030-CZ20260425-092455-0-1777080297-image_of_object.webp","datePublished":"2026-04-26T08:58:39+00:00","breadcrumb":{"@id":"https:\/\/www.stavexpro.com\/index.php\/produkt\/3m-cubitron-ii-hookit-brusivo-na-hoblik-737u-role-70-mm-x-12-m-s-vice-otvory-p80-51430-horka-nabidka-40498\/#breadcrumb"},"inLanguage":"cs","potentialAction":[{"@type":"ReadAction","target":["https:\/\/www.stavexpro.com\/index.php\/produkt\/3m-cubitron-ii-hookit-brusivo-na-hoblik-737u-role-70-mm-x-12-m-s-vice-otvory-p80-51430-horka-nabidka-40498\/"]}]},{"@type":"ImageObject","inLanguage":"cs","@id":"https:\/\/www.stavexpro.com\/index.php\/produkt\/3m-cubitron-ii-hookit-brusivo-na-hoblik-737u-role-70-mm-x-12-m-s-vice-otvory-p80-51430-horka-nabidka-40498\/#primaryimage","url":"https:\/\/www.stavexpro.com\/wp-content\/uploads\/2026\/SK0000030-CZ20260425-092455-0-1777080297-image_of_object.webp","contentUrl":"https:\/\/www.stavexpro.com\/wp-content\/uploads\/2026\/SK0000030-CZ20260425-092455-0-1777080297-image_of_object.webp","width":400,"height":300},{"@type":"BreadcrumbList","@id":"https:\/\/www.stavexpro.com\/index.php\/produkt\/3m-cubitron-ii-hookit-brusivo-na-hoblik-737u-role-70-mm-x-12-m-s-vice-otvory-p80-51430-horka-nabidka-40498\/#breadcrumb","itemListElement":[{"@type":"ListItem","position":1,"name":"Home","item":"https:\/\/www.stavexpro.com\/"},{"@type":"ListItem","position":2,"name":"Products","item":"https:\/\/www.stavexpro.com\/index.php\/products\/"},{"@type":"ListItem","position":3,"name":"3M CUBITRON II Hookit brusivo na hobl\u00edk 737U ROLE, 70 mm x 12 m, s v\u00edce otvory, P80, 51430 Hork\u00e1 Nab\u00eddka"}]},{"@type":"WebSite","@id":"https:\/\/www.stavexpro.com\/#website","url":"https:\/\/www.stavexpro.com\/","name":"","description":"","potentialAction":[{"@type":"SearchAction","target":{"@type":"EntryPoint","urlTemplate":"https:\/\/www.stavexpro.com\/?s={search_term_string}"},"query-input":{"@type":"PropertyValueSpecification","valueRequired":true,"valueName":"search_term_string"}}],"inLanguage":"cs"}]}},"_links":{"self":[{"href":"https:\/\/www.stavexpro.com\/wp-json\/wp\/v2\/product\/40498","targetHints":{"allow":["GET"]}}],"collection":[{"href":"https:\/\/www.stavexpro.com\/wp-json\/wp\/v2\/product"}],"about":[{"href":"https:\/\/www.stavexpro.com\/wp-json\/wp\/v2\/types\/product"}],"replies":[{"embeddable":true,"href":"https:\/\/www.stavexpro.com\/wp-json\/wp\/v2\/comments?post=40498"}],"wp:featuredmedia":[{"embeddable":true,"href":"https:\/\/www.stavexpro.com\/wp-json\/wp\/v2\/media\/40598"}],"wp:attachment":[{"href":"https:\/\/www.stavexpro.com\/wp-json\/wp\/v2\/media?parent=40498"}],"wp:term":[{"taxonomy":"product_brand","embeddable":true,"href":"https:\/\/www.stavexpro.com\/wp-json\/wp\/v2\/product_brand?post=40498"},{"taxonomy":"product_cat","embeddable":true,"href":"https:\/\/www.stavexpro.com\/wp-json\/wp\/v2\/product_cat?post=40498"},{"taxonomy":"product_tag","embeddable":true,"href":"https:\/\/www.stavexpro.com\/wp-json\/wp\/v2\/product_tag?post=40498"}],"curies":[{"name":"wp","href":"https:\/\/api.w.org\/{rel}","templated":true}]}}