{"id":40499,"date":"2026-04-26T08:58:39","date_gmt":"2026-04-26T08:58:39","guid":{"rendered":""},"modified":"2026-04-26T08:58:39","modified_gmt":"2026-04-26T08:58:39","slug":"3m-filtr-aktivni-uhli-a1-1par-06051-vyprodej-40499","status":"publish","type":"product","link":"https:\/\/www.stavexpro.com\/produkt\/3m-filtr-aktivni-uhli-a1-1par-06051-vyprodej-40499\/","title":{"rendered":"3M filtr aktivn\u00ed uhl\u00ed A1 1p\u00e1r 06051 V\u00fdprodej"},"content":{"rendered":"<div class=\"filters-tab-box__left\">\n<h2>3M uhl\u00edkov\u00fd filtr A1<\/h2>\n<p><b>Uhl\u00edkov\u00fd filtr proti organick\u00fdm plyn\u016fm a v\u00fdpar\u016fm<\/b>. T\u0159\u00edda \u00fa\u010dinnosti je A1. Velkou v\u00fdhodou je mimo\u0159\u00e1dn\u011b <b>n\u00edzk\u00e1 v\u00e1ha a odpor p\u0159i d\u00fdch\u00e1n\u00ed<\/b>. D\u00edky bajonetov\u00e9mu uz\u00e1v\u011bru je v\u00fdm\u011bna pomoc\u00ed nacvaknut\u00ed velmi rychl\u00e1. Kompatibiln\u00ed s maskami 3M 6000 a 3M 7500.<\/p>\n<h3>Kl\u00ed\u010dov\u00e9 vlastnosti<\/h3>\n<ul class=\"vlastnosti\">\n<li><b>Filtr proti organick\u00fdm plyn\u016fm a v\u00fdpar\u016fm<\/b><\/li>\n<li>T\u0159\u00edda \u00fa\u010dinnosti <b>A1<\/b><\/li>\n<li><b>N\u00edzk\u00e1 v\u00e1ha a odpor p\u0159i d\u00fdch\u00e1n\u00ed<\/b><\/li>\n<li>Bajonetov\u00fd uz\u00e1v\u011br<\/li>\n<li>Kompatibiln\u00ed s maskami 3M 6000 a 3M 7500<\/li>\n<\/ul><\/div>\n<div class=\"filters-tab-box__right\">\n<h2>Parametry<\/h2>\n<table>\n<tbody>\n<tr>\n<td>V&#253;robce                                            :                                        <\/td>\n<td>                                            3M                                        <\/td>\n<\/tr>\n<\/tbody>\n<\/table><\/div>\n<\/p><\/div>\n","protected":false},"excerpt":{"rendered":"<p>3M uhl\u00edkov\u00fd filtr A1 Uhl\u00edkov\u00fd filtr proti organick\u00fdm plyn\u016fm a v\u00fdpar\u016fm. T\u0159\u00edda \u00fa\u010dinnosti je A1. Velkou v\u00fdhodou je mimo\u0159\u00e1dn\u011b n\u00edzk\u00e1 v\u00e1ha a odpor p\u0159i d\u00fdch\u00e1n\u00ed. D\u00edky bajonetov\u00e9mu uz\u00e1v\u011bru je v\u00fdm\u011bna pomoc\u00ed nacvaknut\u00ed velmi rychl\u00e1. Kompatibiln\u00ed s maskami 3M 6000 a 3M 7500. Kl\u00ed\u010dov\u00e9 vlastnosti Filtr proti organick\u00fdm plyn\u016fm a v\u00fdpar\u016fm T\u0159\u00edda \u00fa\u010dinnosti A1 N\u00edzk\u00e1 v\u00e1ha [&hellip;]<\/p>\n","protected":false},"featured_media":40599,"comment_status":"open","ping_status":"open","template":"","meta":[],"product_brand":[],"product_cat":[134],"product_tag":[],"class_list":{"0":"post-40499","1":"product","2":"type-product","3":"status-publish","4":"has-post-thumbnail","6":"product_cat-autolaky","8":"first","9":"instock","10":"sale","11":"shipping-taxable","12":"purchasable","13":"product-type-simple"},"yoast_head":"<!-- This site is optimized with the Yoast SEO plugin v26.8 - https:\/\/yoast.com\/product\/yoast-seo-wordpress\/ -->\n<title>3M filtr aktivn\u00ed uhl\u00ed A1 1p\u00e1r 06051 V\u00fdprodej -<\/title>\n<meta name=\"robots\" content=\"index, follow, max-snippet:-1, max-image-preview:large, max-video-preview:-1\" \/>\n<link rel=\"canonical\" href=\"https:\/\/www.stavexpro.com\/index.php\/produkt\/3m-filtr-aktivni-uhli-a1-1par-06051-vyprodej-40499\/\" \/>\n<meta property=\"og:locale\" content=\"cs_CZ\" \/>\n<meta property=\"og:type\" content=\"article\" \/>\n<meta property=\"og:title\" content=\"3M filtr aktivn\u00ed uhl\u00ed A1 1p\u00e1r 06051 V\u00fdprodej -\" \/>\n<meta property=\"og:description\" content=\"3M uhl\u00edkov\u00fd filtr A1 Uhl\u00edkov\u00fd filtr proti organick\u00fdm plyn\u016fm a v\u00fdpar\u016fm. T\u0159\u00edda \u00fa\u010dinnosti je A1. Velkou v\u00fdhodou je mimo\u0159\u00e1dn\u011b n\u00edzk\u00e1 v\u00e1ha a odpor p\u0159i d\u00fdch\u00e1n\u00ed. D\u00edky bajonetov\u00e9mu uz\u00e1v\u011bru je v\u00fdm\u011bna pomoc\u00ed nacvaknut\u00ed velmi rychl\u00e1. Kompatibiln\u00ed s maskami 3M 6000 a 3M 7500. Kl\u00ed\u010dov\u00e9 vlastnosti Filtr proti organick\u00fdm plyn\u016fm a v\u00fdpar\u016fm T\u0159\u00edda \u00fa\u010dinnosti A1 N\u00edzk\u00e1 v\u00e1ha [&hellip;]\" \/>\n<meta property=\"og:url\" content=\"https:\/\/www.stavexpro.com\/index.php\/produkt\/3m-filtr-aktivni-uhli-a1-1par-06051-vyprodej-40499\/\" \/>\n<meta property=\"og:image\" content=\"https:\/\/www.stavexpro.com\/wp-content\/uploads\/2026\/SK0000031-CZ20260425-092455-0-1777080297-image_of_object.webp\" \/>\n\t<meta property=\"og:image:width\" content=\"400\" \/>\n\t<meta property=\"og:image:height\" content=\"300\" \/>\n\t<meta property=\"og:image:type\" content=\"image\/webp\" \/>\n<meta name=\"twitter:card\" content=\"summary_large_image\" \/>\n<meta name=\"twitter:label1\" content=\"Odhadovan\u00e1 doba \u010dten\u00ed\" \/>\n\t<meta name=\"twitter:data1\" content=\"1 minuta\" \/>\n<script type=\"application\/ld+json\" class=\"yoast-schema-graph\">{\"@context\":\"https:\/\/schema.org\",\"@graph\":[{\"@type\":\"WebPage\",\"@id\":\"https:\/\/www.stavexpro.com\/index.php\/produkt\/3m-filtr-aktivni-uhli-a1-1par-06051-vyprodej-40499\/\",\"url\":\"https:\/\/www.stavexpro.com\/index.php\/produkt\/3m-filtr-aktivni-uhli-a1-1par-06051-vyprodej-40499\/\",\"name\":\"3M filtr aktivn\u00ed uhl\u00ed A1 1p\u00e1r 06051 V\u00fdprodej -\",\"isPartOf\":{\"@id\":\"https:\/\/www.stavexpro.com\/#website\"},\"primaryImageOfPage\":{\"@id\":\"https:\/\/www.stavexpro.com\/index.php\/produkt\/3m-filtr-aktivni-uhli-a1-1par-06051-vyprodej-40499\/#primaryimage\"},\"image\":{\"@id\":\"https:\/\/www.stavexpro.com\/index.php\/produkt\/3m-filtr-aktivni-uhli-a1-1par-06051-vyprodej-40499\/#primaryimage\"},\"thumbnailUrl\":\"https:\/\/www.stavexpro.com\/wp-content\/uploads\/2026\/SK0000031-CZ20260425-092455-0-1777080297-image_of_object.webp\",\"datePublished\":\"2026-04-26T08:58:39+00:00\",\"breadcrumb\":{\"@id\":\"https:\/\/www.stavexpro.com\/index.php\/produkt\/3m-filtr-aktivni-uhli-a1-1par-06051-vyprodej-40499\/#breadcrumb\"},\"inLanguage\":\"cs\",\"potentialAction\":[{\"@type\":\"ReadAction\",\"target\":[\"https:\/\/www.stavexpro.com\/index.php\/produkt\/3m-filtr-aktivni-uhli-a1-1par-06051-vyprodej-40499\/\"]}]},{\"@type\":\"ImageObject\",\"inLanguage\":\"cs\",\"@id\":\"https:\/\/www.stavexpro.com\/index.php\/produkt\/3m-filtr-aktivni-uhli-a1-1par-06051-vyprodej-40499\/#primaryimage\",\"url\":\"https:\/\/www.stavexpro.com\/wp-content\/uploads\/2026\/SK0000031-CZ20260425-092455-0-1777080297-image_of_object.webp\",\"contentUrl\":\"https:\/\/www.stavexpro.com\/wp-content\/uploads\/2026\/SK0000031-CZ20260425-092455-0-1777080297-image_of_object.webp\",\"width\":400,\"height\":300},{\"@type\":\"BreadcrumbList\",\"@id\":\"https:\/\/www.stavexpro.com\/index.php\/produkt\/3m-filtr-aktivni-uhli-a1-1par-06051-vyprodej-40499\/#breadcrumb\",\"itemListElement\":[{\"@type\":\"ListItem\",\"position\":1,\"name\":\"Home\",\"item\":\"https:\/\/www.stavexpro.com\/\"},{\"@type\":\"ListItem\",\"position\":2,\"name\":\"Products\",\"item\":\"https:\/\/www.stavexpro.com\/index.php\/products\/\"},{\"@type\":\"ListItem\",\"position\":3,\"name\":\"3M filtr aktivn\u00ed uhl\u00ed A1 1p\u00e1r 06051 V\u00fdprodej\"}]},{\"@type\":\"WebSite\",\"@id\":\"https:\/\/www.stavexpro.com\/#website\",\"url\":\"https:\/\/www.stavexpro.com\/\",\"name\":\"\",\"description\":\"\",\"potentialAction\":[{\"@type\":\"SearchAction\",\"target\":{\"@type\":\"EntryPoint\",\"urlTemplate\":\"https:\/\/www.stavexpro.com\/?s={search_term_string}\"},\"query-input\":{\"@type\":\"PropertyValueSpecification\",\"valueRequired\":true,\"valueName\":\"search_term_string\"}}],\"inLanguage\":\"cs\"}]}<\/script>\n<!-- \/ Yoast SEO plugin. -->","yoast_head_json":{"title":"3M filtr aktivn\u00ed uhl\u00ed A1 1p\u00e1r 06051 V\u00fdprodej -","robots":{"index":"index","follow":"follow","max-snippet":"max-snippet:-1","max-image-preview":"max-image-preview:large","max-video-preview":"max-video-preview:-1"},"canonical":"https:\/\/www.stavexpro.com\/index.php\/produkt\/3m-filtr-aktivni-uhli-a1-1par-06051-vyprodej-40499\/","og_locale":"cs_CZ","og_type":"article","og_title":"3M filtr aktivn\u00ed uhl\u00ed A1 1p\u00e1r 06051 V\u00fdprodej -","og_description":"3M uhl\u00edkov\u00fd filtr A1 Uhl\u00edkov\u00fd filtr proti organick\u00fdm plyn\u016fm a v\u00fdpar\u016fm. T\u0159\u00edda \u00fa\u010dinnosti je A1. Velkou v\u00fdhodou je mimo\u0159\u00e1dn\u011b n\u00edzk\u00e1 v\u00e1ha a odpor p\u0159i d\u00fdch\u00e1n\u00ed. D\u00edky bajonetov\u00e9mu uz\u00e1v\u011bru je v\u00fdm\u011bna pomoc\u00ed nacvaknut\u00ed velmi rychl\u00e1. Kompatibiln\u00ed s maskami 3M 6000 a 3M 7500. Kl\u00ed\u010dov\u00e9 vlastnosti Filtr proti organick\u00fdm plyn\u016fm a v\u00fdpar\u016fm T\u0159\u00edda \u00fa\u010dinnosti A1 N\u00edzk\u00e1 v\u00e1ha [&hellip;]","og_url":"https:\/\/www.stavexpro.com\/index.php\/produkt\/3m-filtr-aktivni-uhli-a1-1par-06051-vyprodej-40499\/","og_image":[{"width":400,"height":300,"url":"https:\/\/www.stavexpro.com\/wp-content\/uploads\/2026\/SK0000031-CZ20260425-092455-0-1777080297-image_of_object.webp","type":"image\/webp"}],"twitter_card":"summary_large_image","twitter_misc":{"Odhadovan\u00e1 doba \u010dten\u00ed":"1 minuta"},"schema":{"@context":"https:\/\/schema.org","@graph":[{"@type":"WebPage","@id":"https:\/\/www.stavexpro.com\/index.php\/produkt\/3m-filtr-aktivni-uhli-a1-1par-06051-vyprodej-40499\/","url":"https:\/\/www.stavexpro.com\/index.php\/produkt\/3m-filtr-aktivni-uhli-a1-1par-06051-vyprodej-40499\/","name":"3M filtr aktivn\u00ed uhl\u00ed A1 1p\u00e1r 06051 V\u00fdprodej -","isPartOf":{"@id":"https:\/\/www.stavexpro.com\/#website"},"primaryImageOfPage":{"@id":"https:\/\/www.stavexpro.com\/index.php\/produkt\/3m-filtr-aktivni-uhli-a1-1par-06051-vyprodej-40499\/#primaryimage"},"image":{"@id":"https:\/\/www.stavexpro.com\/index.php\/produkt\/3m-filtr-aktivni-uhli-a1-1par-06051-vyprodej-40499\/#primaryimage"},"thumbnailUrl":"https:\/\/www.stavexpro.com\/wp-content\/uploads\/2026\/SK0000031-CZ20260425-092455-0-1777080297-image_of_object.webp","datePublished":"2026-04-26T08:58:39+00:00","breadcrumb":{"@id":"https:\/\/www.stavexpro.com\/index.php\/produkt\/3m-filtr-aktivni-uhli-a1-1par-06051-vyprodej-40499\/#breadcrumb"},"inLanguage":"cs","potentialAction":[{"@type":"ReadAction","target":["https:\/\/www.stavexpro.com\/index.php\/produkt\/3m-filtr-aktivni-uhli-a1-1par-06051-vyprodej-40499\/"]}]},{"@type":"ImageObject","inLanguage":"cs","@id":"https:\/\/www.stavexpro.com\/index.php\/produkt\/3m-filtr-aktivni-uhli-a1-1par-06051-vyprodej-40499\/#primaryimage","url":"https:\/\/www.stavexpro.com\/wp-content\/uploads\/2026\/SK0000031-CZ20260425-092455-0-1777080297-image_of_object.webp","contentUrl":"https:\/\/www.stavexpro.com\/wp-content\/uploads\/2026\/SK0000031-CZ20260425-092455-0-1777080297-image_of_object.webp","width":400,"height":300},{"@type":"BreadcrumbList","@id":"https:\/\/www.stavexpro.com\/index.php\/produkt\/3m-filtr-aktivni-uhli-a1-1par-06051-vyprodej-40499\/#breadcrumb","itemListElement":[{"@type":"ListItem","position":1,"name":"Home","item":"https:\/\/www.stavexpro.com\/"},{"@type":"ListItem","position":2,"name":"Products","item":"https:\/\/www.stavexpro.com\/index.php\/products\/"},{"@type":"ListItem","position":3,"name":"3M filtr aktivn\u00ed uhl\u00ed A1 1p\u00e1r 06051 V\u00fdprodej"}]},{"@type":"WebSite","@id":"https:\/\/www.stavexpro.com\/#website","url":"https:\/\/www.stavexpro.com\/","name":"","description":"","potentialAction":[{"@type":"SearchAction","target":{"@type":"EntryPoint","urlTemplate":"https:\/\/www.stavexpro.com\/?s={search_term_string}"},"query-input":{"@type":"PropertyValueSpecification","valueRequired":true,"valueName":"search_term_string"}}],"inLanguage":"cs"}]}},"_links":{"self":[{"href":"https:\/\/www.stavexpro.com\/wp-json\/wp\/v2\/product\/40499","targetHints":{"allow":["GET"]}}],"collection":[{"href":"https:\/\/www.stavexpro.com\/wp-json\/wp\/v2\/product"}],"about":[{"href":"https:\/\/www.stavexpro.com\/wp-json\/wp\/v2\/types\/product"}],"replies":[{"embeddable":true,"href":"https:\/\/www.stavexpro.com\/wp-json\/wp\/v2\/comments?post=40499"}],"wp:featuredmedia":[{"embeddable":true,"href":"https:\/\/www.stavexpro.com\/wp-json\/wp\/v2\/media\/40599"}],"wp:attachment":[{"href":"https:\/\/www.stavexpro.com\/wp-json\/wp\/v2\/media?parent=40499"}],"wp:term":[{"taxonomy":"product_brand","embeddable":true,"href":"https:\/\/www.stavexpro.com\/wp-json\/wp\/v2\/product_brand?post=40499"},{"taxonomy":"product_cat","embeddable":true,"href":"https:\/\/www.stavexpro.com\/wp-json\/wp\/v2\/product_cat?post=40499"},{"taxonomy":"product_tag","embeddable":true,"href":"https:\/\/www.stavexpro.com\/wp-json\/wp\/v2\/product_tag?post=40499"}],"curies":[{"name":"wp","href":"https:\/\/api.w.org\/{rel}","templated":true}]}}