{"id":40506,"date":"2026-04-26T08:58:39","date_gmt":"2026-04-26T08:58:39","guid":{"rendered":""},"modified":"2026-04-26T08:58:39","modified_gmt":"2026-04-26T08:58:39","slug":"3m-kotouc-lestici-o75mm-oranzovy-50472-sezonni-sleva-40506","status":"publish","type":"product","link":"https:\/\/www.stavexpro.com\/produkt\/3m-kotouc-lestici-o75mm-oranzovy-50472-sezonni-sleva-40506\/","title":{"rendered":"3M kotou\u010d le\u0161t\u00edc\u00ed \u00d875mm oran\u017eov\u00fd 50472 Sez\u00f3nn\u00ed Sleva"},"content":{"rendered":"<div class=\"filters-tab-box__left\">\n<h2>3M Finesse-it le\u0161t\u00edc\u00ed kotou\u010d 75 mm<\/h2>\n<p><b>Le\u0161t\u00edc\u00ed kotou\u010d 3M<\/b> s\u00e9rie Finesse-it s rovn\u00fdm povrchem zaru\u010d\u00ed skv\u011bl\u00fd v\u00fdsledek va\u0161eho le\u0161t\u011bn\u00ed. Vyr\u00e1b\u00ed se ve <b>3 variant\u00e1ch: zelen\u00fd pro hrub\u00e9 le\u0161t\u011bn\u00ed, oran\u017eov\u00fd pro jemn\u00e9 let\u0161\u011bn\u00ed a \u017elut\u00fd pro odstran\u011bn\u00ed hologram\u016f<\/b>. Barva ka\u017ed\u00e9ho kotou\u010de souhlas\u00ed s barvou v\u00fd\u010dka v\u00fdrobk\u016f 3M, se kter\u00fdmi je kompatibiln\u00ed. Kotou\u010de jsou v ide\u00e1ln\u00ed velikosti o pr\u016fm\u011bru 75 mm. Podklad kompatibiln\u00ed se syst\u00e9mem <b>such\u00e9ho zipu<\/b>.<\/p>\n<h3>Kl\u00ed\u010dov\u00e9 vlastnosti<\/h3>\n<ul class=\"vlastnosti\">\n<li><b>Le\u0161t\u00edc\u00ed kotou\u010d 3M Finesse-it<\/b><\/li>\n<li><b>3 varianty: zelen\u00fd pro hrub\u00e9 le\u0161t\u011bn\u00ed, oran\u017eov\u00fd pro jemn\u00e9 le\u0161t\u0161\u011bn\u00ed a \u017elut\u00fd pro odtran\u011bn\u00ed hologram\u016f<\/b><\/li>\n<li>Barva ka\u017ed\u00e9ho kotou\u010de souhlas\u00ed s barvou v\u00fd\u010dka v\u00fdrobk\u016f 3M, se kter\u00fdmi je kompatibiln\u00ed<\/li>\n<li>Pr\u016fm\u011br kotou\u010de 75 mm<\/li>\n<li>Pro le\u0161t\u011bn\u00ed v\u011bt\u0161\u00edch ploch<\/li>\n<li>Jednoduch\u00fd na skladov\u00e1n\u00ed<\/li>\n<li>Kompatibiln\u00ed se syst\u00e9mem <b>such\u00e9ho zipu<\/b><\/li>\n<\/ul>\n<h3>Pou\u017eit\u00ed<\/h3>\n<ul class=\"pouziti\">\n<li>Pro le\u0161ti\u010dky rota\u010dn\u00ed i orbit\u00e1ln\u00ed<\/li>\n<li>Kotou\u010d p\u0159ilepte na una\u0161e\u010d le\u0161ti\u010dky<\/li>\n<li>Postupujte dle n\u00e1vodu uveden\u00e9ho na pou\u017eit\u00e9 le\u0161t\u00edc\u00ed past\u011b<\/li>\n<\/ul><\/div>\n<div class=\"filters-tab-box__right\">\n<h2>Parametry<\/h2>\n<table>\n<tbody>\n<tr>\n<td>V&#253;robce                                            :                                        <\/td>\n<td>                                            3M                                        <\/td>\n<\/tr>\n<tr>\n<td>Stupe\u0148 hrubost                                            :                                        <\/td>\n<td>                                            2\/3                                        <\/td>\n<\/tr>\n<tr>\n<td>Tvrdost                                            :                                        <\/td>\n<td>St\u0159edn&#237;                                        <\/td>\n<\/tr>\n<tr>\n<td>Pr\u016fm\u011br                                        <\/td>\n<td>                                            75mm                                        <\/td>\n<\/tr>\n<\/tbody>\n<\/table><\/div>\n<\/p><\/div>\n","protected":false},"excerpt":{"rendered":"<p>3M Finesse-it le\u0161t\u00edc\u00ed kotou\u010d 75 mm Le\u0161t\u00edc\u00ed kotou\u010d 3M s\u00e9rie Finesse-it s rovn\u00fdm povrchem zaru\u010d\u00ed skv\u011bl\u00fd v\u00fdsledek va\u0161eho le\u0161t\u011bn\u00ed. Vyr\u00e1b\u00ed se ve 3 variant\u00e1ch: zelen\u00fd pro hrub\u00e9 le\u0161t\u011bn\u00ed, oran\u017eov\u00fd pro jemn\u00e9 let\u0161\u011bn\u00ed a \u017elut\u00fd pro odstran\u011bn\u00ed hologram\u016f. Barva ka\u017ed\u00e9ho kotou\u010de souhlas\u00ed s barvou v\u00fd\u010dka v\u00fdrobk\u016f 3M, se kter\u00fdmi je kompatibiln\u00ed. Kotou\u010de jsou v ide\u00e1ln\u00ed velikosti [&hellip;]<\/p>\n","protected":false},"featured_media":40606,"comment_status":"open","ping_status":"open","template":"","meta":[],"product_brand":[],"product_cat":[134],"product_tag":[],"class_list":{"0":"post-40506","1":"product","2":"type-product","3":"status-publish","4":"has-post-thumbnail","6":"product_cat-autolaky","8":"first","9":"instock","10":"sale","11":"shipping-taxable","12":"purchasable","13":"product-type-simple"},"yoast_head":"<!-- This site is optimized with the Yoast SEO plugin v26.8 - https:\/\/yoast.com\/product\/yoast-seo-wordpress\/ -->\n<title>3M kotou\u010d le\u0161t\u00edc\u00ed \u00d875mm oran\u017eov\u00fd 50472 Sez\u00f3nn\u00ed Sleva -<\/title>\n<meta name=\"robots\" content=\"index, follow, max-snippet:-1, max-image-preview:large, max-video-preview:-1\" \/>\n<link rel=\"canonical\" href=\"https:\/\/www.stavexpro.com\/index.php\/produkt\/3m-kotouc-lestici-o75mm-oranzovy-50472-sezonni-sleva-40506\/\" \/>\n<meta property=\"og:locale\" content=\"cs_CZ\" \/>\n<meta property=\"og:type\" content=\"article\" \/>\n<meta property=\"og:title\" content=\"3M kotou\u010d le\u0161t\u00edc\u00ed \u00d875mm oran\u017eov\u00fd 50472 Sez\u00f3nn\u00ed Sleva -\" \/>\n<meta property=\"og:description\" content=\"3M Finesse-it le\u0161t\u00edc\u00ed kotou\u010d 75 mm Le\u0161t\u00edc\u00ed kotou\u010d 3M s\u00e9rie Finesse-it s rovn\u00fdm povrchem zaru\u010d\u00ed skv\u011bl\u00fd v\u00fdsledek va\u0161eho le\u0161t\u011bn\u00ed. Vyr\u00e1b\u00ed se ve 3 variant\u00e1ch: zelen\u00fd pro hrub\u00e9 le\u0161t\u011bn\u00ed, oran\u017eov\u00fd pro jemn\u00e9 let\u0161\u011bn\u00ed a \u017elut\u00fd pro odstran\u011bn\u00ed hologram\u016f. Barva ka\u017ed\u00e9ho kotou\u010de souhlas\u00ed s barvou v\u00fd\u010dka v\u00fdrobk\u016f 3M, se kter\u00fdmi je kompatibiln\u00ed. Kotou\u010de jsou v ide\u00e1ln\u00ed velikosti [&hellip;]\" \/>\n<meta property=\"og:url\" content=\"https:\/\/www.stavexpro.com\/index.php\/produkt\/3m-kotouc-lestici-o75mm-oranzovy-50472-sezonni-sleva-40506\/\" \/>\n<meta property=\"og:image\" content=\"https:\/\/www.stavexpro.com\/wp-content\/uploads\/2026\/SK0000039-CZ20260425-092455-0-1777080297-image_of_object.webp\" \/>\n\t<meta property=\"og:image:width\" content=\"400\" \/>\n\t<meta property=\"og:image:height\" content=\"300\" \/>\n\t<meta property=\"og:image:type\" content=\"image\/webp\" \/>\n<meta name=\"twitter:card\" content=\"summary_large_image\" \/>\n<meta name=\"twitter:label1\" content=\"Odhadovan\u00e1 doba \u010dten\u00ed\" \/>\n\t<meta name=\"twitter:data1\" content=\"1 minuta\" \/>\n<script type=\"application\/ld+json\" class=\"yoast-schema-graph\">{\"@context\":\"https:\/\/schema.org\",\"@graph\":[{\"@type\":\"WebPage\",\"@id\":\"https:\/\/www.stavexpro.com\/index.php\/produkt\/3m-kotouc-lestici-o75mm-oranzovy-50472-sezonni-sleva-40506\/\",\"url\":\"https:\/\/www.stavexpro.com\/index.php\/produkt\/3m-kotouc-lestici-o75mm-oranzovy-50472-sezonni-sleva-40506\/\",\"name\":\"3M kotou\u010d le\u0161t\u00edc\u00ed \u00d875mm oran\u017eov\u00fd 50472 Sez\u00f3nn\u00ed Sleva -\",\"isPartOf\":{\"@id\":\"https:\/\/www.stavexpro.com\/#website\"},\"primaryImageOfPage\":{\"@id\":\"https:\/\/www.stavexpro.com\/index.php\/produkt\/3m-kotouc-lestici-o75mm-oranzovy-50472-sezonni-sleva-40506\/#primaryimage\"},\"image\":{\"@id\":\"https:\/\/www.stavexpro.com\/index.php\/produkt\/3m-kotouc-lestici-o75mm-oranzovy-50472-sezonni-sleva-40506\/#primaryimage\"},\"thumbnailUrl\":\"https:\/\/www.stavexpro.com\/wp-content\/uploads\/2026\/SK0000039-CZ20260425-092455-0-1777080297-image_of_object.webp\",\"datePublished\":\"2026-04-26T08:58:39+00:00\",\"breadcrumb\":{\"@id\":\"https:\/\/www.stavexpro.com\/index.php\/produkt\/3m-kotouc-lestici-o75mm-oranzovy-50472-sezonni-sleva-40506\/#breadcrumb\"},\"inLanguage\":\"cs\",\"potentialAction\":[{\"@type\":\"ReadAction\",\"target\":[\"https:\/\/www.stavexpro.com\/index.php\/produkt\/3m-kotouc-lestici-o75mm-oranzovy-50472-sezonni-sleva-40506\/\"]}]},{\"@type\":\"ImageObject\",\"inLanguage\":\"cs\",\"@id\":\"https:\/\/www.stavexpro.com\/index.php\/produkt\/3m-kotouc-lestici-o75mm-oranzovy-50472-sezonni-sleva-40506\/#primaryimage\",\"url\":\"https:\/\/www.stavexpro.com\/wp-content\/uploads\/2026\/SK0000039-CZ20260425-092455-0-1777080297-image_of_object.webp\",\"contentUrl\":\"https:\/\/www.stavexpro.com\/wp-content\/uploads\/2026\/SK0000039-CZ20260425-092455-0-1777080297-image_of_object.webp\",\"width\":400,\"height\":300},{\"@type\":\"BreadcrumbList\",\"@id\":\"https:\/\/www.stavexpro.com\/index.php\/produkt\/3m-kotouc-lestici-o75mm-oranzovy-50472-sezonni-sleva-40506\/#breadcrumb\",\"itemListElement\":[{\"@type\":\"ListItem\",\"position\":1,\"name\":\"Home\",\"item\":\"https:\/\/www.stavexpro.com\/\"},{\"@type\":\"ListItem\",\"position\":2,\"name\":\"Products\",\"item\":\"https:\/\/www.stavexpro.com\/index.php\/products\/\"},{\"@type\":\"ListItem\",\"position\":3,\"name\":\"3M kotou\u010d le\u0161t\u00edc\u00ed \u00d875mm oran\u017eov\u00fd 50472 Sez\u00f3nn\u00ed Sleva\"}]},{\"@type\":\"WebSite\",\"@id\":\"https:\/\/www.stavexpro.com\/#website\",\"url\":\"https:\/\/www.stavexpro.com\/\",\"name\":\"\",\"description\":\"\",\"potentialAction\":[{\"@type\":\"SearchAction\",\"target\":{\"@type\":\"EntryPoint\",\"urlTemplate\":\"https:\/\/www.stavexpro.com\/?s={search_term_string}\"},\"query-input\":{\"@type\":\"PropertyValueSpecification\",\"valueRequired\":true,\"valueName\":\"search_term_string\"}}],\"inLanguage\":\"cs\"}]}<\/script>\n<!-- \/ Yoast SEO plugin. -->","yoast_head_json":{"title":"3M kotou\u010d le\u0161t\u00edc\u00ed \u00d875mm oran\u017eov\u00fd 50472 Sez\u00f3nn\u00ed Sleva -","robots":{"index":"index","follow":"follow","max-snippet":"max-snippet:-1","max-image-preview":"max-image-preview:large","max-video-preview":"max-video-preview:-1"},"canonical":"https:\/\/www.stavexpro.com\/index.php\/produkt\/3m-kotouc-lestici-o75mm-oranzovy-50472-sezonni-sleva-40506\/","og_locale":"cs_CZ","og_type":"article","og_title":"3M kotou\u010d le\u0161t\u00edc\u00ed \u00d875mm oran\u017eov\u00fd 50472 Sez\u00f3nn\u00ed Sleva -","og_description":"3M Finesse-it le\u0161t\u00edc\u00ed kotou\u010d 75 mm Le\u0161t\u00edc\u00ed kotou\u010d 3M s\u00e9rie Finesse-it s rovn\u00fdm povrchem zaru\u010d\u00ed skv\u011bl\u00fd v\u00fdsledek va\u0161eho le\u0161t\u011bn\u00ed. Vyr\u00e1b\u00ed se ve 3 variant\u00e1ch: zelen\u00fd pro hrub\u00e9 le\u0161t\u011bn\u00ed, oran\u017eov\u00fd pro jemn\u00e9 let\u0161\u011bn\u00ed a \u017elut\u00fd pro odstran\u011bn\u00ed hologram\u016f. Barva ka\u017ed\u00e9ho kotou\u010de souhlas\u00ed s barvou v\u00fd\u010dka v\u00fdrobk\u016f 3M, se kter\u00fdmi je kompatibiln\u00ed. Kotou\u010de jsou v ide\u00e1ln\u00ed velikosti [&hellip;]","og_url":"https:\/\/www.stavexpro.com\/index.php\/produkt\/3m-kotouc-lestici-o75mm-oranzovy-50472-sezonni-sleva-40506\/","og_image":[{"width":400,"height":300,"url":"https:\/\/www.stavexpro.com\/wp-content\/uploads\/2026\/SK0000039-CZ20260425-092455-0-1777080297-image_of_object.webp","type":"image\/webp"}],"twitter_card":"summary_large_image","twitter_misc":{"Odhadovan\u00e1 doba \u010dten\u00ed":"1 minuta"},"schema":{"@context":"https:\/\/schema.org","@graph":[{"@type":"WebPage","@id":"https:\/\/www.stavexpro.com\/index.php\/produkt\/3m-kotouc-lestici-o75mm-oranzovy-50472-sezonni-sleva-40506\/","url":"https:\/\/www.stavexpro.com\/index.php\/produkt\/3m-kotouc-lestici-o75mm-oranzovy-50472-sezonni-sleva-40506\/","name":"3M kotou\u010d le\u0161t\u00edc\u00ed \u00d875mm oran\u017eov\u00fd 50472 Sez\u00f3nn\u00ed Sleva -","isPartOf":{"@id":"https:\/\/www.stavexpro.com\/#website"},"primaryImageOfPage":{"@id":"https:\/\/www.stavexpro.com\/index.php\/produkt\/3m-kotouc-lestici-o75mm-oranzovy-50472-sezonni-sleva-40506\/#primaryimage"},"image":{"@id":"https:\/\/www.stavexpro.com\/index.php\/produkt\/3m-kotouc-lestici-o75mm-oranzovy-50472-sezonni-sleva-40506\/#primaryimage"},"thumbnailUrl":"https:\/\/www.stavexpro.com\/wp-content\/uploads\/2026\/SK0000039-CZ20260425-092455-0-1777080297-image_of_object.webp","datePublished":"2026-04-26T08:58:39+00:00","breadcrumb":{"@id":"https:\/\/www.stavexpro.com\/index.php\/produkt\/3m-kotouc-lestici-o75mm-oranzovy-50472-sezonni-sleva-40506\/#breadcrumb"},"inLanguage":"cs","potentialAction":[{"@type":"ReadAction","target":["https:\/\/www.stavexpro.com\/index.php\/produkt\/3m-kotouc-lestici-o75mm-oranzovy-50472-sezonni-sleva-40506\/"]}]},{"@type":"ImageObject","inLanguage":"cs","@id":"https:\/\/www.stavexpro.com\/index.php\/produkt\/3m-kotouc-lestici-o75mm-oranzovy-50472-sezonni-sleva-40506\/#primaryimage","url":"https:\/\/www.stavexpro.com\/wp-content\/uploads\/2026\/SK0000039-CZ20260425-092455-0-1777080297-image_of_object.webp","contentUrl":"https:\/\/www.stavexpro.com\/wp-content\/uploads\/2026\/SK0000039-CZ20260425-092455-0-1777080297-image_of_object.webp","width":400,"height":300},{"@type":"BreadcrumbList","@id":"https:\/\/www.stavexpro.com\/index.php\/produkt\/3m-kotouc-lestici-o75mm-oranzovy-50472-sezonni-sleva-40506\/#breadcrumb","itemListElement":[{"@type":"ListItem","position":1,"name":"Home","item":"https:\/\/www.stavexpro.com\/"},{"@type":"ListItem","position":2,"name":"Products","item":"https:\/\/www.stavexpro.com\/index.php\/products\/"},{"@type":"ListItem","position":3,"name":"3M kotou\u010d le\u0161t\u00edc\u00ed \u00d875mm oran\u017eov\u00fd 50472 Sez\u00f3nn\u00ed Sleva"}]},{"@type":"WebSite","@id":"https:\/\/www.stavexpro.com\/#website","url":"https:\/\/www.stavexpro.com\/","name":"","description":"","potentialAction":[{"@type":"SearchAction","target":{"@type":"EntryPoint","urlTemplate":"https:\/\/www.stavexpro.com\/?s={search_term_string}"},"query-input":{"@type":"PropertyValueSpecification","valueRequired":true,"valueName":"search_term_string"}}],"inLanguage":"cs"}]}},"_links":{"self":[{"href":"https:\/\/www.stavexpro.com\/wp-json\/wp\/v2\/product\/40506","targetHints":{"allow":["GET"]}}],"collection":[{"href":"https:\/\/www.stavexpro.com\/wp-json\/wp\/v2\/product"}],"about":[{"href":"https:\/\/www.stavexpro.com\/wp-json\/wp\/v2\/types\/product"}],"replies":[{"embeddable":true,"href":"https:\/\/www.stavexpro.com\/wp-json\/wp\/v2\/comments?post=40506"}],"wp:featuredmedia":[{"embeddable":true,"href":"https:\/\/www.stavexpro.com\/wp-json\/wp\/v2\/media\/40606"}],"wp:attachment":[{"href":"https:\/\/www.stavexpro.com\/wp-json\/wp\/v2\/media?parent=40506"}],"wp:term":[{"taxonomy":"product_brand","embeddable":true,"href":"https:\/\/www.stavexpro.com\/wp-json\/wp\/v2\/product_brand?post=40506"},{"taxonomy":"product_cat","embeddable":true,"href":"https:\/\/www.stavexpro.com\/wp-json\/wp\/v2\/product_cat?post=40506"},{"taxonomy":"product_tag","embeddable":true,"href":"https:\/\/www.stavexpro.com\/wp-json\/wp\/v2\/product_tag?post=40506"}],"curies":[{"name":"wp","href":"https:\/\/api.w.org\/{rel}","templated":true}]}}