{"id":40534,"date":"2026-04-26T08:58:39","date_gmt":"2026-04-26T08:58:39","guid":{"rendered":""},"modified":"2026-04-26T08:58:39","modified_gmt":"2026-04-26T08:58:39","slug":"3m-trizact-brusny-kotouc-o150mm-p5000-1-ks-tovarni-cena-40534","status":"publish","type":"product","link":"https:\/\/www.stavexpro.com\/produkt\/3m-trizact-brusny-kotouc-o150mm-p5000-1-ks-tovarni-cena-40534\/","title":{"rendered":"3M Trizact Brusn\u00fd kotou\u010d \u00d8150mm P5000 1 ks Tov\u00e1rn\u00ed Cena"},"content":{"rendered":"<div class=\"filters-tab-box__left\">\n<h2>Brusn\u00fd kotou\u010d 3M Trizact 150 mm<\/h2>\n<p>Brusn\u00fd kotou\u010d 3M Trizact<b> na molitanov\u00e9 podlo\u017ece<\/b> se vyzna\u010duje dlouhou \u017eivotnost\u00ed. Dostupn\u00fd v <b>hrubosti P1000 &#8211; P6000<\/b>. Vhodn\u00fd <b>pro velmi jemn\u00e9 brou\u0161en\u00ed<\/b>. Ods\u00e1v\u00e1n\u00ed prob\u00edh\u00e1 celoplo\u0161n\u011b. Kotou\u010d velmi dob\u0159e propou\u0161t\u00ed vzduch i vodu. Vhodn\u00fd pro <b>mokr\u00e9 brou\u0161en\u00ed<\/b>. D\u00edky molitanov\u00e9 podlo\u017ece se p\u0159izp\u016fsobuje brou\u0161en\u00e9mu povrchu a <b>vyrovn\u00e1va tak tlak. Omyvateln\u00fd a znovupou\u017eiteln\u00fd<\/b>. Such\u00fd zip, bez d\u011br, pr\u016fm\u011br 150 mm.<\/p>\n<h3>Kl\u00ed\u010dov\u00e9 vlastnosti<\/h3>\n<ul class=\"vlastnosti\">\n<li>Brusn\u00fd kotou\u010d<b> na molitanov\u00e9 podlo\u017ece<\/b><\/li>\n<li>Dlouh\u00e1 \u017eivotnost<\/li>\n<li><b>Hrubosti P1000 &#8211; P6000<\/b><\/li>\n<li>Vhodn\u00fd <b>pro velmi jemn\u00e9 brou\u0161en\u00ed<\/b><\/li>\n<li>Celoplo\u0161en\u00e9 ods\u00e1v\u00e1n\u00ed<\/li>\n<li>Velmi dob\u0159e propou\u0161t\u00ed vzduch i vodu<\/li>\n<li>Pro <b>mokr\u00e9 brou\u0161en\u00ed<\/b><\/li>\n<li>P\u0159izp\u016fsoben\u00ed brou\u0161en\u00e9mu povrchu a <b>vyrovn\u00e1n\u00ed tlaku<\/b><\/li>\n<li><b>Omyvateln\u00fd a znovupou\u017eiteln\u00fd<\/b><\/li>\n<li>Such\u00fd zip, bez d\u011br, pr\u016fm\u011br 150 mm<\/li>\n<\/ul>\n<h3>Pou\u017eit\u00ed<\/h3>\n<ul class=\"pouziti\">\n<li>P\u0159ilepte brusn\u00fd kotou\u010d na una\u0161e\u010d brusky<\/li>\n<li>Bruste dle standardn\u00edho postupu pro brou\u0161en\u00ed<\/li>\n<\/ul><\/div>\n<div class=\"filters-tab-box__right\">\n<h2>Parametry<\/h2>\n<table>\n<tbody>\n<tr>\n<td>V&#253;robce                                            :                                        <\/td>\n<td>                                            3M                                        <\/td>\n<\/tr>\n<tr>\n<td>Po\u010det otvor\u016f                                            :                                        <\/td>\n<td>                                            0                                        <\/td>\n<\/tr>\n<tr>\n<td>Pr\u016fm\u011br                                        <\/td>\n<td>                                            150mm                                        <\/td>\n<\/tr>\n<tr>\n<td>Hrubost                                        <\/td>\n<td>                                            5000                                        <\/td>\n<\/tr>\n<\/tbody>\n<\/table><\/div>\n<\/p><\/div>\n","protected":false},"excerpt":{"rendered":"<p>Brusn\u00fd kotou\u010d 3M Trizact 150 mm Brusn\u00fd kotou\u010d 3M Trizact na molitanov\u00e9 podlo\u017ece se vyzna\u010duje dlouhou \u017eivotnost\u00ed. Dostupn\u00fd v hrubosti P1000 &#8211; P6000. Vhodn\u00fd pro velmi jemn\u00e9 brou\u0161en\u00ed. Ods\u00e1v\u00e1n\u00ed prob\u00edh\u00e1 celoplo\u0161n\u011b. Kotou\u010d velmi dob\u0159e propou\u0161t\u00ed vzduch i vodu. Vhodn\u00fd pro mokr\u00e9 brou\u0161en\u00ed. D\u00edky molitanov\u00e9 podlo\u017ece se p\u0159izp\u016fsobuje brou\u0161en\u00e9mu povrchu a vyrovn\u00e1va tak tlak. Omyvateln\u00fd a [&hellip;]<\/p>\n","protected":false},"featured_media":40634,"comment_status":"open","ping_status":"open","template":"","meta":[],"product_brand":[],"product_cat":[134],"product_tag":[],"class_list":{"0":"post-40534","1":"product","2":"type-product","3":"status-publish","4":"has-post-thumbnail","6":"product_cat-autolaky","8":"first","9":"instock","10":"sale","11":"shipping-taxable","12":"purchasable","13":"product-type-simple"},"yoast_head":"<!-- This site is optimized with the Yoast SEO plugin v26.8 - https:\/\/yoast.com\/product\/yoast-seo-wordpress\/ -->\n<title>3M Trizact Brusn\u00fd kotou\u010d \u00d8150mm P5000 1 ks Tov\u00e1rn\u00ed Cena -<\/title>\n<meta name=\"robots\" content=\"index, follow, max-snippet:-1, max-image-preview:large, max-video-preview:-1\" \/>\n<link rel=\"canonical\" href=\"https:\/\/www.stavexpro.com\/index.php\/produkt\/3m-trizact-brusny-kotouc-o150mm-p5000-1-ks-tovarni-cena-40534\/\" \/>\n<meta property=\"og:locale\" content=\"cs_CZ\" \/>\n<meta property=\"og:type\" content=\"article\" \/>\n<meta property=\"og:title\" content=\"3M Trizact Brusn\u00fd kotou\u010d \u00d8150mm P5000 1 ks Tov\u00e1rn\u00ed Cena -\" \/>\n<meta property=\"og:description\" content=\"Brusn\u00fd kotou\u010d 3M Trizact 150 mm Brusn\u00fd kotou\u010d 3M Trizact na molitanov\u00e9 podlo\u017ece se vyzna\u010duje dlouhou \u017eivotnost\u00ed. Dostupn\u00fd v hrubosti P1000 &#8211; P6000. Vhodn\u00fd pro velmi jemn\u00e9 brou\u0161en\u00ed. Ods\u00e1v\u00e1n\u00ed prob\u00edh\u00e1 celoplo\u0161n\u011b. Kotou\u010d velmi dob\u0159e propou\u0161t\u00ed vzduch i vodu. Vhodn\u00fd pro mokr\u00e9 brou\u0161en\u00ed. D\u00edky molitanov\u00e9 podlo\u017ece se p\u0159izp\u016fsobuje brou\u0161en\u00e9mu povrchu a vyrovn\u00e1va tak tlak. Omyvateln\u00fd a [&hellip;]\" \/>\n<meta property=\"og:url\" content=\"https:\/\/www.stavexpro.com\/index.php\/produkt\/3m-trizact-brusny-kotouc-o150mm-p5000-1-ks-tovarni-cena-40534\/\" \/>\n<meta property=\"og:image\" content=\"https:\/\/www.stavexpro.com\/wp-content\/uploads\/2026\/SK0000068-CZ20260425-092455-0-1777080297-image_of_object.webp\" \/>\n\t<meta property=\"og:image:width\" content=\"400\" \/>\n\t<meta property=\"og:image:height\" content=\"300\" \/>\n\t<meta property=\"og:image:type\" content=\"image\/webp\" \/>\n<meta name=\"twitter:card\" content=\"summary_large_image\" \/>\n<meta name=\"twitter:label1\" content=\"Odhadovan\u00e1 doba \u010dten\u00ed\" \/>\n\t<meta name=\"twitter:data1\" content=\"1 minuta\" \/>\n<script type=\"application\/ld+json\" class=\"yoast-schema-graph\">{\"@context\":\"https:\/\/schema.org\",\"@graph\":[{\"@type\":\"WebPage\",\"@id\":\"https:\/\/www.stavexpro.com\/index.php\/produkt\/3m-trizact-brusny-kotouc-o150mm-p5000-1-ks-tovarni-cena-40534\/\",\"url\":\"https:\/\/www.stavexpro.com\/index.php\/produkt\/3m-trizact-brusny-kotouc-o150mm-p5000-1-ks-tovarni-cena-40534\/\",\"name\":\"3M Trizact Brusn\u00fd kotou\u010d \u00d8150mm P5000 1 ks Tov\u00e1rn\u00ed Cena -\",\"isPartOf\":{\"@id\":\"https:\/\/www.stavexpro.com\/#website\"},\"primaryImageOfPage\":{\"@id\":\"https:\/\/www.stavexpro.com\/index.php\/produkt\/3m-trizact-brusny-kotouc-o150mm-p5000-1-ks-tovarni-cena-40534\/#primaryimage\"},\"image\":{\"@id\":\"https:\/\/www.stavexpro.com\/index.php\/produkt\/3m-trizact-brusny-kotouc-o150mm-p5000-1-ks-tovarni-cena-40534\/#primaryimage\"},\"thumbnailUrl\":\"https:\/\/www.stavexpro.com\/wp-content\/uploads\/2026\/SK0000068-CZ20260425-092455-0-1777080297-image_of_object.webp\",\"datePublished\":\"2026-04-26T08:58:39+00:00\",\"breadcrumb\":{\"@id\":\"https:\/\/www.stavexpro.com\/index.php\/produkt\/3m-trizact-brusny-kotouc-o150mm-p5000-1-ks-tovarni-cena-40534\/#breadcrumb\"},\"inLanguage\":\"cs\",\"potentialAction\":[{\"@type\":\"ReadAction\",\"target\":[\"https:\/\/www.stavexpro.com\/index.php\/produkt\/3m-trizact-brusny-kotouc-o150mm-p5000-1-ks-tovarni-cena-40534\/\"]}]},{\"@type\":\"ImageObject\",\"inLanguage\":\"cs\",\"@id\":\"https:\/\/www.stavexpro.com\/index.php\/produkt\/3m-trizact-brusny-kotouc-o150mm-p5000-1-ks-tovarni-cena-40534\/#primaryimage\",\"url\":\"https:\/\/www.stavexpro.com\/wp-content\/uploads\/2026\/SK0000068-CZ20260425-092455-0-1777080297-image_of_object.webp\",\"contentUrl\":\"https:\/\/www.stavexpro.com\/wp-content\/uploads\/2026\/SK0000068-CZ20260425-092455-0-1777080297-image_of_object.webp\",\"width\":400,\"height\":300},{\"@type\":\"BreadcrumbList\",\"@id\":\"https:\/\/www.stavexpro.com\/index.php\/produkt\/3m-trizact-brusny-kotouc-o150mm-p5000-1-ks-tovarni-cena-40534\/#breadcrumb\",\"itemListElement\":[{\"@type\":\"ListItem\",\"position\":1,\"name\":\"Home\",\"item\":\"https:\/\/www.stavexpro.com\/\"},{\"@type\":\"ListItem\",\"position\":2,\"name\":\"Products\",\"item\":\"https:\/\/www.stavexpro.com\/index.php\/products\/\"},{\"@type\":\"ListItem\",\"position\":3,\"name\":\"3M Trizact Brusn\u00fd kotou\u010d \u00d8150mm P5000 1 ks Tov\u00e1rn\u00ed Cena\"}]},{\"@type\":\"WebSite\",\"@id\":\"https:\/\/www.stavexpro.com\/#website\",\"url\":\"https:\/\/www.stavexpro.com\/\",\"name\":\"\",\"description\":\"\",\"potentialAction\":[{\"@type\":\"SearchAction\",\"target\":{\"@type\":\"EntryPoint\",\"urlTemplate\":\"https:\/\/www.stavexpro.com\/?s={search_term_string}\"},\"query-input\":{\"@type\":\"PropertyValueSpecification\",\"valueRequired\":true,\"valueName\":\"search_term_string\"}}],\"inLanguage\":\"cs\"}]}<\/script>\n<!-- \/ Yoast SEO plugin. -->","yoast_head_json":{"title":"3M Trizact Brusn\u00fd kotou\u010d \u00d8150mm P5000 1 ks Tov\u00e1rn\u00ed Cena -","robots":{"index":"index","follow":"follow","max-snippet":"max-snippet:-1","max-image-preview":"max-image-preview:large","max-video-preview":"max-video-preview:-1"},"canonical":"https:\/\/www.stavexpro.com\/index.php\/produkt\/3m-trizact-brusny-kotouc-o150mm-p5000-1-ks-tovarni-cena-40534\/","og_locale":"cs_CZ","og_type":"article","og_title":"3M Trizact Brusn\u00fd kotou\u010d \u00d8150mm P5000 1 ks Tov\u00e1rn\u00ed Cena -","og_description":"Brusn\u00fd kotou\u010d 3M Trizact 150 mm Brusn\u00fd kotou\u010d 3M Trizact na molitanov\u00e9 podlo\u017ece se vyzna\u010duje dlouhou \u017eivotnost\u00ed. Dostupn\u00fd v hrubosti P1000 &#8211; P6000. Vhodn\u00fd pro velmi jemn\u00e9 brou\u0161en\u00ed. Ods\u00e1v\u00e1n\u00ed prob\u00edh\u00e1 celoplo\u0161n\u011b. Kotou\u010d velmi dob\u0159e propou\u0161t\u00ed vzduch i vodu. Vhodn\u00fd pro mokr\u00e9 brou\u0161en\u00ed. D\u00edky molitanov\u00e9 podlo\u017ece se p\u0159izp\u016fsobuje brou\u0161en\u00e9mu povrchu a vyrovn\u00e1va tak tlak. Omyvateln\u00fd a [&hellip;]","og_url":"https:\/\/www.stavexpro.com\/index.php\/produkt\/3m-trizact-brusny-kotouc-o150mm-p5000-1-ks-tovarni-cena-40534\/","og_image":[{"width":400,"height":300,"url":"https:\/\/www.stavexpro.com\/wp-content\/uploads\/2026\/SK0000068-CZ20260425-092455-0-1777080297-image_of_object.webp","type":"image\/webp"}],"twitter_card":"summary_large_image","twitter_misc":{"Odhadovan\u00e1 doba \u010dten\u00ed":"1 minuta"},"schema":{"@context":"https:\/\/schema.org","@graph":[{"@type":"WebPage","@id":"https:\/\/www.stavexpro.com\/index.php\/produkt\/3m-trizact-brusny-kotouc-o150mm-p5000-1-ks-tovarni-cena-40534\/","url":"https:\/\/www.stavexpro.com\/index.php\/produkt\/3m-trizact-brusny-kotouc-o150mm-p5000-1-ks-tovarni-cena-40534\/","name":"3M Trizact Brusn\u00fd kotou\u010d \u00d8150mm P5000 1 ks Tov\u00e1rn\u00ed Cena -","isPartOf":{"@id":"https:\/\/www.stavexpro.com\/#website"},"primaryImageOfPage":{"@id":"https:\/\/www.stavexpro.com\/index.php\/produkt\/3m-trizact-brusny-kotouc-o150mm-p5000-1-ks-tovarni-cena-40534\/#primaryimage"},"image":{"@id":"https:\/\/www.stavexpro.com\/index.php\/produkt\/3m-trizact-brusny-kotouc-o150mm-p5000-1-ks-tovarni-cena-40534\/#primaryimage"},"thumbnailUrl":"https:\/\/www.stavexpro.com\/wp-content\/uploads\/2026\/SK0000068-CZ20260425-092455-0-1777080297-image_of_object.webp","datePublished":"2026-04-26T08:58:39+00:00","breadcrumb":{"@id":"https:\/\/www.stavexpro.com\/index.php\/produkt\/3m-trizact-brusny-kotouc-o150mm-p5000-1-ks-tovarni-cena-40534\/#breadcrumb"},"inLanguage":"cs","potentialAction":[{"@type":"ReadAction","target":["https:\/\/www.stavexpro.com\/index.php\/produkt\/3m-trizact-brusny-kotouc-o150mm-p5000-1-ks-tovarni-cena-40534\/"]}]},{"@type":"ImageObject","inLanguage":"cs","@id":"https:\/\/www.stavexpro.com\/index.php\/produkt\/3m-trizact-brusny-kotouc-o150mm-p5000-1-ks-tovarni-cena-40534\/#primaryimage","url":"https:\/\/www.stavexpro.com\/wp-content\/uploads\/2026\/SK0000068-CZ20260425-092455-0-1777080297-image_of_object.webp","contentUrl":"https:\/\/www.stavexpro.com\/wp-content\/uploads\/2026\/SK0000068-CZ20260425-092455-0-1777080297-image_of_object.webp","width":400,"height":300},{"@type":"BreadcrumbList","@id":"https:\/\/www.stavexpro.com\/index.php\/produkt\/3m-trizact-brusny-kotouc-o150mm-p5000-1-ks-tovarni-cena-40534\/#breadcrumb","itemListElement":[{"@type":"ListItem","position":1,"name":"Home","item":"https:\/\/www.stavexpro.com\/"},{"@type":"ListItem","position":2,"name":"Products","item":"https:\/\/www.stavexpro.com\/index.php\/products\/"},{"@type":"ListItem","position":3,"name":"3M Trizact Brusn\u00fd kotou\u010d \u00d8150mm P5000 1 ks Tov\u00e1rn\u00ed Cena"}]},{"@type":"WebSite","@id":"https:\/\/www.stavexpro.com\/#website","url":"https:\/\/www.stavexpro.com\/","name":"","description":"","potentialAction":[{"@type":"SearchAction","target":{"@type":"EntryPoint","urlTemplate":"https:\/\/www.stavexpro.com\/?s={search_term_string}"},"query-input":{"@type":"PropertyValueSpecification","valueRequired":true,"valueName":"search_term_string"}}],"inLanguage":"cs"}]}},"_links":{"self":[{"href":"https:\/\/www.stavexpro.com\/wp-json\/wp\/v2\/product\/40534","targetHints":{"allow":["GET"]}}],"collection":[{"href":"https:\/\/www.stavexpro.com\/wp-json\/wp\/v2\/product"}],"about":[{"href":"https:\/\/www.stavexpro.com\/wp-json\/wp\/v2\/types\/product"}],"replies":[{"embeddable":true,"href":"https:\/\/www.stavexpro.com\/wp-json\/wp\/v2\/comments?post=40534"}],"wp:featuredmedia":[{"embeddable":true,"href":"https:\/\/www.stavexpro.com\/wp-json\/wp\/v2\/media\/40634"}],"wp:attachment":[{"href":"https:\/\/www.stavexpro.com\/wp-json\/wp\/v2\/media?parent=40534"}],"wp:term":[{"taxonomy":"product_brand","embeddable":true,"href":"https:\/\/www.stavexpro.com\/wp-json\/wp\/v2\/product_brand?post=40534"},{"taxonomy":"product_cat","embeddable":true,"href":"https:\/\/www.stavexpro.com\/wp-json\/wp\/v2\/product_cat?post=40534"},{"taxonomy":"product_tag","embeddable":true,"href":"https:\/\/www.stavexpro.com\/wp-json\/wp\/v2\/product_tag?post=40534"}],"curies":[{"name":"wp","href":"https:\/\/api.w.org\/{rel}","templated":true}]}}