{"id":43708,"date":"2026-04-26T08:59:20","date_gmt":"2026-04-26T08:59:20","guid":{"rendered":""},"modified":"2026-04-26T08:59:20","modified_gmt":"2026-04-26T08:59:20","slug":"100-silikon-silver-line-element-shop-cz-oblibeny-43708","status":"publish","type":"product","link":"https:\/\/www.stavexpro.com\/index.php\/produkt\/100-silikon-silver-line-element-shop-cz-oblibeny-43708\/","title":{"rendered":"100% silikon Silver Line | element-shop.cz Obl\u00edben\u00fd"},"content":{"rendered":"<div class=\"basic-description\">\n<h3>Detailn\u00ed popis produktu<\/h3>\n<table style=\"width: 850px;\">\n<tbody>\n<tr>\n<td>\n<h2><span style=\"font-size: 26pt; color: #808080;\"><strong>100% <span class=\"show-tooltip\" title=\"Silikon je polymern\u00ed materi\u00e1l, kter\u00fd je zn\u00e1m\u00fd svou \u0161irokou \u0161k\u00e1lou vlastnost\u00ed a pou\u017eit\u00ed. Jedn\u00e1 se o syntetick\u00fd materi\u00e1l, kter\u00fd obsahuje opakuj\u00edc\u00ed se jednotky k\u0159em\u00edku a kysl\u00edku spojen\u00e9 organick\u00fdmi skupinami. Silikon m\u00e1 mnoho v\u00fdhod,&amp;hellip;\">silikon<\/span> SILVER LINE<\/strong><\/span><\/h2>\n<\/td>\n<td style=\"width: 140px;\"><\/td>\n<\/tr>\n<\/tbody>\n<\/table>\n<table style=\"width: 850px;\">\n<tbody>\n<tr>\n<td>\n<hr \/>\n<div><span style=\"font-size: 12pt;\"><strong>Silikon se \u0161irok\u00fdm pou\u017eit\u00edm ve stavebnictv\u00ed pro <span class=\"show-tooltip\" title=\"T\u011bsn\u011bn\u00ed je proces nebo sou\u010d\u00e1stka, kter\u00e1 m\u00e1 za c\u00edl uzav\u0159\u00edt nebo odd\u011blit dv\u011b \u010d\u00e1sti nebo prost\u0159ed\u00ed tak, aby nedoch\u00e1zelo k ne\u017e\u00e1douc\u00edmu pronik\u00e1n\u00ed tekutin, plyn\u016f, \u010d\u00e1stic nebo tepla.\u058d T\u011bsn\u011bn\u00ed m\u016f\u017ee b\u00fdt aplikov\u00e1no v r\u016fzn\u00fdch kontextech a oblastech.\u058d&amp;hellip;\">t\u011bsn\u011bn\u00ed<\/span> konstruk\u010dn\u00edch sp\u00e1r a t\u011bsn\u011bn\u00ed <span class=\"show-tooltip\" title=\"Sklo&amp;nbsp;je homogenn\u00ed,&amp;nbsp;amorfn\u00ed&amp;nbsp;(tj. nekrystalick\u00e1) pevn\u00e1 l\u00e1tka, kter\u00e1 se vyzna\u010duje tvrdost\u00ed, k\u0159ehkost\u00ed a pr\u016fhlednost\u00ed. Hlavn\u00ed slo\u017ekou skla je&amp;nbsp;oxid k\u0159emi\u010dit\u00fd&amp;nbsp;(SiO2) a vyr\u00e1b\u00ed se taven\u00edm k\u0159emi\u010dit\u00e9ho&amp;nbsp;skl\u00e1\u0159sk\u00e9ho&amp;hellip;\">skla<\/span> v <span class=\"show-tooltip\" title=\"Kovy&amp;nbsp;tvo\u0159\u00ed spole\u010dn\u011b s&amp;nbsp;polokovy&amp;nbsp;a&amp;nbsp;nekovy&amp;nbsp;t\u0159i hlavn\u00ed skupiny&amp;nbsp;chemick\u00fdch prvk\u016f. Rozd\u011blen\u00ed je prov\u00e1d\u011bno s ohledem na&amp;nbsp;vazebn\u00e9&amp;nbsp;a&amp;nbsp;ioniza\u010dn\u00ed&amp;nbsp;vlastnosti prvk\u016f. Kovy jsou charakterizovan\u00e9&amp;hellip;\">kovov\u00fdch<\/span> r\u00e1mech.<\/strong><\/span><span style=\"font-size: 12pt;\"><strong><\/strong><\/span><\/div>\n<div>\n<hr \/>\n<p><span style=\"font-size: 12pt;\"><strong><\/strong><\/span><\/div>\n<\/td>\n<\/tr>\n<\/tbody>\n<\/table>\n<table style=\"width: 844px;\">\n<tbody>\n<tr style=\"height: 173.062px;\">\n<td style=\"width: 422.141px; height: 173.062px;\">\n<div>&nbsp;<\/div>\n<div><span><strong>\u2743 Vysok\u00e1 <span class=\"show-tooltip\" title=\"Stupe\u0148 p\u0159ipevn\u011bn\u00ed n\u00e1t\u011bru k povrchu. Kvalita nebo stupe\u0148 p\u0159ipevn\u011bn\u00ed mezi povlakem barvy a povrchem nebo barvou pod n\u00edm. Schopnost such\u00e9 barvy z\u016fstat na povrchu bez puch\u00fd\u0159\u016f, odlupov\u00e1n\u00ed nebo prask\u00e1n\u00ed. P\u0159ilnavost je pravd\u011bpodobn\u011b nejd\u016fle\u017eit\u011bj\u0161\u00ed&amp;hellip;\">p\u0159ilnavost<\/span> na <span class=\"show-tooltip\" title=\"Smalt (tak\u00e9 zn\u00e1m\u00fd jako email) p\u0159edstavuje k\u0159emi\u010ditou taveninu, kter\u00e1 je p\u0159\u00edbuzn\u00e1 sklu a porcel\u00e1nu. Po vystaven\u00ed vysok\u00e9 teplot\u011b v peci vytv\u00e1\u0159\u00ed na kovu jednotn\u00fd, hladk\u00fd a leskl\u00fd ochrann\u00fd povlak. P\u0159i pecn\u00edm v\u00fdpalu projevuje vlastnosti na pomez\u00ed skla a&amp;hellip;\">smalt<\/span>, <span class=\"show-tooltip\" title=\"Keramika je obecn\u00fd term\u00edn pro v\u00fdrobky, kter\u00e9 vznikaj\u00ed vypalov\u00e1n\u00edm keramick\u00fdch sm\u011bs\u00ed, p\u0159i\u010dem\u017e hlavn\u00edmi slo\u017ekami t\u011bchto sm\u011bs\u00ed jsou kaol\u00edny, j\u00edly a hl\u00edny. Po prohn\u011bten\u00ed s vodou z\u00edsk\u00e1vaj\u00ed keramick\u00e9 sm\u011bsi plastick\u00e9 vlastnosti, co\u017e umo\u017e\u0148uje tvarov\u00e1n\u00ed. Po&amp;hellip;\">keramick\u00e9<\/span> <span class=\"show-tooltip\" title=\"Dla\u017edice jsou ploch\u00e9 stavebn\u00ed prvky r\u016fzn\u00fdch rozm\u011br\u016f, obvykle \u010dtvercov\u00e9ho nebo obd\u00e9ln\u00edkov\u00e9ho tvaru, kter\u00e9 se pou\u017e\u00edvaj\u00ed pro pokl\u00e1dku na podlahy, st\u011bny nebo jin\u00e9 povrchy. Mohou b\u00fdt vyrobeny z r\u016fzn\u00fdch materi\u00e1l\u016f, v\u010detn\u011b keramiky, terakoty, porcel\u00e1nu,&amp;hellip;\">dla\u017edice<\/span> a povrchov\u011b upraven\u00e9 kovy.<\/strong><\/span><\/div>\n<div align=\"LEFT\"><span><strong>\u2743 Trvale <span class=\"show-tooltip\" title=\"Pru\u017enost je vlastnost materi\u00e1l\u016f, kter\u00e1 se projevuje jejich schopnost\u00ed vracet se do p\u016fvodn\u00edho tvaru po odstran\u011bn\u00ed vn\u011bj\u0161\u00edch sil, kter\u00e9 na n\u011b p\u016fsobily. Pru\u017en\u00e9 materi\u00e1ly se deformuj\u00ed, kdy\u017e jsou vystaveny zat\u00ed\u017een\u00ed, a po odstran\u011bn\u00ed tohoto zat\u00ed\u017een\u00ed se op\u011bt&amp;hellip;\">pru\u017en\u00fd<\/span>.<\/strong><\/span><\/div>\n<div align=\"LEFT\"><span><strong>\u2743 Odoln\u00fd vod\u011b, pov\u011btrnostn\u00edm vliv\u016fm a UV z\u00e1\u0159en\u00ed<\/strong><\/span><\/div>\n<div align=\"LEFT\"><span><strong>\u2743 \u0160irok\u00e9 vyu\u017eit\u00ed ve stavebnictv\u00ed a tak\u00e9 v dom\u00e1cnosti<\/strong><\/span><\/div>\n<div>&nbsp;<\/div>\n<div><span><strong>\u2714 Ut\u011bs\u0148uje sty\u010dn\u00e9 sp\u00e1ry ve stavebn\u00edch konstrukc\u00edch.<\/strong><\/span><\/div>\n<div><span><strong>\u2714 Velmi vysok\u00e1 p\u0159ilnavost na sklo, smalt, keramick\u00e9 dla\u017edice a povrchov\u011b upraven\u00e9 kovy bez nutnosti pou\u017eit\u00ed primerov\u00e9ho n\u00e1t\u011bru.<\/strong><\/span><\/div>\n<div>&nbsp;<\/div>\n<div><span><strong>\u2718 Nen\u00ed vhodn\u00fd pro pou\u017eit\u00ed na PE, PP, teflon, <span class=\"show-tooltip\" title=\"Beton je stavebn\u00ed materi\u00e1l slo\u017een\u00fd z n\u011bkolika z\u00e1kladn\u00edch slo\u017eek, v\u010detn\u011b cementu, vody, p\u00edsku (nebo jemn\u00e9ho \u0161t\u011brku) a hrub\u00e9ho \u0161t\u011brku nebo kamene. Tato sm\u011bs se pe\u010dliv\u011b prom\u00edch\u00e1 a pot\u00e9 ztvrdne a z\u00edsk\u00e1 pevnou a odolnou strukturu. Beton je&amp;hellip;\">beton<\/span>, <span class=\"show-tooltip\" title=\"&amp;nbsp;Mramor je metamorfovan\u00e1 hornina, kter\u00e1 vznikla p\u0159em\u011bnou v\u00e1pence nebo dolomitu vlivem vysok\u00e9ho tlaku a teploty. Je tvo\u0159en p\u0159ev\u00e1\u017en\u011b krystalick\u00fdm uhli\u010ditanem v\u00e1penat\u00fdm (CaCO\u2083) a je cen\u011bn pro sv\u016fj dekorativn\u00ed vzhled a mo\u017enost le\u0161t\u011bn\u00ed&amp;hellip;\">mramor<\/span>, <span class=\"show-tooltip\" title=\"Hlin\u00edk&amp;nbsp;(lat. aluminium) je chemick\u00fd prvek s atomov\u00fdm \u010d\u00edslem 13 a chemick\u00fdm symbolem Al.Pat\u0159\u00ed mezi kovy a je lehk\u00fd, st\u0159\u00edbrn\u00fd a v\u00fdborn\u00fd vodi\u010d tepla i elektrick\u00e9ho proudu.Hlin\u00edk je t\u0159et\u00edm nej\u010dast\u011bji se vyskytuj\u00edc\u00edm prvkem v zemsk\u00e9 k\u016f\u0159e, a\u010dkoliv&amp;hellip;\">hlin\u00edk<\/span>, m\u011bd\u011bn\u00fd a <span class=\"show-tooltip\" title=\"Pozinkov\u00e1n\u00ed je proces ochrany kovov\u00fdch povrch\u016f p\u0159ed korozi, co\u017e je destruktivn\u00ed \u00fa\u010dinek zp\u016fsoben\u00fd reakc\u00ed kovu s okoln\u00edm prost\u0159ed\u00edm, zejm\u00e9na s vodou a kysl\u00edkem. Hlavn\u00edm c\u00edlem pozinkov\u00e1n\u00ed je zabr\u00e1nit nebo minimalizovat tvorbu&amp;hellip;\">pozinkovan\u00fd<\/span> plech, <span class=\"show-tooltip\" title=\"Olovo je chemick\u00fd prvek se symboly Pb (z latinsk\u00e9ho plumbum) a atomov\u00fdm \u010d\u00edslem 82.Je to t\u011b\u017ek\u00fd kov, kter\u00fd m\u00e1 m\u011bkkou a ohebnou texturu.&amp;nbsp;M\u00e1 relativn\u011b n\u00edzkou&amp;nbsp;teplotu t\u00e1n\u00ed,&amp;nbsp;je dob\u0159e kujn\u00fd i p\u0159i&amp;nbsp;pokojov\u00e9 teplot\u011b&amp;nbsp;a odoln\u00fd v\u016f\u010di&amp;hellip;\">olovo<\/span>, <span class=\"show-tooltip\" title=\"Ocel je slitina \u017eeleza s mal\u00fdm obsahem uhl\u00edku a dal\u0161\u00edmi p\u0159\u00edm\u011bsemi. Je to jeden z nejb\u011b\u017en\u011bji pou\u017e\u00edvan\u00fdch materi\u00e1l\u016f v pr\u016fmyslu a&amp;nbsp;stavebnictv\u00ed d\u00edky sv\u00fdm vlastnostem, kter\u00e9 zahrnuj\u00ed pevnost, tv\u00e1rnost a odolnost.&amp;nbsp;Z\u00e1kladn\u00ed slo\u017ekou&amp;hellip;\">ocel<\/span> s <span class=\"show-tooltip\" title=\"Galvanizace, nebo tak\u00e9 galvanick\u00e9 pokovov\u00e1n\u00ed, je proces nan\u00e1\u0161en\u00ed tenk\u00e9 vrstvy kovu na povrch jin\u00e9ho kovov\u00e9ho p\u0159edm\u011btu za pou\u017eit\u00ed elektrick\u00e9ho proudu. Tento proces se b\u011b\u017en\u011b pou\u017e\u00edv\u00e1 k ochran\u011b kov\u016f proti korozi, ke zv\u00fd\u0161en\u00ed jejich odolnosti a estetiky.&amp;hellip;\">galvanick\u00fdm<\/span> povrchem a \u017eivi\u010dn\u00e9 podklady.<\/strong><\/span>&nbsp;<\/div>\n<div>&nbsp;<\/div>\n<div><span style=\"font-family: Nunito, sans-serif;\"><strong>Barva: <\/strong><span class=\"show-tooltip\" title=\"B\u00edl\u00e1 je barva, kter\u00e1 vznik\u00e1 odrazem v\u0161ech viditeln\u00fdch vlnov\u00fdch d\u00e9lek sv\u011btla v p\u0159ibli\u017en\u011b stejn\u00e9m pom\u011bru. V d\u016fsledku tohoto odrazu se jev\u00ed lidsk\u00e9mu oku jako nejjasn\u011bj\u0161\u00ed barva a p\u0159edstavuje naprostou neutralitu. Na barevn\u00e9m spektru b\u00edl\u00e1 barva&amp;hellip;\">b\u00edl\u00e1<\/span>, transparentn\u00ed \u010dir\u00e1<\/span><\/div>\n<div><span style=\"font-family: Nunito, sans-serif;\"><strong>Velikost balen\u00ed<\/strong>: kartu\u0161e 280 ml<\/span><\/div>\n<div><span style=\"font-family: Nunito, sans-serif;\"><strong>V\u00fdrobce<\/strong>: Den Braven Czech and Slovak a.s.<\/span><\/div>\n<\/td>\n<\/tr>\n<\/tbody>\n<\/table>\n<h3 class=\"western\" style=\"font-weight: normal;\"><span style=\"font-size: 14pt; font-family: 'Exo 2', sans-serif;\"><strong><\/strong><\/span><span style=\"font-family: inherit;\"><\/span><\/h3>\n<div id=\"hzViewer\" style=\"background: none; line-height: 0px; overflow: hidden; padding: 10px 5px; position: absolute; z-index: 2147483647; visibility: visible; opacity: 1; top: 47px; left: 361px; width: auto; height: auto; cursor: pointer; pointer-events: none; display: none;\">&nbsp;<\/div>\n<div id=\"hzViewer\" style=\"background: none; line-height: 0px; overflow: hidden; padding: 10px 5px; position: absolute; z-index: 2147483647; visibility: visible; opacity: 1; top: 32px; left: 396px; width: auto; height: auto; cursor: pointer; pointer-events: none; display: none;\">&nbsp;<\/div>\n<\/p><\/div>\n","protected":false},"excerpt":{"rendered":"<p>Detailn\u00ed popis produktu 100% silikon SILVER LINE Silikon se \u0161irok\u00fdm pou\u017eit\u00edm ve stavebnictv\u00ed pro t\u011bsn\u011bn\u00ed konstruk\u010dn\u00edch sp\u00e1r a t\u011bsn\u011bn\u00ed skla v kovov\u00fdch r\u00e1mech. &nbsp; \u2743 Vysok\u00e1 p\u0159ilnavost na smalt, keramick\u00e9 dla\u017edice a povrchov\u011b upraven\u00e9 kovy. \u2743 Trvale pru\u017en\u00fd. \u2743 Odoln\u00fd vod\u011b, pov\u011btrnostn\u00edm vliv\u016fm a UV z\u00e1\u0159en\u00ed \u2743 \u0160irok\u00e9 vyu\u017eit\u00ed ve stavebnictv\u00ed a tak\u00e9 v dom\u00e1cnosti [&hellip;]<\/p>\n","protected":false},"featured_media":43808,"comment_status":"open","ping_status":"open","template":"","meta":[],"product_brand":[],"product_cat":[88],"product_tag":[],"class_list":{"0":"post-43708","1":"product","2":"type-product","3":"status-publish","4":"has-post-thumbnail","6":"product_cat-stavba","8":"first","9":"instock","10":"sale","11":"shipping-taxable","12":"purchasable","13":"product-type-simple"},"yoast_head":"<!-- This site is optimized with the Yoast SEO plugin v26.8 - https:\/\/yoast.com\/product\/yoast-seo-wordpress\/ -->\n<title>100% silikon Silver Line | element-shop.cz Obl\u00edben\u00fd -<\/title>\n<meta name=\"robots\" content=\"index, follow, max-snippet:-1, max-image-preview:large, max-video-preview:-1\" \/>\n<link rel=\"canonical\" href=\"https:\/\/www.stavexpro.com\/index.php\/produkt\/100-silikon-silver-line-element-shop-cz-oblibeny-43708\/\" \/>\n<meta property=\"og:locale\" content=\"cs_CZ\" \/>\n<meta property=\"og:type\" content=\"article\" \/>\n<meta property=\"og:title\" content=\"100% silikon Silver Line | element-shop.cz Obl\u00edben\u00fd -\" \/>\n<meta property=\"og:description\" content=\"Detailn\u00ed popis produktu 100% silikon SILVER LINE Silikon se \u0161irok\u00fdm pou\u017eit\u00edm ve stavebnictv\u00ed pro t\u011bsn\u011bn\u00ed konstruk\u010dn\u00edch sp\u00e1r a t\u011bsn\u011bn\u00ed skla v kovov\u00fdch r\u00e1mech. &nbsp; \u2743 Vysok\u00e1 p\u0159ilnavost na smalt, keramick\u00e9 dla\u017edice a povrchov\u011b upraven\u00e9 kovy. \u2743 Trvale pru\u017en\u00fd. \u2743 Odoln\u00fd vod\u011b, pov\u011btrnostn\u00edm vliv\u016fm a UV z\u00e1\u0159en\u00ed \u2743 \u0160irok\u00e9 vyu\u017eit\u00ed ve stavebnictv\u00ed a tak\u00e9 v dom\u00e1cnosti [&hellip;]\" \/>\n<meta property=\"og:url\" content=\"https:\/\/www.stavexpro.com\/index.php\/produkt\/100-silikon-silver-line-element-shop-cz-oblibeny-43708\/\" \/>\n<meta property=\"og:image\" content=\"https:\/\/www.stavexpro.com\/wp-content\/uploads\/2026\/SK0000425-CZ20260425-092522-0-1777080324-13760-1_100--silikon-1.webp\" \/>\n\t<meta property=\"og:image:width\" content=\"1000\" \/>\n\t<meta property=\"og:image:height\" content=\"750\" \/>\n\t<meta property=\"og:image:type\" content=\"image\/webp\" \/>\n<meta name=\"twitter:card\" content=\"summary_large_image\" \/>\n<meta name=\"twitter:label1\" content=\"Odhadovan\u00e1 doba \u010dten\u00ed\" \/>\n\t<meta name=\"twitter:data1\" content=\"1 minuta\" \/>\n<script type=\"application\/ld+json\" class=\"yoast-schema-graph\">{\"@context\":\"https:\/\/schema.org\",\"@graph\":[{\"@type\":\"WebPage\",\"@id\":\"https:\/\/www.stavexpro.com\/index.php\/produkt\/100-silikon-silver-line-element-shop-cz-oblibeny-43708\/\",\"url\":\"https:\/\/www.stavexpro.com\/index.php\/produkt\/100-silikon-silver-line-element-shop-cz-oblibeny-43708\/\",\"name\":\"100% silikon Silver Line | element-shop.cz Obl\u00edben\u00fd -\",\"isPartOf\":{\"@id\":\"https:\/\/www.stavexpro.com\/#website\"},\"primaryImageOfPage\":{\"@id\":\"https:\/\/www.stavexpro.com\/index.php\/produkt\/100-silikon-silver-line-element-shop-cz-oblibeny-43708\/#primaryimage\"},\"image\":{\"@id\":\"https:\/\/www.stavexpro.com\/index.php\/produkt\/100-silikon-silver-line-element-shop-cz-oblibeny-43708\/#primaryimage\"},\"thumbnailUrl\":\"https:\/\/www.stavexpro.com\/wp-content\/uploads\/2026\/SK0000425-CZ20260425-092522-0-1777080324-13760-1_100--silikon-1.webp\",\"datePublished\":\"2026-04-26T08:59:20+00:00\",\"breadcrumb\":{\"@id\":\"https:\/\/www.stavexpro.com\/index.php\/produkt\/100-silikon-silver-line-element-shop-cz-oblibeny-43708\/#breadcrumb\"},\"inLanguage\":\"cs\",\"potentialAction\":[{\"@type\":\"ReadAction\",\"target\":[\"https:\/\/www.stavexpro.com\/index.php\/produkt\/100-silikon-silver-line-element-shop-cz-oblibeny-43708\/\"]}]},{\"@type\":\"ImageObject\",\"inLanguage\":\"cs\",\"@id\":\"https:\/\/www.stavexpro.com\/index.php\/produkt\/100-silikon-silver-line-element-shop-cz-oblibeny-43708\/#primaryimage\",\"url\":\"https:\/\/www.stavexpro.com\/wp-content\/uploads\/2026\/SK0000425-CZ20260425-092522-0-1777080324-13760-1_100--silikon-1.webp\",\"contentUrl\":\"https:\/\/www.stavexpro.com\/wp-content\/uploads\/2026\/SK0000425-CZ20260425-092522-0-1777080324-13760-1_100--silikon-1.webp\",\"width\":1000,\"height\":750},{\"@type\":\"BreadcrumbList\",\"@id\":\"https:\/\/www.stavexpro.com\/index.php\/produkt\/100-silikon-silver-line-element-shop-cz-oblibeny-43708\/#breadcrumb\",\"itemListElement\":[{\"@type\":\"ListItem\",\"position\":1,\"name\":\"Home\",\"item\":\"https:\/\/www.stavexpro.com\/\"},{\"@type\":\"ListItem\",\"position\":2,\"name\":\"Products\",\"item\":\"https:\/\/www.stavexpro.com\/index.php\/products\/\"},{\"@type\":\"ListItem\",\"position\":3,\"name\":\"100% silikon Silver Line | element-shop.cz Obl\u00edben\u00fd\"}]},{\"@type\":\"WebSite\",\"@id\":\"https:\/\/www.stavexpro.com\/#website\",\"url\":\"https:\/\/www.stavexpro.com\/\",\"name\":\"\",\"description\":\"\",\"potentialAction\":[{\"@type\":\"SearchAction\",\"target\":{\"@type\":\"EntryPoint\",\"urlTemplate\":\"https:\/\/www.stavexpro.com\/?s={search_term_string}\"},\"query-input\":{\"@type\":\"PropertyValueSpecification\",\"valueRequired\":true,\"valueName\":\"search_term_string\"}}],\"inLanguage\":\"cs\"}]}<\/script>\n<!-- \/ Yoast SEO plugin. -->","yoast_head_json":{"title":"100% silikon Silver Line | element-shop.cz Obl\u00edben\u00fd -","robots":{"index":"index","follow":"follow","max-snippet":"max-snippet:-1","max-image-preview":"max-image-preview:large","max-video-preview":"max-video-preview:-1"},"canonical":"https:\/\/www.stavexpro.com\/index.php\/produkt\/100-silikon-silver-line-element-shop-cz-oblibeny-43708\/","og_locale":"cs_CZ","og_type":"article","og_title":"100% silikon Silver Line | element-shop.cz Obl\u00edben\u00fd -","og_description":"Detailn\u00ed popis produktu 100% silikon SILVER LINE Silikon se \u0161irok\u00fdm pou\u017eit\u00edm ve stavebnictv\u00ed pro t\u011bsn\u011bn\u00ed konstruk\u010dn\u00edch sp\u00e1r a t\u011bsn\u011bn\u00ed skla v kovov\u00fdch r\u00e1mech. &nbsp; \u2743 Vysok\u00e1 p\u0159ilnavost na smalt, keramick\u00e9 dla\u017edice a povrchov\u011b upraven\u00e9 kovy. \u2743 Trvale pru\u017en\u00fd. \u2743 Odoln\u00fd vod\u011b, pov\u011btrnostn\u00edm vliv\u016fm a UV z\u00e1\u0159en\u00ed \u2743 \u0160irok\u00e9 vyu\u017eit\u00ed ve stavebnictv\u00ed a tak\u00e9 v dom\u00e1cnosti [&hellip;]","og_url":"https:\/\/www.stavexpro.com\/index.php\/produkt\/100-silikon-silver-line-element-shop-cz-oblibeny-43708\/","og_image":[{"width":1000,"height":750,"url":"https:\/\/www.stavexpro.com\/wp-content\/uploads\/2026\/SK0000425-CZ20260425-092522-0-1777080324-13760-1_100--silikon-1.webp","type":"image\/webp"}],"twitter_card":"summary_large_image","twitter_misc":{"Odhadovan\u00e1 doba \u010dten\u00ed":"1 minuta"},"schema":{"@context":"https:\/\/schema.org","@graph":[{"@type":"WebPage","@id":"https:\/\/www.stavexpro.com\/index.php\/produkt\/100-silikon-silver-line-element-shop-cz-oblibeny-43708\/","url":"https:\/\/www.stavexpro.com\/index.php\/produkt\/100-silikon-silver-line-element-shop-cz-oblibeny-43708\/","name":"100% silikon Silver Line | element-shop.cz Obl\u00edben\u00fd -","isPartOf":{"@id":"https:\/\/www.stavexpro.com\/#website"},"primaryImageOfPage":{"@id":"https:\/\/www.stavexpro.com\/index.php\/produkt\/100-silikon-silver-line-element-shop-cz-oblibeny-43708\/#primaryimage"},"image":{"@id":"https:\/\/www.stavexpro.com\/index.php\/produkt\/100-silikon-silver-line-element-shop-cz-oblibeny-43708\/#primaryimage"},"thumbnailUrl":"https:\/\/www.stavexpro.com\/wp-content\/uploads\/2026\/SK0000425-CZ20260425-092522-0-1777080324-13760-1_100--silikon-1.webp","datePublished":"2026-04-26T08:59:20+00:00","breadcrumb":{"@id":"https:\/\/www.stavexpro.com\/index.php\/produkt\/100-silikon-silver-line-element-shop-cz-oblibeny-43708\/#breadcrumb"},"inLanguage":"cs","potentialAction":[{"@type":"ReadAction","target":["https:\/\/www.stavexpro.com\/index.php\/produkt\/100-silikon-silver-line-element-shop-cz-oblibeny-43708\/"]}]},{"@type":"ImageObject","inLanguage":"cs","@id":"https:\/\/www.stavexpro.com\/index.php\/produkt\/100-silikon-silver-line-element-shop-cz-oblibeny-43708\/#primaryimage","url":"https:\/\/www.stavexpro.com\/wp-content\/uploads\/2026\/SK0000425-CZ20260425-092522-0-1777080324-13760-1_100--silikon-1.webp","contentUrl":"https:\/\/www.stavexpro.com\/wp-content\/uploads\/2026\/SK0000425-CZ20260425-092522-0-1777080324-13760-1_100--silikon-1.webp","width":1000,"height":750},{"@type":"BreadcrumbList","@id":"https:\/\/www.stavexpro.com\/index.php\/produkt\/100-silikon-silver-line-element-shop-cz-oblibeny-43708\/#breadcrumb","itemListElement":[{"@type":"ListItem","position":1,"name":"Home","item":"https:\/\/www.stavexpro.com\/"},{"@type":"ListItem","position":2,"name":"Products","item":"https:\/\/www.stavexpro.com\/index.php\/products\/"},{"@type":"ListItem","position":3,"name":"100% silikon Silver Line | element-shop.cz Obl\u00edben\u00fd"}]},{"@type":"WebSite","@id":"https:\/\/www.stavexpro.com\/#website","url":"https:\/\/www.stavexpro.com\/","name":"","description":"","potentialAction":[{"@type":"SearchAction","target":{"@type":"EntryPoint","urlTemplate":"https:\/\/www.stavexpro.com\/?s={search_term_string}"},"query-input":{"@type":"PropertyValueSpecification","valueRequired":true,"valueName":"search_term_string"}}],"inLanguage":"cs"}]}},"_links":{"self":[{"href":"https:\/\/www.stavexpro.com\/index.php\/wp-json\/wp\/v2\/product\/43708","targetHints":{"allow":["GET"]}}],"collection":[{"href":"https:\/\/www.stavexpro.com\/index.php\/wp-json\/wp\/v2\/product"}],"about":[{"href":"https:\/\/www.stavexpro.com\/index.php\/wp-json\/wp\/v2\/types\/product"}],"replies":[{"embeddable":true,"href":"https:\/\/www.stavexpro.com\/index.php\/wp-json\/wp\/v2\/comments?post=43708"}],"wp:featuredmedia":[{"embeddable":true,"href":"https:\/\/www.stavexpro.com\/index.php\/wp-json\/wp\/v2\/media\/43808"}],"wp:attachment":[{"href":"https:\/\/www.stavexpro.com\/index.php\/wp-json\/wp\/v2\/media?parent=43708"}],"wp:term":[{"taxonomy":"product_brand","embeddable":true,"href":"https:\/\/www.stavexpro.com\/index.php\/wp-json\/wp\/v2\/product_brand?post=43708"},{"taxonomy":"product_cat","embeddable":true,"href":"https:\/\/www.stavexpro.com\/index.php\/wp-json\/wp\/v2\/product_cat?post=43708"},{"taxonomy":"product_tag","embeddable":true,"href":"https:\/\/www.stavexpro.com\/index.php\/wp-json\/wp\/v2\/product_tag?post=43708"}],"curies":[{"name":"wp","href":"https:\/\/api.w.org\/{rel}","templated":true}]}}