{"id":46762,"date":"2026-04-26T08:59:54","date_gmt":"2026-04-26T08:59:54","guid":{"rendered":""},"modified":"2026-04-26T08:59:54","modified_gmt":"2026-04-26T08:59:54","slug":"zoja-keramia-fresh-skrinka-vysoka-se-zasuvkami-50x184x29cm-bila-casove-omezene-46762","status":"publish","type":"product","link":"https:\/\/www.stavexpro.com\/produkt\/zoja-keramia-fresh-skrinka-vysoka-se-zasuvkami-50x184x29cm-bila-casove-omezene-46762\/","title":{"rendered":"ZOJA\/KERAMIA FRESH sk\u0159\u00ed\u0148ka vysok\u00e1 se z\u00e1suvkami 50x184x29cm, b\u00edl\u00e1 \u010casov\u011b Omezen\u00e9"},"content":{"rendered":"<div class=\"basic-description\">\n<h3>Detailn\u00ed popis produktu<\/h3>\n<ul>\n<li>Mo\u017eno instalovat s no\u017ei\u010dkami, kter\u00e9 je nutn\u00e9 objednat samostatn\u011b   <\/li>\n<li>Sk\u0159\u00ed\u0148ka je standardn\u011b dod\u00e1v\u00e1na se 2 druhy \u00fachytek \u2013 hranat\u00e9 (Zoja) a   kulat\u00e9 (Keramia Fresh), aby ji bylo mo\u017eno kombinovat s dal\u0161\u00edmi sk\u0159\u00ed\u0148kami Zoja   i Keramia Fresh<\/li>\n<\/ul>\n<p style=\"text-align: justify;\">ZOJA &#8211; nov\u00e1 generace koupelnov\u00e9ho n\u00e1bytku. Modern\u00ed design umyvadel je slad\u011bn s&nbsp;ostr\u00fdmi hranami sk\u0159\u00edn\u011bk a podtr\u017een elegantn\u00edmi ploch\u00fdmi \u00fachytkami v chromu. Umyvadlov\u00e9 sk\u0159\u00ed\u0148ky jsou z\u00e1v\u011bsn\u00e9, ale n\u011bkter\u00e9 z nich lze opat\u0159it i podp\u011brn\u00fdmi nohami pro jednodu\u0161\u0161\u00ed instalaci. Sk\u0159\u00ed\u0148ky jsou nab\u00edzeny v proveden\u00ed leskl\u00e1 b\u00edl\u00e1 a <span>ve sv\u011btl\u00e9m d\u0159ev\u011bn\u00e9m dekoru dub platin<\/span>. Kolekci&nbsp;lze kombinovat s \u0161irokou nab\u00eddkou dopl\u0148kov\u00fdch sk\u0159\u00edn\u011bk, zrcadel a galerek.<\/p>\n<p style=\"text-align: justify;\">Nevystavujte n\u00e1bytek trval\u00e9 vlhkosti a styku s vodou. Koupelnu v\u017edy&nbsp;\u0159\u00e1dn\u011b&nbsp;odv\u011btrejte. P\u0159i zkroucen\u00ed korpusu sk\u0159\u00ed\u0148ky m\u016f\u017ee doj\u00edt&nbsp;k poru\u0161e funkce dov\u00edrac\u00edch mechanism\u016f.&nbsp;Proti p\u0159\u00edpadn\u00e9mu zat\u00e9k\u00e1n\u00ed vody do sk\u0159\u00ed\u0148ky pou\u017eijte silikonov\u00fd tmel.<\/p>\n<div class=\"product-explanation-item\">\n<h3>Nutn\u00e1 mont\u00e1\u017e<\/h3>\n<p style=\"text-align: justify;\">Z d\u016fvodu lep\u0161\u00ed manipulace je v\u00fdrobek dod\u00e1v\u00e1n v rozmontovan\u00e9m stavu (Flat pack).<\/p>\n<\/div>\n<p><b>Video ke shl\u00e9dnut\u00ed<\/b><video width=\"640\" height=\"480\" controls><source src=\"https:\/\/ubc.k2.cz\/K2FTPdata\/UBC\/video\/produkt_ostatne\/aqualine-nabytek-zoja.mp4\" type=\"video\/mp4\">V\u00e1\u0161 prohl\u00ed\u017ee\u010d nepodporuje video tag.<\/video>                            <\/div>\n<div class=\"extended-description\">\n<h3>Dopl\u0148kov\u00e9 parametry<\/h3>\n<table class=\"detail-parameters\">\n<tbody>\n<tr>\n<th>        <span class=\"row-header-label\">            Kategorie<span class=\"row-header-label-colon\">:<\/span>        <\/span>    <\/th>\n<td>            <\/td>\n<\/tr>\n<tr>\n<th>            <span class=\"row-header-label\">                Z\u00e1ruka<span class=\"row-header-label-colon\">:<\/span>            <\/span>        <\/th>\n<td>            24        <\/td>\n<\/tr>\n<tr>\n<th>            <span class=\"row-header-label\">                Hmotnost<span class=\"row-header-label-colon\">:<\/span>            <\/span>        <\/th>\n<td>            35.5 kg        <\/td>\n<\/tr>\n<tr class=\"productEan\">\n<th>          <span class=\"row-header-label productEan__label\">              EAN<span class=\"row-header-label-colon\">:<\/span>          <\/span>      <\/th>\n<td>          <span class=\"productEan__value\">8590913839825<\/span>      <\/td>\n<\/tr>\n<tr>\n<th>                <span class=\"row-header-label\">                                            3D model<span class=\"row-header-label-colon\">:<\/span>                                    <\/span>            <\/th>\n<td>                                                            ANO                                                <\/td>\n<\/tr>\n<tr>\n<th>                <span class=\"row-header-label\">                                            Balen\u00ed<span class=\"row-header-label-colon\">:<\/span>                                    <\/span>            <\/th>\n<td>                                                            1 ks                                                <\/td>\n<\/tr>\n<tr>\n<th>                <span class=\"row-header-label\">                                            Balen\u00ed obsahuje<span class=\"row-header-label-colon\">:<\/span>                                    <\/span>            <\/th>\n<td>                                                            \u00dachytka                                                <\/td>\n<\/tr>\n<tr>\n<th>                <span class=\"row-header-label\">                                            Barva<span class=\"row-header-label-colon\">:<\/span>                                    <\/span>            <\/th>\n<td>                                                            B\u00edl\u00e1                                                <\/td>\n<\/tr>\n<tr>\n<th>                <span class=\"row-header-label\">                                            Dostupnost<span class=\"row-header-label-colon\">:<\/span>                                    <\/span>            <\/th>\n<td>                                                            Skladem                                                <\/td>\n<\/tr>\n<tr>\n<th>                <span class=\"row-header-label\">                                            Hloubka<span class=\"row-header-label-colon\">:<\/span>                                    <\/span>            <\/th>\n<td>                                                            290 mm                                                <\/td>\n<\/tr>\n<tr>\n<th>                <span class=\"row-header-label\">                                            Instalace<span class=\"row-header-label-colon\">:<\/span>                                    <\/span>            <\/th>\n<td>                                                            Z\u00e1v\u011bsn\u00e9\/k postaven\u00ed                                                <\/td>\n<\/tr>\n<tr>\n<th>                <span class=\"row-header-label\">                                            Materi\u00e1l<span class=\"row-header-label-colon\">:<\/span>                                    <\/span>            <\/th>\n<td>                                                            MDF\/lamino                                                <\/td>\n<\/tr>\n<tr>\n<th>                <span class=\"row-header-label\">                                            Rozm\u011br<span class=\"row-header-label-colon\">:<\/span>                                    <\/span>            <\/th>\n<td>                                                            50x184x29 cm                                                <\/td>\n<\/tr>\n<tr>\n<th>                <span class=\"row-header-label\">                                            \u0160\u00ed\u0159ka<span class=\"row-header-label-colon\">:<\/span>                                    <\/span>            <\/th>\n<td>                                                            500 mm                                                <\/td>\n<\/tr>\n<tr>\n<th>                <span class=\"row-header-label\">                                            Typ sk\u0159\u00ed\u0148ky<span class=\"row-header-label-colon\">:<\/span>                                    <\/span>            <\/th>\n<td>                                                            Z\u00e1suvky a dv\u00ed\u0159ka                                                <\/td>\n<\/tr>\n<tr>\n<th>                <span class=\"row-header-label\">                                            V\u00fdbava<span class=\"row-header-label-colon\">:<\/span>                                    <\/span>            <\/th>\n<td>                                                            Nutn\u00e1 mont\u00e1\u017e                                                <\/td>\n<\/tr>\n<tr>\n<th>                <span class=\"row-header-label\">                                            V\u00fd\u0161ka<span class=\"row-header-label-colon\">:<\/span>                                    <\/span>            <\/th>\n<td>                                                            1840 mm                                                <\/td>\n<\/tr>\n<tr>\n<th>                <span class=\"row-header-label\">                                            Z\u00e1ruka<span class=\"row-header-label-colon\">:<\/span>                                    <\/span>            <\/th>\n<td>                                                            2 roky                                                <\/td>\n<\/tr>\n<\/tbody>\n<\/table><\/div>\n<\/p><\/div>\n<\/p><\/div>\n","protected":false},"excerpt":{"rendered":"<p>Detailn\u00ed popis produktu Mo\u017eno instalovat s no\u017ei\u010dkami, kter\u00e9 je nutn\u00e9 objednat samostatn\u011b Sk\u0159\u00ed\u0148ka je standardn\u011b dod\u00e1v\u00e1na se 2 druhy \u00fachytek \u2013 hranat\u00e9 (Zoja) a kulat\u00e9 (Keramia Fresh), aby ji bylo mo\u017eno kombinovat s dal\u0161\u00edmi sk\u0159\u00ed\u0148kami Zoja i Keramia Fresh ZOJA &#8211; nov\u00e1 generace koupelnov\u00e9ho n\u00e1bytku. Modern\u00ed design umyvadel je slad\u011bn s&nbsp;ostr\u00fdmi hranami sk\u0159\u00edn\u011bk a podtr\u017een [&hellip;]<\/p>\n","protected":false},"featured_media":46862,"comment_status":"open","ping_status":"open","template":"","meta":[],"product_brand":[],"product_cat":[146],"product_tag":[],"class_list":{"0":"post-46762","1":"product","2":"type-product","3":"status-publish","4":"has-post-thumbnail","6":"product_cat-koupelnovy-nabytek","8":"first","9":"instock","10":"sale","11":"shipping-taxable","12":"purchasable","13":"product-type-simple"},"yoast_head":"<!-- This site is optimized with the Yoast SEO plugin v26.8 - https:\/\/yoast.com\/product\/yoast-seo-wordpress\/ -->\n<title>ZOJA\/KERAMIA FRESH sk\u0159\u00ed\u0148ka vysok\u00e1 se z\u00e1suvkami 50x184x29cm, b\u00edl\u00e1 \u010casov\u011b Omezen\u00e9 -<\/title>\n<meta name=\"robots\" content=\"index, follow, max-snippet:-1, max-image-preview:large, max-video-preview:-1\" \/>\n<link rel=\"canonical\" href=\"https:\/\/www.stavexpro.com\/index.php\/produkt\/zoja-keramia-fresh-skrinka-vysoka-se-zasuvkami-50x184x29cm-bila-casove-omezene-46762\/\" \/>\n<meta property=\"og:locale\" content=\"cs_CZ\" \/>\n<meta property=\"og:type\" content=\"article\" \/>\n<meta property=\"og:title\" content=\"ZOJA\/KERAMIA FRESH sk\u0159\u00ed\u0148ka vysok\u00e1 se z\u00e1suvkami 50x184x29cm, b\u00edl\u00e1 \u010casov\u011b Omezen\u00e9 -\" \/>\n<meta property=\"og:description\" content=\"Detailn\u00ed popis produktu Mo\u017eno instalovat s no\u017ei\u010dkami, kter\u00e9 je nutn\u00e9 objednat samostatn\u011b Sk\u0159\u00ed\u0148ka je standardn\u011b dod\u00e1v\u00e1na se 2 druhy \u00fachytek \u2013 hranat\u00e9 (Zoja) a kulat\u00e9 (Keramia Fresh), aby ji bylo mo\u017eno kombinovat s dal\u0161\u00edmi sk\u0159\u00ed\u0148kami Zoja i Keramia Fresh ZOJA &#8211; nov\u00e1 generace koupelnov\u00e9ho n\u00e1bytku. Modern\u00ed design umyvadel je slad\u011bn s&nbsp;ostr\u00fdmi hranami sk\u0159\u00edn\u011bk a podtr\u017een [&hellip;]\" \/>\n<meta property=\"og:url\" content=\"https:\/\/www.stavexpro.com\/index.php\/produkt\/zoja-keramia-fresh-skrinka-vysoka-se-zasuvkami-50x184x29cm-bila-casove-omezene-46762\/\" \/>\n<meta property=\"og:image\" content=\"https:\/\/www.stavexpro.com\/wp-content\/uploads\/2026\/SK0000679-CZ20260425-092556-0-1777080363-9316_zoja-keramia-fresh-skrinka-vysoka-se-zasuvkami-50x184x.webp\" \/>\n\t<meta property=\"og:image:width\" content=\"1000\" \/>\n\t<meta property=\"og:image:height\" content=\"750\" \/>\n\t<meta property=\"og:image:type\" content=\"image\/webp\" \/>\n<meta name=\"twitter:card\" content=\"summary_large_image\" \/>\n<meta name=\"twitter:label1\" content=\"Odhadovan\u00e1 doba \u010dten\u00ed\" \/>\n\t<meta name=\"twitter:data1\" content=\"1 minuta\" \/>\n<script type=\"application\/ld+json\" class=\"yoast-schema-graph\">{\"@context\":\"https:\/\/schema.org\",\"@graph\":[{\"@type\":\"WebPage\",\"@id\":\"https:\/\/www.stavexpro.com\/index.php\/produkt\/zoja-keramia-fresh-skrinka-vysoka-se-zasuvkami-50x184x29cm-bila-casove-omezene-46762\/\",\"url\":\"https:\/\/www.stavexpro.com\/index.php\/produkt\/zoja-keramia-fresh-skrinka-vysoka-se-zasuvkami-50x184x29cm-bila-casove-omezene-46762\/\",\"name\":\"ZOJA\/KERAMIA FRESH sk\u0159\u00ed\u0148ka vysok\u00e1 se z\u00e1suvkami 50x184x29cm, b\u00edl\u00e1 \u010casov\u011b Omezen\u00e9 -\",\"isPartOf\":{\"@id\":\"https:\/\/www.stavexpro.com\/#website\"},\"primaryImageOfPage\":{\"@id\":\"https:\/\/www.stavexpro.com\/index.php\/produkt\/zoja-keramia-fresh-skrinka-vysoka-se-zasuvkami-50x184x29cm-bila-casove-omezene-46762\/#primaryimage\"},\"image\":{\"@id\":\"https:\/\/www.stavexpro.com\/index.php\/produkt\/zoja-keramia-fresh-skrinka-vysoka-se-zasuvkami-50x184x29cm-bila-casove-omezene-46762\/#primaryimage\"},\"thumbnailUrl\":\"https:\/\/www.stavexpro.com\/wp-content\/uploads\/2026\/SK0000679-CZ20260425-092556-0-1777080363-9316_zoja-keramia-fresh-skrinka-vysoka-se-zasuvkami-50x184x.webp\",\"datePublished\":\"2026-04-26T08:59:54+00:00\",\"breadcrumb\":{\"@id\":\"https:\/\/www.stavexpro.com\/index.php\/produkt\/zoja-keramia-fresh-skrinka-vysoka-se-zasuvkami-50x184x29cm-bila-casove-omezene-46762\/#breadcrumb\"},\"inLanguage\":\"cs\",\"potentialAction\":[{\"@type\":\"ReadAction\",\"target\":[\"https:\/\/www.stavexpro.com\/index.php\/produkt\/zoja-keramia-fresh-skrinka-vysoka-se-zasuvkami-50x184x29cm-bila-casove-omezene-46762\/\"]}]},{\"@type\":\"ImageObject\",\"inLanguage\":\"cs\",\"@id\":\"https:\/\/www.stavexpro.com\/index.php\/produkt\/zoja-keramia-fresh-skrinka-vysoka-se-zasuvkami-50x184x29cm-bila-casove-omezene-46762\/#primaryimage\",\"url\":\"https:\/\/www.stavexpro.com\/wp-content\/uploads\/2026\/SK0000679-CZ20260425-092556-0-1777080363-9316_zoja-keramia-fresh-skrinka-vysoka-se-zasuvkami-50x184x.webp\",\"contentUrl\":\"https:\/\/www.stavexpro.com\/wp-content\/uploads\/2026\/SK0000679-CZ20260425-092556-0-1777080363-9316_zoja-keramia-fresh-skrinka-vysoka-se-zasuvkami-50x184x.webp\",\"width\":1000,\"height\":750},{\"@type\":\"BreadcrumbList\",\"@id\":\"https:\/\/www.stavexpro.com\/index.php\/produkt\/zoja-keramia-fresh-skrinka-vysoka-se-zasuvkami-50x184x29cm-bila-casove-omezene-46762\/#breadcrumb\",\"itemListElement\":[{\"@type\":\"ListItem\",\"position\":1,\"name\":\"Home\",\"item\":\"https:\/\/www.stavexpro.com\/\"},{\"@type\":\"ListItem\",\"position\":2,\"name\":\"Products\",\"item\":\"https:\/\/www.stavexpro.com\/index.php\/products\/\"},{\"@type\":\"ListItem\",\"position\":3,\"name\":\"ZOJA\/KERAMIA FRESH sk\u0159\u00ed\u0148ka vysok\u00e1 se z\u00e1suvkami 50x184x29cm, b\u00edl\u00e1 \u010casov\u011b Omezen\u00e9\"}]},{\"@type\":\"WebSite\",\"@id\":\"https:\/\/www.stavexpro.com\/#website\",\"url\":\"https:\/\/www.stavexpro.com\/\",\"name\":\"\",\"description\":\"\",\"potentialAction\":[{\"@type\":\"SearchAction\",\"target\":{\"@type\":\"EntryPoint\",\"urlTemplate\":\"https:\/\/www.stavexpro.com\/?s={search_term_string}\"},\"query-input\":{\"@type\":\"PropertyValueSpecification\",\"valueRequired\":true,\"valueName\":\"search_term_string\"}}],\"inLanguage\":\"cs\"}]}<\/script>\n<!-- \/ Yoast SEO plugin. -->","yoast_head_json":{"title":"ZOJA\/KERAMIA FRESH sk\u0159\u00ed\u0148ka vysok\u00e1 se z\u00e1suvkami 50x184x29cm, b\u00edl\u00e1 \u010casov\u011b Omezen\u00e9 -","robots":{"index":"index","follow":"follow","max-snippet":"max-snippet:-1","max-image-preview":"max-image-preview:large","max-video-preview":"max-video-preview:-1"},"canonical":"https:\/\/www.stavexpro.com\/index.php\/produkt\/zoja-keramia-fresh-skrinka-vysoka-se-zasuvkami-50x184x29cm-bila-casove-omezene-46762\/","og_locale":"cs_CZ","og_type":"article","og_title":"ZOJA\/KERAMIA FRESH sk\u0159\u00ed\u0148ka vysok\u00e1 se z\u00e1suvkami 50x184x29cm, b\u00edl\u00e1 \u010casov\u011b Omezen\u00e9 -","og_description":"Detailn\u00ed popis produktu Mo\u017eno instalovat s no\u017ei\u010dkami, kter\u00e9 je nutn\u00e9 objednat samostatn\u011b Sk\u0159\u00ed\u0148ka je standardn\u011b dod\u00e1v\u00e1na se 2 druhy \u00fachytek \u2013 hranat\u00e9 (Zoja) a kulat\u00e9 (Keramia Fresh), aby ji bylo mo\u017eno kombinovat s dal\u0161\u00edmi sk\u0159\u00ed\u0148kami Zoja i Keramia Fresh ZOJA &#8211; nov\u00e1 generace koupelnov\u00e9ho n\u00e1bytku. Modern\u00ed design umyvadel je slad\u011bn s&nbsp;ostr\u00fdmi hranami sk\u0159\u00edn\u011bk a podtr\u017een [&hellip;]","og_url":"https:\/\/www.stavexpro.com\/index.php\/produkt\/zoja-keramia-fresh-skrinka-vysoka-se-zasuvkami-50x184x29cm-bila-casove-omezene-46762\/","og_image":[{"width":1000,"height":750,"url":"https:\/\/www.stavexpro.com\/wp-content\/uploads\/2026\/SK0000679-CZ20260425-092556-0-1777080363-9316_zoja-keramia-fresh-skrinka-vysoka-se-zasuvkami-50x184x.webp","type":"image\/webp"}],"twitter_card":"summary_large_image","twitter_misc":{"Odhadovan\u00e1 doba \u010dten\u00ed":"1 minuta"},"schema":{"@context":"https:\/\/schema.org","@graph":[{"@type":"WebPage","@id":"https:\/\/www.stavexpro.com\/index.php\/produkt\/zoja-keramia-fresh-skrinka-vysoka-se-zasuvkami-50x184x29cm-bila-casove-omezene-46762\/","url":"https:\/\/www.stavexpro.com\/index.php\/produkt\/zoja-keramia-fresh-skrinka-vysoka-se-zasuvkami-50x184x29cm-bila-casove-omezene-46762\/","name":"ZOJA\/KERAMIA FRESH sk\u0159\u00ed\u0148ka vysok\u00e1 se z\u00e1suvkami 50x184x29cm, b\u00edl\u00e1 \u010casov\u011b Omezen\u00e9 -","isPartOf":{"@id":"https:\/\/www.stavexpro.com\/#website"},"primaryImageOfPage":{"@id":"https:\/\/www.stavexpro.com\/index.php\/produkt\/zoja-keramia-fresh-skrinka-vysoka-se-zasuvkami-50x184x29cm-bila-casove-omezene-46762\/#primaryimage"},"image":{"@id":"https:\/\/www.stavexpro.com\/index.php\/produkt\/zoja-keramia-fresh-skrinka-vysoka-se-zasuvkami-50x184x29cm-bila-casove-omezene-46762\/#primaryimage"},"thumbnailUrl":"https:\/\/www.stavexpro.com\/wp-content\/uploads\/2026\/SK0000679-CZ20260425-092556-0-1777080363-9316_zoja-keramia-fresh-skrinka-vysoka-se-zasuvkami-50x184x.webp","datePublished":"2026-04-26T08:59:54+00:00","breadcrumb":{"@id":"https:\/\/www.stavexpro.com\/index.php\/produkt\/zoja-keramia-fresh-skrinka-vysoka-se-zasuvkami-50x184x29cm-bila-casove-omezene-46762\/#breadcrumb"},"inLanguage":"cs","potentialAction":[{"@type":"ReadAction","target":["https:\/\/www.stavexpro.com\/index.php\/produkt\/zoja-keramia-fresh-skrinka-vysoka-se-zasuvkami-50x184x29cm-bila-casove-omezene-46762\/"]}]},{"@type":"ImageObject","inLanguage":"cs","@id":"https:\/\/www.stavexpro.com\/index.php\/produkt\/zoja-keramia-fresh-skrinka-vysoka-se-zasuvkami-50x184x29cm-bila-casove-omezene-46762\/#primaryimage","url":"https:\/\/www.stavexpro.com\/wp-content\/uploads\/2026\/SK0000679-CZ20260425-092556-0-1777080363-9316_zoja-keramia-fresh-skrinka-vysoka-se-zasuvkami-50x184x.webp","contentUrl":"https:\/\/www.stavexpro.com\/wp-content\/uploads\/2026\/SK0000679-CZ20260425-092556-0-1777080363-9316_zoja-keramia-fresh-skrinka-vysoka-se-zasuvkami-50x184x.webp","width":1000,"height":750},{"@type":"BreadcrumbList","@id":"https:\/\/www.stavexpro.com\/index.php\/produkt\/zoja-keramia-fresh-skrinka-vysoka-se-zasuvkami-50x184x29cm-bila-casove-omezene-46762\/#breadcrumb","itemListElement":[{"@type":"ListItem","position":1,"name":"Home","item":"https:\/\/www.stavexpro.com\/"},{"@type":"ListItem","position":2,"name":"Products","item":"https:\/\/www.stavexpro.com\/index.php\/products\/"},{"@type":"ListItem","position":3,"name":"ZOJA\/KERAMIA FRESH sk\u0159\u00ed\u0148ka vysok\u00e1 se z\u00e1suvkami 50x184x29cm, b\u00edl\u00e1 \u010casov\u011b Omezen\u00e9"}]},{"@type":"WebSite","@id":"https:\/\/www.stavexpro.com\/#website","url":"https:\/\/www.stavexpro.com\/","name":"","description":"","potentialAction":[{"@type":"SearchAction","target":{"@type":"EntryPoint","urlTemplate":"https:\/\/www.stavexpro.com\/?s={search_term_string}"},"query-input":{"@type":"PropertyValueSpecification","valueRequired":true,"valueName":"search_term_string"}}],"inLanguage":"cs"}]}},"_links":{"self":[{"href":"https:\/\/www.stavexpro.com\/wp-json\/wp\/v2\/product\/46762","targetHints":{"allow":["GET"]}}],"collection":[{"href":"https:\/\/www.stavexpro.com\/wp-json\/wp\/v2\/product"}],"about":[{"href":"https:\/\/www.stavexpro.com\/wp-json\/wp\/v2\/types\/product"}],"replies":[{"embeddable":true,"href":"https:\/\/www.stavexpro.com\/wp-json\/wp\/v2\/comments?post=46762"}],"wp:featuredmedia":[{"embeddable":true,"href":"https:\/\/www.stavexpro.com\/wp-json\/wp\/v2\/media\/46862"}],"wp:attachment":[{"href":"https:\/\/www.stavexpro.com\/wp-json\/wp\/v2\/media?parent=46762"}],"wp:term":[{"taxonomy":"product_brand","embeddable":true,"href":"https:\/\/www.stavexpro.com\/wp-json\/wp\/v2\/product_brand?post=46762"},{"taxonomy":"product_cat","embeddable":true,"href":"https:\/\/www.stavexpro.com\/wp-json\/wp\/v2\/product_cat?post=46762"},{"taxonomy":"product_tag","embeddable":true,"href":"https:\/\/www.stavexpro.com\/wp-json\/wp\/v2\/product_tag?post=46762"}],"curies":[{"name":"wp","href":"https:\/\/api.w.org\/{rel}","templated":true}]}}