{"id":57741,"date":"2026-04-26T09:02:07","date_gmt":"2026-04-26T09:02:07","guid":{"rendered":""},"modified":"2026-04-26T09:02:07","modified_gmt":"2026-04-26T09:02:07","slug":"zrcadlo-loft-75x60-cm-cenovy-hit-57741","status":"publish","type":"product","link":"https:\/\/www.stavexpro.com\/produkt\/zrcadlo-loft-75x60-cm-cenovy-hit-57741\/","title":{"rendered":"Zrcadlo LOFT &#8211; 75&#215;60 cm Cenov\u00fd Hit"},"content":{"rendered":"<div class=\"tabs__content-outer\" id=\"tab_description\" data-hash=\"description\" data-tabindex=\"-1\">\n<div class=\"tabs__content toggle_description\" id=\"content_description\">\n<div class=\"wysiwyg-content\">\n<div class=\"product__tab product__description full-width\">\n<div class=\"container\">\n<div >\n<h3>Zrcadlo LOFT &#8211; 75&#215;60 cm<\/h3>\n<p>Jednoduch\u00e9 a \u010dist\u00e9 zrcadlo perfektn\u011b pasuje do n\u00e1bytkov\u00e9 sestavy LOFT. Zrcadlo je osazeno do kovov\u00e9ho \u010dern\u00e9ho matn\u00e9ho r\u00e1mu. Na okraj\u00edch naleznete dekor gold craft dubu.\u00a0<\/p>\n<p>\u00a0<strong>Parametry:\u00a0<\/strong><\/p>\n<ul>\n<li>materi\u00e1l: lamino korpus, kovov\u00fd r\u00e1m, sklo<\/li>\n<li>barva: dekor Gold craft dub, \u010dern\u00e1 matn\u00e1\u00a0<\/li>\n<li>rozm\u011bry [\u0160xHxV]: 75 x 2,5 x 60 cm\u00a0<\/li>\n<li>hmotnost: 12,1 kg<\/li>\n<\/ul>\n<p><strong>Popis kolekce LOFT\u00a0<\/strong><\/p>\n<p>Moderna, jednoduchost a industri\u00e1ln\u00ed vzhled. To jsou hlavn\u00ed body kolekce koupelnov\u00e9ho n\u00e1bytku LOFT. Sv\u00e9mu modern\u00edmu industri\u00e1ln\u00edmu vzhledu vd\u011b\u010d\u00ed kombinaci nad\u010dasov\u00e9ho d\u0159ev\u011bn\u00e9ho dekoru a kovu. Perfektn\u011b pasuje to modern\u00edch, loftov\u00fdch a industri\u00e1ln\u00edch interi\u00e9r\u016f, kde dotv\u00e1\u0159\u00ed charakter m\u00edstnosti. Kolekce se skl\u00e1d\u00e1 ze sk\u0159\u00edn\u011bk pod umyvadlo v r\u016fzn\u00fdch velikostech, vysok\u00e9 sk\u0159\u00ed\u0148ky a zrcadla.\u00a0<\/p>\n<\/div><\/div>\n<\/p><\/div>\n<\/p><\/div>\n<\/p><\/div>\n","protected":false},"excerpt":{"rendered":"<p>Zrcadlo LOFT &#8211; 75&#215;60 cm Jednoduch\u00e9 a \u010dist\u00e9 zrcadlo perfektn\u011b pasuje do n\u00e1bytkov\u00e9 sestavy LOFT. Zrcadlo je osazeno do kovov\u00e9ho \u010dern\u00e9ho matn\u00e9ho r\u00e1mu. Na okraj\u00edch naleznete dekor gold craft dubu.\u00a0 \u00a0Parametry:\u00a0 materi\u00e1l: lamino korpus, kovov\u00fd r\u00e1m, sklo barva: dekor Gold craft dub, \u010dern\u00e1 matn\u00e1\u00a0 rozm\u011bry [\u0160xHxV]: 75 x 2,5 x 60 cm\u00a0 hmotnost: 12,1 kg [&hellip;]<\/p>\n","protected":false},"featured_media":57841,"comment_status":"open","ping_status":"open","template":"","meta":[],"product_brand":[],"product_cat":[172],"product_tag":[],"class_list":{"0":"post-57741","1":"product","2":"type-product","3":"status-publish","4":"has-post-thumbnail","6":"product_cat-koupelna","8":"first","9":"instock","10":"sale","11":"shipping-taxable","12":"purchasable","13":"product-type-simple"},"yoast_head":"<!-- This site is optimized with the Yoast SEO plugin v26.8 - https:\/\/yoast.com\/product\/yoast-seo-wordpress\/ -->\n<title>Zrcadlo LOFT - 75x60 cm Cenov\u00fd Hit -<\/title>\n<meta name=\"robots\" content=\"index, follow, max-snippet:-1, max-image-preview:large, max-video-preview:-1\" \/>\n<link rel=\"canonical\" href=\"https:\/\/www.stavexpro.com\/index.php\/produkt\/zrcadlo-loft-75x60-cm-cenovy-hit-57741\/\" \/>\n<meta property=\"og:locale\" content=\"cs_CZ\" \/>\n<meta property=\"og:type\" content=\"article\" \/>\n<meta property=\"og:title\" content=\"Zrcadlo LOFT - 75x60 cm Cenov\u00fd Hit -\" \/>\n<meta property=\"og:description\" content=\"Zrcadlo LOFT &#8211; 75&#215;60 cm Jednoduch\u00e9 a \u010dist\u00e9 zrcadlo perfektn\u011b pasuje do n\u00e1bytkov\u00e9 sestavy LOFT. Zrcadlo je osazeno do kovov\u00e9ho \u010dern\u00e9ho matn\u00e9ho r\u00e1mu. Na okraj\u00edch naleznete dekor gold craft dubu.\u00a0 \u00a0Parametry:\u00a0 materi\u00e1l: lamino korpus, kovov\u00fd r\u00e1m, sklo barva: dekor Gold craft dub, \u010dern\u00e1 matn\u00e1\u00a0 rozm\u011bry [\u0160xHxV]: 75 x 2,5 x 60 cm\u00a0 hmotnost: 12,1 kg [&hellip;]\" \/>\n<meta property=\"og:url\" content=\"https:\/\/www.stavexpro.com\/index.php\/produkt\/zrcadlo-loft-75x60-cm-cenovy-hit-57741\/\" \/>\n<meta property=\"og:image\" content=\"https:\/\/www.stavexpro.com\/wp-content\/uploads\/2026\/SK0001170-CZ20260425-093041-0-1777080643-zrcadlo-loft-75x60-cm.webp\" \/>\n\t<meta property=\"og:image:width\" content=\"668\" \/>\n\t<meta property=\"og:image:height\" content=\"800\" \/>\n\t<meta property=\"og:image:type\" content=\"image\/webp\" \/>\n<meta name=\"twitter:card\" content=\"summary_large_image\" \/>\n<meta name=\"twitter:label1\" content=\"Odhadovan\u00e1 doba \u010dten\u00ed\" \/>\n\t<meta name=\"twitter:data1\" content=\"1 minuta\" \/>\n<script type=\"application\/ld+json\" class=\"yoast-schema-graph\">{\"@context\":\"https:\/\/schema.org\",\"@graph\":[{\"@type\":\"WebPage\",\"@id\":\"https:\/\/www.stavexpro.com\/index.php\/produkt\/zrcadlo-loft-75x60-cm-cenovy-hit-57741\/\",\"url\":\"https:\/\/www.stavexpro.com\/index.php\/produkt\/zrcadlo-loft-75x60-cm-cenovy-hit-57741\/\",\"name\":\"Zrcadlo LOFT - 75x60 cm Cenov\u00fd Hit -\",\"isPartOf\":{\"@id\":\"https:\/\/www.stavexpro.com\/#website\"},\"primaryImageOfPage\":{\"@id\":\"https:\/\/www.stavexpro.com\/index.php\/produkt\/zrcadlo-loft-75x60-cm-cenovy-hit-57741\/#primaryimage\"},\"image\":{\"@id\":\"https:\/\/www.stavexpro.com\/index.php\/produkt\/zrcadlo-loft-75x60-cm-cenovy-hit-57741\/#primaryimage\"},\"thumbnailUrl\":\"https:\/\/www.stavexpro.com\/wp-content\/uploads\/2026\/SK0001170-CZ20260425-093041-0-1777080643-zrcadlo-loft-75x60-cm.webp\",\"datePublished\":\"2026-04-26T09:02:07+00:00\",\"breadcrumb\":{\"@id\":\"https:\/\/www.stavexpro.com\/index.php\/produkt\/zrcadlo-loft-75x60-cm-cenovy-hit-57741\/#breadcrumb\"},\"inLanguage\":\"cs\",\"potentialAction\":[{\"@type\":\"ReadAction\",\"target\":[\"https:\/\/www.stavexpro.com\/index.php\/produkt\/zrcadlo-loft-75x60-cm-cenovy-hit-57741\/\"]}]},{\"@type\":\"ImageObject\",\"inLanguage\":\"cs\",\"@id\":\"https:\/\/www.stavexpro.com\/index.php\/produkt\/zrcadlo-loft-75x60-cm-cenovy-hit-57741\/#primaryimage\",\"url\":\"https:\/\/www.stavexpro.com\/wp-content\/uploads\/2026\/SK0001170-CZ20260425-093041-0-1777080643-zrcadlo-loft-75x60-cm.webp\",\"contentUrl\":\"https:\/\/www.stavexpro.com\/wp-content\/uploads\/2026\/SK0001170-CZ20260425-093041-0-1777080643-zrcadlo-loft-75x60-cm.webp\",\"width\":668,\"height\":800},{\"@type\":\"BreadcrumbList\",\"@id\":\"https:\/\/www.stavexpro.com\/index.php\/produkt\/zrcadlo-loft-75x60-cm-cenovy-hit-57741\/#breadcrumb\",\"itemListElement\":[{\"@type\":\"ListItem\",\"position\":1,\"name\":\"Home\",\"item\":\"https:\/\/www.stavexpro.com\/\"},{\"@type\":\"ListItem\",\"position\":2,\"name\":\"Products\",\"item\":\"https:\/\/www.stavexpro.com\/index.php\/products\/\"},{\"@type\":\"ListItem\",\"position\":3,\"name\":\"Zrcadlo LOFT &#8211; 75&#215;60 cm Cenov\u00fd Hit\"}]},{\"@type\":\"WebSite\",\"@id\":\"https:\/\/www.stavexpro.com\/#website\",\"url\":\"https:\/\/www.stavexpro.com\/\",\"name\":\"\",\"description\":\"\",\"potentialAction\":[{\"@type\":\"SearchAction\",\"target\":{\"@type\":\"EntryPoint\",\"urlTemplate\":\"https:\/\/www.stavexpro.com\/?s={search_term_string}\"},\"query-input\":{\"@type\":\"PropertyValueSpecification\",\"valueRequired\":true,\"valueName\":\"search_term_string\"}}],\"inLanguage\":\"cs\"}]}<\/script>\n<!-- \/ Yoast SEO plugin. -->","yoast_head_json":{"title":"Zrcadlo LOFT - 75x60 cm Cenov\u00fd Hit -","robots":{"index":"index","follow":"follow","max-snippet":"max-snippet:-1","max-image-preview":"max-image-preview:large","max-video-preview":"max-video-preview:-1"},"canonical":"https:\/\/www.stavexpro.com\/index.php\/produkt\/zrcadlo-loft-75x60-cm-cenovy-hit-57741\/","og_locale":"cs_CZ","og_type":"article","og_title":"Zrcadlo LOFT - 75x60 cm Cenov\u00fd Hit -","og_description":"Zrcadlo LOFT &#8211; 75&#215;60 cm Jednoduch\u00e9 a \u010dist\u00e9 zrcadlo perfektn\u011b pasuje do n\u00e1bytkov\u00e9 sestavy LOFT. Zrcadlo je osazeno do kovov\u00e9ho \u010dern\u00e9ho matn\u00e9ho r\u00e1mu. Na okraj\u00edch naleznete dekor gold craft dubu.\u00a0 \u00a0Parametry:\u00a0 materi\u00e1l: lamino korpus, kovov\u00fd r\u00e1m, sklo barva: dekor Gold craft dub, \u010dern\u00e1 matn\u00e1\u00a0 rozm\u011bry [\u0160xHxV]: 75 x 2,5 x 60 cm\u00a0 hmotnost: 12,1 kg [&hellip;]","og_url":"https:\/\/www.stavexpro.com\/index.php\/produkt\/zrcadlo-loft-75x60-cm-cenovy-hit-57741\/","og_image":[{"width":668,"height":800,"url":"https:\/\/www.stavexpro.com\/wp-content\/uploads\/2026\/SK0001170-CZ20260425-093041-0-1777080643-zrcadlo-loft-75x60-cm.webp","type":"image\/webp"}],"twitter_card":"summary_large_image","twitter_misc":{"Odhadovan\u00e1 doba \u010dten\u00ed":"1 minuta"},"schema":{"@context":"https:\/\/schema.org","@graph":[{"@type":"WebPage","@id":"https:\/\/www.stavexpro.com\/index.php\/produkt\/zrcadlo-loft-75x60-cm-cenovy-hit-57741\/","url":"https:\/\/www.stavexpro.com\/index.php\/produkt\/zrcadlo-loft-75x60-cm-cenovy-hit-57741\/","name":"Zrcadlo LOFT - 75x60 cm Cenov\u00fd Hit -","isPartOf":{"@id":"https:\/\/www.stavexpro.com\/#website"},"primaryImageOfPage":{"@id":"https:\/\/www.stavexpro.com\/index.php\/produkt\/zrcadlo-loft-75x60-cm-cenovy-hit-57741\/#primaryimage"},"image":{"@id":"https:\/\/www.stavexpro.com\/index.php\/produkt\/zrcadlo-loft-75x60-cm-cenovy-hit-57741\/#primaryimage"},"thumbnailUrl":"https:\/\/www.stavexpro.com\/wp-content\/uploads\/2026\/SK0001170-CZ20260425-093041-0-1777080643-zrcadlo-loft-75x60-cm.webp","datePublished":"2026-04-26T09:02:07+00:00","breadcrumb":{"@id":"https:\/\/www.stavexpro.com\/index.php\/produkt\/zrcadlo-loft-75x60-cm-cenovy-hit-57741\/#breadcrumb"},"inLanguage":"cs","potentialAction":[{"@type":"ReadAction","target":["https:\/\/www.stavexpro.com\/index.php\/produkt\/zrcadlo-loft-75x60-cm-cenovy-hit-57741\/"]}]},{"@type":"ImageObject","inLanguage":"cs","@id":"https:\/\/www.stavexpro.com\/index.php\/produkt\/zrcadlo-loft-75x60-cm-cenovy-hit-57741\/#primaryimage","url":"https:\/\/www.stavexpro.com\/wp-content\/uploads\/2026\/SK0001170-CZ20260425-093041-0-1777080643-zrcadlo-loft-75x60-cm.webp","contentUrl":"https:\/\/www.stavexpro.com\/wp-content\/uploads\/2026\/SK0001170-CZ20260425-093041-0-1777080643-zrcadlo-loft-75x60-cm.webp","width":668,"height":800},{"@type":"BreadcrumbList","@id":"https:\/\/www.stavexpro.com\/index.php\/produkt\/zrcadlo-loft-75x60-cm-cenovy-hit-57741\/#breadcrumb","itemListElement":[{"@type":"ListItem","position":1,"name":"Home","item":"https:\/\/www.stavexpro.com\/"},{"@type":"ListItem","position":2,"name":"Products","item":"https:\/\/www.stavexpro.com\/index.php\/products\/"},{"@type":"ListItem","position":3,"name":"Zrcadlo LOFT &#8211; 75&#215;60 cm Cenov\u00fd Hit"}]},{"@type":"WebSite","@id":"https:\/\/www.stavexpro.com\/#website","url":"https:\/\/www.stavexpro.com\/","name":"","description":"","potentialAction":[{"@type":"SearchAction","target":{"@type":"EntryPoint","urlTemplate":"https:\/\/www.stavexpro.com\/?s={search_term_string}"},"query-input":{"@type":"PropertyValueSpecification","valueRequired":true,"valueName":"search_term_string"}}],"inLanguage":"cs"}]}},"_links":{"self":[{"href":"https:\/\/www.stavexpro.com\/wp-json\/wp\/v2\/product\/57741","targetHints":{"allow":["GET"]}}],"collection":[{"href":"https:\/\/www.stavexpro.com\/wp-json\/wp\/v2\/product"}],"about":[{"href":"https:\/\/www.stavexpro.com\/wp-json\/wp\/v2\/types\/product"}],"replies":[{"embeddable":true,"href":"https:\/\/www.stavexpro.com\/wp-json\/wp\/v2\/comments?post=57741"}],"wp:featuredmedia":[{"embeddable":true,"href":"https:\/\/www.stavexpro.com\/wp-json\/wp\/v2\/media\/57841"}],"wp:attachment":[{"href":"https:\/\/www.stavexpro.com\/wp-json\/wp\/v2\/media?parent=57741"}],"wp:term":[{"taxonomy":"product_brand","embeddable":true,"href":"https:\/\/www.stavexpro.com\/wp-json\/wp\/v2\/product_brand?post=57741"},{"taxonomy":"product_cat","embeddable":true,"href":"https:\/\/www.stavexpro.com\/wp-json\/wp\/v2\/product_cat?post=57741"},{"taxonomy":"product_tag","embeddable":true,"href":"https:\/\/www.stavexpro.com\/wp-json\/wp\/v2\/product_tag?post=57741"}],"curies":[{"name":"wp","href":"https:\/\/api.w.org\/{rel}","templated":true}]}}