{"id":58104,"date":"2026-04-26T09:02:12","date_gmt":"2026-04-26T09:02:12","guid":{"rendered":""},"modified":"2026-04-26T09:02:12","modified_gmt":"2026-04-26T09:02:12","slug":"personality-duomo-beige-decor-25x70-01s-znackovy-58104","status":"publish","type":"product","link":"https:\/\/www.stavexpro.com\/index.php\/produkt\/personality-duomo-beige-decor-25x70-01s-znackovy-58104\/","title":{"rendered":"PERSONALITY duomo beige | decor | 25&#215;70 | 01S Zna\u010dkov\u00fd"},"content":{"rendered":"<p><!-- More info -->\t\t\t\t\t<\/p>\n<section id=\"idTab1\" class=\"page-product-box tab-pane active\" role=\"tabpanel\" aria-labelledby=\"idTab1\">\t\t\t\t\t\t<!-- full description -->\t\t\t\t\t\t<\/p>\n<div class=\"rte\">Dekorativn\u00ed prvek ze s\u00e9rie Personality.<\/p>\n<p>Se s\u00e9ri\u00ed Personality dod\u00e1te Va\u0161\u00ed koupeln\u011b \u010di kuchyni \u010dist\u00fd n\u00e1dech p\u0159\u00edrody. Obklady a dla\u017eby imituj\u00edc\u00ed d\u0159evo jsou v s\u00e9rii dopln\u011bny o dekory \u010di listely s kv\u011btinov\u00fdmi vzory nebo s klasick\u00fdmi prou\u017eky.<\/p><\/div>\n<\/section>\n<p>\t\t\t\t\t<!--end  More info -->\t\t\t\t\t\t\t\t\t\t\t\t\t<!-- Data sheet -->\t\t\t\t\t<\/p>\n<section id=\"idTab2\" class=\"page-product-box tab-pane\" role=\"tabpanel\" aria-labelledby=\"idTab2\">\n<table class=\"table-data-sheet\">\n<tr class=\"odd\">\n<td>Sleva<\/td>\n<td>Ano <\/td>\n<\/tr>\n<tr class=\"even\">\n<td>POVRCHOV\u00c1 \u00daPRAVA<\/td>\n<td>mat <\/td>\n<\/tr>\n<tr class=\"odd\">\n<td>FORM\u00c1T | ROZM\u011aR<\/td>\n<td>SF = st\u0159edn\u00ed form\u00e1t = L <\/td>\n<\/tr>\n<tr class=\"even\">\n<td>TYP | POU\u017dIT\u00cd<\/td>\n<td>dekor, obklad &#8211; st\u011bna <\/td>\n<\/tr>\n<tr class=\"odd\">\n<td>REKTIFIKACE<\/td>\n<td>Ne <\/td>\n<\/tr>\n<tr class=\"even\">\n<td>JAKOST<\/td>\n<td>01S <\/td>\n<\/tr>\n<tr class=\"odd\">\n<td>VARIABILITA | ROZD\u00cdLNOST<\/td>\n<td>V2 <\/td>\n<\/tr>\n<tr class=\"even\">\n<td>VZHLED | IMITACE<\/td>\n<td>d\u0159evo <\/td>\n<\/tr>\n<tr class=\"odd\">\n<td>V\u00ddPRODEJ OBKLADY DLA\u017dBY<\/td>\n<td>Ano <\/td>\n<\/tr>\n<\/table>\n<\/section>\n<p>\t\t\t\t\t<!--end Data sheet -->\t\t\t\t\t\t\t\t\t\t\t\t\t\t\t\t\t\t\t\t\t\t\t\t\t\t\t<\/div>\n<\/p><\/div>\n<p><!--QTR Accessories --><\/p>\n","protected":false},"excerpt":{"rendered":"<p>Dekorativn\u00ed prvek ze s\u00e9rie Personality. Se s\u00e9ri\u00ed Personality dod\u00e1te Va\u0161\u00ed koupeln\u011b \u010di kuchyni \u010dist\u00fd n\u00e1dech p\u0159\u00edrody. Obklady a dla\u017eby imituj\u00edc\u00ed d\u0159evo jsou v s\u00e9rii dopln\u011bny o dekory \u010di listely s kv\u011btinov\u00fdmi vzory nebo s klasick\u00fdmi prou\u017eky. Sleva Ano POVRCHOV\u00c1 \u00daPRAVA mat FORM\u00c1T | ROZM\u011aR SF = st\u0159edn\u00ed form\u00e1t = L TYP | POU\u017dIT\u00cd dekor, obklad [&hellip;]<\/p>\n","protected":false},"featured_media":58204,"comment_status":"open","ping_status":"open","template":"","meta":[],"product_brand":[],"product_cat":[174,173],"product_tag":[],"class_list":{"0":"post-58104","1":"product","2":"type-product","3":"status-publish","4":"has-post-thumbnail","6":"product_cat-dlazby","7":"product_cat-obklady","9":"first","10":"instock","11":"sale","12":"shipping-taxable","13":"purchasable","14":"product-type-simple"},"yoast_head":"<!-- This site is optimized with the Yoast SEO plugin v26.8 - https:\/\/yoast.com\/product\/yoast-seo-wordpress\/ -->\n<title>PERSONALITY duomo beige | decor | 25x70 | 01S Zna\u010dkov\u00fd -<\/title>\n<meta name=\"robots\" content=\"index, follow, max-snippet:-1, max-image-preview:large, max-video-preview:-1\" \/>\n<link rel=\"canonical\" href=\"https:\/\/www.stavexpro.com\/index.php\/produkt\/personality-duomo-beige-decor-25x70-01s-znackovy-58104\/\" \/>\n<meta property=\"og:locale\" content=\"cs_CZ\" \/>\n<meta property=\"og:type\" content=\"article\" \/>\n<meta property=\"og:title\" content=\"PERSONALITY duomo beige | decor | 25x70 | 01S Zna\u010dkov\u00fd -\" \/>\n<meta property=\"og:description\" content=\"Dekorativn\u00ed prvek ze s\u00e9rie Personality. Se s\u00e9ri\u00ed Personality dod\u00e1te Va\u0161\u00ed koupeln\u011b \u010di kuchyni \u010dist\u00fd n\u00e1dech p\u0159\u00edrody. Obklady a dla\u017eby imituj\u00edc\u00ed d\u0159evo jsou v s\u00e9rii dopln\u011bny o dekory \u010di listely s kv\u011btinov\u00fdmi vzory nebo s klasick\u00fdmi prou\u017eky. Sleva Ano POVRCHOV\u00c1 \u00daPRAVA mat FORM\u00c1T | ROZM\u011aR SF = st\u0159edn\u00ed form\u00e1t = L TYP | POU\u017dIT\u00cd dekor, obklad [&hellip;]\" \/>\n<meta property=\"og:url\" content=\"https:\/\/www.stavexpro.com\/index.php\/produkt\/personality-duomo-beige-decor-25x70-01s-znackovy-58104\/\" \/>\n<meta property=\"og:image\" content=\"https:\/\/www.stavexpro.com\/wp-content\/uploads\/2026\/SK0000001-CZ20260425-093107-0-1777080667-225-large_default.webp\" \/>\n\t<meta property=\"og:image:width\" content=\"470\" \/>\n\t<meta property=\"og:image:height\" content=\"470\" \/>\n\t<meta property=\"og:image:type\" content=\"image\/webp\" \/>\n<meta name=\"twitter:card\" content=\"summary_large_image\" \/>\n<script type=\"application\/ld+json\" class=\"yoast-schema-graph\">{\"@context\":\"https:\/\/schema.org\",\"@graph\":[{\"@type\":\"WebPage\",\"@id\":\"https:\/\/www.stavexpro.com\/index.php\/produkt\/personality-duomo-beige-decor-25x70-01s-znackovy-58104\/\",\"url\":\"https:\/\/www.stavexpro.com\/index.php\/produkt\/personality-duomo-beige-decor-25x70-01s-znackovy-58104\/\",\"name\":\"PERSONALITY duomo beige | decor | 25x70 | 01S Zna\u010dkov\u00fd -\",\"isPartOf\":{\"@id\":\"https:\/\/www.stavexpro.com\/#website\"},\"primaryImageOfPage\":{\"@id\":\"https:\/\/www.stavexpro.com\/index.php\/produkt\/personality-duomo-beige-decor-25x70-01s-znackovy-58104\/#primaryimage\"},\"image\":{\"@id\":\"https:\/\/www.stavexpro.com\/index.php\/produkt\/personality-duomo-beige-decor-25x70-01s-znackovy-58104\/#primaryimage\"},\"thumbnailUrl\":\"https:\/\/www.stavexpro.com\/wp-content\/uploads\/2026\/SK0000001-CZ20260425-093107-0-1777080667-225-large_default.webp\",\"datePublished\":\"2026-04-26T09:02:12+00:00\",\"breadcrumb\":{\"@id\":\"https:\/\/www.stavexpro.com\/index.php\/produkt\/personality-duomo-beige-decor-25x70-01s-znackovy-58104\/#breadcrumb\"},\"inLanguage\":\"cs\",\"potentialAction\":[{\"@type\":\"ReadAction\",\"target\":[\"https:\/\/www.stavexpro.com\/index.php\/produkt\/personality-duomo-beige-decor-25x70-01s-znackovy-58104\/\"]}]},{\"@type\":\"ImageObject\",\"inLanguage\":\"cs\",\"@id\":\"https:\/\/www.stavexpro.com\/index.php\/produkt\/personality-duomo-beige-decor-25x70-01s-znackovy-58104\/#primaryimage\",\"url\":\"https:\/\/www.stavexpro.com\/wp-content\/uploads\/2026\/SK0000001-CZ20260425-093107-0-1777080667-225-large_default.webp\",\"contentUrl\":\"https:\/\/www.stavexpro.com\/wp-content\/uploads\/2026\/SK0000001-CZ20260425-093107-0-1777080667-225-large_default.webp\",\"width\":470,\"height\":470},{\"@type\":\"BreadcrumbList\",\"@id\":\"https:\/\/www.stavexpro.com\/index.php\/produkt\/personality-duomo-beige-decor-25x70-01s-znackovy-58104\/#breadcrumb\",\"itemListElement\":[{\"@type\":\"ListItem\",\"position\":1,\"name\":\"Home\",\"item\":\"https:\/\/www.stavexpro.com\/\"},{\"@type\":\"ListItem\",\"position\":2,\"name\":\"Products\",\"item\":\"https:\/\/www.stavexpro.com\/index.php\/products\/\"},{\"@type\":\"ListItem\",\"position\":3,\"name\":\"PERSONALITY duomo beige | decor | 25&#215;70 | 01S Zna\u010dkov\u00fd\"}]},{\"@type\":\"WebSite\",\"@id\":\"https:\/\/www.stavexpro.com\/#website\",\"url\":\"https:\/\/www.stavexpro.com\/\",\"name\":\"\",\"description\":\"\",\"potentialAction\":[{\"@type\":\"SearchAction\",\"target\":{\"@type\":\"EntryPoint\",\"urlTemplate\":\"https:\/\/www.stavexpro.com\/?s={search_term_string}\"},\"query-input\":{\"@type\":\"PropertyValueSpecification\",\"valueRequired\":true,\"valueName\":\"search_term_string\"}}],\"inLanguage\":\"cs\"}]}<\/script>\n<!-- \/ Yoast SEO plugin. -->","yoast_head_json":{"title":"PERSONALITY duomo beige | decor | 25x70 | 01S Zna\u010dkov\u00fd -","robots":{"index":"index","follow":"follow","max-snippet":"max-snippet:-1","max-image-preview":"max-image-preview:large","max-video-preview":"max-video-preview:-1"},"canonical":"https:\/\/www.stavexpro.com\/index.php\/produkt\/personality-duomo-beige-decor-25x70-01s-znackovy-58104\/","og_locale":"cs_CZ","og_type":"article","og_title":"PERSONALITY duomo beige | decor | 25x70 | 01S Zna\u010dkov\u00fd -","og_description":"Dekorativn\u00ed prvek ze s\u00e9rie Personality. Se s\u00e9ri\u00ed Personality dod\u00e1te Va\u0161\u00ed koupeln\u011b \u010di kuchyni \u010dist\u00fd n\u00e1dech p\u0159\u00edrody. Obklady a dla\u017eby imituj\u00edc\u00ed d\u0159evo jsou v s\u00e9rii dopln\u011bny o dekory \u010di listely s kv\u011btinov\u00fdmi vzory nebo s klasick\u00fdmi prou\u017eky. Sleva Ano POVRCHOV\u00c1 \u00daPRAVA mat FORM\u00c1T | ROZM\u011aR SF = st\u0159edn\u00ed form\u00e1t = L TYP | POU\u017dIT\u00cd dekor, obklad [&hellip;]","og_url":"https:\/\/www.stavexpro.com\/index.php\/produkt\/personality-duomo-beige-decor-25x70-01s-znackovy-58104\/","og_image":[{"width":470,"height":470,"url":"https:\/\/www.stavexpro.com\/wp-content\/uploads\/2026\/SK0000001-CZ20260425-093107-0-1777080667-225-large_default.webp","type":"image\/webp"}],"twitter_card":"summary_large_image","schema":{"@context":"https:\/\/schema.org","@graph":[{"@type":"WebPage","@id":"https:\/\/www.stavexpro.com\/index.php\/produkt\/personality-duomo-beige-decor-25x70-01s-znackovy-58104\/","url":"https:\/\/www.stavexpro.com\/index.php\/produkt\/personality-duomo-beige-decor-25x70-01s-znackovy-58104\/","name":"PERSONALITY duomo beige | decor | 25x70 | 01S Zna\u010dkov\u00fd -","isPartOf":{"@id":"https:\/\/www.stavexpro.com\/#website"},"primaryImageOfPage":{"@id":"https:\/\/www.stavexpro.com\/index.php\/produkt\/personality-duomo-beige-decor-25x70-01s-znackovy-58104\/#primaryimage"},"image":{"@id":"https:\/\/www.stavexpro.com\/index.php\/produkt\/personality-duomo-beige-decor-25x70-01s-znackovy-58104\/#primaryimage"},"thumbnailUrl":"https:\/\/www.stavexpro.com\/wp-content\/uploads\/2026\/SK0000001-CZ20260425-093107-0-1777080667-225-large_default.webp","datePublished":"2026-04-26T09:02:12+00:00","breadcrumb":{"@id":"https:\/\/www.stavexpro.com\/index.php\/produkt\/personality-duomo-beige-decor-25x70-01s-znackovy-58104\/#breadcrumb"},"inLanguage":"cs","potentialAction":[{"@type":"ReadAction","target":["https:\/\/www.stavexpro.com\/index.php\/produkt\/personality-duomo-beige-decor-25x70-01s-znackovy-58104\/"]}]},{"@type":"ImageObject","inLanguage":"cs","@id":"https:\/\/www.stavexpro.com\/index.php\/produkt\/personality-duomo-beige-decor-25x70-01s-znackovy-58104\/#primaryimage","url":"https:\/\/www.stavexpro.com\/wp-content\/uploads\/2026\/SK0000001-CZ20260425-093107-0-1777080667-225-large_default.webp","contentUrl":"https:\/\/www.stavexpro.com\/wp-content\/uploads\/2026\/SK0000001-CZ20260425-093107-0-1777080667-225-large_default.webp","width":470,"height":470},{"@type":"BreadcrumbList","@id":"https:\/\/www.stavexpro.com\/index.php\/produkt\/personality-duomo-beige-decor-25x70-01s-znackovy-58104\/#breadcrumb","itemListElement":[{"@type":"ListItem","position":1,"name":"Home","item":"https:\/\/www.stavexpro.com\/"},{"@type":"ListItem","position":2,"name":"Products","item":"https:\/\/www.stavexpro.com\/index.php\/products\/"},{"@type":"ListItem","position":3,"name":"PERSONALITY duomo beige | decor | 25&#215;70 | 01S Zna\u010dkov\u00fd"}]},{"@type":"WebSite","@id":"https:\/\/www.stavexpro.com\/#website","url":"https:\/\/www.stavexpro.com\/","name":"","description":"","potentialAction":[{"@type":"SearchAction","target":{"@type":"EntryPoint","urlTemplate":"https:\/\/www.stavexpro.com\/?s={search_term_string}"},"query-input":{"@type":"PropertyValueSpecification","valueRequired":true,"valueName":"search_term_string"}}],"inLanguage":"cs"}]}},"_links":{"self":[{"href":"https:\/\/www.stavexpro.com\/index.php\/wp-json\/wp\/v2\/product\/58104","targetHints":{"allow":["GET"]}}],"collection":[{"href":"https:\/\/www.stavexpro.com\/index.php\/wp-json\/wp\/v2\/product"}],"about":[{"href":"https:\/\/www.stavexpro.com\/index.php\/wp-json\/wp\/v2\/types\/product"}],"replies":[{"embeddable":true,"href":"https:\/\/www.stavexpro.com\/index.php\/wp-json\/wp\/v2\/comments?post=58104"}],"wp:featuredmedia":[{"embeddable":true,"href":"https:\/\/www.stavexpro.com\/index.php\/wp-json\/wp\/v2\/media\/58204"}],"wp:attachment":[{"href":"https:\/\/www.stavexpro.com\/index.php\/wp-json\/wp\/v2\/media?parent=58104"}],"wp:term":[{"taxonomy":"product_brand","embeddable":true,"href":"https:\/\/www.stavexpro.com\/index.php\/wp-json\/wp\/v2\/product_brand?post=58104"},{"taxonomy":"product_cat","embeddable":true,"href":"https:\/\/www.stavexpro.com\/index.php\/wp-json\/wp\/v2\/product_cat?post=58104"},{"taxonomy":"product_tag","embeddable":true,"href":"https:\/\/www.stavexpro.com\/index.php\/wp-json\/wp\/v2\/product_tag?post=58104"}],"curies":[{"name":"wp","href":"https:\/\/api.w.org\/{rel}","templated":true}]}}