{"id":58121,"date":"2026-04-26T09:02:12","date_gmt":"2026-04-26T09:02:12","guid":{"rendered":""},"modified":"2026-04-26T09:02:12","modified_gmt":"2026-04-26T09:02:12","slug":"pouze-dnes-tanami-concretegrey-mosaic-30x30-01s-r9-58121","status":"publish","type":"product","link":"https:\/\/www.stavexpro.com\/produkt\/pouze-dnes-tanami-concretegrey-mosaic-30x30-01s-r9-58121\/","title":{"rendered":"Pouze Dnes TANAMI concretegrey | mosaic | 30&#215;30 | 01S | R9"},"content":{"rendered":"<p><!-- More info -->\t\t\t\t\t<\/p>\n<section id=\"idTab1\" class=\"page-product-box tab-pane active\" role=\"tabpanel\" aria-labelledby=\"idTab1\">\t\t\t\t\t\t<!-- full description -->\t\t\t\t\t\t<\/p>\n<div class=\"rte\">Hladk\u00e1 matn\u00e1 mozaika imituj\u00edc\u00ed k\u00e1men. Vhodn\u00e1 jak na oblo\u017een\u00ed podlahy \u010di st\u011bny.<\/p>\n<p>Mozaika je dekorativn\u00ed prvek, kter\u00fd skv\u011ble osv\u011b\u017e\u00ed v\u00e1\u0161 interi\u00e9r.<\/p><\/div>\n<\/section>\n<p>\t\t\t\t\t<!--end  More info -->\t\t\t\t\t\t\t\t\t\t\t\t\t<!-- Data sheet -->\t\t\t\t\t<\/p>\n<section id=\"idTab2\" class=\"page-product-box tab-pane\" role=\"tabpanel\" aria-labelledby=\"idTab2\">\n<table class=\"table-data-sheet\">\n<tr class=\"odd\">\n<td>Sleva<\/td>\n<td>Ano <\/td>\n<\/tr>\n<tr class=\"even\">\n<td>POVRCHOV\u00c1 \u00daPRAVA<\/td>\n<td>mat <\/td>\n<\/tr>\n<tr class=\"odd\">\n<td>FORM\u00c1T | ROZM\u011aR<\/td>\n<td>MF = mal\u00fd form\u00e1t = M <\/td>\n<\/tr>\n<tr class=\"even\">\n<td>ODOLNOST | ZAT\u00cd\u017dEN\u00cd<\/td>\n<td>PEI 5 <\/td>\n<\/tr>\n<tr class=\"odd\">\n<td>PROTISKLUZNOST | HRUBOST<\/td>\n<td>R9 <\/td>\n<\/tr>\n<tr class=\"even\">\n<td>TYP | POU\u017dIT\u00cd<\/td>\n<td>dla\u017eba &#8211; podlaha | st\u011bna , mozaika <\/td>\n<\/tr>\n<tr class=\"odd\">\n<td>REKTIFIKACE<\/td>\n<td>Ne <\/td>\n<\/tr>\n<tr class=\"even\">\n<td>JAKOST<\/td>\n<td>01S <\/td>\n<\/tr>\n<tr class=\"odd\">\n<td>VARIABILITA | ROZD\u00cdLNOST<\/td>\n<td>V2 <\/td>\n<\/tr>\n<tr class=\"even\">\n<td>VZHLED | IMITACE<\/td>\n<td>k\u00e1men <\/td>\n<\/tr>\n<tr class=\"odd\">\n<td>MRAZUVZDORNOST | EXTERI\u00c9R<\/td>\n<td>Ano <\/td>\n<\/tr>\n<tr class=\"even\">\n<td>V\u00ddPRODEJ OBKLADY DLA\u017dBY<\/td>\n<td>Ano <\/td>\n<\/tr>\n<\/table>\n<\/section>\n<p>\t\t\t\t\t<!--end Data sheet -->\t\t\t\t\t\t\t\t\t\t\t\t\t\t\t\t\t<!--Download -->\t\t\t\t\t<\/p>\n<section id=\"idTab4\" class=\"page-product-box tab-pane\" role=\"tabpanel\" aria-labelledby=\"idTab4\">\n<div class=\"row\">\n<div class=\"col-lg-4\">\n<h4>BFL_Tanami.pdf<\/h4>\n<p class=\"text-muted\">Soubor<\/p>\n<p>\t\t\t\t\t\t\t\t\t\t\t\t\t\t\t\t\t\t\t<i class=\"fa fa-download\"><\/i>\t\t\t\t\t\t\t\t\t\tKe sta\u017een&iacute; (706.88k)\t\t\t\t\t\t\t\t\t\t\t\t\t\t\t\t\t\t<\/p>\n<hr \/><\/div>\n<\/p><\/div>\n<\/section>\n<p>\t\t\t\t\t<!--end Download -->\t\t\t\t\t\t\t\t\t\t\t\t\t\t\t\t\t\t\t<\/div>\n<\/p><\/div>\n<p><!--QTR Accessories --><\/p>\n","protected":false},"excerpt":{"rendered":"<p>Hladk\u00e1 matn\u00e1 mozaika imituj\u00edc\u00ed k\u00e1men. Vhodn\u00e1 jak na oblo\u017een\u00ed podlahy \u010di st\u011bny. Mozaika je dekorativn\u00ed prvek, kter\u00fd skv\u011ble osv\u011b\u017e\u00ed v\u00e1\u0161 interi\u00e9r. Sleva Ano POVRCHOV\u00c1 \u00daPRAVA mat FORM\u00c1T | ROZM\u011aR MF = mal\u00fd form\u00e1t = M ODOLNOST | ZAT\u00cd\u017dEN\u00cd PEI 5 PROTISKLUZNOST | HRUBOST R9 TYP | POU\u017dIT\u00cd dla\u017eba &#8211; podlaha | st\u011bna , mozaika REKTIFIKACE [&hellip;]<\/p>\n","protected":false},"featured_media":58221,"comment_status":"open","ping_status":"open","template":"","meta":[],"product_brand":[],"product_cat":[174,173],"product_tag":[],"class_list":{"0":"post-58121","1":"product","2":"type-product","3":"status-publish","4":"has-post-thumbnail","6":"product_cat-dlazby","7":"product_cat-obklady","9":"first","10":"instock","11":"sale","12":"shipping-taxable","13":"purchasable","14":"product-type-simple"},"yoast_head":"<!-- This site is optimized with the Yoast SEO plugin v26.8 - https:\/\/yoast.com\/product\/yoast-seo-wordpress\/ -->\n<title>Pouze Dnes TANAMI concretegrey | mosaic | 30x30 | 01S | R9 -<\/title>\n<meta name=\"robots\" content=\"index, follow, max-snippet:-1, max-image-preview:large, max-video-preview:-1\" \/>\n<link rel=\"canonical\" href=\"https:\/\/www.stavexpro.com\/index.php\/produkt\/pouze-dnes-tanami-concretegrey-mosaic-30x30-01s-r9-58121\/\" \/>\n<meta property=\"og:locale\" content=\"cs_CZ\" \/>\n<meta property=\"og:type\" content=\"article\" \/>\n<meta property=\"og:title\" content=\"Pouze Dnes TANAMI concretegrey | mosaic | 30x30 | 01S | R9 -\" \/>\n<meta property=\"og:description\" content=\"Hladk\u00e1 matn\u00e1 mozaika imituj\u00edc\u00ed k\u00e1men. Vhodn\u00e1 jak na oblo\u017een\u00ed podlahy \u010di st\u011bny. Mozaika je dekorativn\u00ed prvek, kter\u00fd skv\u011ble osv\u011b\u017e\u00ed v\u00e1\u0161 interi\u00e9r. Sleva Ano POVRCHOV\u00c1 \u00daPRAVA mat FORM\u00c1T | ROZM\u011aR MF = mal\u00fd form\u00e1t = M ODOLNOST | ZAT\u00cd\u017dEN\u00cd PEI 5 PROTISKLUZNOST | HRUBOST R9 TYP | POU\u017dIT\u00cd dla\u017eba &#8211; podlaha | st\u011bna , mozaika REKTIFIKACE [&hellip;]\" \/>\n<meta property=\"og:url\" content=\"https:\/\/www.stavexpro.com\/index.php\/produkt\/pouze-dnes-tanami-concretegrey-mosaic-30x30-01s-r9-58121\/\" \/>\n<meta property=\"og:image\" content=\"https:\/\/www.stavexpro.com\/wp-content\/uploads\/2026\/SK0000033-CZ20260425-093107-0-1777080667-538-large_default.webp\" \/>\n\t<meta property=\"og:image:width\" content=\"470\" \/>\n\t<meta property=\"og:image:height\" content=\"470\" \/>\n\t<meta property=\"og:image:type\" content=\"image\/webp\" \/>\n<meta name=\"twitter:card\" content=\"summary_large_image\" \/>\n<script type=\"application\/ld+json\" class=\"yoast-schema-graph\">{\"@context\":\"https:\/\/schema.org\",\"@graph\":[{\"@type\":\"WebPage\",\"@id\":\"https:\/\/www.stavexpro.com\/index.php\/produkt\/pouze-dnes-tanami-concretegrey-mosaic-30x30-01s-r9-58121\/\",\"url\":\"https:\/\/www.stavexpro.com\/index.php\/produkt\/pouze-dnes-tanami-concretegrey-mosaic-30x30-01s-r9-58121\/\",\"name\":\"Pouze Dnes TANAMI concretegrey | mosaic | 30x30 | 01S | R9 -\",\"isPartOf\":{\"@id\":\"https:\/\/www.stavexpro.com\/#website\"},\"primaryImageOfPage\":{\"@id\":\"https:\/\/www.stavexpro.com\/index.php\/produkt\/pouze-dnes-tanami-concretegrey-mosaic-30x30-01s-r9-58121\/#primaryimage\"},\"image\":{\"@id\":\"https:\/\/www.stavexpro.com\/index.php\/produkt\/pouze-dnes-tanami-concretegrey-mosaic-30x30-01s-r9-58121\/#primaryimage\"},\"thumbnailUrl\":\"https:\/\/www.stavexpro.com\/wp-content\/uploads\/2026\/SK0000033-CZ20260425-093107-0-1777080667-538-large_default.webp\",\"datePublished\":\"2026-04-26T09:02:12+00:00\",\"breadcrumb\":{\"@id\":\"https:\/\/www.stavexpro.com\/index.php\/produkt\/pouze-dnes-tanami-concretegrey-mosaic-30x30-01s-r9-58121\/#breadcrumb\"},\"inLanguage\":\"cs\",\"potentialAction\":[{\"@type\":\"ReadAction\",\"target\":[\"https:\/\/www.stavexpro.com\/index.php\/produkt\/pouze-dnes-tanami-concretegrey-mosaic-30x30-01s-r9-58121\/\"]}]},{\"@type\":\"ImageObject\",\"inLanguage\":\"cs\",\"@id\":\"https:\/\/www.stavexpro.com\/index.php\/produkt\/pouze-dnes-tanami-concretegrey-mosaic-30x30-01s-r9-58121\/#primaryimage\",\"url\":\"https:\/\/www.stavexpro.com\/wp-content\/uploads\/2026\/SK0000033-CZ20260425-093107-0-1777080667-538-large_default.webp\",\"contentUrl\":\"https:\/\/www.stavexpro.com\/wp-content\/uploads\/2026\/SK0000033-CZ20260425-093107-0-1777080667-538-large_default.webp\",\"width\":470,\"height\":470},{\"@type\":\"BreadcrumbList\",\"@id\":\"https:\/\/www.stavexpro.com\/index.php\/produkt\/pouze-dnes-tanami-concretegrey-mosaic-30x30-01s-r9-58121\/#breadcrumb\",\"itemListElement\":[{\"@type\":\"ListItem\",\"position\":1,\"name\":\"Home\",\"item\":\"https:\/\/www.stavexpro.com\/\"},{\"@type\":\"ListItem\",\"position\":2,\"name\":\"Products\",\"item\":\"https:\/\/www.stavexpro.com\/index.php\/products\/\"},{\"@type\":\"ListItem\",\"position\":3,\"name\":\"Pouze Dnes TANAMI concretegrey | mosaic | 30&#215;30 | 01S | R9\"}]},{\"@type\":\"WebSite\",\"@id\":\"https:\/\/www.stavexpro.com\/#website\",\"url\":\"https:\/\/www.stavexpro.com\/\",\"name\":\"\",\"description\":\"\",\"potentialAction\":[{\"@type\":\"SearchAction\",\"target\":{\"@type\":\"EntryPoint\",\"urlTemplate\":\"https:\/\/www.stavexpro.com\/?s={search_term_string}\"},\"query-input\":{\"@type\":\"PropertyValueSpecification\",\"valueRequired\":true,\"valueName\":\"search_term_string\"}}],\"inLanguage\":\"cs\"}]}<\/script>\n<!-- \/ Yoast SEO plugin. -->","yoast_head_json":{"title":"Pouze Dnes TANAMI concretegrey | mosaic | 30x30 | 01S | R9 -","robots":{"index":"index","follow":"follow","max-snippet":"max-snippet:-1","max-image-preview":"max-image-preview:large","max-video-preview":"max-video-preview:-1"},"canonical":"https:\/\/www.stavexpro.com\/index.php\/produkt\/pouze-dnes-tanami-concretegrey-mosaic-30x30-01s-r9-58121\/","og_locale":"cs_CZ","og_type":"article","og_title":"Pouze Dnes TANAMI concretegrey | mosaic | 30x30 | 01S | R9 -","og_description":"Hladk\u00e1 matn\u00e1 mozaika imituj\u00edc\u00ed k\u00e1men. Vhodn\u00e1 jak na oblo\u017een\u00ed podlahy \u010di st\u011bny. Mozaika je dekorativn\u00ed prvek, kter\u00fd skv\u011ble osv\u011b\u017e\u00ed v\u00e1\u0161 interi\u00e9r. Sleva Ano POVRCHOV\u00c1 \u00daPRAVA mat FORM\u00c1T | ROZM\u011aR MF = mal\u00fd form\u00e1t = M ODOLNOST | ZAT\u00cd\u017dEN\u00cd PEI 5 PROTISKLUZNOST | HRUBOST R9 TYP | POU\u017dIT\u00cd dla\u017eba &#8211; podlaha | st\u011bna , mozaika REKTIFIKACE [&hellip;]","og_url":"https:\/\/www.stavexpro.com\/index.php\/produkt\/pouze-dnes-tanami-concretegrey-mosaic-30x30-01s-r9-58121\/","og_image":[{"width":470,"height":470,"url":"https:\/\/www.stavexpro.com\/wp-content\/uploads\/2026\/SK0000033-CZ20260425-093107-0-1777080667-538-large_default.webp","type":"image\/webp"}],"twitter_card":"summary_large_image","schema":{"@context":"https:\/\/schema.org","@graph":[{"@type":"WebPage","@id":"https:\/\/www.stavexpro.com\/index.php\/produkt\/pouze-dnes-tanami-concretegrey-mosaic-30x30-01s-r9-58121\/","url":"https:\/\/www.stavexpro.com\/index.php\/produkt\/pouze-dnes-tanami-concretegrey-mosaic-30x30-01s-r9-58121\/","name":"Pouze Dnes TANAMI concretegrey | mosaic | 30x30 | 01S | R9 -","isPartOf":{"@id":"https:\/\/www.stavexpro.com\/#website"},"primaryImageOfPage":{"@id":"https:\/\/www.stavexpro.com\/index.php\/produkt\/pouze-dnes-tanami-concretegrey-mosaic-30x30-01s-r9-58121\/#primaryimage"},"image":{"@id":"https:\/\/www.stavexpro.com\/index.php\/produkt\/pouze-dnes-tanami-concretegrey-mosaic-30x30-01s-r9-58121\/#primaryimage"},"thumbnailUrl":"https:\/\/www.stavexpro.com\/wp-content\/uploads\/2026\/SK0000033-CZ20260425-093107-0-1777080667-538-large_default.webp","datePublished":"2026-04-26T09:02:12+00:00","breadcrumb":{"@id":"https:\/\/www.stavexpro.com\/index.php\/produkt\/pouze-dnes-tanami-concretegrey-mosaic-30x30-01s-r9-58121\/#breadcrumb"},"inLanguage":"cs","potentialAction":[{"@type":"ReadAction","target":["https:\/\/www.stavexpro.com\/index.php\/produkt\/pouze-dnes-tanami-concretegrey-mosaic-30x30-01s-r9-58121\/"]}]},{"@type":"ImageObject","inLanguage":"cs","@id":"https:\/\/www.stavexpro.com\/index.php\/produkt\/pouze-dnes-tanami-concretegrey-mosaic-30x30-01s-r9-58121\/#primaryimage","url":"https:\/\/www.stavexpro.com\/wp-content\/uploads\/2026\/SK0000033-CZ20260425-093107-0-1777080667-538-large_default.webp","contentUrl":"https:\/\/www.stavexpro.com\/wp-content\/uploads\/2026\/SK0000033-CZ20260425-093107-0-1777080667-538-large_default.webp","width":470,"height":470},{"@type":"BreadcrumbList","@id":"https:\/\/www.stavexpro.com\/index.php\/produkt\/pouze-dnes-tanami-concretegrey-mosaic-30x30-01s-r9-58121\/#breadcrumb","itemListElement":[{"@type":"ListItem","position":1,"name":"Home","item":"https:\/\/www.stavexpro.com\/"},{"@type":"ListItem","position":2,"name":"Products","item":"https:\/\/www.stavexpro.com\/index.php\/products\/"},{"@type":"ListItem","position":3,"name":"Pouze Dnes TANAMI concretegrey | mosaic | 30&#215;30 | 01S | R9"}]},{"@type":"WebSite","@id":"https:\/\/www.stavexpro.com\/#website","url":"https:\/\/www.stavexpro.com\/","name":"","description":"","potentialAction":[{"@type":"SearchAction","target":{"@type":"EntryPoint","urlTemplate":"https:\/\/www.stavexpro.com\/?s={search_term_string}"},"query-input":{"@type":"PropertyValueSpecification","valueRequired":true,"valueName":"search_term_string"}}],"inLanguage":"cs"}]}},"_links":{"self":[{"href":"https:\/\/www.stavexpro.com\/wp-json\/wp\/v2\/product\/58121","targetHints":{"allow":["GET"]}}],"collection":[{"href":"https:\/\/www.stavexpro.com\/wp-json\/wp\/v2\/product"}],"about":[{"href":"https:\/\/www.stavexpro.com\/wp-json\/wp\/v2\/types\/product"}],"replies":[{"embeddable":true,"href":"https:\/\/www.stavexpro.com\/wp-json\/wp\/v2\/comments?post=58121"}],"wp:featuredmedia":[{"embeddable":true,"href":"https:\/\/www.stavexpro.com\/wp-json\/wp\/v2\/media\/58221"}],"wp:attachment":[{"href":"https:\/\/www.stavexpro.com\/wp-json\/wp\/v2\/media?parent=58121"}],"wp:term":[{"taxonomy":"product_brand","embeddable":true,"href":"https:\/\/www.stavexpro.com\/wp-json\/wp\/v2\/product_brand?post=58121"},{"taxonomy":"product_cat","embeddable":true,"href":"https:\/\/www.stavexpro.com\/wp-json\/wp\/v2\/product_cat?post=58121"},{"taxonomy":"product_tag","embeddable":true,"href":"https:\/\/www.stavexpro.com\/wp-json\/wp\/v2\/product_tag?post=58121"}],"curies":[{"name":"wp","href":"https:\/\/api.w.org\/{rel}","templated":true}]}}