{"id":63320,"date":"2026-04-26T09:03:16","date_gmt":"2026-04-26T09:03:16","guid":{"rendered":""},"modified":"2026-04-26T09:03:16","modified_gmt":"2026-04-26T09:03:16","slug":"980-60glb-hlavova-sprcha-250-mm-zlato-kartacovane-rychle-dodani-63320","status":"publish","type":"product","link":"https:\/\/www.stavexpro.com\/produkt\/980-60glb-hlavova-sprcha-250-mm-zlato-kartacovane-rychle-dodani-63320\/","title":{"rendered":"980.60GLB Hlavov\u00e1 sprcha, 250 mm, zlato kart\u00e1\u010dovan\u00e9 Rychl\u00e9 Dod\u00e1n\u00ed"},"content":{"rendered":"<div class=\"basic-description\">\n<h3>Detailn\u00ed popis produktu<\/h3>\n<ul>\n<li>rozm\u011br: \u00f8 250 mm<\/li>\n<li>syst\u00e9m \u010di\u0161t\u011bn\u00ed trysek: EasyClean &#8211; pro odstran\u011bn\u00ed vodn\u00edho kamene<\/li>\n<li>materi\u00e1l: mosaz<\/li>\n<li>barevn\u00e9 proveden\u00ed: GLB: zlato kart\u00e1\u010dovan\u00e9<\/li>\n<li>vhodn\u00e1: ke v\u0161em podom\u00edtkov\u00fdm bateri\u00edm Ravak a jin\u00fdm<\/li>\n<li>dopl\u0148ky k dokoupen\u00ed: v\u00fdtokov\u00e9 rameno bo\u010dn\u00ed nebo v\u00fdtokov\u00e9 rameno stropn\u00ed<\/li>\n<\/ul>\n<p>Komfort hlavov\u00e9 sprchy v slim designu v kulat\u00e9m proveden\u00ed. Na vn\u011bj\u0161\u00ed \u010di\u0161t\u011bn\u00ed doporu\u010dujeme pou\u017e\u00edvat p\u0159\u00edpravek Ravak Cleaner Chrome. Hlavovou sprchu je nutn\u00e9 sp\u00e1rovat s v\u00fdtokov\u00fdm ramenem bo\u010dn\u00edm nebo s v\u00fdtokov\u00fdm ramenem stropn\u00edm.<\/p>\n<\/p><\/div>\n","protected":false},"excerpt":{"rendered":"<p>Detailn\u00ed popis produktu rozm\u011br: \u00f8 250 mm syst\u00e9m \u010di\u0161t\u011bn\u00ed trysek: EasyClean &#8211; pro odstran\u011bn\u00ed vodn\u00edho kamene materi\u00e1l: mosaz barevn\u00e9 proveden\u00ed: GLB: zlato kart\u00e1\u010dovan\u00e9 vhodn\u00e1: ke v\u0161em podom\u00edtkov\u00fdm bateri\u00edm Ravak a jin\u00fdm dopl\u0148ky k dokoupen\u00ed: v\u00fdtokov\u00e9 rameno bo\u010dn\u00ed nebo v\u00fdtokov\u00e9 rameno stropn\u00ed Komfort hlavov\u00e9 sprchy v slim designu v kulat\u00e9m proveden\u00ed. Na vn\u011bj\u0161\u00ed \u010di\u0161t\u011bn\u00ed doporu\u010dujeme pou\u017e\u00edvat [&hellip;]<\/p>\n","protected":false},"featured_media":63420,"comment_status":"open","ping_status":"open","template":"","meta":[],"product_brand":[],"product_cat":[184],"product_tag":[],"class_list":{"0":"post-63320","1":"product","2":"type-product","3":"status-publish","4":"has-post-thumbnail","6":"product_cat-koupelny-a-sanitarni-technika","8":"first","9":"instock","10":"sale","11":"shipping-taxable","12":"purchasable","13":"product-type-simple"},"yoast_head":"<!-- This site is optimized with the Yoast SEO plugin v26.8 - https:\/\/yoast.com\/product\/yoast-seo-wordpress\/ -->\n<title>980.60GLB Hlavov\u00e1 sprcha, 250 mm, zlato kart\u00e1\u010dovan\u00e9 Rychl\u00e9 Dod\u00e1n\u00ed -<\/title>\n<meta name=\"robots\" content=\"index, follow, max-snippet:-1, max-image-preview:large, max-video-preview:-1\" \/>\n<link rel=\"canonical\" href=\"https:\/\/www.stavexpro.com\/index.php\/produkt\/980-60glb-hlavova-sprcha-250-mm-zlato-kartacovane-rychle-dodani-63320\/\" \/>\n<meta property=\"og:locale\" content=\"cs_CZ\" \/>\n<meta property=\"og:type\" content=\"article\" \/>\n<meta property=\"og:title\" content=\"980.60GLB Hlavov\u00e1 sprcha, 250 mm, zlato kart\u00e1\u010dovan\u00e9 Rychl\u00e9 Dod\u00e1n\u00ed -\" \/>\n<meta property=\"og:description\" content=\"Detailn\u00ed popis produktu rozm\u011br: \u00f8 250 mm syst\u00e9m \u010di\u0161t\u011bn\u00ed trysek: EasyClean &#8211; pro odstran\u011bn\u00ed vodn\u00edho kamene materi\u00e1l: mosaz barevn\u00e9 proveden\u00ed: GLB: zlato kart\u00e1\u010dovan\u00e9 vhodn\u00e1: ke v\u0161em podom\u00edtkov\u00fdm bateri\u00edm Ravak a jin\u00fdm dopl\u0148ky k dokoupen\u00ed: v\u00fdtokov\u00e9 rameno bo\u010dn\u00ed nebo v\u00fdtokov\u00e9 rameno stropn\u00ed Komfort hlavov\u00e9 sprchy v slim designu v kulat\u00e9m proveden\u00ed. Na vn\u011bj\u0161\u00ed \u010di\u0161t\u011bn\u00ed doporu\u010dujeme pou\u017e\u00edvat [&hellip;]\" \/>\n<meta property=\"og:url\" content=\"https:\/\/www.stavexpro.com\/index.php\/produkt\/980-60glb-hlavova-sprcha-250-mm-zlato-kartacovane-rychle-dodani-63320\/\" \/>\n<meta property=\"og:image\" content=\"https:\/\/www.stavexpro.com\/wp-content\/uploads\/2026\/SK0000484-CZ20260425-093351-0-1777080837-1323038_ravak-x07p1238-01-img1.webp\" \/>\n\t<meta property=\"og:image:width\" content=\"1000\" \/>\n\t<meta property=\"og:image:height\" content=\"750\" \/>\n\t<meta property=\"og:image:type\" content=\"image\/webp\" \/>\n<meta name=\"twitter:card\" content=\"summary_large_image\" \/>\n<script type=\"application\/ld+json\" class=\"yoast-schema-graph\">{\"@context\":\"https:\/\/schema.org\",\"@graph\":[{\"@type\":\"WebPage\",\"@id\":\"https:\/\/www.stavexpro.com\/index.php\/produkt\/980-60glb-hlavova-sprcha-250-mm-zlato-kartacovane-rychle-dodani-63320\/\",\"url\":\"https:\/\/www.stavexpro.com\/index.php\/produkt\/980-60glb-hlavova-sprcha-250-mm-zlato-kartacovane-rychle-dodani-63320\/\",\"name\":\"980.60GLB Hlavov\u00e1 sprcha, 250 mm, zlato kart\u00e1\u010dovan\u00e9 Rychl\u00e9 Dod\u00e1n\u00ed -\",\"isPartOf\":{\"@id\":\"https:\/\/www.stavexpro.com\/#website\"},\"primaryImageOfPage\":{\"@id\":\"https:\/\/www.stavexpro.com\/index.php\/produkt\/980-60glb-hlavova-sprcha-250-mm-zlato-kartacovane-rychle-dodani-63320\/#primaryimage\"},\"image\":{\"@id\":\"https:\/\/www.stavexpro.com\/index.php\/produkt\/980-60glb-hlavova-sprcha-250-mm-zlato-kartacovane-rychle-dodani-63320\/#primaryimage\"},\"thumbnailUrl\":\"https:\/\/www.stavexpro.com\/wp-content\/uploads\/2026\/SK0000484-CZ20260425-093351-0-1777080837-1323038_ravak-x07p1238-01-img1.webp\",\"datePublished\":\"2026-04-26T09:03:16+00:00\",\"breadcrumb\":{\"@id\":\"https:\/\/www.stavexpro.com\/index.php\/produkt\/980-60glb-hlavova-sprcha-250-mm-zlato-kartacovane-rychle-dodani-63320\/#breadcrumb\"},\"inLanguage\":\"cs\",\"potentialAction\":[{\"@type\":\"ReadAction\",\"target\":[\"https:\/\/www.stavexpro.com\/index.php\/produkt\/980-60glb-hlavova-sprcha-250-mm-zlato-kartacovane-rychle-dodani-63320\/\"]}]},{\"@type\":\"ImageObject\",\"inLanguage\":\"cs\",\"@id\":\"https:\/\/www.stavexpro.com\/index.php\/produkt\/980-60glb-hlavova-sprcha-250-mm-zlato-kartacovane-rychle-dodani-63320\/#primaryimage\",\"url\":\"https:\/\/www.stavexpro.com\/wp-content\/uploads\/2026\/SK0000484-CZ20260425-093351-0-1777080837-1323038_ravak-x07p1238-01-img1.webp\",\"contentUrl\":\"https:\/\/www.stavexpro.com\/wp-content\/uploads\/2026\/SK0000484-CZ20260425-093351-0-1777080837-1323038_ravak-x07p1238-01-img1.webp\",\"width\":1000,\"height\":750},{\"@type\":\"BreadcrumbList\",\"@id\":\"https:\/\/www.stavexpro.com\/index.php\/produkt\/980-60glb-hlavova-sprcha-250-mm-zlato-kartacovane-rychle-dodani-63320\/#breadcrumb\",\"itemListElement\":[{\"@type\":\"ListItem\",\"position\":1,\"name\":\"Home\",\"item\":\"https:\/\/www.stavexpro.com\/\"},{\"@type\":\"ListItem\",\"position\":2,\"name\":\"Products\",\"item\":\"https:\/\/www.stavexpro.com\/index.php\/products\/\"},{\"@type\":\"ListItem\",\"position\":3,\"name\":\"980.60GLB Hlavov\u00e1 sprcha, 250 mm, zlato kart\u00e1\u010dovan\u00e9 Rychl\u00e9 Dod\u00e1n\u00ed\"}]},{\"@type\":\"WebSite\",\"@id\":\"https:\/\/www.stavexpro.com\/#website\",\"url\":\"https:\/\/www.stavexpro.com\/\",\"name\":\"\",\"description\":\"\",\"potentialAction\":[{\"@type\":\"SearchAction\",\"target\":{\"@type\":\"EntryPoint\",\"urlTemplate\":\"https:\/\/www.stavexpro.com\/?s={search_term_string}\"},\"query-input\":{\"@type\":\"PropertyValueSpecification\",\"valueRequired\":true,\"valueName\":\"search_term_string\"}}],\"inLanguage\":\"cs\"}]}<\/script>\n<!-- \/ Yoast SEO plugin. -->","yoast_head_json":{"title":"980.60GLB Hlavov\u00e1 sprcha, 250 mm, zlato kart\u00e1\u010dovan\u00e9 Rychl\u00e9 Dod\u00e1n\u00ed -","robots":{"index":"index","follow":"follow","max-snippet":"max-snippet:-1","max-image-preview":"max-image-preview:large","max-video-preview":"max-video-preview:-1"},"canonical":"https:\/\/www.stavexpro.com\/index.php\/produkt\/980-60glb-hlavova-sprcha-250-mm-zlato-kartacovane-rychle-dodani-63320\/","og_locale":"cs_CZ","og_type":"article","og_title":"980.60GLB Hlavov\u00e1 sprcha, 250 mm, zlato kart\u00e1\u010dovan\u00e9 Rychl\u00e9 Dod\u00e1n\u00ed -","og_description":"Detailn\u00ed popis produktu rozm\u011br: \u00f8 250 mm syst\u00e9m \u010di\u0161t\u011bn\u00ed trysek: EasyClean &#8211; pro odstran\u011bn\u00ed vodn\u00edho kamene materi\u00e1l: mosaz barevn\u00e9 proveden\u00ed: GLB: zlato kart\u00e1\u010dovan\u00e9 vhodn\u00e1: ke v\u0161em podom\u00edtkov\u00fdm bateri\u00edm Ravak a jin\u00fdm dopl\u0148ky k dokoupen\u00ed: v\u00fdtokov\u00e9 rameno bo\u010dn\u00ed nebo v\u00fdtokov\u00e9 rameno stropn\u00ed Komfort hlavov\u00e9 sprchy v slim designu v kulat\u00e9m proveden\u00ed. Na vn\u011bj\u0161\u00ed \u010di\u0161t\u011bn\u00ed doporu\u010dujeme pou\u017e\u00edvat [&hellip;]","og_url":"https:\/\/www.stavexpro.com\/index.php\/produkt\/980-60glb-hlavova-sprcha-250-mm-zlato-kartacovane-rychle-dodani-63320\/","og_image":[{"width":1000,"height":750,"url":"https:\/\/www.stavexpro.com\/wp-content\/uploads\/2026\/SK0000484-CZ20260425-093351-0-1777080837-1323038_ravak-x07p1238-01-img1.webp","type":"image\/webp"}],"twitter_card":"summary_large_image","schema":{"@context":"https:\/\/schema.org","@graph":[{"@type":"WebPage","@id":"https:\/\/www.stavexpro.com\/index.php\/produkt\/980-60glb-hlavova-sprcha-250-mm-zlato-kartacovane-rychle-dodani-63320\/","url":"https:\/\/www.stavexpro.com\/index.php\/produkt\/980-60glb-hlavova-sprcha-250-mm-zlato-kartacovane-rychle-dodani-63320\/","name":"980.60GLB Hlavov\u00e1 sprcha, 250 mm, zlato kart\u00e1\u010dovan\u00e9 Rychl\u00e9 Dod\u00e1n\u00ed -","isPartOf":{"@id":"https:\/\/www.stavexpro.com\/#website"},"primaryImageOfPage":{"@id":"https:\/\/www.stavexpro.com\/index.php\/produkt\/980-60glb-hlavova-sprcha-250-mm-zlato-kartacovane-rychle-dodani-63320\/#primaryimage"},"image":{"@id":"https:\/\/www.stavexpro.com\/index.php\/produkt\/980-60glb-hlavova-sprcha-250-mm-zlato-kartacovane-rychle-dodani-63320\/#primaryimage"},"thumbnailUrl":"https:\/\/www.stavexpro.com\/wp-content\/uploads\/2026\/SK0000484-CZ20260425-093351-0-1777080837-1323038_ravak-x07p1238-01-img1.webp","datePublished":"2026-04-26T09:03:16+00:00","breadcrumb":{"@id":"https:\/\/www.stavexpro.com\/index.php\/produkt\/980-60glb-hlavova-sprcha-250-mm-zlato-kartacovane-rychle-dodani-63320\/#breadcrumb"},"inLanguage":"cs","potentialAction":[{"@type":"ReadAction","target":["https:\/\/www.stavexpro.com\/index.php\/produkt\/980-60glb-hlavova-sprcha-250-mm-zlato-kartacovane-rychle-dodani-63320\/"]}]},{"@type":"ImageObject","inLanguage":"cs","@id":"https:\/\/www.stavexpro.com\/index.php\/produkt\/980-60glb-hlavova-sprcha-250-mm-zlato-kartacovane-rychle-dodani-63320\/#primaryimage","url":"https:\/\/www.stavexpro.com\/wp-content\/uploads\/2026\/SK0000484-CZ20260425-093351-0-1777080837-1323038_ravak-x07p1238-01-img1.webp","contentUrl":"https:\/\/www.stavexpro.com\/wp-content\/uploads\/2026\/SK0000484-CZ20260425-093351-0-1777080837-1323038_ravak-x07p1238-01-img1.webp","width":1000,"height":750},{"@type":"BreadcrumbList","@id":"https:\/\/www.stavexpro.com\/index.php\/produkt\/980-60glb-hlavova-sprcha-250-mm-zlato-kartacovane-rychle-dodani-63320\/#breadcrumb","itemListElement":[{"@type":"ListItem","position":1,"name":"Home","item":"https:\/\/www.stavexpro.com\/"},{"@type":"ListItem","position":2,"name":"Products","item":"https:\/\/www.stavexpro.com\/index.php\/products\/"},{"@type":"ListItem","position":3,"name":"980.60GLB Hlavov\u00e1 sprcha, 250 mm, zlato kart\u00e1\u010dovan\u00e9 Rychl\u00e9 Dod\u00e1n\u00ed"}]},{"@type":"WebSite","@id":"https:\/\/www.stavexpro.com\/#website","url":"https:\/\/www.stavexpro.com\/","name":"","description":"","potentialAction":[{"@type":"SearchAction","target":{"@type":"EntryPoint","urlTemplate":"https:\/\/www.stavexpro.com\/?s={search_term_string}"},"query-input":{"@type":"PropertyValueSpecification","valueRequired":true,"valueName":"search_term_string"}}],"inLanguage":"cs"}]}},"_links":{"self":[{"href":"https:\/\/www.stavexpro.com\/wp-json\/wp\/v2\/product\/63320","targetHints":{"allow":["GET"]}}],"collection":[{"href":"https:\/\/www.stavexpro.com\/wp-json\/wp\/v2\/product"}],"about":[{"href":"https:\/\/www.stavexpro.com\/wp-json\/wp\/v2\/types\/product"}],"replies":[{"embeddable":true,"href":"https:\/\/www.stavexpro.com\/wp-json\/wp\/v2\/comments?post=63320"}],"wp:featuredmedia":[{"embeddable":true,"href":"https:\/\/www.stavexpro.com\/wp-json\/wp\/v2\/media\/63420"}],"wp:attachment":[{"href":"https:\/\/www.stavexpro.com\/wp-json\/wp\/v2\/media?parent=63320"}],"wp:term":[{"taxonomy":"product_brand","embeddable":true,"href":"https:\/\/www.stavexpro.com\/wp-json\/wp\/v2\/product_brand?post=63320"},{"taxonomy":"product_cat","embeddable":true,"href":"https:\/\/www.stavexpro.com\/wp-json\/wp\/v2\/product_cat?post=63320"},{"taxonomy":"product_tag","embeddable":true,"href":"https:\/\/www.stavexpro.com\/wp-json\/wp\/v2\/product_tag?post=63320"}],"curies":[{"name":"wp","href":"https:\/\/api.w.org\/{rel}","templated":true}]}}