{"id":63527,"date":"2026-04-26T09:03:19","date_gmt":"2026-04-26T09:03:19","guid":{"rendered":""},"modified":"2026-04-26T09:03:19","modified_gmt":"2026-04-26T09:03:19","slug":"949-10whm-rucni-sprcha-pro-psy-4-funkce-bila-matna-akcni-cena-63527","status":"publish","type":"product","link":"https:\/\/www.stavexpro.com\/produkt\/949-10whm-rucni-sprcha-pro-psy-4-funkce-bila-matna-akcni-cena-63527\/","title":{"rendered":"949.10WHM Ru\u010dn\u00ed sprcha pro psy, 4 funkce, b\u00edl\u00e1 matn\u00e1 Ak\u010dn\u00ed Cena"},"content":{"rendered":"<div class=\"basic-description\">\n<h3>Detailn\u00ed popis produktu<\/h3>\n<ul>\n<li>materi\u00e1l: ABS<\/li>\n<li>barevn\u00e9 proveden\u00ed: WHM: white matt &#8211; b\u00edl\u00e1 matn\u00e1<\/li>\n<li>syst\u00e9m \u010di\u0161t\u011bn\u00ed trysek: EasyClean &#8211; pro odstran\u011bn\u00ed vodn\u00edho kamene<\/li>\n<li>funkce proudu vody: Rain, Soft, perl\u00e1tor s funkc\u00ed Air (EcoFlow), tlakov\u00e1 p\u0159edn\u00ed tryska<\/li>\n<li>vhodn\u00e1: ke sprchov\u00fdm, vanov\u00fdm, podom\u00edtkov\u00fdm bateri\u00edm a k\u00a0termostatick\u00e9 baterii Ravak<\/li>\n<li>dopl\u0148ky k dokoupen\u00ed: sprchov\u00e1 hadice, dr\u017e\u00e1k sprchy<\/li>\n<\/ul>\n<p>Pru\u017en\u00fd silikonov\u00fd kart\u00e1\u010d snadno roz\u010de\u0161e srst, nap\u011bn\u00ed \u0161amp\u00f3n a odstran\u00ed ne\u010distoty. Sprcha nab\u00edz\u00ed 4 re\u017eimy proudu, kter\u00e9 snadno p\u0159epnete oto\u010dnou p\u00e1\u010dkou nebo tla\u010d\u00edtkem. Proud Rain je mimo\u0159\u00e1dn\u011b \u0161etrn\u00fd a hod\u00ed se zejm\u00e9na pro citliv\u00e9 partie v okol\u00ed u\u0161\u00ed a o\u010d\u00ed. Soft proud je jemn\u00fd, ale z\u00e1rove\u0148 dostate\u010dn\u011b siln\u00fd pro nap\u011bn\u011bn\u00ed a oplachov\u00e1n\u00ed \u0161amp\u00f3nu. Izolovan\u00fd proud s perl\u00e1torem je c\u00edlen\u00fd a \u00fasporn\u00fd, ide\u00e1ln\u00ed pro myt\u00ed tlapek, b\u0159\u00ed\u0161ka nebo spodn\u00edch parti\u00ed bez zbyte\u010dn\u00e9ho rozst\u0159iku. P\u0159edn\u00ed tlakov\u00e1 tryska, kterou lze ovl\u00e1dat samostatn\u00fdm tla\u010d\u00edtkem na zadn\u00ed stran\u011b, \u00fa\u010dinn\u011b odstran\u00ed odoln\u00e9 ne\u010distoty, jako je nap\u0159\u00edklad zaschl\u00e9 bl\u00e1to. <br \/>Na vn\u011bj\u0161\u00ed \u010di\u0161t\u011bn\u00ed doporu\u010dujeme pou\u017e\u00edvat p\u0159\u00edpravek Ravak Cleaner Chrome. Sprchovou r\u016f\u017eici &#8211; dog shower lze sp\u00e1rovat se sprchov\u00fdmi hadicemi a dr\u017e\u00e1ky a ty\u010demi Ravak, ale i s b\u011b\u017en\u011b dostupn\u00fdm p\u0159\u00edslu\u0161enstv\u00edm.<\/p>\n<\/p><\/div>\n","protected":false},"excerpt":{"rendered":"<p>Detailn\u00ed popis produktu materi\u00e1l: ABS barevn\u00e9 proveden\u00ed: WHM: white matt &#8211; b\u00edl\u00e1 matn\u00e1 syst\u00e9m \u010di\u0161t\u011bn\u00ed trysek: EasyClean &#8211; pro odstran\u011bn\u00ed vodn\u00edho kamene funkce proudu vody: Rain, Soft, perl\u00e1tor s funkc\u00ed Air (EcoFlow), tlakov\u00e1 p\u0159edn\u00ed tryska vhodn\u00e1: ke sprchov\u00fdm, vanov\u00fdm, podom\u00edtkov\u00fdm bateri\u00edm a k\u00a0termostatick\u00e9 baterii Ravak dopl\u0148ky k dokoupen\u00ed: sprchov\u00e1 hadice, dr\u017e\u00e1k sprchy Pru\u017en\u00fd silikonov\u00fd kart\u00e1\u010d [&hellip;]<\/p>\n","protected":false},"featured_media":63627,"comment_status":"open","ping_status":"open","template":"","meta":[],"product_brand":[],"product_cat":[184],"product_tag":[],"class_list":{"0":"post-63527","1":"product","2":"type-product","3":"status-publish","4":"has-post-thumbnail","6":"product_cat-koupelny-a-sanitarni-technika","8":"first","9":"instock","10":"sale","11":"shipping-taxable","12":"purchasable","13":"product-type-simple"},"yoast_head":"<!-- This site is optimized with the Yoast SEO plugin v26.8 - https:\/\/yoast.com\/product\/yoast-seo-wordpress\/ -->\n<title>949.10WHM Ru\u010dn\u00ed sprcha pro psy, 4 funkce, b\u00edl\u00e1 matn\u00e1 Ak\u010dn\u00ed Cena -<\/title>\n<meta name=\"robots\" content=\"index, follow, max-snippet:-1, max-image-preview:large, max-video-preview:-1\" \/>\n<link rel=\"canonical\" href=\"https:\/\/www.stavexpro.com\/index.php\/produkt\/949-10whm-rucni-sprcha-pro-psy-4-funkce-bila-matna-akcni-cena-63527\/\" \/>\n<meta property=\"og:locale\" content=\"cs_CZ\" \/>\n<meta property=\"og:type\" content=\"article\" \/>\n<meta property=\"og:title\" content=\"949.10WHM Ru\u010dn\u00ed sprcha pro psy, 4 funkce, b\u00edl\u00e1 matn\u00e1 Ak\u010dn\u00ed Cena -\" \/>\n<meta property=\"og:description\" content=\"Detailn\u00ed popis produktu materi\u00e1l: ABS barevn\u00e9 proveden\u00ed: WHM: white matt &#8211; b\u00edl\u00e1 matn\u00e1 syst\u00e9m \u010di\u0161t\u011bn\u00ed trysek: EasyClean &#8211; pro odstran\u011bn\u00ed vodn\u00edho kamene funkce proudu vody: Rain, Soft, perl\u00e1tor s funkc\u00ed Air (EcoFlow), tlakov\u00e1 p\u0159edn\u00ed tryska vhodn\u00e1: ke sprchov\u00fdm, vanov\u00fdm, podom\u00edtkov\u00fdm bateri\u00edm a k\u00a0termostatick\u00e9 baterii Ravak dopl\u0148ky k dokoupen\u00ed: sprchov\u00e1 hadice, dr\u017e\u00e1k sprchy Pru\u017en\u00fd silikonov\u00fd kart\u00e1\u010d [&hellip;]\" \/>\n<meta property=\"og:url\" content=\"https:\/\/www.stavexpro.com\/index.php\/produkt\/949-10whm-rucni-sprcha-pro-psy-4-funkce-bila-matna-akcni-cena-63527\/\" \/>\n<meta property=\"og:image\" content=\"https:\/\/www.stavexpro.com\/wp-content\/uploads\/2026\/SK0000591-CZ20260425-093351-0-1777080837-1322043_ravak-x07p1478-01-img1.webp\" \/>\n\t<meta property=\"og:image:width\" content=\"1000\" \/>\n\t<meta property=\"og:image:height\" content=\"750\" \/>\n\t<meta property=\"og:image:type\" content=\"image\/webp\" \/>\n<meta name=\"twitter:card\" content=\"summary_large_image\" \/>\n<meta name=\"twitter:label1\" content=\"Odhadovan\u00e1 doba \u010dten\u00ed\" \/>\n\t<meta name=\"twitter:data1\" content=\"1 minuta\" \/>\n<script type=\"application\/ld+json\" class=\"yoast-schema-graph\">{\"@context\":\"https:\/\/schema.org\",\"@graph\":[{\"@type\":\"WebPage\",\"@id\":\"https:\/\/www.stavexpro.com\/index.php\/produkt\/949-10whm-rucni-sprcha-pro-psy-4-funkce-bila-matna-akcni-cena-63527\/\",\"url\":\"https:\/\/www.stavexpro.com\/index.php\/produkt\/949-10whm-rucni-sprcha-pro-psy-4-funkce-bila-matna-akcni-cena-63527\/\",\"name\":\"949.10WHM Ru\u010dn\u00ed sprcha pro psy, 4 funkce, b\u00edl\u00e1 matn\u00e1 Ak\u010dn\u00ed Cena -\",\"isPartOf\":{\"@id\":\"https:\/\/www.stavexpro.com\/#website\"},\"primaryImageOfPage\":{\"@id\":\"https:\/\/www.stavexpro.com\/index.php\/produkt\/949-10whm-rucni-sprcha-pro-psy-4-funkce-bila-matna-akcni-cena-63527\/#primaryimage\"},\"image\":{\"@id\":\"https:\/\/www.stavexpro.com\/index.php\/produkt\/949-10whm-rucni-sprcha-pro-psy-4-funkce-bila-matna-akcni-cena-63527\/#primaryimage\"},\"thumbnailUrl\":\"https:\/\/www.stavexpro.com\/wp-content\/uploads\/2026\/SK0000591-CZ20260425-093351-0-1777080837-1322043_ravak-x07p1478-01-img1.webp\",\"datePublished\":\"2026-04-26T09:03:19+00:00\",\"breadcrumb\":{\"@id\":\"https:\/\/www.stavexpro.com\/index.php\/produkt\/949-10whm-rucni-sprcha-pro-psy-4-funkce-bila-matna-akcni-cena-63527\/#breadcrumb\"},\"inLanguage\":\"cs\",\"potentialAction\":[{\"@type\":\"ReadAction\",\"target\":[\"https:\/\/www.stavexpro.com\/index.php\/produkt\/949-10whm-rucni-sprcha-pro-psy-4-funkce-bila-matna-akcni-cena-63527\/\"]}]},{\"@type\":\"ImageObject\",\"inLanguage\":\"cs\",\"@id\":\"https:\/\/www.stavexpro.com\/index.php\/produkt\/949-10whm-rucni-sprcha-pro-psy-4-funkce-bila-matna-akcni-cena-63527\/#primaryimage\",\"url\":\"https:\/\/www.stavexpro.com\/wp-content\/uploads\/2026\/SK0000591-CZ20260425-093351-0-1777080837-1322043_ravak-x07p1478-01-img1.webp\",\"contentUrl\":\"https:\/\/www.stavexpro.com\/wp-content\/uploads\/2026\/SK0000591-CZ20260425-093351-0-1777080837-1322043_ravak-x07p1478-01-img1.webp\",\"width\":1000,\"height\":750},{\"@type\":\"BreadcrumbList\",\"@id\":\"https:\/\/www.stavexpro.com\/index.php\/produkt\/949-10whm-rucni-sprcha-pro-psy-4-funkce-bila-matna-akcni-cena-63527\/#breadcrumb\",\"itemListElement\":[{\"@type\":\"ListItem\",\"position\":1,\"name\":\"Home\",\"item\":\"https:\/\/www.stavexpro.com\/\"},{\"@type\":\"ListItem\",\"position\":2,\"name\":\"Products\",\"item\":\"https:\/\/www.stavexpro.com\/index.php\/products\/\"},{\"@type\":\"ListItem\",\"position\":3,\"name\":\"949.10WHM Ru\u010dn\u00ed sprcha pro psy, 4 funkce, b\u00edl\u00e1 matn\u00e1 Ak\u010dn\u00ed Cena\"}]},{\"@type\":\"WebSite\",\"@id\":\"https:\/\/www.stavexpro.com\/#website\",\"url\":\"https:\/\/www.stavexpro.com\/\",\"name\":\"\",\"description\":\"\",\"potentialAction\":[{\"@type\":\"SearchAction\",\"target\":{\"@type\":\"EntryPoint\",\"urlTemplate\":\"https:\/\/www.stavexpro.com\/?s={search_term_string}\"},\"query-input\":{\"@type\":\"PropertyValueSpecification\",\"valueRequired\":true,\"valueName\":\"search_term_string\"}}],\"inLanguage\":\"cs\"}]}<\/script>\n<!-- \/ Yoast SEO plugin. -->","yoast_head_json":{"title":"949.10WHM Ru\u010dn\u00ed sprcha pro psy, 4 funkce, b\u00edl\u00e1 matn\u00e1 Ak\u010dn\u00ed Cena -","robots":{"index":"index","follow":"follow","max-snippet":"max-snippet:-1","max-image-preview":"max-image-preview:large","max-video-preview":"max-video-preview:-1"},"canonical":"https:\/\/www.stavexpro.com\/index.php\/produkt\/949-10whm-rucni-sprcha-pro-psy-4-funkce-bila-matna-akcni-cena-63527\/","og_locale":"cs_CZ","og_type":"article","og_title":"949.10WHM Ru\u010dn\u00ed sprcha pro psy, 4 funkce, b\u00edl\u00e1 matn\u00e1 Ak\u010dn\u00ed Cena -","og_description":"Detailn\u00ed popis produktu materi\u00e1l: ABS barevn\u00e9 proveden\u00ed: WHM: white matt &#8211; b\u00edl\u00e1 matn\u00e1 syst\u00e9m \u010di\u0161t\u011bn\u00ed trysek: EasyClean &#8211; pro odstran\u011bn\u00ed vodn\u00edho kamene funkce proudu vody: Rain, Soft, perl\u00e1tor s funkc\u00ed Air (EcoFlow), tlakov\u00e1 p\u0159edn\u00ed tryska vhodn\u00e1: ke sprchov\u00fdm, vanov\u00fdm, podom\u00edtkov\u00fdm bateri\u00edm a k\u00a0termostatick\u00e9 baterii Ravak dopl\u0148ky k dokoupen\u00ed: sprchov\u00e1 hadice, dr\u017e\u00e1k sprchy Pru\u017en\u00fd silikonov\u00fd kart\u00e1\u010d [&hellip;]","og_url":"https:\/\/www.stavexpro.com\/index.php\/produkt\/949-10whm-rucni-sprcha-pro-psy-4-funkce-bila-matna-akcni-cena-63527\/","og_image":[{"width":1000,"height":750,"url":"https:\/\/www.stavexpro.com\/wp-content\/uploads\/2026\/SK0000591-CZ20260425-093351-0-1777080837-1322043_ravak-x07p1478-01-img1.webp","type":"image\/webp"}],"twitter_card":"summary_large_image","twitter_misc":{"Odhadovan\u00e1 doba \u010dten\u00ed":"1 minuta"},"schema":{"@context":"https:\/\/schema.org","@graph":[{"@type":"WebPage","@id":"https:\/\/www.stavexpro.com\/index.php\/produkt\/949-10whm-rucni-sprcha-pro-psy-4-funkce-bila-matna-akcni-cena-63527\/","url":"https:\/\/www.stavexpro.com\/index.php\/produkt\/949-10whm-rucni-sprcha-pro-psy-4-funkce-bila-matna-akcni-cena-63527\/","name":"949.10WHM Ru\u010dn\u00ed sprcha pro psy, 4 funkce, b\u00edl\u00e1 matn\u00e1 Ak\u010dn\u00ed Cena -","isPartOf":{"@id":"https:\/\/www.stavexpro.com\/#website"},"primaryImageOfPage":{"@id":"https:\/\/www.stavexpro.com\/index.php\/produkt\/949-10whm-rucni-sprcha-pro-psy-4-funkce-bila-matna-akcni-cena-63527\/#primaryimage"},"image":{"@id":"https:\/\/www.stavexpro.com\/index.php\/produkt\/949-10whm-rucni-sprcha-pro-psy-4-funkce-bila-matna-akcni-cena-63527\/#primaryimage"},"thumbnailUrl":"https:\/\/www.stavexpro.com\/wp-content\/uploads\/2026\/SK0000591-CZ20260425-093351-0-1777080837-1322043_ravak-x07p1478-01-img1.webp","datePublished":"2026-04-26T09:03:19+00:00","breadcrumb":{"@id":"https:\/\/www.stavexpro.com\/index.php\/produkt\/949-10whm-rucni-sprcha-pro-psy-4-funkce-bila-matna-akcni-cena-63527\/#breadcrumb"},"inLanguage":"cs","potentialAction":[{"@type":"ReadAction","target":["https:\/\/www.stavexpro.com\/index.php\/produkt\/949-10whm-rucni-sprcha-pro-psy-4-funkce-bila-matna-akcni-cena-63527\/"]}]},{"@type":"ImageObject","inLanguage":"cs","@id":"https:\/\/www.stavexpro.com\/index.php\/produkt\/949-10whm-rucni-sprcha-pro-psy-4-funkce-bila-matna-akcni-cena-63527\/#primaryimage","url":"https:\/\/www.stavexpro.com\/wp-content\/uploads\/2026\/SK0000591-CZ20260425-093351-0-1777080837-1322043_ravak-x07p1478-01-img1.webp","contentUrl":"https:\/\/www.stavexpro.com\/wp-content\/uploads\/2026\/SK0000591-CZ20260425-093351-0-1777080837-1322043_ravak-x07p1478-01-img1.webp","width":1000,"height":750},{"@type":"BreadcrumbList","@id":"https:\/\/www.stavexpro.com\/index.php\/produkt\/949-10whm-rucni-sprcha-pro-psy-4-funkce-bila-matna-akcni-cena-63527\/#breadcrumb","itemListElement":[{"@type":"ListItem","position":1,"name":"Home","item":"https:\/\/www.stavexpro.com\/"},{"@type":"ListItem","position":2,"name":"Products","item":"https:\/\/www.stavexpro.com\/index.php\/products\/"},{"@type":"ListItem","position":3,"name":"949.10WHM Ru\u010dn\u00ed sprcha pro psy, 4 funkce, b\u00edl\u00e1 matn\u00e1 Ak\u010dn\u00ed Cena"}]},{"@type":"WebSite","@id":"https:\/\/www.stavexpro.com\/#website","url":"https:\/\/www.stavexpro.com\/","name":"","description":"","potentialAction":[{"@type":"SearchAction","target":{"@type":"EntryPoint","urlTemplate":"https:\/\/www.stavexpro.com\/?s={search_term_string}"},"query-input":{"@type":"PropertyValueSpecification","valueRequired":true,"valueName":"search_term_string"}}],"inLanguage":"cs"}]}},"_links":{"self":[{"href":"https:\/\/www.stavexpro.com\/wp-json\/wp\/v2\/product\/63527","targetHints":{"allow":["GET"]}}],"collection":[{"href":"https:\/\/www.stavexpro.com\/wp-json\/wp\/v2\/product"}],"about":[{"href":"https:\/\/www.stavexpro.com\/wp-json\/wp\/v2\/types\/product"}],"replies":[{"embeddable":true,"href":"https:\/\/www.stavexpro.com\/wp-json\/wp\/v2\/comments?post=63527"}],"wp:featuredmedia":[{"embeddable":true,"href":"https:\/\/www.stavexpro.com\/wp-json\/wp\/v2\/media\/63627"}],"wp:attachment":[{"href":"https:\/\/www.stavexpro.com\/wp-json\/wp\/v2\/media?parent=63527"}],"wp:term":[{"taxonomy":"product_brand","embeddable":true,"href":"https:\/\/www.stavexpro.com\/wp-json\/wp\/v2\/product_brand?post=63527"},{"taxonomy":"product_cat","embeddable":true,"href":"https:\/\/www.stavexpro.com\/wp-json\/wp\/v2\/product_cat?post=63527"},{"taxonomy":"product_tag","embeddable":true,"href":"https:\/\/www.stavexpro.com\/wp-json\/wp\/v2\/product_tag?post=63527"}],"curies":[{"name":"wp","href":"https:\/\/api.w.org\/{rel}","templated":true}]}}