{"id":7376,"date":"2026-04-26T08:52:14","date_gmt":"2026-04-26T08:52:14","guid":{"rendered":""},"modified":"2026-04-26T08:52:14","modified_gmt":"2026-04-26T08:52:14","slug":"overeny-artiss-ochranny-obal-na-stul-maly-60-x-45-7376","status":"publish","type":"product","link":"https:\/\/www.stavexpro.com\/produkt\/overeny-artiss-ochranny-obal-na-stul-maly-60-x-45-7376\/","title":{"rendered":"Ov\u011b\u0159en\u00fd ARTISS ochrann\u00fd obal na st\u016fl mal\u00fd 60 x 45"},"content":{"rendered":"<h3>Detailn\u00ed popis produktu<\/h3>\n<p>                                    <STRONG>ARTISS ochrann\u00fd obal na st\u016fl mal\u00fd 60 x 45<\/STRONG>                            <\/div>\n<div class=\"extended-description\">\n<h3>Dopl\u0148kov\u00e9 parametry<\/h3>\n<table class=\"detail-parameters\">\n<tbody>\n<tr>\n<th>        <span class=\"row-header-label\">            Kategorie<span class=\"row-header-label-colon\">:<\/span>        <\/span>    <\/th>\n<td>        Zahradn\u00ed stoly    <\/td>\n<\/tr>\n<tr class=\"productEan\">\n<th>          <span class=\"row-header-label productEan__label\">              EAN<span class=\"row-header-label-colon\">:<\/span>          <\/span>      <\/th>\n<td>          <span class=\"productEan__value\">5901592604391<\/span>      <\/td>\n<\/tr>\n<tr>\n<th>                <span class=\"row-header-label\">                                            Barva<span class=\"row-header-label-colon\">:<\/span>                                    <\/span>            <\/th>\n<td>                                                            \u010dern\u00e1                                                <\/td>\n<\/tr>\n<tr>\n<th>                <span class=\"row-header-label\">                                            Dostupnost<span class=\"row-header-label-colon\">:<\/span>                                    <\/span>            <\/th>\n<td>                                                            Dod\u00e1me za 1-2 t\u00fddny                                                <\/td>\n<\/tr>\n<tr>\n<th>                <span class=\"row-header-label\">                                            Velikost desky<span class=\"row-header-label-colon\">:<\/span>                                    <\/span>            <\/th>\n<td>                                                            60&#215;45 cm                                                <\/td>\n<\/tr>\n<\/tbody>\n<\/table><\/div>\n<\/p><\/div>\n<\/p><\/div>\n","protected":false},"excerpt":{"rendered":"<p>Detailn\u00ed popis produktu ARTISS ochrann\u00fd obal na st\u016fl mal\u00fd 60 x 45 Dopl\u0148kov\u00e9 parametry Kategorie: Zahradn\u00ed stoly EAN: 5901592604391 Barva: \u010dern\u00e1 Dostupnost: Dod\u00e1me za 1-2 t\u00fddny Velikost desky: 60&#215;45 cm<\/p>\n","protected":false},"featured_media":7476,"comment_status":"open","ping_status":"open","template":"","meta":[],"product_brand":[],"product_cat":[45],"product_tag":[],"class_list":{"0":"post-7376","1":"product","2":"type-product","3":"status-publish","4":"has-post-thumbnail","6":"product_cat-zahrada","8":"first","9":"instock","10":"sale","11":"shipping-taxable","12":"purchasable","13":"product-type-simple"},"yoast_head":"<!-- This site is optimized with the Yoast SEO plugin v26.8 - https:\/\/yoast.com\/product\/yoast-seo-wordpress\/ -->\n<title>Ov\u011b\u0159en\u00fd ARTISS ochrann\u00fd obal na st\u016fl mal\u00fd 60 x 45 -<\/title>\n<meta name=\"robots\" content=\"index, follow, max-snippet:-1, max-image-preview:large, max-video-preview:-1\" \/>\n<link rel=\"canonical\" href=\"https:\/\/www.stavexpro.com\/index.php\/produkt\/overeny-artiss-ochranny-obal-na-stul-maly-60-x-45-7376\/\" \/>\n<meta property=\"og:locale\" content=\"cs_CZ\" \/>\n<meta property=\"og:type\" content=\"article\" \/>\n<meta property=\"og:title\" content=\"Ov\u011b\u0159en\u00fd ARTISS ochrann\u00fd obal na st\u016fl mal\u00fd 60 x 45 -\" \/>\n<meta property=\"og:description\" content=\"Detailn\u00ed popis produktu ARTISS ochrann\u00fd obal na st\u016fl mal\u00fd 60 x 45 Dopl\u0148kov\u00e9 parametry Kategorie: Zahradn\u00ed stoly EAN: 5901592604391 Barva: \u010dern\u00e1 Dostupnost: Dod\u00e1me za 1-2 t\u00fddny Velikost desky: 60&#215;45 cm\" \/>\n<meta property=\"og:url\" content=\"https:\/\/www.stavexpro.com\/index.php\/produkt\/overeny-artiss-ochranny-obal-na-stul-maly-60-x-45-7376\/\" \/>\n<meta property=\"og:image\" content=\"https:\/\/www.stavexpro.com\/wp-content\/uploads\/2026\/SK0001371-CZ20260425-091701-0-1777079823-83119-2_getimage-ashx-id-artiss-obal-g1-g2-g6-g7.webp\" \/>\n\t<meta property=\"og:image:width\" content=\"800\" \/>\n\t<meta property=\"og:image:height\" content=\"800\" \/>\n\t<meta property=\"og:image:type\" content=\"image\/webp\" \/>\n<meta name=\"twitter:card\" content=\"summary_large_image\" \/>\n<script type=\"application\/ld+json\" class=\"yoast-schema-graph\">{\"@context\":\"https:\/\/schema.org\",\"@graph\":[{\"@type\":\"WebPage\",\"@id\":\"https:\/\/www.stavexpro.com\/index.php\/produkt\/overeny-artiss-ochranny-obal-na-stul-maly-60-x-45-7376\/\",\"url\":\"https:\/\/www.stavexpro.com\/index.php\/produkt\/overeny-artiss-ochranny-obal-na-stul-maly-60-x-45-7376\/\",\"name\":\"Ov\u011b\u0159en\u00fd ARTISS ochrann\u00fd obal na st\u016fl mal\u00fd 60 x 45 -\",\"isPartOf\":{\"@id\":\"https:\/\/www.stavexpro.com\/#website\"},\"primaryImageOfPage\":{\"@id\":\"https:\/\/www.stavexpro.com\/index.php\/produkt\/overeny-artiss-ochranny-obal-na-stul-maly-60-x-45-7376\/#primaryimage\"},\"image\":{\"@id\":\"https:\/\/www.stavexpro.com\/index.php\/produkt\/overeny-artiss-ochranny-obal-na-stul-maly-60-x-45-7376\/#primaryimage\"},\"thumbnailUrl\":\"https:\/\/www.stavexpro.com\/wp-content\/uploads\/2026\/SK0001371-CZ20260425-091701-0-1777079823-83119-2_getimage-ashx-id-artiss-obal-g1-g2-g6-g7.webp\",\"datePublished\":\"2026-04-26T08:52:14+00:00\",\"breadcrumb\":{\"@id\":\"https:\/\/www.stavexpro.com\/index.php\/produkt\/overeny-artiss-ochranny-obal-na-stul-maly-60-x-45-7376\/#breadcrumb\"},\"inLanguage\":\"cs\",\"potentialAction\":[{\"@type\":\"ReadAction\",\"target\":[\"https:\/\/www.stavexpro.com\/index.php\/produkt\/overeny-artiss-ochranny-obal-na-stul-maly-60-x-45-7376\/\"]}]},{\"@type\":\"ImageObject\",\"inLanguage\":\"cs\",\"@id\":\"https:\/\/www.stavexpro.com\/index.php\/produkt\/overeny-artiss-ochranny-obal-na-stul-maly-60-x-45-7376\/#primaryimage\",\"url\":\"https:\/\/www.stavexpro.com\/wp-content\/uploads\/2026\/SK0001371-CZ20260425-091701-0-1777079823-83119-2_getimage-ashx-id-artiss-obal-g1-g2-g6-g7.webp\",\"contentUrl\":\"https:\/\/www.stavexpro.com\/wp-content\/uploads\/2026\/SK0001371-CZ20260425-091701-0-1777079823-83119-2_getimage-ashx-id-artiss-obal-g1-g2-g6-g7.webp\",\"width\":800,\"height\":800},{\"@type\":\"BreadcrumbList\",\"@id\":\"https:\/\/www.stavexpro.com\/index.php\/produkt\/overeny-artiss-ochranny-obal-na-stul-maly-60-x-45-7376\/#breadcrumb\",\"itemListElement\":[{\"@type\":\"ListItem\",\"position\":1,\"name\":\"Home\",\"item\":\"https:\/\/www.stavexpro.com\/\"},{\"@type\":\"ListItem\",\"position\":2,\"name\":\"Products\",\"item\":\"https:\/\/www.stavexpro.com\/index.php\/products\/\"},{\"@type\":\"ListItem\",\"position\":3,\"name\":\"Ov\u011b\u0159en\u00fd ARTISS ochrann\u00fd obal na st\u016fl mal\u00fd 60 x 45\"}]},{\"@type\":\"WebSite\",\"@id\":\"https:\/\/www.stavexpro.com\/#website\",\"url\":\"https:\/\/www.stavexpro.com\/\",\"name\":\"\",\"description\":\"\",\"potentialAction\":[{\"@type\":\"SearchAction\",\"target\":{\"@type\":\"EntryPoint\",\"urlTemplate\":\"https:\/\/www.stavexpro.com\/?s={search_term_string}\"},\"query-input\":{\"@type\":\"PropertyValueSpecification\",\"valueRequired\":true,\"valueName\":\"search_term_string\"}}],\"inLanguage\":\"cs\"}]}<\/script>\n<!-- \/ Yoast SEO plugin. -->","yoast_head_json":{"title":"Ov\u011b\u0159en\u00fd ARTISS ochrann\u00fd obal na st\u016fl mal\u00fd 60 x 45 -","robots":{"index":"index","follow":"follow","max-snippet":"max-snippet:-1","max-image-preview":"max-image-preview:large","max-video-preview":"max-video-preview:-1"},"canonical":"https:\/\/www.stavexpro.com\/index.php\/produkt\/overeny-artiss-ochranny-obal-na-stul-maly-60-x-45-7376\/","og_locale":"cs_CZ","og_type":"article","og_title":"Ov\u011b\u0159en\u00fd ARTISS ochrann\u00fd obal na st\u016fl mal\u00fd 60 x 45 -","og_description":"Detailn\u00ed popis produktu ARTISS ochrann\u00fd obal na st\u016fl mal\u00fd 60 x 45 Dopl\u0148kov\u00e9 parametry Kategorie: Zahradn\u00ed stoly EAN: 5901592604391 Barva: \u010dern\u00e1 Dostupnost: Dod\u00e1me za 1-2 t\u00fddny Velikost desky: 60&#215;45 cm","og_url":"https:\/\/www.stavexpro.com\/index.php\/produkt\/overeny-artiss-ochranny-obal-na-stul-maly-60-x-45-7376\/","og_image":[{"width":800,"height":800,"url":"https:\/\/www.stavexpro.com\/wp-content\/uploads\/2026\/SK0001371-CZ20260425-091701-0-1777079823-83119-2_getimage-ashx-id-artiss-obal-g1-g2-g6-g7.webp","type":"image\/webp"}],"twitter_card":"summary_large_image","schema":{"@context":"https:\/\/schema.org","@graph":[{"@type":"WebPage","@id":"https:\/\/www.stavexpro.com\/index.php\/produkt\/overeny-artiss-ochranny-obal-na-stul-maly-60-x-45-7376\/","url":"https:\/\/www.stavexpro.com\/index.php\/produkt\/overeny-artiss-ochranny-obal-na-stul-maly-60-x-45-7376\/","name":"Ov\u011b\u0159en\u00fd ARTISS ochrann\u00fd obal na st\u016fl mal\u00fd 60 x 45 -","isPartOf":{"@id":"https:\/\/www.stavexpro.com\/#website"},"primaryImageOfPage":{"@id":"https:\/\/www.stavexpro.com\/index.php\/produkt\/overeny-artiss-ochranny-obal-na-stul-maly-60-x-45-7376\/#primaryimage"},"image":{"@id":"https:\/\/www.stavexpro.com\/index.php\/produkt\/overeny-artiss-ochranny-obal-na-stul-maly-60-x-45-7376\/#primaryimage"},"thumbnailUrl":"https:\/\/www.stavexpro.com\/wp-content\/uploads\/2026\/SK0001371-CZ20260425-091701-0-1777079823-83119-2_getimage-ashx-id-artiss-obal-g1-g2-g6-g7.webp","datePublished":"2026-04-26T08:52:14+00:00","breadcrumb":{"@id":"https:\/\/www.stavexpro.com\/index.php\/produkt\/overeny-artiss-ochranny-obal-na-stul-maly-60-x-45-7376\/#breadcrumb"},"inLanguage":"cs","potentialAction":[{"@type":"ReadAction","target":["https:\/\/www.stavexpro.com\/index.php\/produkt\/overeny-artiss-ochranny-obal-na-stul-maly-60-x-45-7376\/"]}]},{"@type":"ImageObject","inLanguage":"cs","@id":"https:\/\/www.stavexpro.com\/index.php\/produkt\/overeny-artiss-ochranny-obal-na-stul-maly-60-x-45-7376\/#primaryimage","url":"https:\/\/www.stavexpro.com\/wp-content\/uploads\/2026\/SK0001371-CZ20260425-091701-0-1777079823-83119-2_getimage-ashx-id-artiss-obal-g1-g2-g6-g7.webp","contentUrl":"https:\/\/www.stavexpro.com\/wp-content\/uploads\/2026\/SK0001371-CZ20260425-091701-0-1777079823-83119-2_getimage-ashx-id-artiss-obal-g1-g2-g6-g7.webp","width":800,"height":800},{"@type":"BreadcrumbList","@id":"https:\/\/www.stavexpro.com\/index.php\/produkt\/overeny-artiss-ochranny-obal-na-stul-maly-60-x-45-7376\/#breadcrumb","itemListElement":[{"@type":"ListItem","position":1,"name":"Home","item":"https:\/\/www.stavexpro.com\/"},{"@type":"ListItem","position":2,"name":"Products","item":"https:\/\/www.stavexpro.com\/index.php\/products\/"},{"@type":"ListItem","position":3,"name":"Ov\u011b\u0159en\u00fd ARTISS ochrann\u00fd obal na st\u016fl mal\u00fd 60 x 45"}]},{"@type":"WebSite","@id":"https:\/\/www.stavexpro.com\/#website","url":"https:\/\/www.stavexpro.com\/","name":"","description":"","potentialAction":[{"@type":"SearchAction","target":{"@type":"EntryPoint","urlTemplate":"https:\/\/www.stavexpro.com\/?s={search_term_string}"},"query-input":{"@type":"PropertyValueSpecification","valueRequired":true,"valueName":"search_term_string"}}],"inLanguage":"cs"}]}},"_links":{"self":[{"href":"https:\/\/www.stavexpro.com\/wp-json\/wp\/v2\/product\/7376","targetHints":{"allow":["GET"]}}],"collection":[{"href":"https:\/\/www.stavexpro.com\/wp-json\/wp\/v2\/product"}],"about":[{"href":"https:\/\/www.stavexpro.com\/wp-json\/wp\/v2\/types\/product"}],"replies":[{"embeddable":true,"href":"https:\/\/www.stavexpro.com\/wp-json\/wp\/v2\/comments?post=7376"}],"wp:featuredmedia":[{"embeddable":true,"href":"https:\/\/www.stavexpro.com\/wp-json\/wp\/v2\/media\/7476"}],"wp:attachment":[{"href":"https:\/\/www.stavexpro.com\/wp-json\/wp\/v2\/media?parent=7376"}],"wp:term":[{"taxonomy":"product_brand","embeddable":true,"href":"https:\/\/www.stavexpro.com\/wp-json\/wp\/v2\/product_brand?post=7376"},{"taxonomy":"product_cat","embeddable":true,"href":"https:\/\/www.stavexpro.com\/wp-json\/wp\/v2\/product_cat?post=7376"},{"taxonomy":"product_tag","embeddable":true,"href":"https:\/\/www.stavexpro.com\/wp-json\/wp\/v2\/product_tag?post=7376"}],"curies":[{"name":"wp","href":"https:\/\/api.w.org\/{rel}","templated":true}]}}