{"id":7386,"date":"2026-04-26T08:52:14","date_gmt":"2026-04-26T08:52:14","guid":{"rendered":""},"modified":"2026-04-26T08:52:14","modified_gmt":"2026-04-26T08:52:14","slug":"odeslani-ihned-artiss-stolicka-grafit-50-x-40-x-46-cm-7386","status":"publish","type":"product","link":"https:\/\/www.stavexpro.com\/produkt\/odeslani-ihned-artiss-stolicka-grafit-50-x-40-x-46-cm-7386\/","title":{"rendered":"Odesl\u00e1n\u00ed Ihned ARTISS Stoli\u010dka Grafit 50 x 40 x 46 cm"},"content":{"rendered":"<h3>Detailn\u00ed popis produktu<\/h3>\n<p>                                    <STRONG>ARTISS Stoli\u010dka Grafit 50 x 40 x 46 cm<\/STRONG>                            <\/div>\n<div class=\"extended-description\">\n<h3>Dopl\u0148kov\u00e9 parametry<\/h3>\n<table class=\"detail-parameters\">\n<tbody>\n<tr>\n<th>        <span class=\"row-header-label\">            Kategorie<span class=\"row-header-label-colon\">:<\/span>        <\/span>    <\/th>\n<td>        Sedac\u00ed soupravy    <\/td>\n<\/tr>\n<tr class=\"productEan\">\n<th>          <span class=\"row-header-label productEan__label\">              EAN<span class=\"row-header-label-colon\">:<\/span>          <\/span>      <\/th>\n<td>          <span class=\"productEan__value\">5901592605916<\/span>      <\/td>\n<\/tr>\n<tr>\n<th>                <span class=\"row-header-label\">                                            Barva<span class=\"row-header-label-colon\">:<\/span>                                    <\/span>            <\/th>\n<td>                                                            Grafit                                                <\/td>\n<\/tr>\n<tr>\n<th>                <span class=\"row-header-label\">                                            Typ<span class=\"row-header-label-colon\">:<\/span>                                    <\/span>            <\/th>\n<td>                                                            Stoli\u010dka                                                <\/td>\n<\/tr>\n<tr>\n<th>                <span class=\"row-header-label\">                                            Dostupnost<span class=\"row-header-label-colon\">:<\/span>                                    <\/span>            <\/th>\n<td>                                                            Dod\u00e1me za 1-2 t\u00fddny                                                <\/td>\n<\/tr>\n<tr>\n<th>                <span class=\"row-header-label\">                                            Po\u010det kus\u016f<span class=\"row-header-label-colon\">:<\/span>                                    <\/span>            <\/th>\n<td>                                                            1 ks                                                <\/td>\n<\/tr>\n<tr>\n<th>                <span class=\"row-header-label\">                                                                        Barva<span class=\"row-header-label-colon\">:<\/span>                                                            <\/span>            <\/th>\n<td>Corten<\/td>\n<\/tr>\n<tr>\n<th>                <span class=\"row-header-label\">                                                                        Deska<span class=\"row-header-label-colon\">:<\/span>                                                            <\/span>            <\/th>\n<td>Uhl\u00edkov\u00e1 ocel<\/td>\n<\/tr>\n<\/tbody>\n<\/table><\/div>\n<\/p><\/div>\n<\/p><\/div>\n","protected":false},"excerpt":{"rendered":"<p>Detailn\u00ed popis produktu ARTISS Stoli\u010dka Grafit 50 x 40 x 46 cm Dopl\u0148kov\u00e9 parametry Kategorie: Sedac\u00ed soupravy EAN: 5901592605916 Barva: Grafit Typ: Stoli\u010dka Dostupnost: Dod\u00e1me za 1-2 t\u00fddny Po\u010det kus\u016f: 1 ks Barva: Corten Deska: Uhl\u00edkov\u00e1 ocel<\/p>\n","protected":false},"featured_media":7486,"comment_status":"open","ping_status":"open","template":"","meta":[],"product_brand":[],"product_cat":[45],"product_tag":[],"class_list":{"0":"post-7386","1":"product","2":"type-product","3":"status-publish","4":"has-post-thumbnail","6":"product_cat-zahrada","8":"first","9":"instock","10":"sale","11":"shipping-taxable","12":"purchasable","13":"product-type-simple"},"yoast_head":"<!-- This site is optimized with the Yoast SEO plugin v26.8 - https:\/\/yoast.com\/product\/yoast-seo-wordpress\/ -->\n<title>Odesl\u00e1n\u00ed Ihned ARTISS Stoli\u010dka Grafit 50 x 40 x 46 cm -<\/title>\n<meta name=\"robots\" content=\"index, follow, max-snippet:-1, max-image-preview:large, max-video-preview:-1\" \/>\n<link rel=\"canonical\" href=\"https:\/\/www.stavexpro.com\/index.php\/produkt\/odeslani-ihned-artiss-stolicka-grafit-50-x-40-x-46-cm-7386\/\" \/>\n<meta property=\"og:locale\" content=\"cs_CZ\" \/>\n<meta property=\"og:type\" content=\"article\" \/>\n<meta property=\"og:title\" content=\"Odesl\u00e1n\u00ed Ihned ARTISS Stoli\u010dka Grafit 50 x 40 x 46 cm -\" \/>\n<meta property=\"og:description\" content=\"Detailn\u00ed popis produktu ARTISS Stoli\u010dka Grafit 50 x 40 x 46 cm Dopl\u0148kov\u00e9 parametry Kategorie: Sedac\u00ed soupravy EAN: 5901592605916 Barva: Grafit Typ: Stoli\u010dka Dostupnost: Dod\u00e1me za 1-2 t\u00fddny Po\u010det kus\u016f: 1 ks Barva: Corten Deska: Uhl\u00edkov\u00e1 ocel\" \/>\n<meta property=\"og:url\" content=\"https:\/\/www.stavexpro.com\/index.php\/produkt\/odeslani-ihned-artiss-stolicka-grafit-50-x-40-x-46-cm-7386\/\" \/>\n<meta property=\"og:image\" content=\"https:\/\/www.stavexpro.com\/wp-content\/uploads\/2026\/SK0001430-CZ20260425-091701-0-1777079823-83311-1_getimage-ashx-id-artiss-stolicka-grafit.webp\" \/>\n\t<meta property=\"og:image:width\" content=\"800\" \/>\n\t<meta property=\"og:image:height\" content=\"800\" \/>\n\t<meta property=\"og:image:type\" content=\"image\/webp\" \/>\n<meta name=\"twitter:card\" content=\"summary_large_image\" \/>\n<script type=\"application\/ld+json\" class=\"yoast-schema-graph\">{\"@context\":\"https:\/\/schema.org\",\"@graph\":[{\"@type\":\"WebPage\",\"@id\":\"https:\/\/www.stavexpro.com\/index.php\/produkt\/odeslani-ihned-artiss-stolicka-grafit-50-x-40-x-46-cm-7386\/\",\"url\":\"https:\/\/www.stavexpro.com\/index.php\/produkt\/odeslani-ihned-artiss-stolicka-grafit-50-x-40-x-46-cm-7386\/\",\"name\":\"Odesl\u00e1n\u00ed Ihned ARTISS Stoli\u010dka Grafit 50 x 40 x 46 cm -\",\"isPartOf\":{\"@id\":\"https:\/\/www.stavexpro.com\/#website\"},\"primaryImageOfPage\":{\"@id\":\"https:\/\/www.stavexpro.com\/index.php\/produkt\/odeslani-ihned-artiss-stolicka-grafit-50-x-40-x-46-cm-7386\/#primaryimage\"},\"image\":{\"@id\":\"https:\/\/www.stavexpro.com\/index.php\/produkt\/odeslani-ihned-artiss-stolicka-grafit-50-x-40-x-46-cm-7386\/#primaryimage\"},\"thumbnailUrl\":\"https:\/\/www.stavexpro.com\/wp-content\/uploads\/2026\/SK0001430-CZ20260425-091701-0-1777079823-83311-1_getimage-ashx-id-artiss-stolicka-grafit.webp\",\"datePublished\":\"2026-04-26T08:52:14+00:00\",\"breadcrumb\":{\"@id\":\"https:\/\/www.stavexpro.com\/index.php\/produkt\/odeslani-ihned-artiss-stolicka-grafit-50-x-40-x-46-cm-7386\/#breadcrumb\"},\"inLanguage\":\"cs\",\"potentialAction\":[{\"@type\":\"ReadAction\",\"target\":[\"https:\/\/www.stavexpro.com\/index.php\/produkt\/odeslani-ihned-artiss-stolicka-grafit-50-x-40-x-46-cm-7386\/\"]}]},{\"@type\":\"ImageObject\",\"inLanguage\":\"cs\",\"@id\":\"https:\/\/www.stavexpro.com\/index.php\/produkt\/odeslani-ihned-artiss-stolicka-grafit-50-x-40-x-46-cm-7386\/#primaryimage\",\"url\":\"https:\/\/www.stavexpro.com\/wp-content\/uploads\/2026\/SK0001430-CZ20260425-091701-0-1777079823-83311-1_getimage-ashx-id-artiss-stolicka-grafit.webp\",\"contentUrl\":\"https:\/\/www.stavexpro.com\/wp-content\/uploads\/2026\/SK0001430-CZ20260425-091701-0-1777079823-83311-1_getimage-ashx-id-artiss-stolicka-grafit.webp\",\"width\":800,\"height\":800},{\"@type\":\"BreadcrumbList\",\"@id\":\"https:\/\/www.stavexpro.com\/index.php\/produkt\/odeslani-ihned-artiss-stolicka-grafit-50-x-40-x-46-cm-7386\/#breadcrumb\",\"itemListElement\":[{\"@type\":\"ListItem\",\"position\":1,\"name\":\"Home\",\"item\":\"https:\/\/www.stavexpro.com\/\"},{\"@type\":\"ListItem\",\"position\":2,\"name\":\"Products\",\"item\":\"https:\/\/www.stavexpro.com\/index.php\/products\/\"},{\"@type\":\"ListItem\",\"position\":3,\"name\":\"Odesl\u00e1n\u00ed Ihned ARTISS Stoli\u010dka Grafit 50 x 40 x 46 cm\"}]},{\"@type\":\"WebSite\",\"@id\":\"https:\/\/www.stavexpro.com\/#website\",\"url\":\"https:\/\/www.stavexpro.com\/\",\"name\":\"\",\"description\":\"\",\"potentialAction\":[{\"@type\":\"SearchAction\",\"target\":{\"@type\":\"EntryPoint\",\"urlTemplate\":\"https:\/\/www.stavexpro.com\/?s={search_term_string}\"},\"query-input\":{\"@type\":\"PropertyValueSpecification\",\"valueRequired\":true,\"valueName\":\"search_term_string\"}}],\"inLanguage\":\"cs\"}]}<\/script>\n<!-- \/ Yoast SEO plugin. -->","yoast_head_json":{"title":"Odesl\u00e1n\u00ed Ihned ARTISS Stoli\u010dka Grafit 50 x 40 x 46 cm -","robots":{"index":"index","follow":"follow","max-snippet":"max-snippet:-1","max-image-preview":"max-image-preview:large","max-video-preview":"max-video-preview:-1"},"canonical":"https:\/\/www.stavexpro.com\/index.php\/produkt\/odeslani-ihned-artiss-stolicka-grafit-50-x-40-x-46-cm-7386\/","og_locale":"cs_CZ","og_type":"article","og_title":"Odesl\u00e1n\u00ed Ihned ARTISS Stoli\u010dka Grafit 50 x 40 x 46 cm -","og_description":"Detailn\u00ed popis produktu ARTISS Stoli\u010dka Grafit 50 x 40 x 46 cm Dopl\u0148kov\u00e9 parametry Kategorie: Sedac\u00ed soupravy EAN: 5901592605916 Barva: Grafit Typ: Stoli\u010dka Dostupnost: Dod\u00e1me za 1-2 t\u00fddny Po\u010det kus\u016f: 1 ks Barva: Corten Deska: Uhl\u00edkov\u00e1 ocel","og_url":"https:\/\/www.stavexpro.com\/index.php\/produkt\/odeslani-ihned-artiss-stolicka-grafit-50-x-40-x-46-cm-7386\/","og_image":[{"width":800,"height":800,"url":"https:\/\/www.stavexpro.com\/wp-content\/uploads\/2026\/SK0001430-CZ20260425-091701-0-1777079823-83311-1_getimage-ashx-id-artiss-stolicka-grafit.webp","type":"image\/webp"}],"twitter_card":"summary_large_image","schema":{"@context":"https:\/\/schema.org","@graph":[{"@type":"WebPage","@id":"https:\/\/www.stavexpro.com\/index.php\/produkt\/odeslani-ihned-artiss-stolicka-grafit-50-x-40-x-46-cm-7386\/","url":"https:\/\/www.stavexpro.com\/index.php\/produkt\/odeslani-ihned-artiss-stolicka-grafit-50-x-40-x-46-cm-7386\/","name":"Odesl\u00e1n\u00ed Ihned ARTISS Stoli\u010dka Grafit 50 x 40 x 46 cm -","isPartOf":{"@id":"https:\/\/www.stavexpro.com\/#website"},"primaryImageOfPage":{"@id":"https:\/\/www.stavexpro.com\/index.php\/produkt\/odeslani-ihned-artiss-stolicka-grafit-50-x-40-x-46-cm-7386\/#primaryimage"},"image":{"@id":"https:\/\/www.stavexpro.com\/index.php\/produkt\/odeslani-ihned-artiss-stolicka-grafit-50-x-40-x-46-cm-7386\/#primaryimage"},"thumbnailUrl":"https:\/\/www.stavexpro.com\/wp-content\/uploads\/2026\/SK0001430-CZ20260425-091701-0-1777079823-83311-1_getimage-ashx-id-artiss-stolicka-grafit.webp","datePublished":"2026-04-26T08:52:14+00:00","breadcrumb":{"@id":"https:\/\/www.stavexpro.com\/index.php\/produkt\/odeslani-ihned-artiss-stolicka-grafit-50-x-40-x-46-cm-7386\/#breadcrumb"},"inLanguage":"cs","potentialAction":[{"@type":"ReadAction","target":["https:\/\/www.stavexpro.com\/index.php\/produkt\/odeslani-ihned-artiss-stolicka-grafit-50-x-40-x-46-cm-7386\/"]}]},{"@type":"ImageObject","inLanguage":"cs","@id":"https:\/\/www.stavexpro.com\/index.php\/produkt\/odeslani-ihned-artiss-stolicka-grafit-50-x-40-x-46-cm-7386\/#primaryimage","url":"https:\/\/www.stavexpro.com\/wp-content\/uploads\/2026\/SK0001430-CZ20260425-091701-0-1777079823-83311-1_getimage-ashx-id-artiss-stolicka-grafit.webp","contentUrl":"https:\/\/www.stavexpro.com\/wp-content\/uploads\/2026\/SK0001430-CZ20260425-091701-0-1777079823-83311-1_getimage-ashx-id-artiss-stolicka-grafit.webp","width":800,"height":800},{"@type":"BreadcrumbList","@id":"https:\/\/www.stavexpro.com\/index.php\/produkt\/odeslani-ihned-artiss-stolicka-grafit-50-x-40-x-46-cm-7386\/#breadcrumb","itemListElement":[{"@type":"ListItem","position":1,"name":"Home","item":"https:\/\/www.stavexpro.com\/"},{"@type":"ListItem","position":2,"name":"Products","item":"https:\/\/www.stavexpro.com\/index.php\/products\/"},{"@type":"ListItem","position":3,"name":"Odesl\u00e1n\u00ed Ihned ARTISS Stoli\u010dka Grafit 50 x 40 x 46 cm"}]},{"@type":"WebSite","@id":"https:\/\/www.stavexpro.com\/#website","url":"https:\/\/www.stavexpro.com\/","name":"","description":"","potentialAction":[{"@type":"SearchAction","target":{"@type":"EntryPoint","urlTemplate":"https:\/\/www.stavexpro.com\/?s={search_term_string}"},"query-input":{"@type":"PropertyValueSpecification","valueRequired":true,"valueName":"search_term_string"}}],"inLanguage":"cs"}]}},"_links":{"self":[{"href":"https:\/\/www.stavexpro.com\/wp-json\/wp\/v2\/product\/7386","targetHints":{"allow":["GET"]}}],"collection":[{"href":"https:\/\/www.stavexpro.com\/wp-json\/wp\/v2\/product"}],"about":[{"href":"https:\/\/www.stavexpro.com\/wp-json\/wp\/v2\/types\/product"}],"replies":[{"embeddable":true,"href":"https:\/\/www.stavexpro.com\/wp-json\/wp\/v2\/comments?post=7386"}],"wp:featuredmedia":[{"embeddable":true,"href":"https:\/\/www.stavexpro.com\/wp-json\/wp\/v2\/media\/7486"}],"wp:attachment":[{"href":"https:\/\/www.stavexpro.com\/wp-json\/wp\/v2\/media?parent=7386"}],"wp:term":[{"taxonomy":"product_brand","embeddable":true,"href":"https:\/\/www.stavexpro.com\/wp-json\/wp\/v2\/product_brand?post=7386"},{"taxonomy":"product_cat","embeddable":true,"href":"https:\/\/www.stavexpro.com\/wp-json\/wp\/v2\/product_cat?post=7386"},{"taxonomy":"product_tag","embeddable":true,"href":"https:\/\/www.stavexpro.com\/wp-json\/wp\/v2\/product_tag?post=7386"}],"curies":[{"name":"wp","href":"https:\/\/api.w.org\/{rel}","templated":true}]}}