{"id":7958,"date":"2026-04-26T08:52:21","date_gmt":"2026-04-26T08:52:21","guid":{"rendered":""},"modified":"2026-04-26T08:52:21","modified_gmt":"2026-04-26T08:52:21","slug":"4garden-akumulatorovy-krovinorez-2x20v-4v1-35cm-ak22multi-akce-akce-7958","status":"publish","type":"product","link":"https:\/\/www.stavexpro.com\/produkt\/4garden-akumulatorovy-krovinorez-2x20v-4v1-35cm-ak22multi-akce-akce-7958\/","title":{"rendered":"4GARDEN akumul\u00e1torov\u00fd k\u0159ovino\u0159ez 2x20V 4v1 35cm AK22MULTI &#8211; akce Akce"},"content":{"rendered":"<h3>Detailn\u00ed popis produktu<\/h3>\n<p>                                    <P><STRONG><FONT size=4>4GARDEN akumul\u00e1torov\u00fd k\u0159ovino\u0159ez 2x20V 4v1 35cm AK22MULTI<\/FONT><\/STRONG><\/P><P>Akumul\u00e1torov\u00fd k\u0159ovino\u0159ez 4 v 1 4garden AK22MULTI je velmi praktick\u00e9 za\u0159\u00edzen\u00ed, kter\u00e9 se v\u00e1m bude hodit <STRONG>p\u0159i mnoha zahradn\u00edch prac\u00edch<\/STRONG> a pom\u016f\u017ee v\u00e1m <STRONG>nejen s va\u0161\u00edm tr\u00e1vn\u00edkem<\/STRONG>.<\/P><UL><LI>V z\u00e1vislosti na pou\u017eit\u00e9m \u0159ezac\u00edm mechanismu se toto za\u0159\u00edzen\u00ed m\u016f\u017ee st\u00e1t <STRONG>k\u0159ovino\u0159ezem, motorovou pilou nebo plotost\u0159ihem<\/STRONG>.<\/LI><\/UL><P><STRONG>Pracovn\u00ed z\u00e1b\u011br k\u0159ovino\u0159ezu je 35 cm,&nbsp;plotost\u0159ihu 41 cm a motorov\u00e9 pily 25 cm<\/STRONG>.<\/P><UL><LI>Za\u0159\u00edzen\u00ed je nap\u00e1jeno motorem <STRONG>2x 20 V<\/STRONG> a <STRONG>bateri\u00ed 2,0 nebo 4,0 Ah<\/STRONG>, co\u017e poskytuje <STRONG>maxim\u00e1ln\u00ed dobu provozu 15 nebo 30 minut<\/STRONG>.<\/LI><\/UL><P><STRONG>Akumul\u00e1tor a nab\u00edje\u010dka jsou k dispozici samostatn\u011b.<\/STRONG><\/P><UL><LI><STRONG>Popruh na p\u0159en\u00e1\u0161en\u00ed a nastaviteln\u00e1 rukoje\u0165<\/STRONG> usnadn\u00ed u\u017eivateli pr\u00e1ci a ani dlouhodob\u00fd \u00fakol pro v\u00e1s nebude p\u0159edstavovat fyzick\u00fd probl\u00e9m.<\/LI><\/UL><P>Hmotnost cel\u00e9ho za\u0159\u00edzen\u00ed je pouze 4,4 kg, co\u017e m\u00e1 tak\u00e9 pozitivn\u00ed vliv na<STRONG> komfort pou\u017e\u00edv\u00e1n\u00ed<\/STRONG>.<\/P>                            <\/div>\n<div class=\"extended-description\">\n<h3>Dopl\u0148kov\u00e9 parametry<\/h3>\n<table class=\"detail-parameters\">\n<tbody>\n<tr>\n<th>        <span class=\"row-header-label\">            Kategorie<span class=\"row-header-label-colon\">:<\/span>        <\/span>    <\/th>\n<td>        \u0158et\u011bzov\u00e9 pily aku    <\/td>\n<\/tr>\n<tr class=\"productEan\">\n<th>          <span class=\"row-header-label productEan__label\">              EAN<span class=\"row-header-label-colon\">:<\/span>          <\/span>      <\/th>\n<td>          <span class=\"productEan__value\">5903357104306<\/span>      <\/td>\n<\/tr>\n<tr>\n<th>                <span class=\"row-header-label\">                                            Nap\u011bt\u00ed<span class=\"row-header-label-colon\">:<\/span>                                    <\/span>            <\/th>\n<td>                                                            20 V                                                <\/td>\n<\/tr>\n<tr>\n<th>                <span class=\"row-header-label\">                                            Antivibra\u010dn\u00ed syst\u00e9m<span class=\"row-header-label-colon\">:<\/span>                                    <\/span>            <\/th>\n<td>                                                            Ne                                                <\/td>\n<\/tr>\n<tr>\n<th>                <span class=\"row-header-label\">                                            Ot\u00e1\u010dky<span class=\"row-header-label-colon\">:<\/span>                                    <\/span>            <\/th>\n<td>                                                            5500 ot\/min                                                <\/td>\n<\/tr>\n<tr>\n<th>                <span class=\"row-header-label\">                                            Struna<span class=\"row-header-label-colon\">:<\/span>                                    <\/span>            <\/th>\n<td>                                                            1,6 mm                                                <\/td>\n<\/tr>\n<tr>\n<th>                <span class=\"row-header-label\">                                            Z\u00e1b\u011br no\u017ee<span class=\"row-header-label-colon\">:<\/span>                                    <\/span>            <\/th>\n<td>                                                            25,5 cm                                                <\/td>\n<\/tr>\n<tr>\n<th>                <span class=\"row-header-label\">                                            Z\u00e1b\u011br struny<span class=\"row-header-label-colon\">:<\/span>                                    <\/span>            <\/th>\n<td>                                                            35 cm                                                <\/td>\n<\/tr>\n<tr>\n<th>                <span class=\"row-header-label\">                                            Dostupnost<span class=\"row-header-label-colon\">:<\/span>                                    <\/span>            <\/th>\n<td>                                                            Skladem                                                <\/td>\n<\/tr>\n<tr>\n<th>                <span class=\"row-header-label\">                                            Doporu\u010den\u00e1 plocha tr\u00e1vn\u00edku<span class=\"row-header-label-colon\">:<\/span>                                    <\/span>            <\/th>\n<td>                                                            500 m2                                                <\/td>\n<\/tr>\n<tr>\n<th>                <span class=\"row-header-label\">                                            Typ strunov\u00e9 hlavy<span class=\"row-header-label-colon\">:<\/span>                                    <\/span>            <\/th>\n<td>                                                            Poloautomatick\u00e1                                                <\/td>\n<\/tr>\n<tr>\n<th>                <span class=\"row-header-label\">                                            Kapacita akumul\u00e1toru<span class=\"row-header-label-colon\">:<\/span>                                    <\/span>            <\/th>\n<td>                                                            2 nebo 4 Ah                                                <\/td>\n<\/tr>\n<tr>\n<th>                <span class=\"row-header-label\">                                            Po\u010det bateri\u00ed<span class=\"row-header-label-colon\">:<\/span>                                    <\/span>            <\/th>\n<td>                                                            0                                                <\/td>\n<\/tr>\n<\/tbody>\n<\/table><\/div>\n<\/p><\/div>\n<\/p><\/div>\n","protected":false},"excerpt":{"rendered":"<p>Detailn\u00ed popis produktu 4GARDEN akumul\u00e1torov\u00fd k\u0159ovino\u0159ez 2x20V 4v1 35cm AK22MULTIAkumul\u00e1torov\u00fd k\u0159ovino\u0159ez 4 v 1 4garden AK22MULTI je velmi praktick\u00e9 za\u0159\u00edzen\u00ed, kter\u00e9 se v\u00e1m bude hodit p\u0159i mnoha zahradn\u00edch prac\u00edch a pom\u016f\u017ee v\u00e1m nejen s va\u0161\u00edm tr\u00e1vn\u00edkem.V z\u00e1vislosti na pou\u017eit\u00e9m \u0159ezac\u00edm mechanismu se toto za\u0159\u00edzen\u00ed m\u016f\u017ee st\u00e1t k\u0159ovino\u0159ezem, motorovou pilou nebo plotost\u0159ihem.Pracovn\u00ed z\u00e1b\u011br k\u0159ovino\u0159ezu je 35 [&hellip;]<\/p>\n","protected":false},"featured_media":8058,"comment_status":"open","ping_status":"open","template":"","meta":[],"product_brand":[],"product_cat":[45],"product_tag":[],"class_list":{"0":"post-7958","1":"product","2":"type-product","3":"status-publish","4":"has-post-thumbnail","6":"product_cat-zahrada","8":"first","9":"instock","10":"sale","11":"shipping-taxable","12":"purchasable","13":"product-type-simple"},"yoast_head":"<!-- This site is optimized with the Yoast SEO plugin v26.8 - https:\/\/yoast.com\/product\/yoast-seo-wordpress\/ -->\n<title>4GARDEN akumul\u00e1torov\u00fd k\u0159ovino\u0159ez 2x20V 4v1 35cm AK22MULTI - akce Akce -<\/title>\n<meta name=\"robots\" content=\"index, follow, max-snippet:-1, max-image-preview:large, max-video-preview:-1\" \/>\n<link rel=\"canonical\" href=\"https:\/\/www.stavexpro.com\/index.php\/produkt\/4garden-akumulatorovy-krovinorez-2x20v-4v1-35cm-ak22multi-akce-akce-7958\/\" \/>\n<meta property=\"og:locale\" content=\"cs_CZ\" \/>\n<meta property=\"og:type\" content=\"article\" \/>\n<meta property=\"og:title\" content=\"4GARDEN akumul\u00e1torov\u00fd k\u0159ovino\u0159ez 2x20V 4v1 35cm AK22MULTI - akce Akce -\" \/>\n<meta property=\"og:description\" content=\"Detailn\u00ed popis produktu 4GARDEN akumul\u00e1torov\u00fd k\u0159ovino\u0159ez 2x20V 4v1 35cm AK22MULTIAkumul\u00e1torov\u00fd k\u0159ovino\u0159ez 4 v 1 4garden AK22MULTI je velmi praktick\u00e9 za\u0159\u00edzen\u00ed, kter\u00e9 se v\u00e1m bude hodit p\u0159i mnoha zahradn\u00edch prac\u00edch a pom\u016f\u017ee v\u00e1m nejen s va\u0161\u00edm tr\u00e1vn\u00edkem.V z\u00e1vislosti na pou\u017eit\u00e9m \u0159ezac\u00edm mechanismu se toto za\u0159\u00edzen\u00ed m\u016f\u017ee st\u00e1t k\u0159ovino\u0159ezem, motorovou pilou nebo plotost\u0159ihem.Pracovn\u00ed z\u00e1b\u011br k\u0159ovino\u0159ezu je 35 [&hellip;]\" \/>\n<meta property=\"og:url\" content=\"https:\/\/www.stavexpro.com\/index.php\/produkt\/4garden-akumulatorovy-krovinorez-2x20v-4v1-35cm-ak22multi-akce-akce-7958\/\" \/>\n<meta property=\"og:image\" content=\"https:\/\/www.stavexpro.com\/wp-content\/uploads\/2026\/SK0002022-CZ20260425-091701-0-1777079823-149661-13_getimage-ashx-id-krysiak-krovinorez-32039188.webp\" \/>\n\t<meta property=\"og:image:width\" content=\"800\" \/>\n\t<meta property=\"og:image:height\" content=\"800\" \/>\n\t<meta property=\"og:image:type\" content=\"image\/webp\" \/>\n<meta name=\"twitter:card\" content=\"summary_large_image\" \/>\n<meta name=\"twitter:label1\" content=\"Odhadovan\u00e1 doba \u010dten\u00ed\" \/>\n\t<meta name=\"twitter:data1\" content=\"1 minuta\" \/>\n<script type=\"application\/ld+json\" class=\"yoast-schema-graph\">{\"@context\":\"https:\/\/schema.org\",\"@graph\":[{\"@type\":\"WebPage\",\"@id\":\"https:\/\/www.stavexpro.com\/index.php\/produkt\/4garden-akumulatorovy-krovinorez-2x20v-4v1-35cm-ak22multi-akce-akce-7958\/\",\"url\":\"https:\/\/www.stavexpro.com\/index.php\/produkt\/4garden-akumulatorovy-krovinorez-2x20v-4v1-35cm-ak22multi-akce-akce-7958\/\",\"name\":\"4GARDEN akumul\u00e1torov\u00fd k\u0159ovino\u0159ez 2x20V 4v1 35cm AK22MULTI - akce Akce -\",\"isPartOf\":{\"@id\":\"https:\/\/www.stavexpro.com\/#website\"},\"primaryImageOfPage\":{\"@id\":\"https:\/\/www.stavexpro.com\/index.php\/produkt\/4garden-akumulatorovy-krovinorez-2x20v-4v1-35cm-ak22multi-akce-akce-7958\/#primaryimage\"},\"image\":{\"@id\":\"https:\/\/www.stavexpro.com\/index.php\/produkt\/4garden-akumulatorovy-krovinorez-2x20v-4v1-35cm-ak22multi-akce-akce-7958\/#primaryimage\"},\"thumbnailUrl\":\"https:\/\/www.stavexpro.com\/wp-content\/uploads\/2026\/SK0002022-CZ20260425-091701-0-1777079823-149661-13_getimage-ashx-id-krysiak-krovinorez-32039188.webp\",\"datePublished\":\"2026-04-26T08:52:21+00:00\",\"breadcrumb\":{\"@id\":\"https:\/\/www.stavexpro.com\/index.php\/produkt\/4garden-akumulatorovy-krovinorez-2x20v-4v1-35cm-ak22multi-akce-akce-7958\/#breadcrumb\"},\"inLanguage\":\"cs\",\"potentialAction\":[{\"@type\":\"ReadAction\",\"target\":[\"https:\/\/www.stavexpro.com\/index.php\/produkt\/4garden-akumulatorovy-krovinorez-2x20v-4v1-35cm-ak22multi-akce-akce-7958\/\"]}]},{\"@type\":\"ImageObject\",\"inLanguage\":\"cs\",\"@id\":\"https:\/\/www.stavexpro.com\/index.php\/produkt\/4garden-akumulatorovy-krovinorez-2x20v-4v1-35cm-ak22multi-akce-akce-7958\/#primaryimage\",\"url\":\"https:\/\/www.stavexpro.com\/wp-content\/uploads\/2026\/SK0002022-CZ20260425-091701-0-1777079823-149661-13_getimage-ashx-id-krysiak-krovinorez-32039188.webp\",\"contentUrl\":\"https:\/\/www.stavexpro.com\/wp-content\/uploads\/2026\/SK0002022-CZ20260425-091701-0-1777079823-149661-13_getimage-ashx-id-krysiak-krovinorez-32039188.webp\",\"width\":800,\"height\":800},{\"@type\":\"BreadcrumbList\",\"@id\":\"https:\/\/www.stavexpro.com\/index.php\/produkt\/4garden-akumulatorovy-krovinorez-2x20v-4v1-35cm-ak22multi-akce-akce-7958\/#breadcrumb\",\"itemListElement\":[{\"@type\":\"ListItem\",\"position\":1,\"name\":\"Home\",\"item\":\"https:\/\/www.stavexpro.com\/\"},{\"@type\":\"ListItem\",\"position\":2,\"name\":\"Products\",\"item\":\"https:\/\/www.stavexpro.com\/index.php\/products\/\"},{\"@type\":\"ListItem\",\"position\":3,\"name\":\"4GARDEN akumul\u00e1torov\u00fd k\u0159ovino\u0159ez 2x20V 4v1 35cm AK22MULTI &#8211; akce Akce\"}]},{\"@type\":\"WebSite\",\"@id\":\"https:\/\/www.stavexpro.com\/#website\",\"url\":\"https:\/\/www.stavexpro.com\/\",\"name\":\"\",\"description\":\"\",\"potentialAction\":[{\"@type\":\"SearchAction\",\"target\":{\"@type\":\"EntryPoint\",\"urlTemplate\":\"https:\/\/www.stavexpro.com\/?s={search_term_string}\"},\"query-input\":{\"@type\":\"PropertyValueSpecification\",\"valueRequired\":true,\"valueName\":\"search_term_string\"}}],\"inLanguage\":\"cs\"}]}<\/script>\n<!-- \/ Yoast SEO plugin. -->","yoast_head_json":{"title":"4GARDEN akumul\u00e1torov\u00fd k\u0159ovino\u0159ez 2x20V 4v1 35cm AK22MULTI - akce Akce -","robots":{"index":"index","follow":"follow","max-snippet":"max-snippet:-1","max-image-preview":"max-image-preview:large","max-video-preview":"max-video-preview:-1"},"canonical":"https:\/\/www.stavexpro.com\/index.php\/produkt\/4garden-akumulatorovy-krovinorez-2x20v-4v1-35cm-ak22multi-akce-akce-7958\/","og_locale":"cs_CZ","og_type":"article","og_title":"4GARDEN akumul\u00e1torov\u00fd k\u0159ovino\u0159ez 2x20V 4v1 35cm AK22MULTI - akce Akce -","og_description":"Detailn\u00ed popis produktu 4GARDEN akumul\u00e1torov\u00fd k\u0159ovino\u0159ez 2x20V 4v1 35cm AK22MULTIAkumul\u00e1torov\u00fd k\u0159ovino\u0159ez 4 v 1 4garden AK22MULTI je velmi praktick\u00e9 za\u0159\u00edzen\u00ed, kter\u00e9 se v\u00e1m bude hodit p\u0159i mnoha zahradn\u00edch prac\u00edch a pom\u016f\u017ee v\u00e1m nejen s va\u0161\u00edm tr\u00e1vn\u00edkem.V z\u00e1vislosti na pou\u017eit\u00e9m \u0159ezac\u00edm mechanismu se toto za\u0159\u00edzen\u00ed m\u016f\u017ee st\u00e1t k\u0159ovino\u0159ezem, motorovou pilou nebo plotost\u0159ihem.Pracovn\u00ed z\u00e1b\u011br k\u0159ovino\u0159ezu je 35 [&hellip;]","og_url":"https:\/\/www.stavexpro.com\/index.php\/produkt\/4garden-akumulatorovy-krovinorez-2x20v-4v1-35cm-ak22multi-akce-akce-7958\/","og_image":[{"width":800,"height":800,"url":"https:\/\/www.stavexpro.com\/wp-content\/uploads\/2026\/SK0002022-CZ20260425-091701-0-1777079823-149661-13_getimage-ashx-id-krysiak-krovinorez-32039188.webp","type":"image\/webp"}],"twitter_card":"summary_large_image","twitter_misc":{"Odhadovan\u00e1 doba \u010dten\u00ed":"1 minuta"},"schema":{"@context":"https:\/\/schema.org","@graph":[{"@type":"WebPage","@id":"https:\/\/www.stavexpro.com\/index.php\/produkt\/4garden-akumulatorovy-krovinorez-2x20v-4v1-35cm-ak22multi-akce-akce-7958\/","url":"https:\/\/www.stavexpro.com\/index.php\/produkt\/4garden-akumulatorovy-krovinorez-2x20v-4v1-35cm-ak22multi-akce-akce-7958\/","name":"4GARDEN akumul\u00e1torov\u00fd k\u0159ovino\u0159ez 2x20V 4v1 35cm AK22MULTI - akce Akce -","isPartOf":{"@id":"https:\/\/www.stavexpro.com\/#website"},"primaryImageOfPage":{"@id":"https:\/\/www.stavexpro.com\/index.php\/produkt\/4garden-akumulatorovy-krovinorez-2x20v-4v1-35cm-ak22multi-akce-akce-7958\/#primaryimage"},"image":{"@id":"https:\/\/www.stavexpro.com\/index.php\/produkt\/4garden-akumulatorovy-krovinorez-2x20v-4v1-35cm-ak22multi-akce-akce-7958\/#primaryimage"},"thumbnailUrl":"https:\/\/www.stavexpro.com\/wp-content\/uploads\/2026\/SK0002022-CZ20260425-091701-0-1777079823-149661-13_getimage-ashx-id-krysiak-krovinorez-32039188.webp","datePublished":"2026-04-26T08:52:21+00:00","breadcrumb":{"@id":"https:\/\/www.stavexpro.com\/index.php\/produkt\/4garden-akumulatorovy-krovinorez-2x20v-4v1-35cm-ak22multi-akce-akce-7958\/#breadcrumb"},"inLanguage":"cs","potentialAction":[{"@type":"ReadAction","target":["https:\/\/www.stavexpro.com\/index.php\/produkt\/4garden-akumulatorovy-krovinorez-2x20v-4v1-35cm-ak22multi-akce-akce-7958\/"]}]},{"@type":"ImageObject","inLanguage":"cs","@id":"https:\/\/www.stavexpro.com\/index.php\/produkt\/4garden-akumulatorovy-krovinorez-2x20v-4v1-35cm-ak22multi-akce-akce-7958\/#primaryimage","url":"https:\/\/www.stavexpro.com\/wp-content\/uploads\/2026\/SK0002022-CZ20260425-091701-0-1777079823-149661-13_getimage-ashx-id-krysiak-krovinorez-32039188.webp","contentUrl":"https:\/\/www.stavexpro.com\/wp-content\/uploads\/2026\/SK0002022-CZ20260425-091701-0-1777079823-149661-13_getimage-ashx-id-krysiak-krovinorez-32039188.webp","width":800,"height":800},{"@type":"BreadcrumbList","@id":"https:\/\/www.stavexpro.com\/index.php\/produkt\/4garden-akumulatorovy-krovinorez-2x20v-4v1-35cm-ak22multi-akce-akce-7958\/#breadcrumb","itemListElement":[{"@type":"ListItem","position":1,"name":"Home","item":"https:\/\/www.stavexpro.com\/"},{"@type":"ListItem","position":2,"name":"Products","item":"https:\/\/www.stavexpro.com\/index.php\/products\/"},{"@type":"ListItem","position":3,"name":"4GARDEN akumul\u00e1torov\u00fd k\u0159ovino\u0159ez 2x20V 4v1 35cm AK22MULTI &#8211; akce Akce"}]},{"@type":"WebSite","@id":"https:\/\/www.stavexpro.com\/#website","url":"https:\/\/www.stavexpro.com\/","name":"","description":"","potentialAction":[{"@type":"SearchAction","target":{"@type":"EntryPoint","urlTemplate":"https:\/\/www.stavexpro.com\/?s={search_term_string}"},"query-input":{"@type":"PropertyValueSpecification","valueRequired":true,"valueName":"search_term_string"}}],"inLanguage":"cs"}]}},"_links":{"self":[{"href":"https:\/\/www.stavexpro.com\/wp-json\/wp\/v2\/product\/7958","targetHints":{"allow":["GET"]}}],"collection":[{"href":"https:\/\/www.stavexpro.com\/wp-json\/wp\/v2\/product"}],"about":[{"href":"https:\/\/www.stavexpro.com\/wp-json\/wp\/v2\/types\/product"}],"replies":[{"embeddable":true,"href":"https:\/\/www.stavexpro.com\/wp-json\/wp\/v2\/comments?post=7958"}],"wp:featuredmedia":[{"embeddable":true,"href":"https:\/\/www.stavexpro.com\/wp-json\/wp\/v2\/media\/8058"}],"wp:attachment":[{"href":"https:\/\/www.stavexpro.com\/wp-json\/wp\/v2\/media?parent=7958"}],"wp:term":[{"taxonomy":"product_brand","embeddable":true,"href":"https:\/\/www.stavexpro.com\/wp-json\/wp\/v2\/product_brand?post=7958"},{"taxonomy":"product_cat","embeddable":true,"href":"https:\/\/www.stavexpro.com\/wp-json\/wp\/v2\/product_cat?post=7958"},{"taxonomy":"product_tag","embeddable":true,"href":"https:\/\/www.stavexpro.com\/wp-json\/wp\/v2\/product_tag?post=7958"}],"curies":[{"name":"wp","href":"https:\/\/api.w.org\/{rel}","templated":true}]}}