{"id":7980,"date":"2026-04-26T08:52:21","date_gmt":"2026-04-26T08:52:21","guid":{"rendered":""},"modified":"2026-04-26T08:52:21","modified_gmt":"2026-04-26T08:52:21","slug":"4garden-akumulatorovy-vyzinac-20v-24cm-apk23-dokud-zasoby-vydrzi-7980","status":"publish","type":"product","link":"https:\/\/www.stavexpro.com\/produkt\/4garden-akumulatorovy-vyzinac-20v-24cm-apk23-dokud-zasoby-vydrzi-7980\/","title":{"rendered":"4GARDEN akumul\u00e1torov\u00fd vy\u017e\u00edna\u010d 20V 24cm APK23 Dokud Z\u00e1soby Vydr\u017e\u00ed"},"content":{"rendered":"<h3>Detailn\u00ed popis produktu<\/h3>\n<p>                                    <P><STRONG><FONT size=4>4GARDEN akumul\u00e1torov\u00fd vy\u017e\u00edna\u010d 20V APK23<\/FONT><\/STRONG><\/P><P>Akumul\u00e1torov\u00fd vy\u017e\u00edna\u010d 4garden APK23 je za\u0159\u00edzen\u00ed ide\u00e1ln\u00ed pro sek\u00e1n\u00ed tr\u00e1vn\u00edku <STRONG>pod\u00e9l okraj\u016f tr\u00e1vn\u00edk\u016f nebo kv\u011btinov\u00fdch z\u00e1hon\u016f<\/STRONG>, tedy v\u0161ude tam, kde by sek\u00e1n\u00ed tr\u00e1vn\u00edku nebylo s b\u011b\u017enou seka\u010dkou tak pohodln\u00e9.<\/P><UL><LI>Tento model je vybaven <STRONG>20 V motorem<\/STRONG>.<\/LI><\/UL><P>Kapacita baterie m\u016f\u017ee b\u00fdt 2,0 nebo 4,0 Ah.<\/P><UL><LI><STRONG>Baterie a nab\u00edje\u010dka pro tento model jsou k dispozici samostatn\u011b.<\/STRONG><\/LI><\/UL><P><STRONG>Pracovn\u00ed z\u00e1b\u011br<\/STRONG> akumul\u00e1torov\u00e9ho vy\u017e\u00edna\u010de 4garden APK23 je <STRONG>24 cm<\/STRONG>.<\/P><UL><LI>Tento model m\u00e1 nav\u00edc p\u0159\u00eddavn\u00e9 \u0159ezn\u00e9 no\u017ee.<\/LI><\/UL><P>Tak\u00e9 hmotnost za\u0159\u00edzen\u00ed, kter\u00e1 je pouze 1,2 kg, znamen\u00e1, \u017ee jeho pou\u017eit\u00ed na va\u0161\u00ed dom\u00e1c\u00ed zahrad\u011b pro v\u00e1s bude velmi pohodln\u00e9.<\/P>                            <\/div>\n<div class=\"extended-description\">\n<h3>Dopl\u0148kov\u00e9 parametry<\/h3>\n<table class=\"detail-parameters\">\n<tbody>\n<tr>\n<th>        <span class=\"row-header-label\">            Kategorie<span class=\"row-header-label-colon\">:<\/span>        <\/span>    <\/th>\n<td>        Vy\u017e\u00edna\u010de aku    <\/td>\n<\/tr>\n<tr class=\"productEan\">\n<th>          <span class=\"row-header-label productEan__label\">              EAN<span class=\"row-header-label-colon\">:<\/span>          <\/span>      <\/th>\n<td>          <span class=\"productEan__value\">5903357108908<\/span>      <\/td>\n<\/tr>\n<tr>\n<th>                <span class=\"row-header-label\">                                            Nap\u011bt\u00ed<span class=\"row-header-label-colon\">:<\/span>                                    <\/span>            <\/th>\n<td>                                                            20 V                                                <\/td>\n<\/tr>\n<tr>\n<th>                <span class=\"row-header-label\">                                            Z\u00e1b\u011br struny<span class=\"row-header-label-colon\">:<\/span>                                    <\/span>            <\/th>\n<td>                                                            24 cm                                                <\/td>\n<\/tr>\n<tr>\n<th>                <span class=\"row-header-label\">                                            Hlu\u010dnost<span class=\"row-header-label-colon\">:<\/span>                                    <\/span>            <\/th>\n<td>                                                            90 dBA                                                <\/td>\n<\/tr>\n<tr>\n<th>                <span class=\"row-header-label\">                                            Dostupnost<span class=\"row-header-label-colon\">:<\/span>                                    <\/span>            <\/th>\n<td>                                                            Dod\u00e1me za 1-2 t\u00fddny                                                <\/td>\n<\/tr>\n<tr>\n<th>                <span class=\"row-header-label\">                                            \u0158ezn\u00fd prvek<span class=\"row-header-label-colon\">:<\/span>                                    <\/span>            <\/th>\n<td>                                                            No\u017ee                                                <\/td>\n<\/tr>\n<tr>\n<th>                <span class=\"row-header-label\">                                            Kapacita akumul\u00e1toru<span class=\"row-header-label-colon\">:<\/span>                                    <\/span>            <\/th>\n<td>                                                            2 nebo 4 Ah                                                <\/td>\n<\/tr>\n<tr>\n<th>                <span class=\"row-header-label\">                                            Po\u010det bateri\u00ed<span class=\"row-header-label-colon\">:<\/span>                                    <\/span>            <\/th>\n<td>                                                            0                                                <\/td>\n<\/tr>\n<tr>\n<th>                <span class=\"row-header-label\">                                            Teleskopick\u00e1 trubka<span class=\"row-header-label-colon\">:<\/span>                                    <\/span>            <\/th>\n<td>                                                            Ne                                                <\/td>\n<\/tr>\n<tr>\n<th>                <span class=\"row-header-label\">                                                                        Hlu\u010dnost<span class=\"row-header-label-colon\">:<\/span>                                                            <\/span>            <\/th>\n<td>90 dBA<\/td>\n<\/tr>\n<tr>\n<th>                <span class=\"row-header-label\">                                                                        Hmotnost<span class=\"row-header-label-colon\">:<\/span>                                                            <\/span>            <\/th>\n<td>1,6 kg<\/td>\n<\/tr>\n<tr>\n<th>                <span class=\"row-header-label\">                                                                        Typ rukojetiNastaviteln\u00fd \u00fahel hlavy<span class=\"row-header-label-colon\">:<\/span>                                                            <\/span>            <\/th>\n<td>Standardn\u00ed<\/td>\n<\/tr>\n<\/tbody>\n<\/table><\/div>\n<\/p><\/div>\n<\/p><\/div>\n","protected":false},"excerpt":{"rendered":"<p>Detailn\u00ed popis produktu 4GARDEN akumul\u00e1torov\u00fd vy\u017e\u00edna\u010d 20V APK23Akumul\u00e1torov\u00fd vy\u017e\u00edna\u010d 4garden APK23 je za\u0159\u00edzen\u00ed ide\u00e1ln\u00ed pro sek\u00e1n\u00ed tr\u00e1vn\u00edku pod\u00e9l okraj\u016f tr\u00e1vn\u00edk\u016f nebo kv\u011btinov\u00fdch z\u00e1hon\u016f, tedy v\u0161ude tam, kde by sek\u00e1n\u00ed tr\u00e1vn\u00edku nebylo s b\u011b\u017enou seka\u010dkou tak pohodln\u00e9.Tento model je vybaven 20 V motorem.Kapacita baterie m\u016f\u017ee b\u00fdt 2,0 nebo 4,0 Ah.Baterie a nab\u00edje\u010dka pro tento model jsou [&hellip;]<\/p>\n","protected":false},"featured_media":8080,"comment_status":"open","ping_status":"open","template":"","meta":[],"product_brand":[],"product_cat":[45],"product_tag":[],"class_list":{"0":"post-7980","1":"product","2":"type-product","3":"status-publish","4":"has-post-thumbnail","6":"product_cat-zahrada","8":"first","9":"instock","10":"sale","11":"shipping-taxable","12":"purchasable","13":"product-type-simple"},"yoast_head":"<!-- This site is optimized with the Yoast SEO plugin v26.8 - https:\/\/yoast.com\/product\/yoast-seo-wordpress\/ -->\n<title>4GARDEN akumul\u00e1torov\u00fd vy\u017e\u00edna\u010d 20V 24cm APK23 Dokud Z\u00e1soby Vydr\u017e\u00ed -<\/title>\n<meta name=\"robots\" content=\"index, follow, max-snippet:-1, max-image-preview:large, max-video-preview:-1\" \/>\n<link rel=\"canonical\" href=\"https:\/\/www.stavexpro.com\/index.php\/produkt\/4garden-akumulatorovy-vyzinac-20v-24cm-apk23-dokud-zasoby-vydrzi-7980\/\" \/>\n<meta property=\"og:locale\" content=\"cs_CZ\" \/>\n<meta property=\"og:type\" content=\"article\" \/>\n<meta property=\"og:title\" content=\"4GARDEN akumul\u00e1torov\u00fd vy\u017e\u00edna\u010d 20V 24cm APK23 Dokud Z\u00e1soby Vydr\u017e\u00ed -\" \/>\n<meta property=\"og:description\" content=\"Detailn\u00ed popis produktu 4GARDEN akumul\u00e1torov\u00fd vy\u017e\u00edna\u010d 20V APK23Akumul\u00e1torov\u00fd vy\u017e\u00edna\u010d 4garden APK23 je za\u0159\u00edzen\u00ed ide\u00e1ln\u00ed pro sek\u00e1n\u00ed tr\u00e1vn\u00edku pod\u00e9l okraj\u016f tr\u00e1vn\u00edk\u016f nebo kv\u011btinov\u00fdch z\u00e1hon\u016f, tedy v\u0161ude tam, kde by sek\u00e1n\u00ed tr\u00e1vn\u00edku nebylo s b\u011b\u017enou seka\u010dkou tak pohodln\u00e9.Tento model je vybaven 20 V motorem.Kapacita baterie m\u016f\u017ee b\u00fdt 2,0 nebo 4,0 Ah.Baterie a nab\u00edje\u010dka pro tento model jsou [&hellip;]\" \/>\n<meta property=\"og:url\" content=\"https:\/\/www.stavexpro.com\/index.php\/produkt\/4garden-akumulatorovy-vyzinac-20v-24cm-apk23-dokud-zasoby-vydrzi-7980\/\" \/>\n<meta property=\"og:image\" content=\"https:\/\/www.stavexpro.com\/wp-content\/uploads\/2026\/SK0002044-CZ20260425-091701-0-1777079823-149748-14_getimage-ashx-id-krysiak-vyzinac-32046752.webp\" \/>\n\t<meta property=\"og:image:width\" content=\"800\" \/>\n\t<meta property=\"og:image:height\" content=\"800\" \/>\n\t<meta property=\"og:image:type\" content=\"image\/webp\" \/>\n<meta name=\"twitter:card\" content=\"summary_large_image\" \/>\n<meta name=\"twitter:label1\" content=\"Odhadovan\u00e1 doba \u010dten\u00ed\" \/>\n\t<meta name=\"twitter:data1\" content=\"1 minuta\" \/>\n<script type=\"application\/ld+json\" class=\"yoast-schema-graph\">{\"@context\":\"https:\/\/schema.org\",\"@graph\":[{\"@type\":\"WebPage\",\"@id\":\"https:\/\/www.stavexpro.com\/index.php\/produkt\/4garden-akumulatorovy-vyzinac-20v-24cm-apk23-dokud-zasoby-vydrzi-7980\/\",\"url\":\"https:\/\/www.stavexpro.com\/index.php\/produkt\/4garden-akumulatorovy-vyzinac-20v-24cm-apk23-dokud-zasoby-vydrzi-7980\/\",\"name\":\"4GARDEN akumul\u00e1torov\u00fd vy\u017e\u00edna\u010d 20V 24cm APK23 Dokud Z\u00e1soby Vydr\u017e\u00ed -\",\"isPartOf\":{\"@id\":\"https:\/\/www.stavexpro.com\/#website\"},\"primaryImageOfPage\":{\"@id\":\"https:\/\/www.stavexpro.com\/index.php\/produkt\/4garden-akumulatorovy-vyzinac-20v-24cm-apk23-dokud-zasoby-vydrzi-7980\/#primaryimage\"},\"image\":{\"@id\":\"https:\/\/www.stavexpro.com\/index.php\/produkt\/4garden-akumulatorovy-vyzinac-20v-24cm-apk23-dokud-zasoby-vydrzi-7980\/#primaryimage\"},\"thumbnailUrl\":\"https:\/\/www.stavexpro.com\/wp-content\/uploads\/2026\/SK0002044-CZ20260425-091701-0-1777079823-149748-14_getimage-ashx-id-krysiak-vyzinac-32046752.webp\",\"datePublished\":\"2026-04-26T08:52:21+00:00\",\"breadcrumb\":{\"@id\":\"https:\/\/www.stavexpro.com\/index.php\/produkt\/4garden-akumulatorovy-vyzinac-20v-24cm-apk23-dokud-zasoby-vydrzi-7980\/#breadcrumb\"},\"inLanguage\":\"cs\",\"potentialAction\":[{\"@type\":\"ReadAction\",\"target\":[\"https:\/\/www.stavexpro.com\/index.php\/produkt\/4garden-akumulatorovy-vyzinac-20v-24cm-apk23-dokud-zasoby-vydrzi-7980\/\"]}]},{\"@type\":\"ImageObject\",\"inLanguage\":\"cs\",\"@id\":\"https:\/\/www.stavexpro.com\/index.php\/produkt\/4garden-akumulatorovy-vyzinac-20v-24cm-apk23-dokud-zasoby-vydrzi-7980\/#primaryimage\",\"url\":\"https:\/\/www.stavexpro.com\/wp-content\/uploads\/2026\/SK0002044-CZ20260425-091701-0-1777079823-149748-14_getimage-ashx-id-krysiak-vyzinac-32046752.webp\",\"contentUrl\":\"https:\/\/www.stavexpro.com\/wp-content\/uploads\/2026\/SK0002044-CZ20260425-091701-0-1777079823-149748-14_getimage-ashx-id-krysiak-vyzinac-32046752.webp\",\"width\":800,\"height\":800},{\"@type\":\"BreadcrumbList\",\"@id\":\"https:\/\/www.stavexpro.com\/index.php\/produkt\/4garden-akumulatorovy-vyzinac-20v-24cm-apk23-dokud-zasoby-vydrzi-7980\/#breadcrumb\",\"itemListElement\":[{\"@type\":\"ListItem\",\"position\":1,\"name\":\"Home\",\"item\":\"https:\/\/www.stavexpro.com\/\"},{\"@type\":\"ListItem\",\"position\":2,\"name\":\"Products\",\"item\":\"https:\/\/www.stavexpro.com\/index.php\/products\/\"},{\"@type\":\"ListItem\",\"position\":3,\"name\":\"4GARDEN akumul\u00e1torov\u00fd vy\u017e\u00edna\u010d 20V 24cm APK23 Dokud Z\u00e1soby Vydr\u017e\u00ed\"}]},{\"@type\":\"WebSite\",\"@id\":\"https:\/\/www.stavexpro.com\/#website\",\"url\":\"https:\/\/www.stavexpro.com\/\",\"name\":\"\",\"description\":\"\",\"potentialAction\":[{\"@type\":\"SearchAction\",\"target\":{\"@type\":\"EntryPoint\",\"urlTemplate\":\"https:\/\/www.stavexpro.com\/?s={search_term_string}\"},\"query-input\":{\"@type\":\"PropertyValueSpecification\",\"valueRequired\":true,\"valueName\":\"search_term_string\"}}],\"inLanguage\":\"cs\"}]}<\/script>\n<!-- \/ Yoast SEO plugin. -->","yoast_head_json":{"title":"4GARDEN akumul\u00e1torov\u00fd vy\u017e\u00edna\u010d 20V 24cm APK23 Dokud Z\u00e1soby Vydr\u017e\u00ed -","robots":{"index":"index","follow":"follow","max-snippet":"max-snippet:-1","max-image-preview":"max-image-preview:large","max-video-preview":"max-video-preview:-1"},"canonical":"https:\/\/www.stavexpro.com\/index.php\/produkt\/4garden-akumulatorovy-vyzinac-20v-24cm-apk23-dokud-zasoby-vydrzi-7980\/","og_locale":"cs_CZ","og_type":"article","og_title":"4GARDEN akumul\u00e1torov\u00fd vy\u017e\u00edna\u010d 20V 24cm APK23 Dokud Z\u00e1soby Vydr\u017e\u00ed -","og_description":"Detailn\u00ed popis produktu 4GARDEN akumul\u00e1torov\u00fd vy\u017e\u00edna\u010d 20V APK23Akumul\u00e1torov\u00fd vy\u017e\u00edna\u010d 4garden APK23 je za\u0159\u00edzen\u00ed ide\u00e1ln\u00ed pro sek\u00e1n\u00ed tr\u00e1vn\u00edku pod\u00e9l okraj\u016f tr\u00e1vn\u00edk\u016f nebo kv\u011btinov\u00fdch z\u00e1hon\u016f, tedy v\u0161ude tam, kde by sek\u00e1n\u00ed tr\u00e1vn\u00edku nebylo s b\u011b\u017enou seka\u010dkou tak pohodln\u00e9.Tento model je vybaven 20 V motorem.Kapacita baterie m\u016f\u017ee b\u00fdt 2,0 nebo 4,0 Ah.Baterie a nab\u00edje\u010dka pro tento model jsou [&hellip;]","og_url":"https:\/\/www.stavexpro.com\/index.php\/produkt\/4garden-akumulatorovy-vyzinac-20v-24cm-apk23-dokud-zasoby-vydrzi-7980\/","og_image":[{"width":800,"height":800,"url":"https:\/\/www.stavexpro.com\/wp-content\/uploads\/2026\/SK0002044-CZ20260425-091701-0-1777079823-149748-14_getimage-ashx-id-krysiak-vyzinac-32046752.webp","type":"image\/webp"}],"twitter_card":"summary_large_image","twitter_misc":{"Odhadovan\u00e1 doba \u010dten\u00ed":"1 minuta"},"schema":{"@context":"https:\/\/schema.org","@graph":[{"@type":"WebPage","@id":"https:\/\/www.stavexpro.com\/index.php\/produkt\/4garden-akumulatorovy-vyzinac-20v-24cm-apk23-dokud-zasoby-vydrzi-7980\/","url":"https:\/\/www.stavexpro.com\/index.php\/produkt\/4garden-akumulatorovy-vyzinac-20v-24cm-apk23-dokud-zasoby-vydrzi-7980\/","name":"4GARDEN akumul\u00e1torov\u00fd vy\u017e\u00edna\u010d 20V 24cm APK23 Dokud Z\u00e1soby Vydr\u017e\u00ed -","isPartOf":{"@id":"https:\/\/www.stavexpro.com\/#website"},"primaryImageOfPage":{"@id":"https:\/\/www.stavexpro.com\/index.php\/produkt\/4garden-akumulatorovy-vyzinac-20v-24cm-apk23-dokud-zasoby-vydrzi-7980\/#primaryimage"},"image":{"@id":"https:\/\/www.stavexpro.com\/index.php\/produkt\/4garden-akumulatorovy-vyzinac-20v-24cm-apk23-dokud-zasoby-vydrzi-7980\/#primaryimage"},"thumbnailUrl":"https:\/\/www.stavexpro.com\/wp-content\/uploads\/2026\/SK0002044-CZ20260425-091701-0-1777079823-149748-14_getimage-ashx-id-krysiak-vyzinac-32046752.webp","datePublished":"2026-04-26T08:52:21+00:00","breadcrumb":{"@id":"https:\/\/www.stavexpro.com\/index.php\/produkt\/4garden-akumulatorovy-vyzinac-20v-24cm-apk23-dokud-zasoby-vydrzi-7980\/#breadcrumb"},"inLanguage":"cs","potentialAction":[{"@type":"ReadAction","target":["https:\/\/www.stavexpro.com\/index.php\/produkt\/4garden-akumulatorovy-vyzinac-20v-24cm-apk23-dokud-zasoby-vydrzi-7980\/"]}]},{"@type":"ImageObject","inLanguage":"cs","@id":"https:\/\/www.stavexpro.com\/index.php\/produkt\/4garden-akumulatorovy-vyzinac-20v-24cm-apk23-dokud-zasoby-vydrzi-7980\/#primaryimage","url":"https:\/\/www.stavexpro.com\/wp-content\/uploads\/2026\/SK0002044-CZ20260425-091701-0-1777079823-149748-14_getimage-ashx-id-krysiak-vyzinac-32046752.webp","contentUrl":"https:\/\/www.stavexpro.com\/wp-content\/uploads\/2026\/SK0002044-CZ20260425-091701-0-1777079823-149748-14_getimage-ashx-id-krysiak-vyzinac-32046752.webp","width":800,"height":800},{"@type":"BreadcrumbList","@id":"https:\/\/www.stavexpro.com\/index.php\/produkt\/4garden-akumulatorovy-vyzinac-20v-24cm-apk23-dokud-zasoby-vydrzi-7980\/#breadcrumb","itemListElement":[{"@type":"ListItem","position":1,"name":"Home","item":"https:\/\/www.stavexpro.com\/"},{"@type":"ListItem","position":2,"name":"Products","item":"https:\/\/www.stavexpro.com\/index.php\/products\/"},{"@type":"ListItem","position":3,"name":"4GARDEN akumul\u00e1torov\u00fd vy\u017e\u00edna\u010d 20V 24cm APK23 Dokud Z\u00e1soby Vydr\u017e\u00ed"}]},{"@type":"WebSite","@id":"https:\/\/www.stavexpro.com\/#website","url":"https:\/\/www.stavexpro.com\/","name":"","description":"","potentialAction":[{"@type":"SearchAction","target":{"@type":"EntryPoint","urlTemplate":"https:\/\/www.stavexpro.com\/?s={search_term_string}"},"query-input":{"@type":"PropertyValueSpecification","valueRequired":true,"valueName":"search_term_string"}}],"inLanguage":"cs"}]}},"_links":{"self":[{"href":"https:\/\/www.stavexpro.com\/wp-json\/wp\/v2\/product\/7980","targetHints":{"allow":["GET"]}}],"collection":[{"href":"https:\/\/www.stavexpro.com\/wp-json\/wp\/v2\/product"}],"about":[{"href":"https:\/\/www.stavexpro.com\/wp-json\/wp\/v2\/types\/product"}],"replies":[{"embeddable":true,"href":"https:\/\/www.stavexpro.com\/wp-json\/wp\/v2\/comments?post=7980"}],"wp:featuredmedia":[{"embeddable":true,"href":"https:\/\/www.stavexpro.com\/wp-json\/wp\/v2\/media\/8080"}],"wp:attachment":[{"href":"https:\/\/www.stavexpro.com\/wp-json\/wp\/v2\/media?parent=7980"}],"wp:term":[{"taxonomy":"product_brand","embeddable":true,"href":"https:\/\/www.stavexpro.com\/wp-json\/wp\/v2\/product_brand?post=7980"},{"taxonomy":"product_cat","embeddable":true,"href":"https:\/\/www.stavexpro.com\/wp-json\/wp\/v2\/product_cat?post=7980"},{"taxonomy":"product_tag","embeddable":true,"href":"https:\/\/www.stavexpro.com\/wp-json\/wp\/v2\/product_tag?post=7980"}],"curies":[{"name":"wp","href":"https:\/\/api.w.org\/{rel}","templated":true}]}}